{"id":46352,"date":"2024-01-26T13:40:05","date_gmt":"2024-01-26T13:40:05","guid":{"rendered":"https:\/\/store.evolve-fitness.eu\/product\/squat-selettivo-della-serie-evolve-digital-strength\/"},"modified":"2025-11-28T13:37:30","modified_gmt":"2025-11-28T13:37:30","slug":"squat-selettivo-della-serie-evolve-digital-strength","status":"publish","type":"product","link":"https:\/\/store.evolve-fitness.eu\/it\/prodotto\/squat-selettivo-della-serie-evolve-digital-strength\/","title":{"rendered":"Squat selettivo della serie Evolve Digital Strength"},"content":{"rendered":"\n<section class=\"wp-block-group alignfull black-content has-white-color has-darkgray-background-color has-text-color has-background is-layout-constrained wp-block-group-is-layout-constrained\" style=\"padding-top:var(--wp--preset--spacing--section-bottom);padding-bottom:var(--wp--preset--spacing--section-bottom)\">\n<div class=\"wp-block-columns alignwide mobile-reverse is-layout-flex wp-container-core-columns-is-layout-ca64bf2d wp-block-columns-is-layout-flex\" style=\"margin-bottom:var(--wp--preset--spacing--side-padding)\">\n<div class=\"wp-block-column is-vertically-aligned-center is-layout-flow wp-block-column-is-layout-flow\">\n<h3 class=\"wp-block-heading\" style=\"margin-bottom:var(--wp--preset--spacing--h-3-bottom)\">introduzione<\/h3>\n\n\n\n<p><strong><em><strong><em><strong><strong><strong><strong><strong><strong>Benvenuti nella presentazione delle attrezzature GYM di nuova generazione<\/strong><\/strong><\/strong><\/strong><\/strong><\/strong><\/em><\/strong><\/em><\/strong><\/p>\n\n\n\n<p style=\"margin-bottom:var(--wp--preset--spacing--tb-section-padding)\">Scoprite le caratteristiche innovative della SERIE DIGITALE Evolve nel nostro ultimo video di presentazione. Approfondiamo gli aspetti unici di questa macchina all&#8217;avanguardia per la pressatura di petto e spalle, mostrando la sua interfaccia digitale, la resistenza regolabile, il design ergonomico e la struttura robusta. Per un&#8217;esperienza davvero coinvolgente, si <strong>consiglia di disattivare l&#8217;audio<\/strong>.<\/p>\n<\/div>\n\n\n\n<div class=\"wp-block-column is-vertically-aligned-center is-layout-flow wp-block-column-is-layout-flow\">\n<figure class=\"wp-block-video\"><video height=\"600\" style=\"aspect-ratio: 680 \/ 600;\" width=\"680\" autoplay=\"\" controls=\"\" loop=\"\" muted=\"\" src=\"https:\/\/evolve-fitness.eu\/wp-content\/uploads\/2023\/12\/Digital-Strength-Line-Chest-Press-1-minute-LQ.mp4\"><\/video><\/figure>\n<\/div>\n<\/div>\n\n\n\n<div class=\"wp-block-columns alignwide is-layout-flex wp-container-core-columns-is-layout-c45ee707 wp-block-columns-is-layout-flex\" style=\"margin-bottom:var(--wp--preset--spacing--side-padding);padding-top:var(--wp--preset--spacing--side-padding)\">\n<div class=\"wp-block-column is-vertically-aligned-center is-layout-flow wp-block-column-is-layout-flow\">\n<figure class=\"wp-block-image size-large\"><img decoding=\"async\" src=\"https:\/\/evolve-fitness.eu\/wp-content\/uploads\/2023\/12\/A7_05212-1024x683.jpg\" alt=\"\" class=\"wp-image-9079\"\/><\/figure>\n<\/div>\n\n\n\n<div class=\"wp-block-column is-vertically-aligned-center is-layout-flow wp-block-column-is-layout-flow\">\n<h3 class=\"wp-block-heading\" style=\"margin-bottom:var(--wp--preset--spacing--h-3-bottom)\"><strong><strong><strong><strong><em>Caratteristiche principali<\/em><\/strong><\/strong><\/strong><\/strong><\/h3>\n\n\n\n<ul class=\"wp-block-list\">\n<li>Offre un livello di resistenza regolabile per adattarsi a vari livelli di forza.<\/li>\n\n\n\n<li>L&#8217;interfaccia digitale visualizza in tempo reale metriche come il conteggio delle ripetizioni e l&#8217;impegno muscolare, offrendo un feedback prezioso per ottimizzare gli allenamenti.<\/li>\n\n\n\n<li>Inoltre, il design ergonomico assicura una postura corretta e riduce il rischio di lesioni, rendendolo uno strumento sicuro ed efficace per gli esercizi di squat.<\/li>\n<\/ul>\n<\/div>\n<\/div>\n\n\n\n<div class=\"wp-block-columns alignwide is-layout-flex wp-container-core-columns-is-layout-c45ee707 wp-block-columns-is-layout-flex\" style=\"margin-bottom:var(--wp--preset--spacing--side-padding);padding-top:var(--wp--preset--spacing--side-padding)\">\n<div class=\"wp-block-column is-vertically-aligned-center is-layout-flow wp-block-column-is-layout-flow\">\n<h3 class=\"wp-block-heading\" style=\"margin-bottom:var(--wp--preset--spacing--h-3-bottom)\">Resistenza digitale adattiva<\/h3>\n\n\n\n<p><strong><em>Il motore elettrico fornisce una resistenza digitale stabile<\/em><\/strong><\/p>\n\n\n\n<p style=\"margin-bottom:var(--wp--preset--spacing--tb-section-padding)\">Le attrezzature per palestre digitali Evolve incorporano motori elettrici avanzati che sono parte integrante del loro design all&#8217;avanguardia. Questi motori sono progettati per garantire efficienza, durata e funzionamento regolare, assicurando un&#8217;esperienza di allenamento senza interruzioni. Utilizzano algoritmi e sensori sofisticati per regolare automaticamente i livelli di resistenza, adattandosi alle esigenze specifiche di fitness e ai progressi dell&#8217;utente. Questa adattabilit\u00e0 rende l&#8217;attrezzo versatile, adatto a un&#8217;ampia gamma di esercizi, dai movimenti riabilitativi delicati all&#8217;allenamento intenso della forza. Inoltre, i motori sono progettati per essere efficienti dal punto di vista energetico, contribuendo all&#8217;eco-compatibilit\u00e0 dell&#8217;apparecchiatura. L&#8217;integrazione di questi motori elettrici con le interfacce digitali consente agli utenti di monitorare le proprie prestazioni, di stabilire obiettivi e di ricevere consigli personalizzati per l&#8217;allenamento, rendendo l&#8217;attrezzo da palestra Evolve un punto di riferimento nel campo della tecnologia per il fitness.<\/p>\n<\/div>\n\n\n\n<div class=\"wp-block-column is-vertically-aligned-center is-layout-flow wp-block-column-is-layout-flow\">\n<figure class=\"wp-block-image size-full\"><img decoding=\"async\" src=\"https:\/\/evolve-fitness.eu\/wp-content\/uploads\/2023\/12\/motor.png\" alt=\"\" class=\"wp-image-9077\"\/><\/figure>\n<\/div>\n<\/div>\n\n\n\n<div class=\"wp-block-columns alignwide is-layout-flex wp-container-core-columns-is-layout-c45ee707 wp-block-columns-is-layout-flex\" style=\"margin-bottom:var(--wp--preset--spacing--side-padding);padding-top:var(--wp--preset--spacing--side-padding)\">\n<div class=\"wp-block-column is-vertically-aligned-center is-layout-flow wp-block-column-is-layout-flow\">\n<figure class=\"wp-block-image size-large\"><img decoding=\"async\" src=\"https:\/\/evolve-fitness.eu\/wp-content\/uploads\/2023\/12\/A7_05146-1024x683.jpg\" alt=\"\" class=\"wp-image-8962\"\/><\/figure>\n<\/div>\n\n\n\n<div class=\"wp-block-column is-vertically-aligned-center is-layout-flow wp-block-column-is-layout-flow\">\n<h3 class=\"wp-block-heading\" style=\"margin-bottom:var(--wp--preset--spacing--h-3-bottom)\"><strong><strong><strong>Interfaccia digitale<\/strong><\/strong><\/strong><\/h3>\n\n\n\n<p><strong><em>L&#8217;Evolve DIGITAL SERIES \u00e8 dotato di un&#8217;interfaccia digitale avanzata<\/em><\/strong><\/p>\n\n\n\n<p style=\"margin-bottom:var(--wp--preset--spacing--tb-section-padding)\">Lo schermo fornisce un feedback in tempo reale sull&#8217;allenamento. L&#8217;interfaccia visualizza parametri chiave come le ripetizioni, la durata delle serie e l&#8217;impegno muscolare, consentendo di monitorare i progressi e di regolare l&#8217;allenamento per ottenere la massima efficienza. Il design facile da usare assicura che sia i principianti che gli utenti esperti possano navigare e utilizzare facilmente questa funzione per un&#8217;esperienza di esercizio ottimizzata.<\/p>\n\n\n\n<p><strong><em>Regolazione della resistenza e flessibilit\u00e0 come nessun altro dispositivo<\/em><\/strong><\/p>\n\n\n\n<p style=\"margin-bottom:var(--wp--preset--spacing--tb-section-padding)\">La macchina \u00e8 in grado di soddisfare un&#8217;ampia gamma di livelli di fitness e offre livelli di resistenza regolabili. Questa flessibilit\u00e0 consente agli utenti di aumentare gradualmente l&#8217;intensit\u00e0 dell&#8217;allenamento, rendendolo ideale per l&#8217;allenamento progressivo della forza. Il meccanismo di regolazione garantisce una transizione fluida tra i diversi livelli di resistenza, consentendo agli utenti di concentrarsi sulla forma e sulla tecnica senza interruzioni.<\/p>\n<\/div>\n<\/div>\n\n\n\n<div class=\"wp-block-columns alignwide is-layout-flex wp-container-core-columns-is-layout-c45ee707 wp-block-columns-is-layout-flex\" style=\"margin-bottom:var(--wp--preset--spacing--side-padding);padding-top:var(--wp--preset--spacing--side-padding)\">\n<div class=\"wp-block-column is-vertically-aligned-center is-layout-flow wp-block-column-is-layout-flow\">\n<h3 class=\"wp-block-heading\" style=\"margin-bottom:var(--wp--preset--spacing--h-3-bottom)\"><strong><strong><strong><strong><strong><strong><strong><strong><strong><strong>Modalit\u00e0 di allenamento<\/strong><\/strong><\/strong><\/strong><\/strong><\/strong><\/strong><\/strong><\/strong><\/strong> &#8211; Standard<\/h3>\n\n\n\n<p><strong><em>Peso concentrico = Peso eccentrico<\/em><\/strong><\/p>\n\n\n\n<p style=\"margin-bottom:var(--wp--preset--spacing--tb-section-padding)\">Questa \u00e8 la modalit\u00e0 tradizionale in cui la resistenza rimane costante per tutta la durata dell&#8217;esercizio, fornendo una sfida costante e uniforme.<\/p>\n<\/div>\n\n\n\n<div class=\"wp-block-column is-vertically-aligned-center is-layout-flow wp-block-column-is-layout-flow\">\n<figure class=\"wp-block-image size-large\"><img decoding=\"async\" src=\"https:\/\/evolve-fitness.eu\/wp-content\/uploads\/2023\/12\/A7_05151-1024x683.jpg\" alt=\"\" class=\"wp-image-8973\"\/><\/figure>\n<\/div>\n<\/div>\n\n\n\n<div class=\"wp-block-columns alignwide is-layout-flex wp-container-core-columns-is-layout-c45ee707 wp-block-columns-is-layout-flex\" style=\"margin-bottom:var(--wp--preset--spacing--side-padding);padding-top:var(--wp--preset--spacing--side-padding)\">\n<div class=\"wp-block-column is-vertically-aligned-center is-layout-flow wp-block-column-is-layout-flow\">\n<figure class=\"wp-block-image size-large\"><img decoding=\"async\" src=\"https:\/\/evolve-fitness.eu\/wp-content\/uploads\/2023\/12\/A7_05153-1-1024x683.jpg\" alt=\"\" class=\"wp-image-8975\"\/><\/figure>\n<\/div>\n\n\n\n<div class=\"wp-block-column is-vertically-aligned-center is-layout-flow wp-block-column-is-layout-flow\">\n<h3 class=\"wp-block-heading\" style=\"margin-bottom:var(--wp--preset--spacing--h-3-bottom)\"><strong><strong><strong><strong><strong><strong><strong><strong><strong><strong><strong><strong><strong><strong>Modalit\u00e0 di allenamento<\/strong><\/strong><\/strong><\/strong><\/strong><\/strong><\/strong><\/strong><\/strong><\/strong> &#8211; <\/strong><\/strong><\/strong><\/strong>eccentrico<\/h3>\n\n\n\n<p><strong><em>Peso concentrico &lt; Peso eccentrico<\/em><\/strong><\/p>\n\n\n\n<p style=\"margin-bottom:var(--wp--preset--spacing--tb-section-padding)\">In questa modalit\u00e0, la resistenza aumenta durante la fase eccentrica (abbassamento) dell&#8217;esercizio, migliorando il rafforzamento e la crescita muscolare grazie all&#8217;allungamento del muscolo. Stimola maggiormente i muscoli e aumenta l&#8217;efficienza della crescita muscolare.<\/p>\n<\/div>\n<\/div>\n\n\n\n<div class=\"wp-block-columns alignwide is-layout-flex wp-container-core-columns-is-layout-c45ee707 wp-block-columns-is-layout-flex\" style=\"margin-bottom:var(--wp--preset--spacing--side-padding);padding-top:var(--wp--preset--spacing--side-padding)\">\n<div class=\"wp-block-column is-vertically-aligned-center is-layout-flow wp-block-column-is-layout-flow\">\n<h3 class=\"wp-block-heading\" style=\"margin-bottom:var(--wp--preset--spacing--h-3-bottom)\"><strong><strong><strong><strong><strong><strong><strong><strong><strong><strong><strong><strong><strong><strong><strong><strong><strong><strong><strong><strong>Modalit\u00e0 di allenamento<\/strong><\/strong><\/strong><\/strong><\/strong><\/strong><\/strong><\/strong><\/strong><\/strong> &#8211;  <\/strong><\/strong><\/strong><\/strong><\/strong><\/strong><\/strong><\/strong><\/strong><\/strong>isocinetico<\/h3>\n\n\n\n<p><strong><em>Velocit\u00e0 = Resistenza<\/em><\/strong><\/p>\n\n\n\n<p style=\"margin-bottom:var(--wp--preset--spacing--tb-section-padding)\">Questa modalit\u00e0 mantiene costante la velocit\u00e0 del movimento, indipendentemente dalla forza applicata. \u00c8 particolarmente utile per la riabilitazione e per garantire un&#8217;attivazione muscolare controllata.<\/p>\n<\/div>\n\n\n\n<div class=\"wp-block-column is-vertically-aligned-center is-layout-flow wp-block-column-is-layout-flow\">\n<figure class=\"wp-block-image size-large\"><img decoding=\"async\" src=\"https:\/\/evolve-fitness.eu\/wp-content\/uploads\/2023\/12\/A7_05154-1024x683.jpg\" alt=\"\" class=\"wp-image-8977\"\/><\/figure>\n<\/div>\n<\/div>\n\n\n\n<div class=\"wp-block-columns alignwide is-layout-flex wp-container-core-columns-is-layout-c45ee707 wp-block-columns-is-layout-flex\" style=\"margin-bottom:var(--wp--preset--spacing--side-padding);padding-top:var(--wp--preset--spacing--side-padding)\">\n<div class=\"wp-block-column is-vertically-aligned-center is-layout-flow wp-block-column-is-layout-flow\">\n<figure class=\"wp-block-image size-large\"><img decoding=\"async\" src=\"https:\/\/evolve-fitness.eu\/wp-content\/uploads\/2023\/12\/A7_05156-1024x683.jpg\" alt=\"\" class=\"wp-image-8979\"\/><\/figure>\n<\/div>\n\n\n\n<div class=\"wp-block-column is-vertically-aligned-center is-layout-flow wp-block-column-is-layout-flow\">\n<h3 class=\"wp-block-heading\" style=\"margin-bottom:var(--wp--preset--spacing--h-3-bottom)\"><strong><strong><strong><strong><strong><strong><strong><strong><strong><strong><strong><strong><strong><strong>Modalit\u00e0 di allenamento<\/strong><\/strong><\/strong><\/strong><\/strong><\/strong><\/strong><\/strong><\/strong><\/strong> &#8211; <\/strong><\/strong><\/strong><\/strong>elastico<\/h3>\n\n\n\n<p><strong><em>Resistenza del cavo &gt; <\/em><\/strong><\/p>\n\n\n\n<p style=\"margin-bottom:var(--wp--preset--spacing--tb-section-padding)\">Pi\u00f9 lunga \u00e8 la corda di trazione, maggiore \u00e8 la resistenza. Questa modalit\u00e0 simula l&#8217;esperienza della resistenza elastica, come se si lavorasse con le bande di resistenza, offrendo una sfida e una variabilit\u00e0 uniche all&#8217;allenamento. Pi\u00f9 efficace per l&#8217;allenamento esplosivo.<\/p>\n<\/div>\n<\/div>\n\n\n\n<div class=\"wp-block-columns alignwide is-layout-flex wp-container-core-columns-is-layout-c45ee707 wp-block-columns-is-layout-flex\" style=\"margin-bottom:var(--wp--preset--spacing--side-padding);padding-top:var(--wp--preset--spacing--side-padding)\">\n<div class=\"wp-block-column is-vertically-aligned-center is-layout-flow wp-block-column-is-layout-flow\">\n<h3 class=\"wp-block-heading\" style=\"margin-bottom:var(--wp--preset--spacing--h-3-bottom)\"><strong><strong><strong><strong>Design ergonomico<\/strong><\/strong><\/strong><\/strong><\/h3>\n\n\n\n<p><strong><em>Il design ergonomico privilegia il comfort e la sicurezza dell&#8217;utente<\/em><\/strong><\/p>\n\n\n\n<p style=\"margin-bottom:var(--wp--preset--spacing--tb-section-padding)\">L&#8217;attrezzatura \u00e8 progettata per allinearsi al movimento naturale del corpo, riducendo il rischio di lesioni e garantendo un impegno muscolare efficace. I sedili sagomati e le impugnature strategicamente posizionate migliorano la stabilit\u00e0 e il controllo durante l&#8217;allenamento, rendendolo una scelta comoda e sicura per tutti gli utenti.<\/p>\n<\/div>\n\n\n\n<div class=\"wp-block-column is-vertically-aligned-center is-layout-flow wp-block-column-is-layout-flow\">\n<figure class=\"wp-block-image size-large\"><img decoding=\"async\" src=\"https:\/\/evolve-fitness.eu\/wp-content\/uploads\/2023\/12\/A7_05070-1024x683.jpg\" alt=\"\" class=\"wp-image-8994\"\/><\/figure>\n<\/div>\n<\/div>\n\n\n\n<div class=\"wp-block-columns alignwide is-layout-flex wp-container-core-columns-is-layout-c45ee707 wp-block-columns-is-layout-flex\" style=\"margin-bottom:var(--wp--preset--spacing--side-padding);padding-top:var(--wp--preset--spacing--side-padding)\">\n<div class=\"wp-block-column is-vertically-aligned-center is-layout-flow wp-block-column-is-layout-flow\">\n<figure class=\"wp-block-image size-large\"><img decoding=\"async\" src=\"https:\/\/evolve-fitness.eu\/wp-content\/uploads\/2023\/12\/Box-1024x683.png\" alt=\"EV-SC-DS\" class=\"wp-image-10394\"\/><\/figure>\n<\/div>\n\n\n\n<div class=\"wp-block-column is-vertically-aligned-center is-layout-flow wp-block-column-is-layout-flow\">\n<h3 class=\"wp-block-heading\" style=\"margin-bottom:var(--wp--preset--spacing--h-3-bottom)\"><strong><strong><strong><strong><strong><strong><strong><strong><strong><strong>Costruzione robusta<\/strong><\/strong><\/strong><\/strong><\/strong><\/strong><\/strong><\/strong><\/strong><\/strong><\/h3>\n\n\n\n<p><strong><em>Costruito per resistere ai rigori di sessioni di allenamento intense<\/em><\/strong><\/p>\n\n\n\n<p style=\"margin-bottom:var(--wp--preset--spacing--tb-section-padding)\">I materiali di alta qualit\u00e0 e la struttura robusta garantiscono una lunga durata e affidabilit\u00e0. Questo design non solo garantisce la sicurezza degli utenti, ma offre anche prestazioni costanti nel tempo, rendendolo un investimento prezioso per palestre e centri fitness professionali.<\/p>\n<\/div>\n<\/div>\n<\/section>\n","protected":false},"excerpt":{"rendered":"<p>Le attrezzature all&#8217;avanguardia di Evolve combinano un design robusto e l&#8217;innovazione digitale per offrire un&#8217;esperienza di allenamento senza precedenti.(EV-SC-DS-430) La sua biomeccanica avanzata garantisce un impegno muscolare ottimale, mentre l&#8217;interfaccia digitale fornisce un feedback in tempo reale per monitorare i tuoi progressi. Ideale sia per i principianti che per gli atleti esperti. Permette di eseguire una serie di esercizi che mirano a rafforzare i muscoli del petto e delle spalle come nessun altro attrezzo. Prova il perfetto connubio tra tecnologia e prestazioni con Evolve DIGITAL SERIES, il tuo partner per raggiungere il massimo della forma fisica.<\/p>\n","protected":false},"featured_media":91491,"template":"","meta":{"_acf_changed":false,"inline_featured_image":false},"product_cat":[528,811],"product_tag":[],"class_list":{"0":"post-46352","1":"product","2":"type-product","3":"status-publish","4":"has-post-thumbnail","6":"product_cat-pagina-iniziale","7":"product_cat-macchine-selettive-a-forza-digitale","9":"first","10":"outofstock","11":"shipping-taxable","12":"purchasable","13":"product-type-simple"},"acf":[],"_links":{"self":[{"href":"https:\/\/store.evolve-fitness.eu\/it\/wp-json\/wp\/v2\/product\/46352","targetHints":{"allow":["GET"]}}],"collection":[{"href":"https:\/\/store.evolve-fitness.eu\/it\/wp-json\/wp\/v2\/product"}],"about":[{"href":"https:\/\/store.evolve-fitness.eu\/it\/wp-json\/wp\/v2\/types\/product"}],"wp:featuredmedia":[{"embeddable":true,"href":"https:\/\/store.evolve-fitness.eu\/it\/wp-json\/wp\/v2\/media\/91491"}],"wp:attachment":[{"href":"https:\/\/store.evolve-fitness.eu\/it\/wp-json\/wp\/v2\/media?parent=46352"}],"wp:term":[{"taxonomy":"product_cat","embeddable":true,"href":"https:\/\/store.evolve-fitness.eu\/it\/wp-json\/wp\/v2\/product_cat?post=46352"},{"taxonomy":"product_tag","embeddable":true,"href":"https:\/\/store.evolve-fitness.eu\/it\/wp-json\/wp\/v2\/product_tag?post=46352"}],"curies":[{"name":"wp","href":"https:\/\/api.w.org\/{rel}","templated":true}]}}