{"id":45204,"date":"2024-01-26T09:36:09","date_gmt":"2024-01-26T09:36:09","guid":{"rendered":"https:\/\/store.evolve-fitness.eu\/product\/maniglia-evolve-a-piu-file\/"},"modified":"2024-01-26T09:36:09","modified_gmt":"2024-01-26T09:36:09","slug":"maniglia-evolve-a-piu-file","status":"publish","type":"product","link":"https:\/\/store.evolve-fitness.eu\/it\/prodotto\/maniglia-evolve-a-piu-file\/","title":{"rendered":"Maniglia Evolve a pi\u00f9 file"},"content":{"rendered":"","protected":false},"excerpt":{"rendered":"<p>Migliorate i vostri allenamenti di canottaggio con la maniglia Evolve Multi Row, GH-110, un accessorio versatile ed essenziale. Questa innovativa impugnatura \u00e8 stata progettata per amplificare l&#8217;efficacia dei vostri esercizi di vogatore, sia su una macchina a cavi che in una palestra domestica. L&#8217;impugnatura Evolve Multi Row si distingue per il suo design multi-grip, che consente di assumere diverse posizioni e angolazioni delle mani e di agire su diversi gruppi muscolari per un allenamento completo della parte superiore del corpo. Costruito con materiali durevoli e di alta qualit\u00e0, \u00e8 costruito per sopportare l&#8217;intensit\u00e0 dell&#8217;uso quotidiano e pesante, rendendolo uno strumento affidabile sia per gli atleti dilettanti che per quelli professionisti. L&#8217;impugnatura ergonomica garantisce il comfort e riduce lo sforzo sulle mani, consentendo allenamenti pi\u00f9 lunghi e produttivi. Ideale per chi vuole migliorare la forza di schiena, spalle e braccia, la maniglia Evolve Multi Row \u00e8 un&#8217;aggiunta perfetta a qualsiasi routine di fitness. Acquistate il vostro oggi e sperimentate un nuovo livello di versatilit\u00e0 ed efficienza nel vostro regime di allenamento.<\/p>\n","protected":false},"featured_media":130067,"template":"","meta":{"_acf_changed":false,"inline_featured_image":false},"product_cat":[727,528],"product_tag":[],"class_list":{"0":"post-45204","1":"product","2":"type-product","3":"status-publish","4":"has-post-thumbnail","6":"product_cat-accessori-it","7":"product_cat-pagina-iniziale","9":"first","10":"instock","11":"taxable","12":"shipping-taxable","13":"purchasable","14":"product-type-simple"},"acf":[],"_links":{"self":[{"href":"https:\/\/store.evolve-fitness.eu\/it\/wp-json\/wp\/v2\/product\/45204","targetHints":{"allow":["GET"]}}],"collection":[{"href":"https:\/\/store.evolve-fitness.eu\/it\/wp-json\/wp\/v2\/product"}],"about":[{"href":"https:\/\/store.evolve-fitness.eu\/it\/wp-json\/wp\/v2\/types\/product"}],"wp:featuredmedia":[{"embeddable":true,"href":"https:\/\/store.evolve-fitness.eu\/it\/wp-json\/wp\/v2\/media\/130067"}],"wp:attachment":[{"href":"https:\/\/store.evolve-fitness.eu\/it\/wp-json\/wp\/v2\/media?parent=45204"}],"wp:term":[{"taxonomy":"product_cat","embeddable":true,"href":"https:\/\/store.evolve-fitness.eu\/it\/wp-json\/wp\/v2\/product_cat?post=45204"},{"taxonomy":"product_tag","embeddable":true,"href":"https:\/\/store.evolve-fitness.eu\/it\/wp-json\/wp\/v2\/product_tag?post=45204"}],"curies":[{"name":"wp","href":"https:\/\/api.w.org\/{rel}","templated":true}]}}