{"id":44482,"date":"2024-01-26T08:50:51","date_gmt":"2024-01-26T08:50:51","guid":{"rendered":"https:\/\/store.evolve-fitness.eu\/product\/rack-per-maniglie-evolve-gym\/"},"modified":"2025-03-10T11:54:31","modified_gmt":"2025-03-10T11:54:31","slug":"rack-per-maniglie-evolve-gym","status":"publish","type":"product","link":"https:\/\/store.evolve-fitness.eu\/it\/prodotto\/rack-per-maniglie-evolve-gym\/","title":{"rendered":"Rack per maniglie Evolve Gym"},"content":{"rendered":"\n<section class=\"wp-block-group alignfull black-content has-white-color has-darkgray-background-color has-text-color has-background is-layout-constrained wp-block-group-is-layout-constrained\" style=\"padding-top:var(--wp--preset--spacing--section-bottom);padding-bottom:var(--wp--preset--spacing--section-bottom)\">\n<div class=\"wp-block-columns alignwide mobile-reverse is-layout-flex wp-container-core-columns-is-layout-ca64bf2d wp-block-columns-is-layout-flex\" style=\"margin-bottom:var(--wp--preset--spacing--side-padding)\">\n<div class=\"wp-block-column is-vertically-aligned-center is-layout-flow wp-block-column-is-layout-flow\">\n<h3 class=\"wp-block-heading\" style=\"margin-bottom:var(--wp--preset--spacing--h-3-bottom)\"><strong>Costruzione robusta e durata nel tempo<\/strong><\/h3>\n\n\n\n<p><strong><em>Elevare il fascino della vostra palestra<\/em><\/strong><\/p>\n\n\n\n<p style=\"margin-bottom:var(--wp--preset--spacing--tb-section-padding)\">Il rack per maniglie di Evolve Gym, GH-010, \u00e8 un segno distintivo di durata e costruzione robusta. Realizzata con materiali di alta qualit\u00e0, questa rastrelliera promette longevit\u00e0 e resistenza all&#8217;usura, rendendola una scelta ideale sia per le palestre commerciali che per gli spazi di allenamento domestici. Il suo design robusto garantisce una conservazione sicura dell&#8217;attrezzatura da palestra, offrendo tranquillit\u00e0 e un investimento duraturo nel vostro percorso di fitness. Questa resistente rastrelliera per attrezzi da palestra \u00e8 un must per mantenere la qualit\u00e0 dei vostri attrezzi da fitness.<\/p>\n<\/div>\n\n\n\n<div class=\"wp-block-column is-vertically-aligned-center is-layout-flow wp-block-column-is-layout-flow\">\n<figure class=\"wp-block-image size-large\"><img decoding=\"async\" src=\"https:\/\/evolve-fitness.eu\/wp-content\/uploads\/2024\/01\/Evolve-Gym-Handles-Rack-C1-1024x683.jpg\" alt=\"EV-RS-GH-010\" class=\"wp-image-10638\"\/><\/figure>\n<\/div>\n<\/div>\n\n\n\n<div class=\"wp-block-columns alignwide is-layout-flex wp-container-core-columns-is-layout-c45ee707 wp-block-columns-is-layout-flex\" style=\"margin-bottom:var(--wp--preset--spacing--side-padding);padding-top:var(--wp--preset--spacing--side-padding)\">\n<div class=\"wp-block-column is-vertically-aligned-center is-layout-flow wp-block-column-is-layout-flow\">\n<figure class=\"wp-block-image size-large\"><img decoding=\"async\" src=\"https:\/\/evolve-fitness.eu\/wp-content\/uploads\/2024\/01\/Evolve-Gym-Handles-Rack-C2-1024x683.jpg\" alt=\"EV-RS-GH-010\" class=\"wp-image-10642\"\/><\/figure>\n<\/div>\n\n\n\n<div class=\"wp-block-column is-vertically-aligned-center is-layout-flow wp-block-column-is-layout-flow\">\n<h3 class=\"wp-block-heading\" style=\"margin-bottom:var(--wp--preset--spacing--h-3-bottom)\"><strong>Design efficiente e salvaspazio<\/strong><\/h3>\n\n\n\n<p><strong><em>Massimizzare l&#8217;area di allenamento<\/em><\/strong><\/p>\n\n\n\n<p>Progettato per fornire un ampio spazio di archiviazione senza occupare eccessivo spazio. Il suo ingombro ridotto lo rende un&#8217;ottima aggiunta alle palestre pi\u00f9 piccole o alle palestre domestiche dove lo spazio \u00e8 limitato. Il design intelligente di questa rastrelliera non solo consente di risparmiare spazio, ma anche di organizzare in modo efficiente le maniglie della palestra, rendendole facilmente accessibili e riducendo il disordine.<\/p>\n<\/div>\n<\/div>\n\n\n\n<div class=\"wp-block-columns alignwide is-layout-flex wp-container-core-columns-is-layout-c45ee707 wp-block-columns-is-layout-flex\" style=\"margin-bottom:var(--wp--preset--spacing--side-padding);padding-top:var(--wp--preset--spacing--side-padding)\">\n<div class=\"wp-block-column is-vertically-aligned-center is-layout-flow wp-block-column-is-layout-flow\">\n<h3 class=\"wp-block-heading\" style=\"margin-bottom:var(--wp--preset--spacing--h-3-bottom)\"><strong>Facilit\u00e0 d&#8217;uso e accessibilit\u00e0<\/strong><\/h3>\n\n\n\n<p><strong><em>Mantenere il flusso durante gli allenamenti ad alta intensit\u00e0 o le ore di palestra pi\u00f9 intense<\/em><\/strong><\/p>\n\n\n\n<p style=\"margin-bottom:var(--wp--preset--spacing--tb-section-padding)\">Il design facile da usare della rastrelliera per maniglie di Evolve Gym assicura che l&#8217;accesso all&#8217;attrezzatura da palestra sia facile e comodo. Grazie a un layout che privilegia la facilit\u00e0 d&#8217;uso, gli appassionati di palestra di tutti i livelli possono trovare e sostituire rapidamente le maniglie, semplificando la loro routine di allenamento. Il suo design accurato, unito alla facilit\u00e0 d&#8217;uso, lo rende perfetto per chi apprezza l&#8217;efficienza del proprio regime di allenamento.<\/p>\n<\/div>\n\n\n\n<div class=\"wp-block-column is-vertically-aligned-center is-layout-flow wp-block-column-is-layout-flow\">\n<figure class=\"wp-block-image size-full\"><img decoding=\"async\" src=\"https:\/\/evolve-fitness.eu\/wp-content\/uploads\/2024\/01\/Evolve-Gym-Handles-Rack-C3.jpg\" alt=\"EV-RS-GH-010\" class=\"wp-image-10644\"\/><\/figure>\n<\/div>\n<\/div>\n\n\n\n<div class=\"wp-block-columns alignwide is-layout-flex wp-container-core-columns-is-layout-c45ee707 wp-block-columns-is-layout-flex\" style=\"margin-bottom:var(--wp--preset--spacing--side-padding);padding-top:var(--wp--preset--spacing--side-padding)\">\n<div class=\"wp-block-column is-vertically-aligned-center is-layout-flow wp-block-column-is-layout-flow\">\n<figure class=\"wp-block-image size-large\"><img decoding=\"async\" src=\"https:\/\/evolve-fitness.eu\/wp-content\/uploads\/2024\/01\/Evolve-Gym-Handles-Rack-C4-683x1024.jpg\" alt=\"EV-RS-GH-010\" class=\"wp-image-10646\"\/><\/figure>\n<\/div>\n\n\n\n<div class=\"wp-block-column is-vertically-aligned-center is-layout-flow wp-block-column-is-layout-flow\">\n<h3 class=\"wp-block-heading\" style=\"margin-bottom:var(--wp--preset--spacing--h-3-bottom)\"><strong><strong><strong><strong>Estetica<\/strong><\/strong><\/strong><\/strong><\/h3>\n\n\n\n<p><strong><em>Il perfetto connubio tra stile e praticit\u00e0<\/em><\/strong><\/p>\n\n\n\n<p>Il portamaniglie Evolve Gym non solo \u00e8 funzionale, ma vanta anche un design elegante e moderno che migliora l&#8217;estetica di qualsiasi ambiente fitness. Il suo look contemporaneo, unito a una finitura pulita e professionale, si integra con gli interni di qualsiasi palestra moderna o spazio di allenamento domestico. Questa rastrelliera non \u00e8 solo una soluzione di stoccaggio, ma anche una dichiarazione di stile, che eleva l&#8217;atmosfera generale dell&#8217;area fitness.<\/p>\n<\/div>\n<\/div>\n\n\n\n<div class=\"wp-block-columns alignwide is-layout-flex wp-container-core-columns-is-layout-c45ee707 wp-block-columns-is-layout-flex\" style=\"margin-bottom:var(--wp--preset--spacing--side-padding);padding-top:var(--wp--preset--spacing--side-padding)\">\n<div class=\"wp-block-column is-vertically-aligned-center is-layout-flow wp-block-column-is-layout-flow\">\n<h3 class=\"wp-block-heading\" style=\"margin-bottom:var(--wp--preset--spacing--h-3-bottom)\"><strong>Sicurezza e stabilit\u00e0<\/strong><\/h3>\n\n\n\n<p><strong><em>Contribuire a un ambiente di allenamento pi\u00f9 sicuro<\/em><\/strong><\/p>\n\n\n\n<p style=\"margin-bottom:var(--wp--preset--spacing--tb-section-padding)\">La sicurezza \u00e8 fondamentale in qualsiasi ambiente di fitness e la rastrelliera per maniglie Evolve Gym \u00e8 stata progettata con questo obiettivo. La base stabile e la struttura sicura offrono una soluzione di stoccaggio affidabile, riducendo al minimo il rischio di incidenti o danni alle apparecchiature. Il design della rastrelliera assicura che le maniglie della palestra siano riposte in modo sicuro e facilmente accessibili.<\/p>\n<\/div>\n\n\n\n<div class=\"wp-block-column is-vertically-aligned-center is-layout-flow wp-block-column-is-layout-flow\">\n<figure class=\"wp-block-image size-large\"><img decoding=\"async\" src=\"https:\/\/evolve-fitness.eu\/wp-content\/uploads\/2024\/01\/Evolve-Gym-Handles-Rack-C5-683x1024.jpg\" alt=\"EV-RS-GH-010\" class=\"wp-image-10648\"\/><\/figure>\n<\/div>\n<\/div>\n<\/section>\n","protected":false},"excerpt":{"rendered":"<p>Scoprite la soluzione definitiva per l&#8217;organizzazione e l&#8217;efficienza della palestra con il portamaniglie Evolve Gym, GH-010. Questa rastrelliera per attrezzi \u00e8 stata sapientemente progettata per soddisfare le esigenze degli appassionati di fitness e dei proprietari di palestre. Realizzato per garantire durata e facilit\u00e0 d&#8217;uso, lo scaffale per maniglie da palestra Evolve assicura un ambiente privo di disordine, riponendo in modo ordinato le varie maniglie da palestra in un&#8217;unica comoda posizione. Il suo design robusto e l&#8217;estetica elegante lo rendono un complemento perfetto per qualsiasi palestra moderna. Migliorate il vostro spazio di allenamento con questa soluzione essenziale e sperimentate la perfetta integrazione di funzionalit\u00e0 e stile.<\/p>\n","protected":false},"featured_media":44506,"template":"","meta":{"_acf_changed":false,"inline_featured_image":false},"product_cat":[528,985,986],"product_tag":[],"class_list":{"0":"post-44482","1":"product","2":"type-product","3":"status-publish","4":"has-post-thumbnail","6":"product_cat-pagina-iniziale","7":"product_cat-pesi-liberi","8":"product_cat-cremagliere-e-soluzioni-di-stoccaggio","10":"first","11":"instock","12":"shipping-taxable","13":"purchasable","14":"product-type-simple"},"acf":[],"_links":{"self":[{"href":"https:\/\/store.evolve-fitness.eu\/it\/wp-json\/wp\/v2\/product\/44482","targetHints":{"allow":["GET"]}}],"collection":[{"href":"https:\/\/store.evolve-fitness.eu\/it\/wp-json\/wp\/v2\/product"}],"about":[{"href":"https:\/\/store.evolve-fitness.eu\/it\/wp-json\/wp\/v2\/types\/product"}],"wp:featuredmedia":[{"embeddable":true,"href":"https:\/\/store.evolve-fitness.eu\/it\/wp-json\/wp\/v2\/media\/44506"}],"wp:attachment":[{"href":"https:\/\/store.evolve-fitness.eu\/it\/wp-json\/wp\/v2\/media?parent=44482"}],"wp:term":[{"taxonomy":"product_cat","embeddable":true,"href":"https:\/\/store.evolve-fitness.eu\/it\/wp-json\/wp\/v2\/product_cat?post=44482"},{"taxonomy":"product_tag","embeddable":true,"href":"https:\/\/store.evolve-fitness.eu\/it\/wp-json\/wp\/v2\/product_tag?post=44482"}],"curies":[{"name":"wp","href":"https:\/\/api.w.org\/{rel}","templated":true}]}}