{"id":44276,"date":"2024-01-26T08:26:50","date_gmt":"2024-01-26T08:26:50","guid":{"rendered":"https:\/\/store.evolve-fitness.eu\/product\/evolve-angled-glute-box\/"},"modified":"2026-04-10T12:00:23","modified_gmt":"2026-04-10T12:00:23","slug":"evolve-angled-glute-box","status":"publish","type":"product","link":"https:\/\/store.evolve-fitness.eu\/it\/prodotto\/evolve-angled-glute-box\/","title":{"rendered":"Evolve Angled Glute Box"},"content":{"rendered":"\n<section class=\"wp-block-group alignfull black-content has-white-color has-darkgray-background-color has-text-color has-background is-layout-constrained wp-block-group-is-layout-constrained\" style=\"padding-top:var(--wp--preset--spacing--section-bottom);padding-bottom:var(--wp--preset--spacing--section-bottom)\">\n<div class=\"wp-block-columns alignwide mobile-reverse is-layout-flex wp-container-core-columns-is-layout-ca64bf2d wp-block-columns-is-layout-flex\" style=\"margin-bottom:var(--wp--preset--spacing--side-padding)\">\n<div class=\"wp-block-column is-vertically-aligned-center is-layout-flow wp-block-column-is-layout-flow\">\n<h3 class=\"wp-block-heading\" style=\"margin-bottom:var(--wp--preset--spacing--h-3-bottom)\"><strong>Design innovativo ad angolo<\/strong><\/h3>\n\n\n\n<p><strong><em>Migliora l&#8217;attivazione muscolare e aiuta a mantenere una forma corretta, riducendo il rischio di lesioni.<\/em><\/strong><\/p>\n\n\n\n<p style=\"margin-bottom:var(--wp--preset--spacing--tb-section-padding)\">Trasformate il vostro allenamento per i glutei con l&#8217;Evolve Angled Glute Box, GB-050. Questo design unico \u00e8 stato progettato per ottimizzare l&#8217;impegno dei muscoli dei glutei, garantendo la massima efficacia in ogni allenamento. Si adatta a una variet\u00e0 di esercizi, consentendo un allenamento mirato che produce risultati migliori. Perfetto sia per l&#8217;uso in palestra che a casa, questo glute box \u00e8 un must per chi vuole allenarsi seriamente nella parte inferiore del corpo.<\/p>\n<\/div>\n\n\n\n<div class=\"wp-block-column is-vertically-aligned-center is-layout-flow wp-block-column-is-layout-flow\">\n<figure class=\"wp-block-image size-large\"><img decoding=\"async\" src=\"https:\/\/evolve-fitness.eu\/wp-content\/uploads\/2024\/01\/Evolve-Angled-Glute-Box-C1-1024x683.jpg\" alt=\"EV-PF-GB-050\" class=\"wp-image-10669\"\/><\/figure>\n<\/div>\n<\/div>\n\n\n\n<div class=\"wp-block-columns alignwide is-layout-flex wp-container-core-columns-is-layout-c45ee707 wp-block-columns-is-layout-flex\" style=\"margin-bottom:var(--wp--preset--spacing--side-padding);padding-top:var(--wp--preset--spacing--side-padding)\">\n<div class=\"wp-block-column is-vertically-aligned-center is-layout-flow wp-block-column-is-layout-flow\">\n<figure class=\"wp-block-image size-large\"><img decoding=\"async\" src=\"https:\/\/evolve-fitness.eu\/wp-content\/uploads\/2024\/01\/Evolve-Angled-Glute-Box-C2-1024x683.jpg\" alt=\"EV-PF-GB-050\" class=\"wp-image-10671\"\/><\/figure>\n<\/div>\n\n\n\n<div class=\"wp-block-column is-vertically-aligned-center is-layout-flow wp-block-column-is-layout-flow\">\n<h3 class=\"wp-block-heading\" style=\"margin-bottom:var(--wp--preset--spacing--h-3-bottom)\"><strong>Durata e qualit\u00e0<\/strong><\/h3>\n\n\n\n<p><strong><em>  Costruito con materiali di alta qualit\u00e0<\/em><\/strong><\/p>\n\n\n\n<p>L&#8217;Evolve Angled Glute Box \u00e8 in grado di resistere ai rigori di allenamenti intensi, garantendo una lunga durata e prestazioni costanti. Questo robusto attrezzo per il fitness resiste all&#8217;uso intensivo ed \u00e8 ideale sia per le palestre commerciali che per le palestre domestiche. La sua struttura robusta offre una piattaforma stabile per tutti i tipi di esercizi per i glutei, garantendo un allenamento sicuro ed efficace.<\/p>\n<\/div>\n<\/div>\n\n\n\n<div class=\"wp-block-columns alignwide is-layout-flex wp-container-core-columns-is-layout-c45ee707 wp-block-columns-is-layout-flex\" style=\"margin-bottom:var(--wp--preset--spacing--side-padding);padding-top:var(--wp--preset--spacing--side-padding)\">\n<div class=\"wp-block-column is-vertically-aligned-center is-layout-flow wp-block-column-is-layout-flow\">\n<h3 class=\"wp-block-heading\" style=\"margin-bottom:var(--wp--preset--spacing--h-3-bottom)\"><strong>Comfort e sicurezza<\/strong><\/h3>\n\n\n\n<p><strong><em>Progettato tenendo conto del benessere dell&#8217;utente<\/em><\/strong><\/p>\n\n\n\n<p style=\"margin-bottom:var(--wp--preset--spacing--tb-section-padding)\">La sua comoda imbottitura riduce lo sforzo su gambe e fianchi durante gli esercizi, consentendo sessioni pi\u00f9 lunghe e produttive. La superficie antiscivolo garantisce stabilit\u00e0 e sicurezza anche durante gli allenamenti pi\u00f9 intensi. Questo glute box \u00e8 perfetto per gli utenti di tutti i livelli, dai principianti agli atleti esperti, e offre un&#8217;esperienza di allenamento sicura e confortevole.<\/p>\n<\/div>\n\n\n\n<div class=\"wp-block-column is-vertically-aligned-center is-layout-flow wp-block-column-is-layout-flow\">\n<figure class=\"wp-block-video\"><video autoplay=\"\" controls=\"\" loop=\"\" muted=\"\" src=\"https:\/\/evolve-fitness.eu\/wp-content\/uploads\/2024\/07\/6.mp4\"><\/video><\/figure>\n<\/div>\n<\/div>\n\n\n\n<div class=\"wp-block-columns alignwide is-layout-flex wp-container-core-columns-is-layout-c45ee707 wp-block-columns-is-layout-flex\" style=\"margin-bottom:var(--wp--preset--spacing--side-padding);padding-top:var(--wp--preset--spacing--side-padding)\">\n<div class=\"wp-block-column is-vertically-aligned-center is-layout-flow wp-block-column-is-layout-flow\">\n<figure class=\"wp-block-video\"><video autoplay=\"\" controls=\"\" loop=\"\" muted=\"\" src=\"https:\/\/evolve-fitness.eu\/wp-content\/uploads\/2024\/07\/2-1.mp4\"><\/video><\/figure>\n<\/div>\n\n\n\n<div class=\"wp-block-column is-vertically-aligned-center is-layout-flow wp-block-column-is-layout-flow\">\n<h3 class=\"wp-block-heading\" style=\"margin-bottom:var(--wp--preset--spacing--h-3-bottom)\"><strong><strong><strong><strong>Strumento di formazione versatile<\/strong><\/strong><\/strong><\/strong><\/h3>\n\n\n\n<p><strong><em>Date una nuova dimensione al vostro regime di allenamento<\/em><\/strong><\/p>\n\n\n\n<p>Aumentate la versatilit\u00e0 del vostro allenamento con l&#8217;Evolve Angled Glute Box. Il suo design adattabile lo rende adatto a un&#8217;ampia gamma di esercizi, non solo limitati ai glutei. Dalle spinte dell&#8217;anca agli step-up e oltre, questo strumento aggiunge variet\u00e0 alla vostra routine di fitness, aiutandovi a evitare i plateau e a mantenere i progressi.<\/p>\n<\/div>\n<\/div>\n\n\n\n<div class=\"wp-block-columns alignwide is-layout-flex wp-container-core-columns-is-layout-c45ee707 wp-block-columns-is-layout-flex\" style=\"margin-bottom:var(--wp--preset--spacing--side-padding);padding-top:var(--wp--preset--spacing--side-padding)\">\n<div class=\"wp-block-column is-vertically-aligned-center is-layout-flow wp-block-column-is-layout-flow\">\n<h3 class=\"wp-block-heading\" style=\"margin-bottom:var(--wp--preset--spacing--h-3-bottom)\"><strong>Efficiente dal punto di vista dello spazio e facile da riporre<\/strong><\/h3>\n\n\n\n<p><strong><em>Potente strumento di allenamento senza occupare troppo spazio<\/em><\/strong><\/p>\n\n\n\n<p style=\"margin-bottom:var(--wp--preset--spacing--tb-section-padding)\">Ideale per gli amanti del fitness attenti allo spazio, l&#8217;Evolve Angled Glute Box \u00e8 stato progettato per essere riposto facilmente e per essere efficiente dal punto di vista dello spazio. Le sue dimensioni compatte lo rendono perfetto per le aree di allenamento pi\u00f9 piccole, comprese le palestre domestiche. Nonostante il suo design poco ingombrante, non scende a compromessi in termini di funzionalit\u00e0, offrendo un potenziale di allenamento su larga scala.<\/p>\n<\/div>\n\n\n\n<div class=\"wp-block-column is-vertically-aligned-center is-layout-flow wp-block-column-is-layout-flow\">\n<figure class=\"wp-block-image size-large\"><img decoding=\"async\" src=\"https:\/\/evolve-fitness.eu\/wp-content\/uploads\/2024\/01\/Evolve-Angled-Glute-Box-C5-1024x683.jpg\" alt=\"EV-PF-GB-050\" class=\"wp-image-10677\"\/><\/figure>\n<\/div>\n<\/div>\n<\/section>\n","protected":false},"excerpt":{"rendered":"<p>Migliorate l&#8217;allenamento della parte inferiore del corpo con l&#8217;innovativo box per glutei angolato Evolve, GB-050. Questo accessorio per il fitness di qualit\u00e0 superiore \u00e8 stato progettato specificamente per indirizzare e migliorare l&#8217;allenamento dei glutei, offrendo un supporto e un&#8217;efficienza senza pari. Il suo esclusivo design angolato massimizza l&#8217;impegno muscolare e assicura una postura corretta, rendendolo un gioco di svolta per gli atleti e gli appassionati di fitness che desiderano ottenere una forza e una definizione ottimali della parte inferiore del corpo. Costruito tenendo conto della durata e del comfort dell&#8217;utente, l&#8217;Evolve Angled Glute Box \u00e8 l&#8217;aggiunta perfetta a qualsiasi palestra o spazio di allenamento domestico. Elevate il vostro regime di fitness con questo strumento all&#8217;avanguardia per l&#8217;allenamento dei glutei e sperimentate un nuovo livello di intensit\u00e0 ed efficacia dell&#8217;allenamento.<\/p>\n","protected":false},"featured_media":96488,"template":"","meta":{"_acf_changed":false,"inline_featured_image":false},"product_cat":[2414,611,613],"product_tag":[],"class_list":{"0":"post-44276","1":"product","2":"type-product","3":"status-publish","4":"has-post-thumbnail","6":"product_cat-hyrox-gear","7":"product_cat-interdisciplinare-e-funzionale","8":"product_cat-apparecchiature-funzionali","10":"first","11":"instock","12":"sale","13":"shipping-taxable","14":"purchasable","15":"product-type-simple"},"acf":[],"_links":{"self":[{"href":"https:\/\/store.evolve-fitness.eu\/it\/wp-json\/wp\/v2\/product\/44276","targetHints":{"allow":["GET"]}}],"collection":[{"href":"https:\/\/store.evolve-fitness.eu\/it\/wp-json\/wp\/v2\/product"}],"about":[{"href":"https:\/\/store.evolve-fitness.eu\/it\/wp-json\/wp\/v2\/types\/product"}],"wp:featuredmedia":[{"embeddable":true,"href":"https:\/\/store.evolve-fitness.eu\/it\/wp-json\/wp\/v2\/media\/96488"}],"wp:attachment":[{"href":"https:\/\/store.evolve-fitness.eu\/it\/wp-json\/wp\/v2\/media?parent=44276"}],"wp:term":[{"taxonomy":"product_cat","embeddable":true,"href":"https:\/\/store.evolve-fitness.eu\/it\/wp-json\/wp\/v2\/product_cat?post=44276"},{"taxonomy":"product_tag","embeddable":true,"href":"https:\/\/store.evolve-fitness.eu\/it\/wp-json\/wp\/v2\/product_tag?post=44276"}],"curies":[{"name":"wp","href":"https:\/\/api.w.org\/{rel}","templated":true}]}}