{"id":43455,"date":"2024-01-18T08:06:39","date_gmt":"2024-01-18T08:06:39","guid":{"rendered":"https:\/\/store.evolve-fitness.eu\/product\/curl-per-bicipiti-selettorizzati-della-serie-ultra-di-evolve\/"},"modified":"2024-06-05T12:46:14","modified_gmt":"2024-06-05T12:46:14","slug":"curl-per-bicipiti-selettorizzati-della-serie-ultra-di-evolve","status":"publish","type":"product","link":"https:\/\/store.evolve-fitness.eu\/it\/prodotto\/curl-per-bicipiti-selettorizzati-della-serie-ultra-di-evolve\/","title":{"rendered":"Curl per bicipiti selettorizzati della serie Ultra di Evolve"},"content":{"rendered":"\n<section class=\"wp-block-group alignfull black-content has-white-color has-darkgray-background-color has-text-color has-background is-layout-constrained wp-block-group-is-layout-constrained\" style=\"padding-top:var(--wp--preset--spacing--section-bottom);padding-bottom:var(--wp--preset--spacing--section-bottom)\">\n<div class=\"wp-block-columns alignwide mobile-reverse is-layout-flex wp-container-core-columns-is-layout-ca64bf2d wp-block-columns-is-layout-flex\" style=\"margin-bottom:var(--wp--preset--spacing--side-padding)\">\n<div class=\"wp-block-column is-vertically-aligned-center is-layout-flow wp-block-column-is-layout-flow\">\n<h3 class=\"wp-block-heading\">Benvenuti nella serie Ultra<\/h3>\n\n\n\n<p><strong><em>Conoscete le nostre apparecchiature della serie Ultra con un tour 3D 360 allo stato dell&#8217;arte<\/em><\/strong><\/p>\n\n\n\n<p>Il curl per bicipiti selettorizzato Evolve Ultra Series, parte della Evolve Ultra Series, \u00e8 costruito per garantire comfort e prestazioni. La macchina \u00e8 stata progettata per la versatilit\u00e0 dell&#8217;esercizio, il supporto ergonomico e le opzioni di regolazione per le diverse dimensioni dell&#8217;utente. Il design \u00e8 esteticamente gradevole, con una finitura resistente e verniciata a polvere, e l&#8217;uso di cavi di alta qualit\u00e0 garantisce un funzionamento regolare.<\/p>\n<\/div>\n\n\n\n<div class=\"wp-block-column is-vertically-aligned-center is-layout-flow wp-block-column-is-layout-flow\">\n<figure class=\"wp-block-video\"><video height=\"1080\" style=\"aspect-ratio: 1920 \/ 1080;\" width=\"1920\" autoplay=\"\" controls=\"\" loop=\"\" muted=\"\" src=\"https:\/\/evolve-fitness.eu\/wp-content\/uploads\/2023\/08\/Biceps-Curl-Evolve-Ultra-Series-Selectorized.mp4\"><\/video><\/figure>\n<\/div>\n<\/div>\n\n\n\n<div class=\"wp-block-columns alignwide are-vertically-aligned-center mobile-reverse is-layout-flex wp-container-core-columns-is-layout-e8158c2f wp-block-columns-is-layout-flex\" style=\"padding-top:var(--wp--preset--spacing--side-padding)\">\n<div class=\"wp-block-column is-vertically-aligned-center is-layout-flow wp-block-column-is-layout-flow\">\n<figure class=\"wp-block-video\"><video autoplay=\"\" controls=\"\" loop=\"\" muted=\"\" src=\"https:\/\/evolve-fitness.eu\/wp-content\/uploads\/2023\/08\/Evolve-Ultra-Series-Selectorized-Biceps-Curl-UL-060.mp4\"><\/video><\/figure>\n<\/div>\n\n\n\n<div class=\"wp-block-column is-vertically-aligned-center is-layout-flow wp-block-column-is-layout-flow\">\n<h3 class=\"wp-block-heading\" style=\"margin-bottom:var(--wp--preset--spacing--h-3-bottom)\"><strong>Muscoli<\/strong><\/h3>\n\n\n\n<p><strong><em><strong><em>Qualit\u00e0 superiore<\/em><\/strong><\/em><\/strong><\/p>\n\n\n\n<p>La macchina per curl bicipiti selettorizzata Evolve Ultra Series \u00e8 una scelta eccellente per chi vuole migliorare la forza e la definizione dei propri bicipiti. Questa macchina \u00e8 stata progettata specificamente per colpire e rafforzare efficacemente questi muscoli.<\/p>\n\n\n\n<p>Inoltre, la macchina per curl bicipiti Evolve Ultra Series si concentra sull&#8217;allenamento di vari gruppi muscolari, tra cui i seguenti:<\/p>\n\n\n\n<p><strong>Bicipite brachiale (Biceps)<\/strong>: Il muscolo bicipite \u00e8 il bersaglio principale dei riccioli delle braccia. \u00c8 responsabile della flessione dell&#8217;articolazione del gomito e il lavoro su una macchina per i curl delle braccia rafforza e sviluppa efficacemente questo gruppo muscolare.  <strong>Brachiale<\/strong>: Situato sotto il bicipite, il muscolo brachiale svolge un ruolo importante nella flessione del gomito ed \u00e8 impegnato durante i piegamenti del braccio.  <strong>Brachioradiale<\/strong>: Questo muscolo, situato sull&#8217;avambraccio, aiuta a piegare il gomito, soprattutto quando i palmi sono rivolti verso l&#8217;alto in una presa supina.  <strong>Flessori dell&#8217;avambraccio<\/strong>: I muscoli della parte anteriore dell&#8217;avambraccio, come il flessore carpi radialis e il flessore carpi ulnaris, lavorano per stabilizzare il polso e il gomito durante il movimento di curling.<\/p>\n\n\n\n<p>Sebbene questi siano i muscoli principali che lavorano durante gli arricciamenti delle braccia, anche altri muscoli di supporto e stabilizzatori possono essere impegnati in varia misura per mantenere una forma e un controllo adeguati durante l&#8217;esercizio.<\/p>\n<\/div>\n<\/div>\n\n\n\n<div class=\"wp-block-columns alignwide mobile-reverse is-layout-flex wp-container-core-columns-is-layout-ca64bf2d wp-block-columns-is-layout-flex\" style=\"margin-bottom:var(--wp--preset--spacing--side-padding)\">\n<div class=\"wp-block-column is-vertically-aligned-center is-layout-flow wp-block-column-is-layout-flow\">\n<h3 class=\"wp-block-heading\" style=\"margin-bottom:var(--wp--preset--spacing--h-3-bottom)\">Impugnatura rotante 3D<\/h3>\n\n\n\n<p><em><strong>Migliora la vostra routine di esercizio fisico<\/strong><\/em><\/p>\n\n\n\n<p style=\"margin-bottom:var(--wp--preset--spacing--tb-section-padding)\">L&#8217;Evolve Ultra Series Biceps Curl Machine ridefinisce l&#8217;esperienza di allenamento dei bicipiti grazie all&#8217;innovativa impugnatura rotante 3D. Questa caratteristica offre la versatilit\u00e0 di eseguire i curl per bicipiti con impugnature sia strette che larghe, per colpire efficacemente varie parti del muscolo bicipite e ottenere un allenamento completo. Se si desidera concentrarsi sul capo corto, sul capo lungo o su entrambi i capi dei bicipiti, l&#8217;impugnatura rotante lo rende possibile. Oltre alla sua adattabilit\u00e0, l&#8217;impugnatura rotante migliora la vostra routine di allenamento, offrendo una sensazione pi\u00f9 naturale e confortevole durante i bicipiti. Questa sensazione naturale assicura che ogni ripetizione sia fluida e controllata, riducendo il rischio di affaticamento o disagio.<\/p>\n<\/div>\n\n\n\n<div class=\"wp-block-column is-vertically-aligned-center is-layout-flow wp-block-column-is-layout-flow\">\n<figure class=\"wp-block-video\"><video height=\"2048\" style=\"aspect-ratio: 1536 \/ 2048;\" width=\"1536\" autoplay=\"\" controls=\"\" loop=\"\" muted=\"\" src=\"https:\/\/evolve-fitness.eu\/wp-content\/uploads\/2023\/08\/EV-SC-UL-060-handle.mp4\"><\/video><\/figure>\n<\/div>\n<\/div>\n\n\n\n<div class=\"wp-block-columns alignwide is-layout-flex wp-container-core-columns-is-layout-c45ee707 wp-block-columns-is-layout-flex\" style=\"margin-bottom:var(--wp--preset--spacing--side-padding);padding-top:var(--wp--preset--spacing--side-padding)\">\n<div class=\"wp-block-column is-vertically-aligned-center is-layout-flow wp-block-column-is-layout-flow\">\n<figure class=\"wp-block-video\"><video height=\"1536\" style=\"aspect-ratio: 2048 \/ 1536;\" width=\"2048\" autoplay=\"\" controls=\"\" loop=\"\" muted=\"\" src=\"https:\/\/evolve-fitness.eu\/wp-content\/uploads\/2023\/08\/EV-SC-UL-060-seat.mp4\"><\/video><\/figure>\n<\/div>\n\n\n\n<div class=\"wp-block-column is-vertically-aligned-center is-layout-flow wp-block-column-is-layout-flow\">\n<h3 class=\"wp-block-heading\" style=\"margin-bottom:var(--wp--preset--spacing--h-3-bottom)\">Sedili sagomati e regolazioni precise dei sedili<\/h3>\n\n\n\n<p><strong><em>Rivestimento con doppia cucitura<\/em><\/strong><\/p>\n\n\n\n<p style=\"margin-bottom:var(--wp--preset--spacing--tb-section-padding)\">I sedili in poliuretano della serie Evolve Ultra, costruiti con un design modellato e un&#8217;imbottitura a doppia cucitura, offrono una durata e un comfort eccezionali. Sono progettati per offrire un supporto ergonomico alla colonna vertebrale e possono adattarsi a utenti di varie dimensioni. Inoltre, i cuscini per macchine resistenti in PU sono una scelta eccellente per la loro durata, il comfort, la facilit\u00e0 di manutenzione e l&#8217;economicit\u00e0 complessiva. Sono in grado di resistere alle sollecitazioni dell&#8217;allenamento della forza, offrendo al contempo una superficie di esercizio confortevole e igienica. Poich\u00e9 il sedile \u00e8 supportato da un&#8217;asta idraulica, la regolazione dell&#8217;altezza del sedile \u00e8 semplice e pu\u00f2 essere effettuata con una sola mano. Il sedile ha 18 posizioni di regolazione.<\/p>\n<\/div>\n<\/div>\n\n\n\n<div class=\"wp-block-columns alignwide are-vertically-aligned-center mobile-reverse is-layout-flex wp-container-core-columns-is-layout-e8158c2f wp-block-columns-is-layout-flex\" style=\"padding-top:var(--wp--preset--spacing--side-padding)\">\n<div class=\"wp-block-column is-vertically-aligned-center is-layout-flow wp-block-column-is-layout-flow\">\n<h3 class=\"wp-block-heading\" style=\"margin-bottom:var(--wp--preset--spacing--h-3-bottom)\"><strong>Piastra di peso superiore<\/strong><\/h3>\n\n\n\n<p><strong><em><strong><em>Miglioramento delle prestazioni della macchina per esercizi<\/em><\/strong><\/em><\/strong><\/p>\n\n\n\n<p style=\"margin-bottom:var(--wp--preset--spacing--tb-section-padding)\">La macchina Evolve Ultra Series Selectorized Biceps Curl \u00e8 dotata di due piastre di peso superiore da 2,5 kg che hanno un duplice scopo: migliorare le prestazioni della macchina. In primo luogo, estende la resistenza massima che la macchina pu\u00f2 fornire, consentendo agli utenti di sfidare ulteriormente se stessi nei loro allenamenti. Inoltre, queste piastre di peso aggiuntive offrono un vantaggio unico, consentendo agli utenti di effettuare incrementi pi\u00f9 piccoli e pi\u00f9 precisi nella regolazione della resistenza, con ogni piastra che fornisce un aumento di 2,5 kg. Questa precisione nella selezione della resistenza consente alle persone di regolare con precisione gli allenamenti in base alle loro esigenze e ai loro obiettivi specifici, assicurando che ogni sessione di allenamento sia personalizzata per ottimizzare i risultati.<\/p>\n<\/div>\n\n\n\n<div class=\"wp-block-column is-vertically-aligned-center is-layout-flow wp-block-column-is-layout-flow\">\n<figure class=\"wp-block-image size-full\"><img decoding=\"async\" src=\"https:\/\/evolve-fitness.eu\/wp-content\/uploads\/2024\/01\/plate.webp\" alt=\"\" class=\"wp-image-9942\"\/><\/figure>\n<\/div>\n<\/div>\n\n\n\n<div class=\"wp-block-columns alignwide are-vertically-aligned-center mobile-reverse is-layout-flex wp-container-core-columns-is-layout-e8158c2f wp-block-columns-is-layout-flex\" style=\"padding-top:var(--wp--preset--spacing--side-padding)\">\n<div class=\"wp-block-column is-vertically-aligned-center is-layout-flow wp-block-column-is-layout-flow\">\n<figure class=\"wp-block-video\"><video height=\"1080\" style=\"aspect-ratio: 1080 \/ 1080;\" width=\"1080\" autoplay=\"\" controls=\"\" loop=\"\" muted=\"\" src=\"https:\/\/evolve-fitness.eu\/wp-content\/uploads\/2023\/08\/Evolve-UL-060-Exercises-Sticker.mp4\"><\/video><\/figure>\n<\/div>\n\n\n\n<div class=\"wp-block-column is-vertically-aligned-center is-layout-flow wp-block-column-is-layout-flow\">\n<h3 class=\"wp-block-heading\" style=\"margin-bottom:var(--wp--preset--spacing--h-3-bottom)\"><strong>Informativo e conveniente<\/strong><\/h3>\n\n\n\n<p><strong><em><strong><em>Il vostro aiuto visivo<\/em><\/strong><\/em><\/strong><\/p>\n\n\n\n<p style=\"margin-bottom:var(--wp--preset--spacing--tb-section-padding)\">Le macchine della serie Evolve Ultra sono dotate di adesivi informativi che fungono da ausilio visivo, facilitando la navigazione tra le caratteristiche e le funzioni della macchina e migliorando l&#8217;esperienza di allenamento. Inoltre, fornisce indicazioni preziose sui vari gruppi muscolari che possono essere efficacemente lavorati sulla macchina, consentendo di ottenere il massimo dalla propria routine di fitness mirando a specifiche aree di interesse.<br\/><br\/><strong><em><strong><em>Per comodit\u00e0<\/em><\/strong><\/em><\/strong><br\/><br\/>Mentre vi allenate, potete riporre comodamente la bottiglia d&#8217;acqua, il telefono e gli oggetti personali negli appositi supporti delle macchine della serie Evolve Ultra. Questi scomparti appositamente progettati consentono di avere un posto sicuro e facilmente accessibile per i propri effetti personali durante le sessioni di allenamento.<\/p>\n<\/div>\n<\/div>\n\n\n\n<div class=\"wp-block-columns alignwide are-vertically-aligned-center mobile-reverse is-layout-flex wp-container-core-columns-is-layout-e8158c2f wp-block-columns-is-layout-flex\" style=\"padding-top:var(--wp--preset--spacing--side-padding)\">\n<div class=\"wp-block-column is-vertically-aligned-center is-layout-flow wp-block-column-is-layout-flow\">\n<h3 class=\"wp-block-heading\" style=\"margin-bottom:var(--wp--preset--spacing--h-3-bottom)\"><strong>Cavo<\/strong><\/h3>\n\n\n\n<p><strong><em><strong><em>Qualit\u00e0 superiore<\/em><\/strong><\/em><\/strong><\/p>\n\n\n\n<p style=\"margin-bottom:var(--wp--preset--spacing--tb-section-padding)\">Le macchine della serie Evolve Ultra utilizzano cavi di qualit\u00e0 superiore, con sei fili principali e ogni filo \u00e8 composto da 19 fili attorcigliati insieme, materiale poliammide 12 (PA12) e un diametro di 5 mm. Questi cavi sono progettati per garantire resistenza e durata, con una forza di rottura di 9000 kN, che li rende la scelta preferita per le applicazioni in cui sono necessarie affidabilit\u00e0, durata e prestazioni eccezionali.Quando si passa da un esercizio all&#8217;altro, che si tratti di bicipiti curl, chest press, lat pulldown o qualsiasi altra attivit\u00e0 di potenziamento, le prestazioni eccezionali dei cavi della serie Evolve Ultra garantiscono movimenti fluidi e una resistenza costante, favorendo un&#8217;esperienza di allenamento efficace e piacevole.<\/p>\n<\/div>\n\n\n\n<div class=\"wp-block-column is-vertically-aligned-center is-layout-flow wp-block-column-is-layout-flow\">\n<figure class=\"wp-block-video\"><video height=\"600\" style=\"aspect-ratio: 680 \/ 600;\" width=\"680\" autoplay=\"\" controls=\"\" loop=\"\" muted=\"\" src=\"https:\/\/evolve-fitness.eu\/wp-content\/uploads\/2023\/10\/Evolve-cable.mp4\"><\/video><\/figure>\n<\/div>\n<\/div>\n\n\n\n<div class=\"wp-block-columns alignwide are-vertically-aligned-center mobile-reverse is-layout-flex wp-container-core-columns-is-layout-e8158c2f wp-block-columns-is-layout-flex\" style=\"padding-top:var(--wp--preset--spacing--side-padding)\">\n<div class=\"wp-block-column is-vertically-aligned-center is-layout-flow wp-block-column-is-layout-flow\">\n<figure class=\"wp-block-video\"><video autoplay=\"\" controls=\"\" loop=\"\" muted=\"\" src=\"https:\/\/evolve-fitness.eu\/wp-content\/uploads\/2023\/08\/UL-040-Weight-Stack.mp4\"><\/video><\/figure>\n<\/div>\n\n\n\n<div class=\"wp-block-column is-vertically-aligned-center is-layout-flow wp-block-column-is-layout-flow\">\n<h3 class=\"wp-block-heading\" style=\"margin-bottom:var(--wp--preset--spacing--h-3-bottom)\"><strong>Pila di peso<\/strong><\/h3>\n\n\n\n<p><strong><em><strong><em>Elevare l&#8217;esperienza del fitness<\/em><\/strong><\/em><\/strong><\/p>\n\n\n\n<p style=\"margin-bottom:var(--wp--preset--spacing--tb-section-padding)\">La macchina Evolve Ultra Series Selectorized Biceps Curl \u00e8 dotata di un livello di resistenza di 85 kg, ma \u00e8 anche possibile personalizzarla e aggiungerla a 122,5 kg per un&#8217;esperienza di allenamento ancora pi\u00f9 impegnativa. La pila di pesi completamente chiusa garantisce la sicurezza degli esercizi.<\/p>\n<\/div>\n<\/div>\n\n\n\n<div class=\"wp-block-columns alignwide are-vertically-aligned-center mobile-reverse is-layout-flex wp-container-core-columns-is-layout-e8158c2f wp-block-columns-is-layout-flex\" style=\"padding-top:var(--wp--preset--spacing--side-padding)\">\n<div class=\"wp-block-column is-vertically-aligned-center is-layout-flow wp-block-column-is-layout-flow\">\n<h3 class=\"wp-block-heading\" style=\"margin-bottom:var(--wp--preset--spacing--h-3-bottom)\"><strong>Durevole e protettivo<\/strong><\/h3>\n\n\n\n<p><strong><em><strong><em>Verniciato a polvere elettrostatica<\/em><\/strong><\/em><\/strong><\/p>\n\n\n\n<p style=\"margin-bottom:var(--wp--preset--spacing--tb-section-padding)\">Le macchine di forza della serie Evolve Ultra, con telaio verniciato a polvere elettrostatica in nero perlato opaco, sono un esempio di forma e funzionalit\u00e0. Il suo fascino estetico \u00e8 esaltato dalla finitura nera opaca, mentre le sue caratteristiche pratiche, tra cui la resistenza all&#8217;attrito, le propriet\u00e0 anticorrosione e la resistenza ai graffi, ne fanno un compagno di fitness affidabile e duraturo.<br\/><br\/><strong><em><strong><em>Scudi protettivi<\/em><\/strong><\/em><\/strong><br\/><br\/>I robusti piedini in gomma della serie Evolve Ultra fungono da scudi protettivi per evitare potenziali danni ai pavimenti. Questi piedini in gomma per impieghi gravosi sono progettati per salvaguardare le superfici del pavimento da eventuali danni che potrebbero verificarsi durante l&#8217;uso. Inoltre, i piedini in gomma non solo offrono protezione, ma contribuiscono anche alla stabilit\u00e0.<\/p>\n<\/div>\n\n\n\n<div class=\"wp-block-column is-vertically-aligned-center is-layout-flow wp-block-column-is-layout-flow\">\n<figure class=\"wp-block-video\"><video height=\"1920\" style=\"aspect-ratio: 1920 \/ 1920;\" width=\"1920\" autoplay=\"\" controls=\"\" loop=\"\" muted=\"\" src=\"https:\/\/evolve-fitness.eu\/wp-content\/uploads\/2023\/10\/Evolve-Double-powder-coated-Frame.mp4\"><\/video><\/figure>\n<\/div>\n<\/div>\n<\/section>\n","protected":false},"excerpt":{"rendered":"<p>Provate un allenamento mirato per i bicipiti come mai prima d&#8217;ora con il curl per bicipiti selettore della serie Ultra di Evolve, UL-060. Elevate la vostra routine di allenamento con questa attrezzatura all&#8217;avanguardia, progettata per garantire comfort ed efficacia ottimali. L&#8217;innovativo movimento indipendente delle braccia garantisce una gamma completa di movimenti, impegnando i muscoli con precisione simmetrica. Con l&#8217;elegante e durevole finitura opaca, la protezione del pacco pesi completamente coperta e la regolazione del sedile con una sola mano, questa macchina combina perfettamente stile, convenienza e prestazioni. Per ottenere un aumento impareggiabile dei bicipiti ed elevare il vostro percorso di fitness con l&#8217;UL-060 della serie Evolve Ultra.<\/p>\n","protected":false},"featured_media":75818,"template":"","meta":{"_acf_changed":false,"inline_featured_image":false},"product_cat":[528,1143,1287],"product_tag":[],"class_list":{"0":"post-43455","1":"product","2":"type-product","3":"status-publish","4":"has-post-thumbnail","6":"product_cat-pagina-iniziale","7":"product_cat-macchine-selezionate","8":"product_cat-macchine-selettive-della-serie-ultra","10":"first","11":"instock","12":"sale","13":"shipping-taxable","14":"purchasable","15":"product-type-simple"},"acf":[],"_links":{"self":[{"href":"https:\/\/store.evolve-fitness.eu\/it\/wp-json\/wp\/v2\/product\/43455","targetHints":{"allow":["GET"]}}],"collection":[{"href":"https:\/\/store.evolve-fitness.eu\/it\/wp-json\/wp\/v2\/product"}],"about":[{"href":"https:\/\/store.evolve-fitness.eu\/it\/wp-json\/wp\/v2\/types\/product"}],"wp:featuredmedia":[{"embeddable":true,"href":"https:\/\/store.evolve-fitness.eu\/it\/wp-json\/wp\/v2\/media\/75818"}],"wp:attachment":[{"href":"https:\/\/store.evolve-fitness.eu\/it\/wp-json\/wp\/v2\/media?parent=43455"}],"wp:term":[{"taxonomy":"product_cat","embeddable":true,"href":"https:\/\/store.evolve-fitness.eu\/it\/wp-json\/wp\/v2\/product_cat?post=43455"},{"taxonomy":"product_tag","embeddable":true,"href":"https:\/\/store.evolve-fitness.eu\/it\/wp-json\/wp\/v2\/product_tag?post=43455"}],"curies":[{"name":"wp","href":"https:\/\/api.w.org\/{rel}","templated":true}]}}