{"id":40308,"date":"2024-01-24T12:22:35","date_gmt":"2024-01-24T12:22:35","guid":{"rendered":"https:\/\/store.evolve-fitness.eu\/product\/stazione-di-immersione-della-serie-evolve-prime\/"},"modified":"2026-01-28T11:59:13","modified_gmt":"2026-01-28T11:59:13","slug":"stazione-di-immersione-della-serie-evolve-prime","status":"publish","type":"product","link":"https:\/\/store.evolve-fitness.eu\/it\/prodotto\/stazione-di-immersione-della-serie-evolve-prime\/","title":{"rendered":"Stazione di immersione della serie Evolve Prime"},"content":{"rendered":"\n<section class=\"wp-block-group alignfull black-content has-white-color has-darkgray-background-color has-text-color has-background is-layout-constrained wp-block-group-is-layout-constrained\" style=\"padding-top:var(--wp--preset--spacing--section-bottom);padding-bottom:var(--wp--preset--spacing--section-bottom)\">\n<div class=\"wp-block-columns alignwide mobile-reverse is-layout-flex wp-container-core-columns-is-layout-ca64bf2d wp-block-columns-is-layout-flex\" style=\"margin-bottom:var(--wp--preset--spacing--side-padding)\">\n<div class=\"wp-block-column is-vertically-aligned-center is-layout-flow wp-block-column-is-layout-flow\">\n<h3 class=\"wp-block-heading\" style=\"margin-bottom:var(--wp--preset--spacing--h-3-bottom)\">R<strong>\n  <strong>\n    <strong>\n      <strong>\n        <strong>\n          <strong>\n            <strong>ostruzione, risultati eccezionali<\/strong>\n          <\/strong>\n        <\/strong>\n      <\/strong>\n    <\/strong>\n  <\/strong>\n<\/strong><\/h3>\n\n\n\n<p>Solido e sicuro<\/p>\n\n\n\n<p style=\"margin-bottom:var(--wp--preset--spacing--tb-section-padding)\">Costruita in acciaio per impieghi gravosi, la stazione per immersioni Evolve promette stabilit\u00e0 e sicurezza senza pari. Allenatevi con fiducia sapendo che la vostra attrezzatura \u00e8 forte quanto la vostra ambizione.<\/p>\n<\/div>\n\n\n\n<div class=\"wp-block-column is-vertically-aligned-center is-layout-flow wp-block-column-is-layout-flow\">\n<figure class=\"wp-block-image size-large\"><img decoding=\"async\" src=\"https:\/\/evolve-fitness.eu\/wp-content\/uploads\/2023\/12\/A7_06383-1-683x1024.jpg\" alt=\"\" class=\"wp-image-8351\"\/><\/figure>\n<\/div>\n<\/div>\n\n\n\n<div class=\"wp-block-columns alignwide is-layout-flex wp-container-core-columns-is-layout-c45ee707 wp-block-columns-is-layout-flex\" style=\"margin-bottom:var(--wp--preset--spacing--side-padding);padding-top:var(--wp--preset--spacing--side-padding)\">\n<div class=\"wp-block-column is-vertically-aligned-center is-layout-flow wp-block-column-is-layout-flow\">\n<figure class=\"wp-block-image size-large\"><img decoding=\"async\" src=\"https:\/\/evolve-fitness.eu\/wp-content\/uploads\/2023\/12\/A7_06387-1024x683.jpg\" alt=\"\" class=\"wp-image-8353\"\/><\/figure>\n<\/div>\n\n\n\n<div class=\"wp-block-column is-vertically-aligned-center is-layout-flow wp-block-column-is-layout-flow\">\n<h3 class=\"wp-block-heading\" style=\"margin-bottom:var(--wp--preset--spacing--h-3-bottom)\"><strong>Ergonomico e confortevole<\/strong><\/h3>\n\n\n\n<p style=\"margin-bottom:var(--wp--preset--spacing--tb-section-padding)\">Grazie alle impugnature ergonomiche, questa stazione garantisce una presa confortevole, riducendo lo sforzo di mani e polsi durante le sessioni di allenamento pi\u00f9 intense. Ideale per una variet\u00e0 di esercizi, tra cui dip per i tricipiti, body rows e sollevamenti delle gambe, questa stazione \u00e8 perfetta per colpire pi\u00f9 gruppi muscolari.<\/p>\n<\/div>\n<\/div>\n\n\n\n<div class=\"wp-block-columns alignwide is-layout-flex wp-container-core-columns-is-layout-c45ee707 wp-block-columns-is-layout-flex\" style=\"margin-bottom:var(--wp--preset--spacing--side-padding);padding-top:var(--wp--preset--spacing--side-padding)\">\n<div class=\"wp-block-column is-vertically-aligned-center is-layout-flow wp-block-column-is-layout-flow\">\n<h3 class=\"wp-block-heading\" style=\"margin-bottom:var(--wp--preset--spacing--h-3-bottom)\"><strong><strong><strong><strong><strong><strong><strong><strong>Compatto ed efficiente in termini di spazio<\/strong><\/strong><\/strong><\/strong><\/strong><\/strong><\/strong><\/strong><\/h3>\n\n\n\n<p><strong><em>Progettato per integrarsi perfettamente in qualsiasi palestra domestica o spazio di allenamento professionale<\/em><\/strong><\/p>\n\n\n\n<p style=\"margin-bottom:var(--wp--preset--spacing--tb-section-padding)\">La struttura robusta e i materiali di alta qualit\u00e0 garantiscono che questa stazione di immersione possa resistere ai rigori dell&#8217;uso quotidiano, rendendola un investimento duraturo nel vostro percorso di fitness. Migliorate il vostro allenamento con la Evolve Dip Station. Se volete costruire i muscoli, aumentare la resistenza o semplicemente aggiungere variet\u00e0 ai vostri allenamenti, questa stazione per le immersioni \u00e8 il vostro partner perfetto.<\/p>\n<\/div>\n\n\n\n<div class=\"wp-block-column is-vertically-aligned-center is-layout-flow wp-block-column-is-layout-flow\">\n<figure class=\"wp-block-image size-large\"><img decoding=\"async\" src=\"https:\/\/evolve-fitness.eu\/wp-content\/uploads\/2023\/12\/A7_06401-1024x683.jpg\" alt=\"\" class=\"wp-image-8355\"\/><\/figure>\n<\/div>\n<\/div>\n<\/section>\n","protected":false},"excerpt":{"rendered":"<p>La stazione per le immersioni Evolve Prime Series \u00e8 uno strumento di fitness all&#8217;avanguardia, progettato per scolpire e rafforzare la parte superiore del corpo come mai prima d&#8217;ora. Questa stazione per le immersioni \u00e8 un must per gli appassionati di fitness e gli atleti che desiderano allenarsi in tutta tranquillit\u00e0, sapendo che l&#8217;attrezzatura \u00e8 forte quanto la vostra ambizione.<\/p>\n","protected":false},"featured_media":40309,"template":"","meta":{"_acf_changed":false,"inline_featured_image":false},"product_cat":[528,1266,1303],"product_tag":[],"class_list":{"0":"post-40308","1":"product","2":"type-product","3":"status-publish","4":"has-post-thumbnail","6":"product_cat-pagina-iniziale","7":"product_cat-panchine","8":"product_cat-panche-prime-series","10":"first","11":"outofstock","12":"shipping-taxable","13":"purchasable","14":"product-type-simple"},"acf":[],"_links":{"self":[{"href":"https:\/\/store.evolve-fitness.eu\/it\/wp-json\/wp\/v2\/product\/40308","targetHints":{"allow":["GET"]}}],"collection":[{"href":"https:\/\/store.evolve-fitness.eu\/it\/wp-json\/wp\/v2\/product"}],"about":[{"href":"https:\/\/store.evolve-fitness.eu\/it\/wp-json\/wp\/v2\/types\/product"}],"wp:featuredmedia":[{"embeddable":true,"href":"https:\/\/store.evolve-fitness.eu\/it\/wp-json\/wp\/v2\/media\/40309"}],"wp:attachment":[{"href":"https:\/\/store.evolve-fitness.eu\/it\/wp-json\/wp\/v2\/media?parent=40308"}],"wp:term":[{"taxonomy":"product_cat","embeddable":true,"href":"https:\/\/store.evolve-fitness.eu\/it\/wp-json\/wp\/v2\/product_cat?post=40308"},{"taxonomy":"product_tag","embeddable":true,"href":"https:\/\/store.evolve-fitness.eu\/it\/wp-json\/wp\/v2\/product_tag?post=40308"}],"curies":[{"name":"wp","href":"https:\/\/api.w.org\/{rel}","templated":true}]}}