{"id":40161,"date":"2024-01-17T15:22:30","date_gmt":"2024-01-17T15:22:30","guid":{"rendered":"https:\/\/store.evolve-fitness.eu\/product\/serie-evolve-ultra-selezionata-abduzione-adduzione\/"},"modified":"2024-06-05T12:53:28","modified_gmt":"2024-06-05T12:53:28","slug":"serie-evolve-ultra-selezionata-abduzione-adduzione","status":"publish","type":"product","link":"https:\/\/store.evolve-fitness.eu\/it\/prodotto\/serie-evolve-ultra-selezionata-abduzione-adduzione\/","title":{"rendered":"Serie Evolve Ultra selezionata Abduzione\/Adduzione"},"content":{"rendered":"\n<section class=\"wp-block-group alignfull black-content has-white-color has-darkgray-background-color has-text-color has-background is-layout-constrained wp-block-group-is-layout-constrained\" style=\"padding-top:var(--wp--preset--spacing--section-bottom);padding-bottom:var(--wp--preset--spacing--section-bottom)\">\n<div class=\"wp-block-columns alignwide mobile-reverse is-layout-flex wp-container-core-columns-is-layout-ca64bf2d wp-block-columns-is-layout-flex\" style=\"margin-bottom:var(--wp--preset--spacing--side-padding)\">\n<div class=\"wp-block-column is-vertically-aligned-center is-layout-flow wp-block-column-is-layout-flow\">\n<figure class=\"wp-block-video\"><video autoplay=\"\" controls=\"\" loop=\"\" muted=\"\" src=\"https:\/\/evolve-fitness.eu\/wp-content\/uploads\/2023\/08\/Abduction-Adduction-Evolve-Ultra-Series-Selectorized-1.mp4\"><\/video><\/figure>\n<\/div>\n\n\n\n<div class=\"wp-block-column is-vertically-aligned-center is-layout-flow wp-block-column-is-layout-flow\">\n<h3 class=\"wp-block-heading\">Benvenuti nella serie Ultra<\/h3>\n\n\n\n<p><strong><em>Conoscete le nostre apparecchiature della serie Ultra con un tour 3D 360 allo stato dell&#8217;arte<\/em><\/strong><\/p>\n\n\n\n<p>L&#8217;Evolve Ultra Series Selectorized Leg-Press \/ Hack Squat, parte della Evolve Ultra Series, \u00e8 costruito per garantire comfort e prestazioni. La macchina \u00e8 stata progettata per la versatilit\u00e0 dell&#8217;esercizio, il supporto ergonomico e le opzioni di regolazione per le diverse dimensioni dell&#8217;utente. Il design \u00e8 esteticamente gradevole, con una finitura resistente e verniciata a polvere, e l&#8217;uso di cavi di alta qualit\u00e0 garantisce un funzionamento regolare.<\/p>\n<\/div>\n<\/div>\n\n\n\n<div class=\"wp-block-columns alignwide is-layout-flex wp-container-core-columns-is-layout-c45ee707 wp-block-columns-is-layout-flex\" style=\"margin-bottom:var(--wp--preset--spacing--side-padding);padding-top:var(--wp--preset--spacing--side-padding)\">\n<div class=\"wp-block-column is-vertically-aligned-center is-layout-flow wp-block-column-is-layout-flow\">\n<h3 class=\"wp-block-heading\" style=\"margin-bottom:var(--wp--preset--spacing--h-3-bottom)\">Muscoli<\/h3>\n\n\n\n<p><strong><em>L&#8217;esclusiva finitura opaca della vernice<\/em><\/strong><\/p>\n\n\n\n<p>La macchina per l&#8217;abduzione\/adduzione agisce sui muscoli dell&#8217;interno e dell&#8217;esterno coscia. <strong>Movimento di abduzione:<\/strong> Si concentra sui muscoli abduttori, principalmente il gluteo medio e minimo. Questi muscoli sono responsabili dell&#8217;allontanamento della gamba dalla linea mediana del corpo. <strong>Movimento di adduzione:<\/strong> Interessa i muscoli adduttori, tra cui l&#8217;adduttore magnus, longus e brevis. Questi muscoli lavorano per portare la gamba verso la linea mediana del corpo.<br\/><br\/>Questa macchina \u00e8 utile per rafforzare e tonificare questi gruppi muscolari, migliorando la stabilit\u00e0 e l&#8217;equilibrio delle gambe.<\/p>\n\n\n\n<ol class=\"wp-block-list\">\n<li><\/li>\n<\/ol>\n<\/div>\n\n\n\n<div class=\"wp-block-column is-vertically-aligned-center is-layout-flow wp-block-column-is-layout-flow\">\n<figure class=\"wp-block-video\"><video height=\"2560\" style=\"aspect-ratio: 1920 \/ 2560;\" width=\"1920\" autoplay=\"\" controls=\"\" loop=\"\" muted=\"\" src=\"https:\/\/evolve-fitness.eu\/wp-content\/uploads\/2023\/08\/EV-SC-UL-200-Full.mp4\"><\/video><\/figure>\n<\/div>\n<\/div>\n\n\n\n<div class=\"wp-block-columns alignwide mobile-reverse is-layout-flex wp-container-core-columns-is-layout-ca64bf2d wp-block-columns-is-layout-flex\" style=\"margin-bottom:var(--wp--preset--spacing--side-padding)\">\n<div class=\"wp-block-column is-vertically-aligned-center is-layout-flow wp-block-column-is-layout-flow\">\n<figure class=\"wp-block-video\"><video height=\"2560\" style=\"aspect-ratio: 1920 \/ 2560;\" width=\"1920\" autoplay=\"\" controls=\"\" loop=\"\" muted=\"\" src=\"https:\/\/evolve-fitness.eu\/wp-content\/uploads\/2023\/08\/EV-SC-UL-200-Seat.mp4\"><\/video><\/figure>\n<\/div>\n\n\n\n<div class=\"wp-block-column is-vertically-aligned-center is-layout-flow wp-block-column-is-layout-flow\">\n<h3 class=\"wp-block-heading\">Sedili sagomati<\/h3>\n\n\n\n<p><em><strong>  Per un comfort e un&#8217;efficacia ottimali<\/strong><\/em><\/p>\n\n\n\n<p style=\"margin-bottom:var(--wp--preset--spacing--tb-section-padding)\">L&#8217;abduzione\/adduzione selettiva della serie Evolve Ultra fa parte della serie Evolve Ultra, nota per il supporto ergonomico, la possibilit\u00e0 di regolazione per utenti di diverse dimensioni e il design elegante e resistente. Questo attrezzo \u00e8 ideale per aumentare l&#8217;impegno muscolare e migliorare la stabilit\u00e0 e l&#8217;equilibrio delle gambe.<\/p>\n<\/div>\n<\/div>\n\n\n\n<div class=\"wp-block-columns alignwide mobile-reverse is-layout-flex wp-container-core-columns-is-layout-ca64bf2d wp-block-columns-is-layout-flex\" style=\"margin-bottom:var(--wp--preset--spacing--side-padding)\">\n<div class=\"wp-block-column is-vertically-aligned-center is-layout-flow wp-block-column-is-layout-flow\">\n<h3 class=\"wp-block-heading\" style=\"margin-bottom:var(--wp--preset--spacing--h-3-bottom)\">La sicurezza incontra lo stile<\/h3>\n\n\n\n<p><strong><em>Coprire completamente il coperchio della pila dei pesi<\/em><\/strong><\/p>\n\n\n\n<p>Per i proprietari di palestre e gli imprenditori del fitness, la sicurezza e l&#8217;estetica sono fondamentali. La serie Evolve Ultra \u00e8 dotata di una protezione per il peso completamente coperta, che combina perfettamente sicurezza e stile. Migliorando la sicurezza e prevenendo gli incidenti e mantenendo pulito lo spazio della palestra, questo telo \u00e8 un&#8217;aggiunta essenziale a qualsiasi struttura per il fitness. Migliorate l&#8217;estetica della vostra palestra e date la priorit\u00e0 alla sicurezza dei vostri clienti durante ogni sessione di allenamento.<\/p>\n<\/div>\n\n\n\n<div class=\"wp-block-column is-vertically-aligned-center is-layout-flow wp-block-column-is-layout-flow\">\n<figure class=\"wp-block-image size-large\"><img decoding=\"async\" src=\"https:\/\/evolve-fitness.eu\/wp-content\/uploads\/2023\/12\/A7_08500-683x1024.jpg\" alt=\"\" class=\"wp-image-8710\"\/><\/figure>\n<\/div>\n<\/div>\n\n\n\n<div class=\"wp-block-columns alignwide is-layout-flex wp-container-core-columns-is-layout-c45ee707 wp-block-columns-is-layout-flex\" style=\"margin-bottom:var(--wp--preset--spacing--side-padding);padding-top:var(--wp--preset--spacing--side-padding)\">\n<div class=\"wp-block-column is-vertically-aligned-center is-layout-flow wp-block-column-is-layout-flow\">\n<figure class=\"wp-block-video\"><video height=\"2560\" style=\"aspect-ratio: 1920 \/ 2560;\" width=\"1920\" autoplay=\"\" controls=\"\" loop=\"\" muted=\"\" src=\"https:\/\/evolve-fitness.eu\/wp-content\/uploads\/2024\/01\/EV-SC-UL-200-Handle.mp4\"><\/video><\/figure>\n<\/div>\n\n\n\n<div class=\"wp-block-column is-vertically-aligned-center is-layout-flow wp-block-column-is-layout-flow\">\n<h3 class=\"wp-block-heading\" style=\"margin-bottom:var(--wp--preset--spacing--h-3-bottom)\">Convenienza incentrata sull&#8217;utente<\/h3>\n\n\n\n<p><strong><em>Regolazione del sedile con una sola mano<\/em><\/strong><\/p>\n\n\n\n<p>Aspiranti proprietari di palestre, prendete nota! La comodit\u00e0 della regolazione del sedile con una sola mano migliora l&#8217;esperienza di allenamento. I clienti possono passare da un esercizio all&#8217;altro senza interruzioni, rendendo le sessioni di allenamento pi\u00f9 efficienti e piacevoli. Questo approccio incentrato sull&#8217;utente aiuter\u00e0 la vostra struttura a distinguersi nel competitivo settore del fitness.<\/p>\n<\/div>\n<\/div>\n\n\n\n<div class=\"wp-block-columns alignwide are-vertically-aligned-center mobile-reverse is-layout-flex wp-container-core-columns-is-layout-e8158c2f wp-block-columns-is-layout-flex\" style=\"padding-top:var(--wp--preset--spacing--side-padding)\">\n<div class=\"wp-block-column is-vertically-aligned-center is-layout-flow wp-block-column-is-layout-flow\">\n<h3 class=\"wp-block-heading\" style=\"margin-bottom:var(--wp--preset--spacing--h-3-bottom)\"><strong>Impugnature ottimali<\/strong><\/h3>\n\n\n\n<p><strong><em><strong><em>Elevare l&#8217;esperienza del fitness<\/em><\/strong><\/em><\/strong><\/p>\n\n\n\n<p style=\"margin-bottom:var(--wp--preset--spacing--tb-section-padding)\">Attirare e mantenere i clienti \u00e8 essenziale per i proprietari di palestre e i gestori di strutture fitness. La serie Evolve Ultra offre impugnature ottimali, meticolosamente progettate per garantire comfort e sicurezza. Migliorate l&#8217;esperienza di allenamento dei vostri clienti, mantenendoli impegnati e motivati a raggiungere i loro obiettivi di fitness presso la vostra struttura.<\/p>\n\n\n\n<h3 class=\"wp-block-heading\" style=\"margin-bottom:var(--wp--preset--spacing--h-3-bottom)\">Avvio senza sforzo<\/h3>\n\n\n\n<p><strong><em><strong><em>Leg Assist per l&#8217;inclusivit\u00e0<\/em><\/strong><\/em><\/strong><\/p>\n\n\n\n<p>Per gli aspiranti proprietari di palestre che stanno pensando di entrare nel mondo del fitness, l&#8217;Effortless Start con Leg Assist della serie Evolve Ultra garantisce l&#8217;accessibilit\u00e0 a tutti i livelli di fitness. Questa caratteristica innovativa elimina le barriere all&#8217;ingresso per i nuovi arrivati e mantiene la palestra inclusiva, accogliendo clienti di tutte le abilit\u00e0.<\/p>\n<\/div>\n\n\n\n<div class=\"wp-block-column is-vertically-aligned-center is-layout-flow wp-block-column-is-layout-flow\">\n<figure class=\"wp-block-image size-large\"><img decoding=\"async\" src=\"https:\/\/evolve-fitness.eu\/wp-content\/uploads\/2023\/08\/A7_08503-1024x683.jpg\" alt=\"\" class=\"wp-image-8715\"\/><\/figure>\n<\/div>\n<\/div>\n<\/section>\n","protected":false},"excerpt":{"rendered":"<p>Migliorate l&#8217;allenamento delle gambe con l&#8217;abduzione\/adduzione selettiva della serie Evolve Ultra (UL-200). Sperimenta movimenti mirati e un comfort ottimale grazie al suo design innovativo, caratterizzato da movimenti indipendenti delle braccia, sedili sagomati e regolazioni facili da usare. Aggiornate la vostra palestra con questa macchina elegante ed efficace che migliora l&#8217;impegno muscolare e offre un&#8217;esperienza di fitness superiore.<\/p>\n","protected":false},"featured_media":75968,"template":"","meta":{"_acf_changed":false,"inline_featured_image":false},"product_cat":[528,1143,1287],"product_tag":[],"class_list":{"0":"post-40161","1":"product","2":"type-product","3":"status-publish","4":"has-post-thumbnail","6":"product_cat-pagina-iniziale","7":"product_cat-macchine-selezionate","8":"product_cat-macchine-selettive-della-serie-ultra","10":"first","11":"instock","12":"shipping-taxable","13":"purchasable","14":"product-type-simple"},"acf":[],"_links":{"self":[{"href":"https:\/\/store.evolve-fitness.eu\/it\/wp-json\/wp\/v2\/product\/40161","targetHints":{"allow":["GET"]}}],"collection":[{"href":"https:\/\/store.evolve-fitness.eu\/it\/wp-json\/wp\/v2\/product"}],"about":[{"href":"https:\/\/store.evolve-fitness.eu\/it\/wp-json\/wp\/v2\/types\/product"}],"wp:featuredmedia":[{"embeddable":true,"href":"https:\/\/store.evolve-fitness.eu\/it\/wp-json\/wp\/v2\/media\/75968"}],"wp:attachment":[{"href":"https:\/\/store.evolve-fitness.eu\/it\/wp-json\/wp\/v2\/media?parent=40161"}],"wp:term":[{"taxonomy":"product_cat","embeddable":true,"href":"https:\/\/store.evolve-fitness.eu\/it\/wp-json\/wp\/v2\/product_cat?post=40161"},{"taxonomy":"product_tag","embeddable":true,"href":"https:\/\/store.evolve-fitness.eu\/it\/wp-json\/wp\/v2\/product_tag?post=40161"}],"curies":[{"name":"wp","href":"https:\/\/api.w.org\/{rel}","templated":true}]}}