{"id":34150,"date":"2024-01-03T09:20:35","date_gmt":"2024-01-03T09:20:35","guid":{"rendered":"https:\/\/store.evolve-fitness.eu\/product\/bicicletta-verticale-commerciale-serie-evolve-ultra\/"},"modified":"2026-03-31T12:00:57","modified_gmt":"2026-03-31T12:00:57","slug":"bicicletta-verticale-commerciale-serie-evolve-ultra","status":"publish","type":"product","link":"https:\/\/store.evolve-fitness.eu\/it\/prodotto\/bicicletta-verticale-commerciale-serie-evolve-ultra\/","title":{"rendered":"Bicicletta verticale commerciale serie Evolve Ultra"},"content":{"rendered":"\n<p class=\"has-text-align-center has-medium-2-font-size\"><\/p>\n\n<section class=\"wp-block-group alignfull black-content has-white-color has-darkgray-background-color has-text-color has-background is-layout-constrained wp-block-group-is-layout-constrained\" style=\"padding-top:var(--wp--preset--spacing--section-bottom);padding-bottom:var(--wp--preset--spacing--section-bottom)\">\n<section class=\"wp-block-group alignfull black-content has-white-color has-darkgray-background-color has-text-color has-background is-layout-constrained wp-block-group-is-layout-constrained\" style=\"padding-top:var(--wp--preset--spacing--section-bottom);padding-bottom:var(--wp--preset--spacing--section-bottom)\">\n<div class=\"wp-block-columns alignwide is-layout-flex wp-container-core-columns-is-layout-c45ee707 wp-block-columns-is-layout-flex\" style=\"margin-bottom:var(--wp--preset--spacing--side-padding);padding-top:var(--wp--preset--spacing--side-padding)\">\n<div class=\"wp-block-column is-vertically-aligned-center is-layout-flow wp-block-column-is-layout-flow\">\n<h3 class=\"wp-block-heading\" style=\"margin-bottom:var(--wp--preset--spacing--h-3-bottom)\"><strong>Estetica della famiglia  <\/strong><\/h3>\n\n\n\n<p><strong><em><strong><strong><strong>Prestazioni nelle apparecchiature cardio commerciali<\/strong><\/strong><\/strong><\/em><\/strong><\/p>\n\n\n\n<p>La Serie Ultra di Evolve incarna uno stile distinto e familiare, adatto all&#8217;ambiente dinamico delle palestre commerciali complesse. Grazie alle linee eleganti, al design moderno e alle finiture di pregio, ogni pezzo della Serie Ultra si integra perfettamente per creare un&#8217;estetica coesa in tutta la struttura fitness. Che si tratti di tapis roulant, ellittiche o cyclette, ogni macchina emana raffinatezza e funzionalit\u00e0, valorizzando l&#8217;ambiente della palestra. Dai vivaci display a LED alle impugnature ergonomiche e alle funzioni regolabili per ogni appassionato di palestra.<\/p>\n<\/div>\n\n\n\n<div class=\"wp-block-column is-vertically-aligned-center is-layout-flow wp-block-column-is-layout-flow\">\n<figure class=\"wp-block-video\"><video autoplay=\"\" controls=\"\" loop=\"\" muted=\"\" src=\"https:\/\/evolve-fitness.eu\/wp-content\/uploads\/2024\/04\/Evolve-Ultra-Series-Family-Look.mp4\"><\/video><\/figure>\n<\/div>\n<\/div>\n\n\n\n<div class=\"wp-block-columns alignwide mobile-reverse is-layout-flex wp-container-core-columns-is-layout-ca64bf2d wp-block-columns-is-layout-flex\" style=\"margin-bottom:var(--wp--preset--spacing--side-padding)\">\n<div class=\"wp-block-column is-vertically-aligned-center is-layout-flow wp-block-column-is-layout-flow\">\n<figure class=\"wp-block-video\"><video autoplay=\"\" controls=\"\" loop=\"\" muted=\"\" src=\"https:\/\/evolve-fitness.eu\/wp-content\/uploads\/2024\/04\/Final-Upright-bike-Web-HD.mp4\"><\/video><\/figure>\n<\/div>\n\n\n\n<div class=\"wp-block-column is-vertically-aligned-center is-layout-flow wp-block-column-is-layout-flow\">\n<h3 class=\"wp-block-heading\" style=\"margin-bottom:var(--wp--preset--spacing--h-3-bottom)\"><strong><strong><strong>Ti presentiamo la Serie Evolve Ultra <\/strong><\/strong><\/strong>cardio<\/h3>\n\n\n\n<p><strong><em>Stile e stabilit\u00e0  <\/em><\/strong><\/p>\n\n\n\n<p>Vi presentiamo la cyclette commerciale Evolve Ultra Series UL-156, una macchina per il fitness all&#8217;avanguardia che combina una tecnologia all&#8217;avanguardia con un design di alto livello. Questa macchina cardio \u00e8 realizzata con cura e presenta un&#8217;elegante struttura Sandy Black che emana raffinatezza e durata. La cornice \u00e8 completata da accessori verniciati in nero, che creano un&#8217;estetica coesa e visivamente accattivante.<\/p>\n\n\n\n<p><em>Attiva l&#8217;audio nei controlli del giocatore per un&#8217;esperienza completa.<\/em><\/p>\n<\/div>\n<\/div>\n\n\n\n<div class=\"wp-block-columns alignwide mobile-reverse is-layout-flex wp-container-core-columns-is-layout-ca64bf2d wp-block-columns-is-layout-flex\" style=\"margin-bottom:var(--wp--preset--spacing--side-padding)\">\n<div class=\"wp-block-column is-vertically-aligned-center is-layout-flow wp-block-column-is-layout-flow\">\n<h3 class=\"wp-block-heading\" style=\"margin-bottom:var(--wp--preset--spacing--h-3-bottom)\"><strong>Bicicletta verticale commerciale serie Evolve Ultra<\/strong><\/h3>\n\n\n\n<p><strong><em><strong><strong><strong><strong><strong>L&#8217;esperienza di allenamento definitiva<\/strong><\/strong><\/strong><\/strong><\/strong><\/em><\/strong><\/p>\n\n\n\n<p>La cyclette commerciale Evolve Ultra Series UL-156 offre una miscela perfetta di comfort e prestazioni, garantendo agli utenti un&#8217;esperienza di allenamento soddisfacente. Quando si monta la bicicletta e ci si accomoda sulla sua sella ergonomica, si nota subito il design di supporto che assicura una postura corretta per tutta la durata della pedalata. Il movimento fluido e regolare dei pedali, unito ai livelli di resistenza personalizzabili, consente di adattare l&#8217;allenamento al proprio livello di forma e ai propri obiettivi. Grazie ai comandi intuitivi e all&#8217;interfaccia intuitiva, la regolazione delle impostazioni e il monitoraggio dei progressi sono semplici e consentono di concentrarsi esclusivamente sull&#8217;allenamento. Sia che vogliate sfidare voi stessi con un&#8217;intensa sessione cardio o semplicemente godervi una piacevole pedalata, la cyclette Evolve Ultra Series UL-156 Commercial Upright Bike.<\/p>\n<\/div>\n\n\n\n<div class=\"wp-block-column is-vertically-aligned-center is-layout-flow wp-block-column-is-layout-flow\">\n<figure class=\"wp-block-video\"><video autoplay=\"\" controls=\"\" loop=\"\" muted=\"\" src=\"https:\/\/evolve-fitness.eu\/wp-content\/uploads\/2023\/11\/Evolve-Ultra-Series-Commercial-Upright-bike-1.mp4\"><\/video><\/figure>\n<\/div>\n<\/div>\n\n\n\n<div class=\"wp-block-columns alignwide mobile-reverse is-layout-flex wp-container-core-columns-is-layout-ca64bf2d wp-block-columns-is-layout-flex\" style=\"margin-bottom:var(--wp--preset--spacing--side-padding)\">\n<div class=\"wp-block-column is-vertically-aligned-center is-layout-flow wp-block-column-is-layout-flow\">\n<figure class=\"wp-block-image size-full is-resized\"><img decoding=\"async\" src=\"https:\/\/evolve-fitness.eu\/wp-content\/uploads\/2023\/11\/Evolve-UL-156-upright.png\" alt=\"\" class=\"wp-image-6203\" style=\"object-fit:cover;width:680px;height:600px\"\/><\/figure>\n<\/div>\n\n\n\n<div class=\"wp-block-column is-vertically-aligned-center is-layout-flow wp-block-column-is-layout-flow\">\n<h3 class=\"wp-block-heading\" style=\"margin-bottom:var(--wp--preset--spacing--h-3-bottom)\"><strong><strong>Meccanica avanzata  <\/strong><\/strong><\/h3>\n\n\n\n<p><strong><em><strong><strong><strong><strong><strong>Per prestazioni ottimali<\/strong><\/strong><\/strong><\/strong><\/strong><\/em><\/strong><\/p>\n\n\n\n<p>Il cuore della serie Evolve Ultra \u00e8 un avanzato sistema frenante EMS, che offre un controllo della resistenza fluido e preciso durante gli allenamenti. Il volano da 10 kg con un diametro di 265 mm garantisce un&#8217;esperienza ciclistica impegnativa ma confortevole. La pedivella cromata in tre pezzi, ornata da una copertura decorativa cromata, non solo aggiunge stile ma aumenta anche la longevit\u00e0 della bicicletta.<\/p>\n<\/div>\n<\/div>\n\n\n\n<div class=\"wp-block-columns alignwide is-layout-flex wp-container-core-columns-is-layout-c45ee707 wp-block-columns-is-layout-flex\" style=\"margin-bottom:var(--wp--preset--spacing--side-padding);padding-top:var(--wp--preset--spacing--side-padding)\">\n<div class=\"wp-block-column is-vertically-aligned-center is-layout-flow wp-block-column-is-layout-flow\">\n<h3 class=\"wp-block-heading\" style=\"margin-bottom:var(--wp--preset--spacing--h-3-bottom)\"><strong>Tecnologia all&#8217;avanguardia  <\/strong><\/h3>\n\n\n\n<p><strong><em><strong><strong>Per un allenamento coinvolgente<\/strong><\/strong><\/em><\/strong><\/p>\n\n\n\n<p>Una delle caratteristiche principali di questa bicicletta \u00e8 la console TFT da 15,6&#8243;, che vanta un sensore di pulsazioni sulla maniglia per un monitoraggio accurato della frequenza cardiaca. Questa console non serve solo a tenere traccia delle statistiche, ma \u00e8 un centro di connettivit\u00e0. \u00c8 possibile connettersi senza problemi alle app di fitness pi\u00f9 diffuse, come Kinomap e Zwift, tramite Bluetooth, migliorando l&#8217;esperienza di allenamento. Inoltre, la console TFT \u00e8 dotata di una serie di applicazioni integrate, tra cui Google Chrome, Facebook, Netflix, Amazon Video, Amazon Shopping, Spotify, YouTube, Twitter e Instagram. \u00c8 il vostro compagno di intrattenimento e di allenamento.<\/p>\n<\/div>\n\n\n\n<div class=\"wp-block-column is-vertically-aligned-center is-layout-flow wp-block-column-is-layout-flow\">\n<figure class=\"wp-block-video\"><video height=\"600\" style=\"aspect-ratio: 680 \/ 600;\" width=\"680\" autoplay=\"\" controls=\"\" loop=\"\" muted=\"\" src=\"https:\/\/evolve-fitness.eu\/wp-content\/uploads\/2023\/11\/Evolve-Ultra-cardio-console-full.mp4\"><\/video><\/figure>\n<\/div>\n<\/div>\n\n\n\n<div class=\"wp-block-columns alignwide is-layout-flex wp-container-core-columns-is-layout-c45ee707 wp-block-columns-is-layout-flex\" style=\"margin-bottom:var(--wp--preset--spacing--side-padding);padding-top:var(--wp--preset--spacing--side-padding)\">\n<div class=\"wp-block-column is-vertically-aligned-center is-layout-flow wp-block-column-is-layout-flow\">\n<figure class=\"wp-block-video\"><video height=\"451\" style=\"aspect-ratio: 1185 \/ 451;\" width=\"1185\" autoplay=\"\" controls=\"\" loop=\"\" muted=\"\" src=\"https:\/\/evolve-fitness.eu\/wp-content\/uploads\/2024\/01\/EV-UB-UL-156-Evolve-Ultra-Series-Upright-Bike-With-3D.mp4\"><\/video><\/figure>\n<\/div>\n\n\n\n<div class=\"wp-block-column is-vertically-aligned-center is-layout-flow wp-block-column-is-layout-flow\">\n<h3 class=\"wp-block-heading\" style=\"margin-bottom:var(--wp--preset--spacing--h-3-bottom)\"><strong><strong><strong>Design facile da usare  <\/strong><\/strong><\/strong><\/h3>\n\n\n\n<p><strong><em><strong><strong><strong><strong><strong>Per una maggiore comodit\u00e0<\/strong><\/strong><\/strong><\/strong><\/strong><\/em><\/strong><\/p>\n\n\n\n<p>Per chi preferisce un cardiofrequenzimetro tradizionale, l&#8217;Evolve Ultra Series UL-156 ha un normale ricevitore incorporato, che elimina la necessit\u00e0 di una cintura toracica. Inoltre, la cyclette \u00e8 dotata di altoparlanti integrati e di una porta di ricarica USB, che consente di ascoltare la musica preferita o i podcast mentre si caricano i dispositivi, rendendola la macchina cardio definitiva per i moderni appassionati di fitness.<\/p>\n<\/div>\n<\/div>\n\n\n\n<div class=\"wp-block-columns alignwide are-vertically-aligned-center mobile-reverse is-layout-flex wp-container-core-columns-is-layout-e8158c2f wp-block-columns-is-layout-flex\" style=\"padding-top:var(--wp--preset--spacing--side-padding)\">\n<div class=\"wp-block-column is-vertically-aligned-center is-layout-flow wp-block-column-is-layout-flow\">\n<h3 class=\"wp-block-heading\" style=\"margin-bottom:var(--wp--preset--spacing--h-3-bottom)\"><strong><strong>Estetica elegante e contemporanea<\/strong><\/strong><\/h3>\n\n\n\n<p><strong><em><strong><strong>Prestazioni ultra<\/strong><\/strong><\/em><\/strong><\/p>\n\n\n\n<p>La serie Evolve Ultra UL-156 \u00e8 progettata per garantire praticit\u00e0 e versatilit\u00e0. La guida del sedile in alluminio \u00e8 regolabile per adattarsi a utenti di diverse altezze, mentre la cinghia PJ8 da 440 mm garantisce un funzionamento fluido e silenzioso. Con dimensioni di 1220x610x1540 mm, questa bicicletta si adatta perfettamente a qualsiasi spazio fitness. Inoltre, include un supporto per bottiglia d&#8217;acqua per una facile idratazione durante gli allenamenti.<\/p>\n<\/div>\n\n\n\n<div class=\"wp-block-column is-vertically-aligned-center is-layout-flow wp-block-column-is-layout-flow\">\n<figure class=\"wp-block-image size-large is-resized\"><img decoding=\"async\" src=\"https:\/\/evolve-fitness.eu\/wp-content\/uploads\/2023\/11\/4-1-1024x576.png\" alt=\"\" class=\"wp-image-6322\" style=\"object-fit:cover;width:680px;height:600px\"\/><\/figure>\n<\/div>\n<\/div>\n\n\n\n<p class=\"has-text-align-center has-medium-2-font-size\">Provate il futuro del cardiofitness con la cyclette commerciale Evolve Ultra Series UL-156, dove stile, tecnologia e prestazioni convergono per elevare la vostra routine di allenamento.<\/p>\n\n\n\n<figure class=\"wp-block-video\"><video height=\"1000\" style=\"aspect-ratio: 1000 \/ 1000;\" width=\"1000\" autoplay=\"\" loop=\"\" muted=\"\" src=\"https:\/\/evolve-fitness.eu\/wp-content\/uploads\/2023\/11\/Ultra-site-apps.mp4\"><\/video><\/figure>\n<\/section>\n<\/section>\n","protected":false},"excerpt":{"rendered":"<p>Evolve Ultra Series UL-156 Commercial Upright Bike \u00e8 una macchina per il fitness che combina un design elegante con una tecnologia avanzata. La struttura Sandy Black e gli accessori verniciati in nero offrono resistenza ed estetica. Con caratteristiche come il sistema frenante EMS, il volano da 10 kg e la pedivella cromata in tre pezzi, questa bicicletta \u00e8 costruita per un&#8217;esperienza di allenamento fluida e stimolante. La guida del sedile in alluminio garantisce la regolabilit\u00e0 e la console TFT da 15,6&#8243;, dotata di sensori di pulsazioni per la maniglia, non solo tiene traccia delle statistiche, ma si collega anche alle pi\u00f9 diffuse app per il fitness e offre app di intrattenimento integrate. Con un ricevitore di frequenza cardiaca incorporato, altoparlanti e una porta di ricarica USB, l&#8217;Evolve Ultra Series UL-156 ridefinisce il cardiofitness per gli appassionati moderni, rendendolo una scelta eccellente per le vostre esigenze di allenamento.<\/p>\n","protected":false},"featured_media":34160,"template":"","meta":{"_acf_changed":false,"inline_featured_image":false},"product_cat":[528,520,524,1105],"product_tag":[],"class_list":{"0":"post-34150","1":"product","2":"type-product","3":"status-publish","4":"has-post-thumbnail","6":"product_cat-pagina-iniziale","7":"product_cat-attrezzature-cardio","8":"product_cat-attrezzature-cardio-commerciali","9":"product_cat-serie-ultra-cardio","11":"first","12":"instock","13":"shipping-taxable","14":"purchasable","15":"product-type-simple"},"acf":[],"_links":{"self":[{"href":"https:\/\/store.evolve-fitness.eu\/it\/wp-json\/wp\/v2\/product\/34150","targetHints":{"allow":["GET"]}}],"collection":[{"href":"https:\/\/store.evolve-fitness.eu\/it\/wp-json\/wp\/v2\/product"}],"about":[{"href":"https:\/\/store.evolve-fitness.eu\/it\/wp-json\/wp\/v2\/types\/product"}],"wp:featuredmedia":[{"embeddable":true,"href":"https:\/\/store.evolve-fitness.eu\/it\/wp-json\/wp\/v2\/media\/34160"}],"wp:attachment":[{"href":"https:\/\/store.evolve-fitness.eu\/it\/wp-json\/wp\/v2\/media?parent=34150"}],"wp:term":[{"taxonomy":"product_cat","embeddable":true,"href":"https:\/\/store.evolve-fitness.eu\/it\/wp-json\/wp\/v2\/product_cat?post=34150"},{"taxonomy":"product_tag","embeddable":true,"href":"https:\/\/store.evolve-fitness.eu\/it\/wp-json\/wp\/v2\/product_tag?post=34150"}],"curies":[{"name":"wp","href":"https:\/\/api.w.org\/{rel}","templated":true}]}}