{"id":34056,"date":"2024-01-03T08:57:44","date_gmt":"2024-01-03T08:57:44","guid":{"rendered":"https:\/\/store.evolve-fitness.eu\/product\/trainer-ellittico-commerciale-evolve-serie-ultra\/"},"modified":"2026-03-31T12:00:54","modified_gmt":"2026-03-31T12:00:54","slug":"trainer-ellittico-commerciale-evolve-serie-ultra","status":"publish","type":"product","link":"https:\/\/store.evolve-fitness.eu\/it\/prodotto\/trainer-ellittico-commerciale-evolve-serie-ultra\/","title":{"rendered":"Trainer ellittico commerciale Evolve Serie Ultra"},"content":{"rendered":"\n<section class=\"wp-block-group alignfull black-content has-white-color has-darkgray-background-color has-text-color has-background is-layout-constrained wp-block-group-is-layout-constrained\" style=\"padding-top:var(--wp--preset--spacing--section-bottom);padding-bottom:var(--wp--preset--spacing--section-bottom)\">\n<section class=\"wp-block-group alignfull black-content has-white-color has-darkgray-background-color has-text-color has-background is-layout-constrained wp-block-group-is-layout-constrained\" style=\"padding-top:var(--wp--preset--spacing--section-bottom);padding-bottom:var(--wp--preset--spacing--section-bottom)\">\n<div class=\"wp-block-columns alignwide is-layout-flex wp-container-core-columns-is-layout-c45ee707 wp-block-columns-is-layout-flex\" style=\"margin-bottom:var(--wp--preset--spacing--side-padding);padding-top:var(--wp--preset--spacing--side-padding)\">\n<div class=\"wp-block-column is-vertically-aligned-center is-layout-flow wp-block-column-is-layout-flow\">\n<h3 class=\"wp-block-heading\" style=\"margin-bottom:var(--wp--preset--spacing--h-3-bottom)\"><strong>Estetica della famiglia  <\/strong><\/h3>\n\n\n\n<p><strong><em><strong><strong><strong>Prestazioni nelle apparecchiature cardio commerciali<\/strong><\/strong><\/strong><\/em><\/strong><\/p>\n\n\n\n<p>La Serie Ultra di Evolve incarna uno stile distinto e familiare, adatto all&#8217;ambiente dinamico delle palestre commerciali complesse. Grazie alle linee eleganti, al design moderno e alle finiture di pregio, ogni pezzo della Serie Ultra si integra perfettamente per creare un&#8217;estetica coesa in tutta la struttura fitness. Che si tratti di tapis roulant, ellittiche o cyclette, ogni macchina emana raffinatezza e funzionalit\u00e0, valorizzando l&#8217;ambiente della palestra. Dai vivaci display a LED alle impugnature ergonomiche e alle funzioni regolabili per ogni appassionato di palestra.<\/p>\n<\/div>\n\n\n\n<div class=\"wp-block-column is-vertically-aligned-center is-layout-flow wp-block-column-is-layout-flow\">\n<figure class=\"wp-block-video\"><video autoplay=\"\" controls=\"\" loop=\"\" muted=\"\" src=\"https:\/\/evolve-fitness.eu\/wp-content\/uploads\/2024\/04\/Evolve-Ultra-Series-Family-Look.mp4\"><\/video><\/figure>\n<\/div>\n<\/div>\n\n\n\n<div class=\"wp-block-columns alignwide mobile-reverse is-layout-flex wp-container-core-columns-is-layout-ca64bf2d wp-block-columns-is-layout-flex\" style=\"margin-bottom:var(--wp--preset--spacing--side-padding)\">\n<div class=\"wp-block-column is-vertically-aligned-center is-layout-flow wp-block-column-is-layout-flow\">\n<figure class=\"wp-block-video\"><video autoplay=\"\" controls=\"\" loop=\"\" muted=\"\" src=\"https:\/\/evolve-fitness.eu\/wp-content\/uploads\/2024\/04\/Final-Elliptical-trainer-Web-HD.mp4\"><\/video><\/figure>\n<\/div>\n\n\n\n<div class=\"wp-block-column is-vertically-aligned-center is-layout-flow wp-block-column-is-layout-flow\">\n<h3 class=\"wp-block-heading\" style=\"margin-bottom:var(--wp--preset--spacing--h-3-bottom)\"><strong><strong><strong>Ti presentiamo la Serie Evolve Ultra <\/strong><\/strong><\/strong>cardio<\/h3>\n\n\n\n<p><strong><em>Stile e stabilit\u00e0  <\/em><\/strong><\/p>\n\n\n\n<p>Scoprite l&#8217;Evolve Ultra Series UL-156, un trainer ellittico di livello commerciale che unisce un design elegante a una robusta durata. Progettato per soddisfare gli appassionati di fitness, questo trainer ellittico \u00e8 dotato di un telaio Sandy Black ed \u00e8 in grado di ospitare utenti fino a 200 kg, offrendo stile e stabilit\u00e0 in qualsiasi ambiente di fitness.<\/p>\n\n\n\n<p><em>Attiva l&#8217;audio nei controlli del giocatore per un&#8217;esperienza completa.<\/em><\/p>\n<\/div>\n<\/div>\n\n\n\n<div class=\"wp-block-columns alignwide mobile-reverse is-layout-flex wp-container-core-columns-is-layout-ca64bf2d wp-block-columns-is-layout-flex\" style=\"margin-bottom:var(--wp--preset--spacing--side-padding)\">\n<div class=\"wp-block-column is-vertically-aligned-center is-layout-flow wp-block-column-is-layout-flow\">\n<h3 class=\"wp-block-heading\" style=\"margin-bottom:var(--wp--preset--spacing--h-3-bottom)\"><strong>Trainer ellittici commerciali Evolve Serie Ultra<\/strong><\/h3>\n\n\n\n<p><strong><em><strong><strong><strong><strong><strong>L&#8217;esperienza di allenamento definitiva<\/strong><\/strong><\/strong><\/strong><\/strong><\/em><\/strong><\/p>\n\n\n\n<p>Il trainer ellittico commerciale Evolve Ultra Series offre una sensazione di fluidit\u00e0 e potenza a ogni passo. I pedali spaziosi e le maniglie ergonomiche danno una sensazione di stabilit\u00e0 e controllo. Il movimento ellittico fluido offre un allenamento a basso impatto ma molto efficace, consentendo di coinvolgere pi\u00f9 gruppi muscolari con facilit\u00e0. Grazie ai livelli di resistenza personalizzabili e alle opzioni di allenamento pre-programmate, avete la flessibilit\u00e0 di adattare la vostra routine di allenamento ai vostri obiettivi e preferenze specifici. La console intuitiva vi tiene informati sui vostri progressi, motivandovi a superare i vostri limiti e a raggiungere le vostre aspirazioni di fitness. Che si tratti di aumentare la resistenza cardiovascolare, di tonificare i muscoli o semplicemente di godersi un allenamento soddisfacente, l&#8217;Evolve Ultra Series Commercial Elliptical Trainer offre una sensazione di realizzazione ed euforia a ogni passo.<\/p>\n<\/div>\n\n\n\n<div class=\"wp-block-column is-vertically-aligned-center is-layout-flow wp-block-column-is-layout-flow\">\n<figure class=\"wp-block-video\"><video autoplay=\"\" controls=\"\" loop=\"\" muted=\"\" src=\"https:\/\/evolve-fitness.eu\/wp-content\/uploads\/2024\/04\/Evolve-Ultra-Series-Commercial-Elliptical-trainer.mp4\"><\/video><\/figure>\n<\/div>\n<\/div>\n\n\n\n<div class=\"wp-block-columns alignwide mobile-reverse is-layout-flex wp-container-core-columns-is-layout-ca64bf2d wp-block-columns-is-layout-flex\" style=\"margin-bottom:var(--wp--preset--spacing--side-padding)\">\n<div class=\"wp-block-column is-vertically-aligned-center is-layout-flow wp-block-column-is-layout-flow\">\n<figure class=\"wp-block-video\"><video height=\"2560\" style=\"aspect-ratio: 1920 \/ 2560;\" width=\"1920\" autoplay=\"\" controls=\"\" loop=\"\" muted=\"\" src=\"https:\/\/evolve-fitness.eu\/wp-content\/uploads\/2023\/11\/EV-ET-UL-156-Short.mp4\"><\/video><\/figure>\n<\/div>\n\n\n\n<div class=\"wp-block-column is-vertically-aligned-center is-layout-flow wp-block-column-is-layout-flow\">\n<h3 class=\"wp-block-heading\">Benvenuti nella serie Ultra<\/h3>\n\n\n\n<p><strong><em>Conoscete le nostre apparecchiature della serie Ultra con un tour 3D 360 allo stato dell&#8217;arte<\/em><\/strong><\/p>\n\n\n\n<p>L&#8217;attrezzo cardio commerciale Evolve Ultra Series, parte della serie Evolve Ultra, \u00e8 costruito per garantire comfort e prestazioni. Il design \u00e8 esteticamente gradevole, con una finitura resistente e verniciata a polvere, e l&#8217;uso di cavi di alta qualit\u00e0 garantisce un funzionamento regolare.<\/p>\n<\/div>\n<\/div>\n\n\n\n<div class=\"wp-block-columns alignwide mobile-reverse is-layout-flex wp-container-core-columns-is-layout-ca64bf2d wp-block-columns-is-layout-flex\" style=\"margin-bottom:var(--wp--preset--spacing--side-padding)\">\n<div class=\"wp-block-column is-vertically-aligned-center is-layout-flow wp-block-column-is-layout-flow\">\n<h3 class=\"wp-block-heading\" style=\"margin-bottom:var(--wp--preset--spacing--h-3-bottom)\"><strong><strong>Meccanica avanzata  <\/strong><\/strong><\/h3>\n\n\n\n<p><strong><em><strong><strong><strong><strong><strong>Per prestazioni ottimali<\/strong><\/strong><\/strong><\/strong><\/strong><\/em><\/strong><\/p>\n\n\n\n<p>L&#8217;UL-156 \u00e8 progettato per un&#8217;esperienza di allenamento fluida ed efficiente. \u00c8 dotato di un sistema di frenata EMS e di un volano da 10 kg*265 mm con cuscinetto SFK, che garantisce un&#8217;esperienza di pedalata costante. Il funzionamento silenzioso del nastro PJ8 da 530 mm, combinato con un rapporto di trasmissione di 1\/11,6, offre un allenamento stimolante e piacevole per gli utenti di tutti i livelli di fitness.<\/p>\n<\/div>\n\n\n\n<div class=\"wp-block-column is-vertically-aligned-center is-layout-flow wp-block-column-is-layout-flow\">\n<figure class=\"wp-block-image size-full is-resized is-style-rounded\"><img decoding=\"async\" src=\"https:\/\/evolve-fitness.eu\/wp-content\/uploads\/2023\/11\/Evolve-UL-156-eliptical.png\" alt=\"\" class=\"wp-image-6019\" style=\"object-fit:cover;width:680px;height:600px\"\/><\/figure>\n<\/div>\n<\/div>\n\n\n\n<div class=\"wp-block-columns alignwide is-layout-flex wp-container-core-columns-is-layout-c45ee707 wp-block-columns-is-layout-flex\" style=\"margin-bottom:var(--wp--preset--spacing--side-padding);padding-top:var(--wp--preset--spacing--side-padding)\">\n<div class=\"wp-block-column is-vertically-aligned-center is-layout-flow wp-block-column-is-layout-flow\">\n<figure class=\"wp-block-video\"><video height=\"600\" style=\"aspect-ratio: 680 \/ 600;\" width=\"680\" autoplay=\"\" controls=\"\" loop=\"\" muted=\"\" src=\"https:\/\/evolve-fitness.eu\/wp-content\/uploads\/2023\/11\/Evolve-Ultra-cardio-console-full.mp4\"><\/video><\/figure>\n<\/div>\n\n\n\n<div class=\"wp-block-column is-vertically-aligned-center is-layout-flow wp-block-column-is-layout-flow\">\n<h3 class=\"wp-block-heading\" style=\"margin-bottom:var(--wp--preset--spacing--h-3-bottom)\"><strong>Tecnologia all&#8217;avanguardia  <\/strong><\/h3>\n\n\n\n<p><strong><em><strong><strong>Per un allenamento coinvolgente<\/strong><\/strong><\/em><\/strong><\/p>\n\n\n\n<p>Rimanete connessi e divertitevi con le funzioni tecnologiche avanzate dell&#8217;UL-156. L&#8217;ellittica vanta un display TFT da 15,6&#8243; con monitoraggio della frequenza cardiaca in tempo reale e connettivit\u00e0 Bluetooth, che consente una perfetta integrazione con le app di fitness pi\u00f9 diffuse, come Kinomap e Zwift. Le applicazioni integrate, come Google Chrome, Facebook, Netflix e altre, assicurano che i vostri allenamenti siano produttivi e divertenti.<\/p>\n<\/div>\n<\/div>\n\n\n\n<div class=\"wp-block-columns alignwide is-layout-flex wp-container-core-columns-is-layout-c45ee707 wp-block-columns-is-layout-flex\" style=\"margin-bottom:var(--wp--preset--spacing--side-padding);padding-top:var(--wp--preset--spacing--side-padding)\">\n<div class=\"wp-block-column is-vertically-aligned-center is-layout-flow wp-block-column-is-layout-flow\">\n<h3 class=\"wp-block-heading\" style=\"margin-bottom:var(--wp--preset--spacing--h-3-bottom)\"><strong><strong><strong>Design facile da usare  <\/strong><\/strong><\/strong><\/h3>\n\n\n\n<p><strong><em><strong><strong><strong><strong><strong>Per una maggiore comodit\u00e0<\/strong><\/strong><\/strong><\/strong><\/strong><\/em><\/strong><\/p>\n\n\n\n<p>Progettato pensando all&#8217;utente, l&#8217;UL-156 include comode funzioni come un ricevitore incorporato, che elimina la necessit\u00e0 di una cintura toracica, un altoparlante e una porta di ricarica USB. L&#8217;aggiunta di un supporto per la bottiglia d&#8217;acqua assicura che l&#8217;idratazione durante gli allenamenti sia facile e comoda.<\/p>\n<\/div>\n\n\n\n<div class=\"wp-block-column is-vertically-aligned-center is-layout-flow wp-block-column-is-layout-flow\">\n<figure class=\"wp-block-image size-full\"><img decoding=\"async\" src=\"https:\/\/evolve-fitness.eu\/wp-content\/uploads\/2023\/11\/Evolve-Ultra-Series-UL-156-Elliptical-trainer-1.png\" alt=\"\" class=\"wp-image-6023\"\/><\/figure>\n<\/div>\n<\/div>\n\n\n\n<div class=\"wp-block-columns alignwide are-vertically-aligned-center mobile-reverse is-layout-flex wp-container-core-columns-is-layout-e8158c2f wp-block-columns-is-layout-flex\" style=\"padding-top:var(--wp--preset--spacing--side-padding)\">\n<div class=\"wp-block-column is-vertically-aligned-center is-layout-flow wp-block-column-is-layout-flow\">\n<figure class=\"wp-block-image size-large\"><img decoding=\"async\" src=\"https:\/\/evolve-fitness.eu\/wp-content\/uploads\/2023\/11\/Evolve-UL-156-eliptical-1-1024x576.png\" alt=\"\" class=\"wp-image-6017\"\/><\/figure>\n<\/div>\n\n\n\n<div class=\"wp-block-column is-vertically-aligned-center is-layout-flow wp-block-column-is-layout-flow\">\n<h3 class=\"wp-block-heading\" style=\"margin-bottom:var(--wp--preset--spacing--h-3-bottom)\"><strong><strong>Estetica elegante e contemporanea<\/strong><\/strong><\/h3>\n\n\n\n<p><strong><em><strong><strong>Prestazioni ultra<\/strong><\/strong><\/em><\/strong><\/p>\n\n\n\n<p>Il trainer ellittico UL-156 non \u00e8 solo una questione di prestazioni, ma anche di estetica elegante e contemporanea per qualsiasi spazio fitness. Il suo design elegante e le sue prestazioni eccezionali lo rendono la scelta ideale per chi cerca un&#8217;esperienza di allenamento di alto livello.<\/p>\n<\/div>\n<\/div>\n\n\n\n<figure class=\"wp-block-video\"><video height=\"1000\" style=\"aspect-ratio: 1000 \/ 1000;\" width=\"1000\" autoplay=\"\" loop=\"\" muted=\"\" src=\"https:\/\/evolve-fitness.eu\/wp-content\/uploads\/2023\/11\/Ultra-site-apps.mp4\"><\/video><\/figure>\n<\/section>\n<\/section>\n","protected":false},"excerpt":{"rendered":"<p>Provate l&#8217;apice della tecnologia del fitness con il trainer ellittico commerciale Evolve Ultra Series UL-156. Progettata per i moderni appassionati di palestra, questa ellittica combina un elegante design Sandy Black con una durata superiore, supportando fino a 200KG. Godetevi un allenamento fluido ed efficiente grazie all&#8217;avanzato sistema di frenata EMS e al volano da 10 kg, ottimizzato per tutti i livelli di fitness. Il display TFT da 15,6&#8243;, integrato con il monitoraggio della frequenza cardiaca e la connettivit\u00e0 Bluetooth per le app di fitness pi\u00f9 diffuse, come Kinomap e Zwift, garantisce intrattenimento e connessione. Grazie alle applicazioni integrate, tra cui Netflix e Spotify, e a funzioni di facile utilizzo come la porta di ricarica USB e il supporto per la bottiglia d&#8217;acqua, l&#8217;UL-156 offre un&#8217;esperienza di esercizio senza pari, perfetta per qualsiasi struttura fitness di alto livello.<\/p>\n","protected":false},"featured_media":34081,"template":"","meta":{"_acf_changed":false,"inline_featured_image":false},"product_cat":[528,520,524,1105],"product_tag":[],"class_list":{"0":"post-34056","1":"product","2":"type-product","3":"status-publish","4":"has-post-thumbnail","6":"product_cat-pagina-iniziale","7":"product_cat-attrezzature-cardio","8":"product_cat-attrezzature-cardio-commerciali","9":"product_cat-serie-ultra-cardio","11":"first","12":"instock","13":"shipping-taxable","14":"purchasable","15":"product-type-simple"},"acf":[],"_links":{"self":[{"href":"https:\/\/store.evolve-fitness.eu\/it\/wp-json\/wp\/v2\/product\/34056","targetHints":{"allow":["GET"]}}],"collection":[{"href":"https:\/\/store.evolve-fitness.eu\/it\/wp-json\/wp\/v2\/product"}],"about":[{"href":"https:\/\/store.evolve-fitness.eu\/it\/wp-json\/wp\/v2\/types\/product"}],"wp:featuredmedia":[{"embeddable":true,"href":"https:\/\/store.evolve-fitness.eu\/it\/wp-json\/wp\/v2\/media\/34081"}],"wp:attachment":[{"href":"https:\/\/store.evolve-fitness.eu\/it\/wp-json\/wp\/v2\/media?parent=34056"}],"wp:term":[{"taxonomy":"product_cat","embeddable":true,"href":"https:\/\/store.evolve-fitness.eu\/it\/wp-json\/wp\/v2\/product_cat?post=34056"},{"taxonomy":"product_tag","embeddable":true,"href":"https:\/\/store.evolve-fitness.eu\/it\/wp-json\/wp\/v2\/product_tag?post=34056"}],"curies":[{"name":"wp","href":"https:\/\/api.w.org\/{rel}","templated":true}]}}