{"id":34009,"date":"2024-01-03T14:50:41","date_gmt":"2024-01-03T14:50:41","guid":{"rendered":"https:\/\/store.evolve-fitness.eu\/product\/recumbent-commerciale-evolve-serie-ultra\/"},"modified":"2026-03-04T11:59:57","modified_gmt":"2026-03-04T11:59:57","slug":"recumbent-commerciale-evolve-serie-ultra","status":"publish","type":"product","link":"https:\/\/store.evolve-fitness.eu\/it\/prodotto\/recumbent-commerciale-evolve-serie-ultra\/","title":{"rendered":"Recumbent commerciale Evolve Serie Ultra"},"content":{"rendered":"\n<section class=\"wp-block-group alignfull black-content has-white-color has-darkgray-background-color has-text-color has-background is-layout-constrained wp-block-group-is-layout-constrained\" style=\"padding-top:var(--wp--preset--spacing--section-bottom);padding-bottom:var(--wp--preset--spacing--section-bottom)\">\n<section class=\"wp-block-group alignfull black-content has-white-color has-darkgray-background-color has-text-color has-background is-layout-constrained wp-block-group-is-layout-constrained\" style=\"padding-top:var(--wp--preset--spacing--section-bottom);padding-bottom:var(--wp--preset--spacing--section-bottom)\">\n<div class=\"wp-block-columns alignwide is-layout-flex wp-container-core-columns-is-layout-c45ee707 wp-block-columns-is-layout-flex\" style=\"margin-bottom:var(--wp--preset--spacing--side-padding);padding-top:var(--wp--preset--spacing--side-padding)\">\n<div class=\"wp-block-column is-vertically-aligned-center is-layout-flow wp-block-column-is-layout-flow\">\n<h3 class=\"wp-block-heading\" style=\"margin-bottom:var(--wp--preset--spacing--h-3-bottom)\"><strong>Estetica della famiglia  <\/strong><\/h3>\n\n\n\n<p><strong><em><strong><strong><strong>Prestazioni nelle apparecchiature cardio commerciali<\/strong><\/strong><\/strong><\/em><\/strong><\/p>\n\n\n\n<p>La Serie Ultra di Evolve incarna uno stile distinto e familiare, adatto all&#8217;ambiente dinamico delle palestre commerciali complesse. Grazie alle linee eleganti, al design moderno e alle finiture di pregio, ogni pezzo della Serie Ultra si integra perfettamente per creare un&#8217;estetica coesa in tutta la struttura fitness. Che si tratti di tapis roulant, ellittiche o cyclette, ogni macchina emana raffinatezza e funzionalit\u00e0, valorizzando l&#8217;ambiente della palestra. Dai vivaci display a LED alle impugnature ergonomiche e alle funzioni regolabili per ogni appassionato di palestra.<\/p>\n<\/div>\n\n\n\n<div class=\"wp-block-column is-vertically-aligned-center is-layout-flow wp-block-column-is-layout-flow\">\n<figure class=\"wp-block-video\"><video autoplay=\"\" controls=\"\" loop=\"\" muted=\"\" src=\"https:\/\/evolve-fitness.eu\/wp-content\/uploads\/2024\/04\/Evolve-Ultra-Series-Family-Look.mp4\"><\/video><\/figure>\n<\/div>\n<\/div>\n\n\n\n<div class=\"wp-block-columns alignwide mobile-reverse is-layout-flex wp-container-core-columns-is-layout-ca64bf2d wp-block-columns-is-layout-flex\" style=\"margin-bottom:var(--wp--preset--spacing--side-padding)\">\n<div class=\"wp-block-column is-vertically-aligned-center is-layout-flow wp-block-column-is-layout-flow\">\n<figure class=\"wp-block-video\"><video height=\"2160\" style=\"aspect-ratio: 2160 \/ 2160;\" width=\"2160\" autoplay=\"\" controls=\"\" loop=\"\" muted=\"\" src=\"https:\/\/evolve-fitness.eu\/wp-content\/uploads\/2024\/04\/Final-Recumbent-bike-Web-HD.mp4\"><\/video><\/figure>\n<\/div>\n\n\n\n<div class=\"wp-block-column is-vertically-aligned-center is-layout-flow wp-block-column-is-layout-flow\">\n<h3 class=\"wp-block-heading\" style=\"margin-bottom:var(--wp--preset--spacing--h-3-bottom)\"><strong><strong><strong>Ti presentiamo la Serie Evolve Ultra <\/strong><\/strong><\/strong>cardio<\/h3>\n\n\n\n<p><strong><em>Stile e stabilit\u00e0  <\/em><\/strong><\/p>\n\n\n\n<p>Evolve Ultra Series UL-156 Commercial Recumbent Bike \u00e8 il biglietto per un&#8217;esperienza cardio senza precedenti. Progettato con precisione e raffinatezza, questo attrezzo per il fitness ridefinisce la vostra routine di allenamento. La sua sorprendente cornice Sandy Black non solo aggiunge un tocco di eleganza alla vostra palestra, ma \u00e8 anche indice di una qualit\u00e0 e di un&#8217;artigianalit\u00e0 superiori.<\/p>\n\n\n\n<p><em>Attiva l&#8217;audio nei controlli del giocatore per un&#8217;esperienza completa.<\/em><\/p>\n<\/div>\n<\/div>\n\n\n\n<div class=\"wp-block-columns alignwide mobile-reverse is-layout-flex wp-container-core-columns-is-layout-ca64bf2d wp-block-columns-is-layout-flex\" style=\"margin-bottom:var(--wp--preset--spacing--side-padding)\">\n<div class=\"wp-block-column is-vertically-aligned-center is-layout-flow wp-block-column-is-layout-flow\">\n<h3 class=\"wp-block-heading\" style=\"margin-bottom:var(--wp--preset--spacing--h-3-bottom)\"><strong>Bicicletta reclinabile Evolve Serie Ultra<\/strong><\/h3>\n\n\n\n<p><strong><em><strong><strong><strong><strong><strong>L&#8217;esperienza di allenamento definitiva<\/strong><\/strong><\/strong><\/strong><\/strong><\/em><\/strong><\/p>\n\n\n\n<p>La cyclette commerciale Evolve Ultra Series UL-156 offre comfort e prestazioni, trasformando la vostra routine di allenamento. Quando ci si accomoda sulla sua sella ergonomica, ogni pedalata risulta fluida e senza sforzo. Il sedile e il manubrio regolabili consentono una vestibilit\u00e0 personalizzata, per soddisfare le esigenze di utenti di ogni taglia e corporatura. Grazie ai comandi intuitivi e all&#8217;interfaccia user-friendly, \u00e8 facile navigare tra i vari programmi di allenamento e i livelli di resistenza.<\/p>\n<\/div>\n\n\n\n<div class=\"wp-block-column is-vertically-aligned-center is-layout-flow wp-block-column-is-layout-flow\">\n<figure class=\"wp-block-video\"><video autoplay=\"\" controls=\"\" loop=\"\" muted=\"\" src=\"https:\/\/evolve-fitness.eu\/wp-content\/uploads\/2024\/04\/Evolve-Ultra-Series-Commercial-Recumbent-bike.mp4\"><\/video><\/figure>\n<\/div>\n<\/div>\n\n\n\n<div class=\"wp-block-columns alignwide mobile-reverse is-layout-flex wp-container-core-columns-is-layout-ca64bf2d wp-block-columns-is-layout-flex\" style=\"margin-bottom:var(--wp--preset--spacing--side-padding)\">\n<div class=\"wp-block-column is-vertically-aligned-center is-layout-flow wp-block-column-is-layout-flow\">\n<figure class=\"wp-block-image size-full is-resized\"><img decoding=\"async\" src=\"https:\/\/evolve-fitness.eu\/wp-content\/uploads\/2023\/11\/7.png\" alt=\"\" class=\"wp-image-7102\" style=\"object-fit:cover;width:680px;height:600px\"\/><\/figure>\n<\/div>\n\n\n\n<div class=\"wp-block-column is-vertically-aligned-center is-layout-flow wp-block-column-is-layout-flow\">\n<h3 class=\"wp-block-heading\" style=\"margin-bottom:var(--wp--preset--spacing--h-3-bottom)\"><strong>Prestazioni e durata<\/strong><\/h3>\n\n\n\n<p><strong><em><strong><strong><strong><strong><strong>Per prestazioni ottimali<\/strong><\/strong><\/strong><\/strong><\/strong><\/em><\/strong><\/p>\n\n\n\n<p>Costruito per durare nel tempo, l&#8217;UL-156 vanta una guida del sedile in alluminio, che garantisce la durata e la stabilit\u00e0 necessarie durante gli allenamenti. L&#8217;avanzato sistema frenante EMS offre un controllo preciso della resistenza, mentre il volano da 10 kg*265 mm assicura una pedalata fluida ed efficiente. A complemento della cornice, gli accessori sono rifiniti in nero, per creare un look elegante e senza soluzione di continuit\u00e0. Con pedali sicuri da 9\/16&#8243; e una cinghia PJ8 da 400 mm, questa bike pu\u00f2 gestire un peso massimo dell&#8217;utente di 200 kg, rendendola adatta a un&#8217;ampia gamma di livelli di fitness.<\/p>\n<\/div>\n<\/div>\n\n\n\n<div class=\"wp-block-columns alignwide is-layout-flex wp-container-core-columns-is-layout-c45ee707 wp-block-columns-is-layout-flex\" style=\"margin-bottom:var(--wp--preset--spacing--side-padding);padding-top:var(--wp--preset--spacing--side-padding)\">\n<div class=\"wp-block-column is-vertically-aligned-center is-layout-flow wp-block-column-is-layout-flow\">\n<h3 class=\"wp-block-heading\" style=\"margin-bottom:var(--wp--preset--spacing--h-3-bottom)\"><strong>Tecnologia all&#8217;avanguardia  <\/strong><\/h3>\n\n\n\n<p><strong><em><strong><strong><strong>Console TFT<\/strong><\/strong><\/strong><\/em><\/strong><\/p>\n\n\n\n<p>Il punto forte dell&#8217;UL-156 \u00e8 la sua modernissima console TFT da 15,6&#8243;. Questo schermo ad alta definizione non solo visualizza i dati essenziali dell&#8217;allenamento, ma offre anche funzioni di intrattenimento e connettivit\u00e0. Si collega senza problemi alle app di fitness pi\u00f9 diffuse, come Kinomap e Zwift, tramite Bluetooth, per un&#8217;esperienza di allenamento coinvolgente. Inoltre, le app integrate, tra cui Google Chrome, Facebook, Netflix, Amazon Video, Amazon shopping, Spotify, YouTube, Twitter e Instagram, vi terranno impegnati e divertiti durante l&#8217;allenamento.<\/p>\n<\/div>\n\n\n\n<div class=\"wp-block-column is-vertically-aligned-center is-layout-flow wp-block-column-is-layout-flow\">\n<figure class=\"wp-block-video\"><video height=\"600\" style=\"aspect-ratio: 680 \/ 600;\" width=\"680\" autoplay=\"\" controls=\"\" loop=\"\" muted=\"\" src=\"https:\/\/evolve-fitness.eu\/wp-content\/uploads\/2023\/11\/Evolve-Ultra-cardio-console-full.mp4\"><\/video><\/figure>\n<\/div>\n<\/div>\n\n\n\n<div class=\"wp-block-columns alignwide is-layout-flex wp-container-core-columns-is-layout-c45ee707 wp-block-columns-is-layout-flex\" style=\"margin-bottom:var(--wp--preset--spacing--side-padding);padding-top:var(--wp--preset--spacing--side-padding)\">\n<div class=\"wp-block-column is-vertically-aligned-center is-layout-flow wp-block-column-is-layout-flow\">\n<figure class=\"wp-block-video\"><video height=\"1536\" style=\"aspect-ratio: 2048 \/ 1536;\" width=\"2048\" autoplay=\"\" controls=\"\" loop=\"\" muted=\"\" src=\"https:\/\/evolve-fitness.eu\/wp-content\/uploads\/2023\/11\/EV-RB-UL-156-Evolve-Ultra-Series-Recumbent-Bike-With-3D.mp4\"><\/video><\/figure>\n<\/div>\n\n\n\n<div class=\"wp-block-column is-vertically-aligned-center is-layout-flow wp-block-column-is-layout-flow\">\n<h3 class=\"wp-block-heading\" style=\"margin-bottom:var(--wp--preset--spacing--h-3-bottom)\"><strong><strong><strong>Design facile da usare  <\/strong><\/strong><\/strong><\/h3>\n\n\n\n<p><strong><em>E con efficienza spaziale<\/em><\/strong><\/p>\n\n\n\n<p>Con dimensioni di 1725 x 75 x 122 mm e un peso netto\/lordo di 75\/83 kg, l&#8217;UL-156 offre una piattaforma stabile per gli allenamenti senza occupare troppo spazio. Include anche un comodo supporto per la bottiglia d&#8217;acqua, per garantire l&#8217;idratazione durante la sessione.<\/p>\n<\/div>\n<\/div>\n\n\n\n<div class=\"wp-block-columns alignwide are-vertically-aligned-center mobile-reverse is-layout-flex wp-container-core-columns-is-layout-e8158c2f wp-block-columns-is-layout-flex\" style=\"padding-top:var(--wp--preset--spacing--side-padding)\">\n<div class=\"wp-block-column is-vertically-aligned-center is-layout-flow wp-block-column-is-layout-flow\">\n<h3 class=\"wp-block-heading\" style=\"margin-bottom:var(--wp--preset--spacing--h-3-bottom)\"><strong><strong><strong>Intrattenimento e connettivit\u00e0<\/strong><\/strong><\/strong><\/h3>\n\n\n\n<p><strong><em><strong><strong>Prestazioni ultra<\/strong><\/strong><\/em><\/strong><\/p>\n\n\n\n<p>L&#8217;UL-156 \u00e8 dotato anche di un sensore di impulsi per l&#8217;impugnatura. Include altoparlanti integrati e una porta di ricarica USB, che consente di ascoltare la musica preferita e di mantenere carichi i dispositivi durante gli allenamenti. Con la Recumbent Bike Commerciale Evolve Ultra Series UL-156 non si investe solo in un&#8217;attrezzatura per il fitness, ma in un&#8217;esperienza completa di fitness e intrattenimento che rivoluzioner\u00e0 la vostra routine cardio. Elevate i vostri allenamenti con l&#8217;UL-156 e fate un passo avanti verso i vostri obiettivi di fitness.<\/p>\n<\/div>\n\n\n\n<div class=\"wp-block-column is-vertically-aligned-center is-layout-flow wp-block-column-is-layout-flow\">\n<figure class=\"wp-block-image size-full\"><img decoding=\"async\" src=\"https:\/\/evolve-fitness.eu\/wp-content\/uploads\/2023\/11\/Dizainas-be-pavadinimo-9.png\" alt=\"\" class=\"wp-image-7106\"\/><\/figure>\n<\/div>\n<\/div>\n\n\n\n<figure class=\"wp-block-video\"><video height=\"1000\" style=\"aspect-ratio: 1000 \/ 1000;\" width=\"1000\" autoplay=\"\" loop=\"\" muted=\"\" src=\"https:\/\/evolve-fitness.eu\/wp-content\/uploads\/2023\/11\/Ultra-site-apps.mp4\"><\/video><\/figure>\n<\/section>\n<\/section>\n","protected":false},"excerpt":{"rendered":"<p>Provate il massimo dell&#8217;allenamento cardio con la cyclette commerciale Evolve Ultra Series UL-156. Il suo elegante telaio Sandy Black, la resistente guida della sella in alluminio e l&#8217;avanzato sistema frenante EMS offrono stile e prestazioni. Con un volano da 10 kg*265 mm, un peso massimo dell&#8217;utente di 200 kg e comode funzioni come il supporto per la bottiglia d&#8217;acqua, \u00e8 progettato per ogni livello di fitness. La console TFT da 15,6&#8243; si collega ad applicazioni come Kinomap e Zwift tramite Bluetooth e include applicazioni integrate come Google Chrome e Netflix. Con un sensore di pulsazioni per la maniglia, altoparlanti e una porta di ricarica USB, \u00e8 possibile rimanere intrattenuti e connessi mentre ci si allena. Ridefinite la vostra esperienza cardio con l&#8217;UL-156.<\/p>\n","protected":false},"featured_media":34027,"template":"","meta":{"_acf_changed":false,"inline_featured_image":false},"product_cat":[528,520,524,1105],"product_tag":[],"class_list":{"0":"post-34009","1":"product","2":"type-product","3":"status-publish","4":"has-post-thumbnail","6":"product_cat-pagina-iniziale","7":"product_cat-attrezzature-cardio","8":"product_cat-attrezzature-cardio-commerciali","9":"product_cat-serie-ultra-cardio","11":"first","12":"outofstock","13":"shipping-taxable","14":"purchasable","15":"product-type-simple"},"acf":[],"_links":{"self":[{"href":"https:\/\/store.evolve-fitness.eu\/it\/wp-json\/wp\/v2\/product\/34009","targetHints":{"allow":["GET"]}}],"collection":[{"href":"https:\/\/store.evolve-fitness.eu\/it\/wp-json\/wp\/v2\/product"}],"about":[{"href":"https:\/\/store.evolve-fitness.eu\/it\/wp-json\/wp\/v2\/types\/product"}],"wp:featuredmedia":[{"embeddable":true,"href":"https:\/\/store.evolve-fitness.eu\/it\/wp-json\/wp\/v2\/media\/34027"}],"wp:attachment":[{"href":"https:\/\/store.evolve-fitness.eu\/it\/wp-json\/wp\/v2\/media?parent=34009"}],"wp:term":[{"taxonomy":"product_cat","embeddable":true,"href":"https:\/\/store.evolve-fitness.eu\/it\/wp-json\/wp\/v2\/product_cat?post=34009"},{"taxonomy":"product_tag","embeddable":true,"href":"https:\/\/store.evolve-fitness.eu\/it\/wp-json\/wp\/v2\/product_tag?post=34009"}],"curies":[{"name":"wp","href":"https:\/\/api.w.org\/{rel}","templated":true}]}}