{"id":33603,"date":"2023-10-18T14:28:29","date_gmt":"2023-10-18T14:28:29","guid":{"rendered":"https:\/\/store.evolve-fitness.eu\/product\/piastra-per-pesi-calibrati-evolve-powerlifting-025-kg-25-kg\/"},"modified":"2025-11-07T11:47:19","modified_gmt":"2025-11-07T11:47:19","slug":"piastra-per-pesi-calibrati-evolve-powerlifting-025-kg-25-kg","status":"publish","type":"product","link":"https:\/\/store.evolve-fitness.eu\/it\/prodotto\/piastra-per-pesi-calibrati-evolve-powerlifting-025-kg-25-kg\/","title":{"rendered":"Piastra per pesi calibrati Evolve Powerlifting 0,25 kg &#8211; 25 kg"},"content":{"rendered":"\n<section class=\"wp-block-group alignfull black-content has-white-color has-darkgray-background-color has-text-color has-background is-layout-constrained wp-block-group-is-layout-constrained\" style=\"padding-top:var(--wp--preset--spacing--section-bottom);padding-bottom:var(--wp--preset--spacing--section-bottom)\">\n<div class=\"wp-block-columns alignwide mobile-reverse is-layout-flex wp-container-core-columns-is-layout-ca64bf2d wp-block-columns-is-layout-flex\" style=\"margin-bottom:var(--wp--preset--spacing--side-padding)\">\n<div class=\"wp-block-column is-vertically-aligned-center is-layout-flow wp-block-column-is-layout-flow\">\n<h3 class=\"wp-block-heading\" style=\"margin-bottom:var(--wp--preset--spacing--h-3-bottom)\">Conformit\u00e0 agli standard IPF<\/h3>\n\n\n\n<p><em><strong>Prestazioni impareggiabili garantite<\/strong><\/em><\/p>\n\n\n\n<p style=\"margin-bottom:var(--wp--preset--spacing--tb-section-padding)\">Le piastre per pesi in acciaio di Evolve Powerlifting rispettano gli standard IPF, stabilendo un nuovo punto di riferimento per la qualit\u00e0 e le prestazioni senza compromessi. Rigorosamente testate per soddisfare i severi requisiti della federazione, queste piastre assicurano il massimo livello di sollevamento. Con Evolve, potete essere certi che ogni piastra soddisfa i criteri richiesti dai professionisti di tutto il mondo, offrendo una coerenza e una precisione senza pari per tutto il vostro percorso di formazione.<\/p>\n<\/div>\n\n\n\n<div class=\"wp-block-column is-vertically-aligned-center is-layout-flow wp-block-column-is-layout-flow\">\n<figure class=\"wp-block-image alignright size-full is-resized is-style-rounded\"><img decoding=\"async\" src=\"https:\/\/evolve-fitness.eu\/wp-content\/uploads\/2023\/08\/1-2.jpg\" alt=\"\" class=\"wp-image-596\" style=\"object-fit:cover;width:680px;height:600px\"\/><\/figure>\n<\/div>\n<\/div>\n\n\n\n<div class=\"wp-block-columns alignwide is-layout-flex wp-container-core-columns-is-layout-c45ee707 wp-block-columns-is-layout-flex\" style=\"margin-bottom:var(--wp--preset--spacing--side-padding);padding-top:var(--wp--preset--spacing--side-padding)\">\n<div class=\"wp-block-column is-vertically-aligned-center is-layout-flow wp-block-column-is-layout-flow\">\n<figure class=\"wp-block-video\"><video height=\"1920\" style=\"aspect-ratio: 1920 \/ 1920;\" width=\"1920\" autoplay=\"\" controls=\"\" loop=\"\" muted=\"\" src=\"https:\/\/evolve-fitness.eu\/wp-content\/uploads\/2023\/10\/Evolve-Powerlifting-Calibrated-Weight-Plate25kg.mp4\"><\/video><\/figure>\n<\/div>\n\n\n\n<div class=\"wp-block-column is-vertically-aligned-center is-layout-constrained wp-block-column-is-layout-constrained\">\n<h3 class=\"wp-block-heading\" style=\"margin-bottom:var(--wp--preset--spacing--h-3-bottom)\">Calibrazione massima, tolleranza minima<\/h3>\n\n\n\n<p><strong><em><strong><em>Elevare le prestazioni<\/em><\/strong><\/em><\/strong><\/p>\n\n\n\n<p style=\"margin-bottom:var(--wp--preset--spacing--tb-section-padding)\">La precisione \u00e8 fondamentale nel powerlifting e le piastre per pesi in acciaio di Evolve Powerlifting eccellono in questo senso. Calibrate con la massima precisione e con una tolleranza di peso minima di \u00b1 10 g, queste piastre assicurano il raggiungimento di sollevamenti il pi\u00f9 possibile accurati e affidabili. Dite addio alle incongruenze e godetevi la sicurezza che deriva da una calibrazione perfetta, mentre ogni sollevamento vi avvicina ai vostri obiettivi di forza.<\/p>\n<\/div>\n<\/div>\n\n\n\n<div class=\"wp-block-columns alignwide is-layout-flex wp-container-core-columns-is-layout-c45ee707 wp-block-columns-is-layout-flex\" style=\"margin-bottom:var(--wp--preset--spacing--side-padding);padding-top:var(--wp--preset--spacing--side-padding)\">\n<div class=\"wp-block-column is-vertically-aligned-center is-layout-flow wp-block-column-is-layout-flow\">\n<h3 class=\"wp-block-heading\" style=\"margin-bottom:var(--wp--preset--spacing--h-3-bottom)\">Acciaio inox premium<\/h3>\n\n\n\n<p><strong><em>Abbracciare una forza inflessibile<\/em><\/strong><\/p>\n\n\n\n<p style=\"margin-bottom:var(--wp--preset--spacing--tb-section-padding)\">Le piastre per pesi in acciaio di Evolve Powerlifting sono forgiate in acciaio inossidabile di prima qualit\u00e0, a testimonianza della loro incrollabile resistenza e durata. Realizzate per resistere ai regimi di allenamento pi\u00f9 intensi, queste piastre forniscono una base solida per i vostri sforzi di sollevamento. In qualit\u00e0 di partner di fiducia nel vostro percorso di fitness, l&#8217;impegno di Evolve nell&#8217;utilizzo di materiali di alta qualit\u00e0 vi garantisce un&#8217;attrezzatura che resiste alla prova del tempo.<\/p>\n<\/div>\n\n\n\n<div class=\"wp-block-column is-vertically-aligned-center is-layout-flow wp-block-column-is-layout-flow\">\n<div class=\"wp-block-columns is-layout-flex wp-container-core-columns-is-layout-9d6595d7 wp-block-columns-is-layout-flex\">\n<div class=\"wp-block-column is-layout-flow wp-block-column-is-layout-flow\">\n<figure class=\"wp-block-image size-full is-resized is-style-rounded\"><img decoding=\"async\" src=\"https:\/\/evolve-fitness.eu\/wp-content\/uploads\/2023\/08\/2-1.jpg\" alt=\"\" class=\"wp-image-598\" style=\"object-fit:cover;width:680px;height:600px\"\/><\/figure>\n<\/div>\n<\/div>\n<\/div>\n<\/div>\n\n\n\n<div class=\"wp-block-columns alignwide is-layout-flex wp-container-core-columns-is-layout-c45ee707 wp-block-columns-is-layout-flex\" style=\"margin-bottom:var(--wp--preset--spacing--side-padding);padding-top:var(--wp--preset--spacing--side-padding)\">\n<div class=\"wp-block-column is-vertically-aligned-center is-layout-flow wp-block-column-is-layout-flow\">\n<figure class=\"wp-block-image size-full is-resized is-style-rounded\"><img decoding=\"async\" src=\"https:\/\/evolve-fitness.eu\/wp-content\/uploads\/2023\/08\/0-3.jpg\" alt=\"\" class=\"wp-image-594\" style=\"object-fit:cover;width:680px;height:600px\"\/><\/figure>\n<\/div>\n\n\n\n<div class=\"wp-block-column is-vertically-aligned-center is-layout-flow wp-block-column-is-layout-flow\">\n<h3 class=\"wp-block-heading\" style=\"margin-bottom:var(--wp--preset--spacing--h-3-bottom)\">Codifica dei colori e variet\u00e0 dei pesi olimpici<\/h3>\n\n\n\n<p><strong><em>Su misura per le vostre esigenze<\/em><\/strong><\/p>\n\n\n\n<p>Le piastre per pesi in acciaio di Evolve Powerlifting offrono praticit\u00e0 e versatilit\u00e0 ai vostri allenamenti. Grazie alla codifica olimpica dei colori sui lati, la selezione del peso appropriato \u00e8 semplice e ottimizza l&#8217;efficienza dell&#8217;allenamento. Scegliete tra un&#8217;ampia variet\u00e0 di pesi, a partire da 0,25 kg e fino a 25 kg, per raggiungere i vostri obiettivi di forza. Che siate principianti o sollevatori esperti, Evolve offre la gamma perfetta per elevare la vostra esperienza di sollevamento e liberare tutto il vostro potenziale.<\/p>\n<\/div>\n<\/div>\n\n\n\n<div class=\"wp-block-columns alignwide is-layout-flex wp-container-core-columns-is-layout-c45ee707 wp-block-columns-is-layout-flex\" style=\"margin-bottom:var(--wp--preset--spacing--side-padding);padding-top:var(--wp--preset--spacing--side-padding)\">\n<div class=\"wp-block-column is-vertically-aligned-center is-layout-flow wp-block-column-is-layout-flow\">\n<h3 class=\"wp-block-heading\" style=\"margin-bottom:var(--wp--preset--spacing--h-3-bottom)\">profilo incredibilmente sottile<\/h3>\n\n\n\n<p><strong><em>E con codice colore<\/em><\/strong><\/p>\n\n\n\n<p>Il processo di produzione di questi dischi prevede un taglio di precisione che consente di ottenere un profilo notevolmente sottile. Questa deliberata scelta progettuale aumenta la capacit\u00e0 di carico dei dischi, consentendo loro di sopportare carichi di peso considerevoli, che raggiungono l&#8217;impressionante valore di oltre 900 chilogrammi. Inoltre, ogni disco \u00e8 stato accuratamente codificato per colore, con una duplice funzione. Non solo aggiunge un elemento visivamente piacevole al loro aspetto, ma semplifica notevolmente il compito di identificarli anche da una distanza considerevole.<\/p>\n<\/div>\n\n\n\n<div class=\"wp-block-column is-vertically-aligned-center is-layout-flow wp-block-column-is-layout-flow\">\n<figure class=\"wp-block-image size-large is-resized is-style-rounded\"><img decoding=\"async\" src=\"https:\/\/evolve-fitness.eu\/wp-content\/uploads\/2023\/08\/Dimensions_Main-Camera-1024x1024.png\" alt=\"\" class=\"wp-image-4578\" style=\"object-fit:cover;width:680px;height:600px\"\/><\/figure>\n<\/div>\n<\/div>\n\n\n\n<div class=\"wp-block-columns alignwide is-layout-flex wp-container-core-columns-is-layout-c45ee707 wp-block-columns-is-layout-flex\" style=\"margin-bottom:var(--wp--preset--spacing--side-padding);padding-top:var(--wp--preset--spacing--side-padding)\">\n<div class=\"wp-block-column is-vertically-aligned-center is-layout-flow wp-block-column-is-layout-flow\">\n<div class=\"wp-block-columns is-layout-flex wp-container-core-columns-is-layout-9d6595d7 wp-block-columns-is-layout-flex\">\n<div class=\"wp-block-column is-layout-flow wp-block-column-is-layout-flow\">\n<figure class=\"wp-block-embed is-type-video is-provider-youtube wp-block-embed-youtube wp-embed-aspect-16-9 wp-has-aspect-ratio\"><div class=\"wp-block-embed__wrapper\">\n<iframe loading=\"lazy\" title=\"Evolve Free Standing Powerlifting Sound &amp; Vibration Absorption Platform\" width=\"500\" height=\"281\" src=\"https:\/\/www.youtube.com\/embed\/0ycTmQD86Mw?feature=oembed\" frameborder=\"0\" allow=\"accelerometer; autoplay; clipboard-write; encrypted-media; gyroscope; picture-in-picture; web-share\" referrerpolicy=\"strict-origin-when-cross-origin\" allowfullscreen><\/iframe>\n<\/div><\/figure>\n<\/div>\n<\/div>\n<\/div>\n<\/div>\n<\/section>\n","protected":false},"excerpt":{"rendered":"<p>Scoprite l&#8217;epitome della forza e della precisione con le piastre per pesi in acciaio di Evolve Powerlifting. Realizzate meticolosamente in acciaio inossidabile di prima qualit\u00e0, queste piastre sono conformi agli standard IPF e garantiscono prestazioni e durata senza pari. Grazie alla calibrazione di precisione e a una tolleranza di peso minima di \u00b1 10 g, si pu\u00f2 contare su sollevamenti costanti e affidabili. La striscia olimpica con codice colore semplifica l&#8217;identificazione del peso, mentre l&#8217;ampia variet\u00e0 di pesi, da 0,25 kg a 25 kg, si rivolge a sollevatori di tutti i livelli. Eleva il tuo percorso di sollevamento con la qualit\u00e0 e la maestria imbattibile di Evolve, progettata per resistere ai regimi di allenamento pi\u00f9 rigorosi. Provate la fiducia che deriva dal sollevamento con le piastre di peso in acciaio di Evolve Powerlifting, la scelta perfetta per prestazioni e progressione di livello professionale.<\/p>\n","protected":false},"featured_media":148602,"template":"","meta":{"_acf_changed":false,"inline_featured_image":false},"product_cat":[528,985,1043],"product_tag":[],"class_list":{"0":"post-33603","1":"product","2":"type-product","3":"status-publish","4":"has-post-thumbnail","6":"product_cat-pagina-iniziale","7":"product_cat-pesi-liberi","8":"product_cat-piastre-di-peso","10":"first","11":"instock","12":"sale","13":"shipping-taxable","14":"purchasable","15":"product-type-variable"},"acf":[],"_links":{"self":[{"href":"https:\/\/store.evolve-fitness.eu\/it\/wp-json\/wp\/v2\/product\/33603","targetHints":{"allow":["GET"]}}],"collection":[{"href":"https:\/\/store.evolve-fitness.eu\/it\/wp-json\/wp\/v2\/product"}],"about":[{"href":"https:\/\/store.evolve-fitness.eu\/it\/wp-json\/wp\/v2\/types\/product"}],"wp:featuredmedia":[{"embeddable":true,"href":"https:\/\/store.evolve-fitness.eu\/it\/wp-json\/wp\/v2\/media\/148602"}],"wp:attachment":[{"href":"https:\/\/store.evolve-fitness.eu\/it\/wp-json\/wp\/v2\/media?parent=33603"}],"wp:term":[{"taxonomy":"product_cat","embeddable":true,"href":"https:\/\/store.evolve-fitness.eu\/it\/wp-json\/wp\/v2\/product_cat?post=33603"},{"taxonomy":"product_tag","embeddable":true,"href":"https:\/\/store.evolve-fitness.eu\/it\/wp-json\/wp\/v2\/product_tag?post=33603"}],"curies":[{"name":"wp","href":"https:\/\/api.w.org\/{rel}","templated":true}]}}