{"id":33052,"date":"2023-10-18T13:17:28","date_gmt":"2023-10-18T13:17:28","guid":{"rendered":"https:\/\/store.evolve-fitness.eu\/product\/piastre-di-peso-evolve-hi-temp-x-bumper-5-25-kg\/"},"modified":"2026-04-21T12:01:24","modified_gmt":"2026-04-21T12:01:24","slug":"piastre-di-peso-evolve-hi-temp-x-bumper-5-25-kg","status":"publish","type":"product","link":"https:\/\/store.evolve-fitness.eu\/it\/prodotto\/piastre-di-peso-evolve-hi-temp-x-bumper-5-25-kg\/","title":{"rendered":"Piastre di peso Evolve Hi-Temp X Bumper 5 &#8211; 25 kg"},"content":{"rendered":"\n<section class=\"wp-block-group alignfull black-content has-white-color has-darkgray-background-color has-text-color has-background is-layout-constrained wp-block-group-is-layout-constrained\" style=\"padding-top:var(--wp--preset--spacing--section-bottom);padding-bottom:var(--wp--preset--spacing--section-bottom)\">\n<div class=\"wp-block-columns alignwide mobile-reverse is-layout-flex wp-container-core-columns-is-layout-ca64bf2d wp-block-columns-is-layout-flex\" style=\"margin-bottom:var(--wp--preset--spacing--side-padding)\">\n<div class=\"wp-block-column is-vertically-aligned-center is-layout-flow wp-block-column-is-layout-flow\">\n<h3 class=\"wp-block-heading\" style=\"margin-bottom:var(--wp--preset--spacing--h-3-bottom)\">VESTIBILIT\u00c0 PERFETTA<\/h3>\n\n\n\n<p><em><strong>Prestazioni impareggiabili garantite<\/strong><\/em><\/p>\n\n\n\n<p style=\"margin-bottom:var(--wp--preset--spacing--tb-section-padding)\">Scoprite le piastre ponderali dalla vestibilit\u00e0 perfetta, progettate con fusione di precisione e manicotti in acciaio inox, che garantiscono la compatibilit\u00e0 con tutte le barre olimpiche da 50 mm. Le nostre piastre per pesi sono dotate di punte ergonomiche arrotondate per caricare e scaricare senza fatica, mentre la superficie in gomma testurizzata garantisce una presa sicura anche con pesi pesanti. Elevate la vostra esperienza di allenamento con le nostre attrezzature fitness di alta qualit\u00e0.<\/p>\n<\/div>\n\n\n\n<div class=\"wp-block-column is-vertically-aligned-center is-layout-flow wp-block-column-is-layout-flow\">\n<figure class=\"wp-block-image size-large is-resized\"><img decoding=\"async\" src=\"https:\/\/evolve-fitness.eu\/wp-content\/uploads\/2023\/10\/Evolve-Hi-Temp-X-Bumper-Weight-Plates-2-edited.png\" alt=\"\" class=\"wp-image-4234\" style=\"object-fit:cover;width:680px;height:600px\"\/><\/figure>\n<\/div>\n<\/div>\n\n\n\n<div class=\"wp-block-columns alignwide is-layout-flex wp-container-core-columns-is-layout-c45ee707 wp-block-columns-is-layout-flex\" style=\"margin-bottom:var(--wp--preset--spacing--side-padding);padding-top:var(--wp--preset--spacing--side-padding)\">\n<div class=\"wp-block-column is-vertically-aligned-center is-layout-flow wp-block-column-is-layout-flow\">\n<figure class=\"wp-block-image size-large\"><img decoding=\"async\" src=\"https:\/\/evolve-fitness.eu\/wp-content\/uploads\/2023\/10\/A7_08262-1-683x1024.jpg\" alt=\"\" class=\"wp-image-9112\"\/><\/figure>\n<\/div>\n\n\n\n<div class=\"wp-block-column is-vertically-aligned-center is-layout-constrained wp-block-column-is-layout-constrained\">\n<h3 class=\"wp-block-heading\" style=\"margin-bottom:var(--wp--preset--spacing--h-3-bottom)\">Piastre di peso, completate da una robusta rastrelliera<\/h3>\n\n\n\n<p>P<strong><em><strong><em>resente un duo dinamico per l&#8217;allenamento con i pesi<\/em><\/strong><\/em><\/strong> e un&#8217;estetica elegante<\/p>\n\n\n\n<p style=\"margin-bottom:var(--wp--preset--spacing--tb-section-padding)\">Queste piastre, realizzate in gomma elastica, variano in base al peso e sono adatte a diversi livelli di fitness. Il loro design garantisce un&#8217;aderenza perfetta alle barre olimpiche, con particolare attenzione alla riduzione del rumore e all&#8217;assorbimento degli urti. La rastrelliera di accompagnamento, con il suo design essenziale, offre una soluzione organizzata per riporre le piastre, mantenendo i piatti accessibili e lo spazio di allenamento in ordine. Questa combinazione valorizza qualsiasi allestimento della palestra, unendo la funzionalit\u00e0 a un&#8217;estetica elegante.<\/p>\n<\/div>\n<\/div>\n\n\n\n<div class=\"wp-block-columns alignwide mobile-reverse is-layout-flex wp-container-core-columns-is-layout-ca64bf2d wp-block-columns-is-layout-flex\" style=\"margin-bottom:var(--wp--preset--spacing--side-padding)\">\n<div class=\"wp-block-column is-vertically-aligned-center is-layout-flow wp-block-column-is-layout-flow\">\n<h3 class=\"wp-block-heading\" style=\"margin-bottom:var(--wp--preset--spacing--h-3-bottom)\">Le piastre sono disponibili in varie dimensioni<\/h3>\n\n\n\n<p><em><strong><strong><em>Per diversi livelli di forza ed esigenze di allenamento<\/em><\/strong><\/strong><\/em><\/p>\n\n\n\n<p style=\"margin-bottom:var(--wp--preset--spacing--tb-section-padding)\">Le piastre di dimensioni ridotte sono perfette per una progressione graduale, consentendo agli utenti di aumentare il peso di sollevamento con incrementi gestibili. Nel frattempo, le piastre pi\u00f9 grandi si rivolgono ai sollevatori di pesi pi\u00f9 avanzati che cercano una resistenza significativa. Ogni misura mantiene gli standard di qualit\u00e0 e durata del marchio Evolve, con lo stesso materiale di gomma e la compatibilit\u00e0 con le barre olimpiche.<\/p>\n<\/div>\n\n\n\n<div class=\"wp-block-column is-vertically-aligned-center is-layout-flow wp-block-column-is-layout-flow\">\n<figure class=\"wp-block-gallery has-nested-images columns-default is-cropped wp-block-gallery-1 is-layout-flex wp-block-gallery-is-layout-flex\">\n<figure class=\"wp-block-image size-large\"><img decoding=\"async\" data-id=\"9116\" src=\"https:\/\/evolve-fitness.eu\/wp-content\/uploads\/2023\/10\/A7_08265-1024x683.jpg\" alt=\"\" class=\"wp-image-9116\"\/><\/figure>\n<\/figure>\n<\/div>\n<\/div>\n\n\n\n<div class=\"wp-block-columns alignwide is-layout-flex wp-container-core-columns-is-layout-c45ee707 wp-block-columns-is-layout-flex\" style=\"margin-bottom:var(--wp--preset--spacing--side-padding);padding-top:var(--wp--preset--spacing--side-padding)\">\n<div class=\"wp-block-column is-vertically-aligned-center is-layout-flow wp-block-column-is-layout-flow\">\n<figure class=\"wp-block-image size-large is-resized is-style-default\"><img decoding=\"async\" src=\"https:\/\/evolve-fitness.eu\/wp-content\/uploads\/2023\/10\/6KT8117-1024x1024.jpg\" alt=\"\" class=\"wp-image-4232\" style=\"object-fit:cover;width:680px;height:600px\"\/><\/figure>\n<\/div>\n\n\n\n<div class=\"wp-block-column is-vertically-aligned-center is-layout-constrained wp-block-column-is-layout-constrained\">\n<h3 class=\"wp-block-heading\" style=\"margin-bottom:var(--wp--preset--spacing--h-3-bottom)\">RIMBALZO MORBIDO E RIDUZIONE DEL RUMORE<\/h3>\n\n\n\n<p><strong><em><strong><em>Elevare le prestazioni<\/em><\/strong><\/em><\/strong><\/p>\n\n\n\n<p style=\"margin-bottom:var(--wp--preset--spacing--tb-section-padding)\">Provate l&#8217;eccezionale assorbimento degli urti e la riduzione del rumore durante i vostri allenamenti intensi con le piastre paracolpi Evolve. Realizzate in gomma morbida ma resistente, queste piastre offrono qualit\u00e0 di smorzamento di alto livello, garantendo la sicurezza dei pavimenti e delle attrezzature. Perfetti sia per l&#8217;uso in ambienti interni che esterni, rappresentano una soluzione delicata e rispettosa del pavimento per le vostre esigenze di fitness.<\/p>\n<\/div>\n<\/div>\n\n\n\n<div class=\"wp-block-columns alignwide is-layout-flex wp-container-core-columns-is-layout-c45ee707 wp-block-columns-is-layout-flex\" style=\"margin-bottom:var(--wp--preset--spacing--side-padding);padding-top:var(--wp--preset--spacing--side-padding)\">\n<div class=\"wp-block-column is-vertically-aligned-center is-layout-flow wp-block-column-is-layout-flow\">\n<h3 class=\"wp-block-heading\" style=\"margin-bottom:var(--wp--preset--spacing--h-3-bottom)\">STAMPI PER LOGO DUREVOLI<\/h3>\n\n\n\n<p><em><strong>Lunga durata e stile<\/strong><\/em><\/p>\n\n\n\n<p>Elevate la vostra attrezzatura per il fitness con le piastre per pesi Evolve Hi-Temp X Bumper, dove la durata incontra lo stile. Le nostre piastre vantano un design innovativo con un logo e numeri di peso che non sono semplicemente stampati, ma sono in realt\u00e0 infusi e modellati in modo permanente nella superficie della piastra. Questo processo unico garantisce che le marcature non si cancellino, non si sbiadiscano e non si deteriorino, conservando il loro aspetto impeccabile per tutta la durata del vostro percorso di fitness. Investite in attrezzi in grado di superare la prova del tempo e degli allenamenti: scegliete le piastre per pesi Evolve Hi-Temp X Bumper per una longevit\u00e0 e una qualit\u00e0 senza pari nel vostro arsenale di fitness.<\/p>\n<\/div>\n\n\n\n<div class=\"wp-block-column is-vertically-aligned-center is-layout-flow wp-block-column-is-layout-flow\">\n<div class=\"wp-block-columns is-layout-flex wp-container-core-columns-is-layout-9d6595d7 wp-block-columns-is-layout-flex\">\n<div class=\"wp-block-column is-layout-flow wp-block-column-is-layout-flow\">\n<figure class=\"wp-block-image size-full is-resized is-style-default\"><img decoding=\"async\" src=\"https:\/\/evolve-fitness.eu\/wp-content\/uploads\/2023\/10\/evolve-Bumper-Weight-edited.jpg\" alt=\"\" class=\"wp-image-4230\" style=\"object-fit:cover;width:680px;height:600px\"\/><\/figure>\n<\/div>\n<\/div>\n<\/div>\n<\/div>\n\n\n\n<div class=\"wp-block-columns alignwide is-layout-flex wp-container-core-columns-is-layout-c45ee707 wp-block-columns-is-layout-flex\" style=\"margin-bottom:var(--wp--preset--spacing--side-padding);padding-top:var(--wp--preset--spacing--side-padding)\">\n<div class=\"wp-block-column is-vertically-aligned-center is-layout-flow wp-block-column-is-layout-flow\">\n<figure class=\"wp-block-image size-large is-resized is-style-default\"><img decoding=\"async\" src=\"https:\/\/evolve-fitness.eu\/wp-content\/uploads\/2023\/10\/Measurments-1-1024x1024.png\" alt=\"\" class=\"wp-image-4258\" style=\"object-fit:cover;width:671px;height:592px\"\/><\/figure>\n<\/div>\n\n\n\n<div class=\"wp-block-column is-vertically-aligned-center is-layout-flow wp-block-column-is-layout-flow\">\n<h3 class=\"wp-block-heading\" style=\"margin-bottom:var(--wp--preset--spacing--h-3-bottom)\">Rivoluzionare la forza  <\/h3>\n\n\n\n<p><strong><em>Formazione con i paraurti Evolve X<\/em><\/strong><\/p>\n\n\n\n<p>Paraurti Evolve X, ora caratterizzati da un design all&#8217;avanguardia in gomma compressa, pi\u00f9 sottile dei normali paraurti. Questa innovazione consente di massimizzare la capacit\u00e0 di peso del bilanciere, portandola a ben 210 kg. Elevate il vostro allenamento di forza con questi bumper ad alte prestazioni.<\/p>\n<\/div>\n<\/div>\n\n\n\n<figure class=\"wp-block-video\"><video height=\"860\" style=\"aspect-ratio: 818 \/ 860;\" width=\"818\" autoplay=\"\" controls=\"\" loop=\"\" muted=\"\" preload=\"auto\" src=\"https:\/\/evolve-fitness.eu\/wp-content\/uploads\/2023\/10\/5-360.mp4\"><\/video><\/figure>\n<\/section>\n","protected":false},"excerpt":{"rendered":"<p>Scoprite i migliori compagni di allenamento con le piastre di peso Evolve Hi-Temp X Bumper da 5 kg a 25 kg. Realizzate in resistente gomma compressa, queste piastre eccellono nell&#8217;assorbimento degli urti e nella riduzione del rumore, rendendole ideali per le palestre domestiche e commerciali. Il loro morbido rimbalzo e le loro qualit\u00e0 di riduzione del rumore proteggono i pavimenti e rendono gli allenamenti pi\u00f9 tranquilli. Progettati per una perfetta aderenza, presentano un manicotto in acciaio inossidabile e una fusione precisa per adattarsi senza problemi a tutte le barre Olympic da 50 mm. Con punte ergonomiche arrotondate e superfici in gomma testurizzata per una presa sicura, queste piastre assicurano un&#8217;esperienza di sollevamento senza problemi. Elevate il vostro percorso di fitness con le piastre per pesi paracolpi di qualit\u00e0 superiore di Evolve.<\/p>\n","protected":false},"featured_media":93470,"template":"","meta":{"_acf_changed":false,"inline_featured_image":false},"product_cat":[985,1043],"product_tag":[],"class_list":{"0":"post-33052","1":"product","2":"type-product","3":"status-publish","4":"has-post-thumbnail","6":"product_cat-pesi-liberi","7":"product_cat-piastre-di-peso","9":"first","10":"instock","11":"shipping-taxable","12":"purchasable","13":"product-type-variable"},"acf":[],"_links":{"self":[{"href":"https:\/\/store.evolve-fitness.eu\/it\/wp-json\/wp\/v2\/product\/33052","targetHints":{"allow":["GET"]}}],"collection":[{"href":"https:\/\/store.evolve-fitness.eu\/it\/wp-json\/wp\/v2\/product"}],"about":[{"href":"https:\/\/store.evolve-fitness.eu\/it\/wp-json\/wp\/v2\/types\/product"}],"wp:featuredmedia":[{"embeddable":true,"href":"https:\/\/store.evolve-fitness.eu\/it\/wp-json\/wp\/v2\/media\/93470"}],"wp:attachment":[{"href":"https:\/\/store.evolve-fitness.eu\/it\/wp-json\/wp\/v2\/media?parent=33052"}],"wp:term":[{"taxonomy":"product_cat","embeddable":true,"href":"https:\/\/store.evolve-fitness.eu\/it\/wp-json\/wp\/v2\/product_cat?post=33052"},{"taxonomy":"product_tag","embeddable":true,"href":"https:\/\/store.evolve-fitness.eu\/it\/wp-json\/wp\/v2\/product_tag?post=33052"}],"curies":[{"name":"wp","href":"https:\/\/api.w.org\/{rel}","templated":true}]}}