{"id":31467,"date":"2023-10-18T10:23:48","date_gmt":"2023-10-18T10:23:48","guid":{"rendered":"https:\/\/store.evolve-fitness.eu\/product\/piastra-pesi-evolve-in-tpu-uretano-da-125-a-25-kg\/"},"modified":"2026-04-21T12:01:24","modified_gmt":"2026-04-21T12:01:24","slug":"piastra-pesi-evolve-in-tpu-uretano-da-125-a-25-kg","status":"publish","type":"product","link":"https:\/\/store.evolve-fitness.eu\/it\/prodotto\/piastra-pesi-evolve-in-tpu-uretano-da-125-a-25-kg\/","title":{"rendered":"Piastra per pesi Evolve TPU Uretano 1,25 &#8211; 25 kg"},"content":{"rendered":"\n<section class=\"wp-block-group alignfull black-content has-white-color has-darkgray-background-color has-text-color has-background is-layout-constrained wp-block-group-is-layout-constrained\" style=\"padding-top:var(--wp--preset--spacing--section-bottom);padding-bottom:var(--wp--preset--spacing--section-bottom)\">\n<div class=\"wp-block-columns alignwide mobile-reverse is-layout-flex wp-container-core-columns-is-layout-ca64bf2d wp-block-columns-is-layout-flex\" style=\"margin-bottom:var(--wp--preset--spacing--side-padding)\">\n<div class=\"wp-block-column is-vertically-aligned-center is-layout-flow wp-block-column-is-layout-flow\">\n<h3 class=\"wp-block-heading\" style=\"margin-bottom:var(--wp--preset--spacing--h-3-bottom)\"><strong>Elevate la vostra palestra con le piastre per pesi in uretano di Evolve<\/strong><\/h3>\n\n\n\n<p><em><strong>Durata impareggiabile per i proprietari di palestre<\/strong><\/em><\/p>\n\n\n\n<p style=\"margin-bottom:var(--wp--preset--spacing--tb-section-padding)\">Scoprite la soluzione definitiva per i proprietari di palestre che cercano attrezzature di lunga durata: le piastre di peso in uretano di Evolve. Realizzate in materiale uretanico di prima qualit\u00e0, queste piastre eccellono per la loro durata e rappresentano la scelta ideale per le palestre commerciali. Addio alla preoccupazione di graffi, scheggiature o scrostature: queste lastre mantengono il loro aspetto immacolato per anni, offrendo un&#8217;opzione economicamente vantaggiosa che elimina la necessit\u00e0 di frequenti sostituzioni.<\/p>\n<\/div>\n\n\n\n<div class=\"wp-block-column is-vertically-aligned-center is-layout-flow wp-block-column-is-layout-flow\">\n<figure class=\"wp-block-image alignright size-full is-style-rounded\"><img decoding=\"async\" src=\"https:\/\/evolve-fitness.eu\/wp-content\/uploads\/2023\/08\/TPU-urethane-weight-plates-6.jpg\" alt=\"\" class=\"wp-image-838\"\/><\/figure>\n<\/div>\n<\/div>\n\n\n\n<div class=\"wp-block-columns alignwide is-layout-flex wp-container-core-columns-is-layout-c45ee707 wp-block-columns-is-layout-flex\" style=\"margin-bottom:var(--wp--preset--spacing--side-padding);padding-top:var(--wp--preset--spacing--side-padding)\">\n<div class=\"wp-block-column is-vertically-aligned-center is-layout-flow wp-block-column-is-layout-flow\">\n<figure class=\"wp-block-image alignright size-full is-style-rounded\"><img decoding=\"async\" src=\"https:\/\/evolve-fitness.eu\/wp-content\/uploads\/2023\/08\/TPU-urethane-weight-plates-4.jpg\" alt=\"\" class=\"wp-image-836\"\/><\/figure>\n<\/div>\n\n\n\n<div class=\"wp-block-column is-vertically-aligned-center is-layout-constrained wp-block-column-is-layout-constrained\">\n<h3 class=\"wp-block-heading\" style=\"margin-bottom:var(--wp--preset--spacing--h-3-bottom)\">Prestazioni personalizzabili<\/h3>\n\n\n\n<p><strong><em><strong><em>Piastre di peso in uretano Evolve per un marchio distintivo<\/em><\/strong><\/em><\/strong><\/p>\n\n\n\n<p style=\"margin-bottom:var(--wp--preset--spacing--tb-section-padding)\">Oltre alla loro eccezionale durata, le piastre per pesi in uretano Evolve offrono opzioni di personalizzazione per elevare il marchio e l&#8217;estetica della vostra palestra. Aggiungete il vostro logo e scegliete colori personalizzati per creare un&#8217;esperienza di allenamento unica, distinguendo la vostra palestra dalla concorrenza e lasciando un&#8217;impressione duratura sui vostri iscritti.<\/p>\n<\/div>\n<\/div>\n\n\n\n<div class=\"wp-block-columns alignwide is-layout-flex wp-container-core-columns-is-layout-c45ee707 wp-block-columns-is-layout-flex\" style=\"margin-bottom:var(--wp--preset--spacing--side-padding);padding-top:var(--wp--preset--spacing--side-padding)\">\n<div class=\"wp-block-column is-vertically-aligned-center is-layout-flow wp-block-column-is-layout-flow\">\n<h3 class=\"wp-block-heading\" style=\"margin-bottom:var(--wp--preset--spacing--h-3-bottom)\">Loghi tagliati al laser e impregnati di uretano<\/h3>\n\n\n\n<p><strong><em>Estetica elevata, prestazioni migliorate<\/em><\/strong><\/p>\n\n\n\n<p>Le piastre per pesi Evolve Urethane presentano un logo e un&#8217;indicazione del peso tagliati al laser e impregnati di uretano che non si staccano n\u00e9 si consumano con il tempo. A differenza delle piastre per pesi standard con loghi dipinti o adesivi, le piastre per pesi di Evolve sono costruite per durare nel tempo, assicurando che l&#8217;attrezzatura della vostra palestra sia come nuova per gli anni a venire.<\/p>\n<\/div>\n\n\n\n<div class=\"wp-block-column is-vertically-aligned-center is-layout-flow wp-block-column-is-layout-flow\">\n<div class=\"wp-block-columns is-layout-flex wp-container-core-columns-is-layout-9d6595d7 wp-block-columns-is-layout-flex\">\n<div class=\"wp-block-column is-layout-flow wp-block-column-is-layout-flow\">\n<figure class=\"wp-block-image size-full is-style-rounded\"><img decoding=\"async\" src=\"https:\/\/evolve-fitness.eu\/wp-content\/uploads\/2023\/08\/taisyta-00.jpg\" alt=\"\" class=\"wp-image-856\"\/><\/figure>\n<\/div>\n<\/div>\n<\/div>\n<\/div>\n\n\n\n<div class=\"wp-block-columns alignwide is-layout-flex wp-container-core-columns-is-layout-c45ee707 wp-block-columns-is-layout-flex\" style=\"margin-bottom:var(--wp--preset--spacing--side-padding);padding-top:var(--wp--preset--spacing--side-padding)\">\n<div class=\"wp-block-column is-vertically-aligned-center is-layout-flow wp-block-column-is-layout-flow\">\n<figure class=\"wp-block-image size-full is-style-rounded\"><img decoding=\"async\" src=\"https:\/\/evolve-fitness.eu\/wp-content\/uploads\/2023\/08\/Lemon-Gym-Saharova-11.jpg\" alt=\"\" class=\"wp-image-828\"\/><\/figure>\n<\/div>\n\n\n\n<div class=\"wp-block-column is-vertically-aligned-center is-layout-flow wp-block-column-is-layout-flow\">\n<h3 class=\"wp-block-heading\" style=\"margin-bottom:var(--wp--preset--spacing--h-3-bottom)\">Approccio orientato alla sicurezza<\/h3>\n\n\n\n<p><strong><em>Un&#8217;esperienza di allenamento sicura e affidabile<\/em><\/strong><\/p>\n\n\n\n<p>In Evolve la sicurezza \u00e8 la nostra priorit\u00e0 assoluta. Le nostre piastre per pesi in uretano sono realizzate in materiale di alta qualit\u00e0, atossico e inodore, per garantire un ambiente di allenamento sicuro e salutare. La struttura robusta riduce al minimo il rischio di rotture o scheggiature, riducendo la probabilit\u00e0 di lesioni durante le sessioni di allenamento pi\u00f9 intense.<\/p>\n<\/div>\n<\/div>\n\n\n\n<div class=\"wp-block-columns alignwide is-layout-flex wp-container-core-columns-is-layout-c45ee707 wp-block-columns-is-layout-flex\" style=\"margin-bottom:var(--wp--preset--spacing--side-padding);padding-top:var(--wp--preset--spacing--side-padding)\">\n<div class=\"wp-block-column is-vertically-aligned-center is-layout-flow wp-block-column-is-layout-flow\">\n<h3 class=\"wp-block-heading\" style=\"margin-bottom:var(--wp--preset--spacing--h-3-bottom)\">Versatile e facile da usare<\/h3>\n\n\n\n<p><strong><em>Quattro maniglie per un facile trasporto<\/em><\/strong><\/p>\n\n\n\n<p>Le piastre per pesi Evolve Urethane sono progettate all&#8217;insegna della versatilit\u00e0 e della facilit\u00e0 d&#8217;uso. Con quattro maniglie, queste piastre possono essere facilmente trasportate e utilizzate per una variet\u00e0 di esercizi. Che si tratti di deadlift o affondi, le quattro maniglie facilitano il trasporto e l&#8217;utilizzo delle piastre di peso, rendendo l&#8217;allenamento pi\u00f9 efficiente ed efficace.<\/p>\n<\/div>\n\n\n\n<div class=\"wp-block-column is-vertically-aligned-center is-layout-flow wp-block-column-is-layout-flow\">\n<div class=\"wp-block-columns is-layout-flex wp-container-core-columns-is-layout-9d6595d7 wp-block-columns-is-layout-flex\">\n<div class=\"wp-block-column is-layout-flow wp-block-column-is-layout-flow\">\n<figure class=\"wp-block-image size-full is-style-rounded\"><img decoding=\"async\" src=\"https:\/\/evolve-fitness.eu\/wp-content\/uploads\/2023\/08\/TPU-urethane-weight-plates-7.jpg\" alt=\"\" class=\"wp-image-840\"\/><\/figure>\n<\/div>\n<\/div>\n<\/div>\n<\/div>\n\n\n\n<div class=\"wp-block-columns alignwide is-layout-flex wp-container-core-columns-is-layout-c45ee707 wp-block-columns-is-layout-flex\" style=\"margin-bottom:var(--wp--preset--spacing--side-padding);padding-top:var(--wp--preset--spacing--side-padding)\">\n<div class=\"wp-block-column is-vertically-aligned-center is-layout-flow wp-block-column-is-layout-flow\">\n<figure class=\"wp-block-image size-large is-style-rounded\"><img decoding=\"async\" src=\"https:\/\/evolve-fitness.eu\/wp-content\/uploads\/2023\/08\/iskirpta-stanga-su-uretanu-1-1024x601.png\" alt=\"\" class=\"wp-image-826\"\/><\/figure>\n<\/div>\n\n\n\n<div class=\"wp-block-column is-vertically-aligned-center is-layout-flow wp-block-column-is-layout-flow\">\n<h3 class=\"wp-block-heading\" style=\"margin-bottom:var(--wp--preset--spacing--h-3-bottom)\">Dite addio alle dita pizzicate<\/h3>\n\n\n\n<p><strong><em>Con piastre di peso in uretano Evolve<\/em><\/strong><\/p>\n\n\n\n<p>Le piastre per pesi in uretano di Evolve sono progettate per rendere il carico e lo scarico pi\u00f9 sicuro ed efficiente per i frequentatori della palestra. La superficie strutturata e la forma arrotondata delle piastre impediscono inoltre che si attacchino l&#8217;una all&#8217;altra o ad altre superfici, riducendo la possibilit\u00e0 di schiacciare le dita durante i cambi di peso.<\/p>\n<\/div>\n<\/div>\n\n\n\n<div class=\"wp-block-columns alignwide is-layout-flex wp-container-core-columns-is-layout-c45ee707 wp-block-columns-is-layout-flex\" style=\"margin-bottom:var(--wp--preset--spacing--side-padding);padding-top:var(--wp--preset--spacing--side-padding)\">\n<div class=\"wp-block-column is-vertically-aligned-center is-layout-flow wp-block-column-is-layout-flow\">\n<h3 class=\"wp-block-heading\" style=\"margin-bottom:var(--wp--preset--spacing--h-3-bottom)\">Precisione-fusione<\/h3>\n\n\n\n<p><strong><em>Punte arrotondate delle maniche e peso costante<\/em><\/strong><\/p>\n\n\n\n<p>Le punte arrotondate dei manicotti facilitano il caricamento e lo scaricamento delle piastre, mentre il design a fusione di precisione assicura che ogni piastra sia realizzata secondo le specifiche esatte, fornendo un peso e una sensazione uniformi.<\/p>\n<\/div>\n\n\n\n<div class=\"wp-block-column is-vertically-aligned-center is-layout-flow wp-block-column-is-layout-flow\">\n<div class=\"wp-block-columns is-layout-flex wp-container-core-columns-is-layout-9d6595d7 wp-block-columns-is-layout-flex\">\n<div class=\"wp-block-column is-layout-flow wp-block-column-is-layout-flow\">\n<figure class=\"wp-block-image size-full is-style-rounded\"><img decoding=\"async\" src=\"https:\/\/evolve-fitness.eu\/wp-content\/uploads\/2023\/08\/00000.jpg\" alt=\"\" class=\"wp-image-854\"\/><\/figure>\n<\/div>\n<\/div>\n<\/div>\n<\/div>\n\n\n\n<div class=\"wp-block-columns alignwide is-layout-flex wp-container-core-columns-is-layout-c45ee707 wp-block-columns-is-layout-flex\" style=\"margin-bottom:var(--wp--preset--spacing--side-padding);padding-top:var(--wp--preset--spacing--side-padding)\">\n<div class=\"wp-block-column is-vertically-aligned-center is-layout-flow wp-block-column-is-layout-flow\">\n<div class=\"wp-block-columns is-layout-flex wp-container-core-columns-is-layout-9d6595d7 wp-block-columns-is-layout-flex\">\n<div class=\"wp-block-column is-layout-flow wp-block-column-is-layout-flow\">\n<figure class=\"wp-block-image size-large is-style-rounded\"><img decoding=\"async\" src=\"https:\/\/evolve-fitness.eu\/wp-content\/uploads\/2023\/08\/Round-Urethan-Plates-Dimensions-1024x575.jpg\" alt=\"\" class=\"wp-image-9452\"\/><\/figure>\n<\/div>\n\n\n\n<div class=\"wp-block-column is-vertically-aligned-center is-layout-flow wp-block-column-is-layout-flow\">\n<h3 class=\"wp-block-heading\" style=\"margin-bottom:var(--wp--preset--spacing--h-3-bottom)\">equilibrato e proporzionale<\/h3>\n\n\n\n<p><strong><em>Allenamento della forza progressivo su misura<\/em><\/strong><\/p>\n\n\n\n<p>Le piastre per pesi Evolve in TPU Uretano eccellono nell&#8217;offrire un&#8217;ampia gamma di misure adatte all&#8217;allenamento progressivo della forza, con misure precise che assicurano un aumento costante sia del diametro che dello spessore corrispondente al peso. Dalla piastra compatta da 1,25 kg con un diametro di 190 mm, ideale per regolare con precisione gli incrementi di peso, alla sostanziosa piastra da 25 kg con un diametro di 450 mm, ogni peso \u00e8 stato progettato meticolosamente per garantire equilibrio e proporzionalit\u00e0. Questo accurato dimensionamento consente un uso versatile per diversi esercizi e attrezzature, per soddisfare gli utenti di tutti i livelli, mantenendo un aspetto elegante e uniforme che migliora l&#8217;usabilit\u00e0 e il fascino estetico delle piastre.<\/p>\n<\/div>\n<\/div>\n<\/div>\n<\/div>\n<\/section>\n","protected":false},"excerpt":{"rendered":"<p>Prova le massime prestazioni con le piastre di peso in uretano Evolve TPU da 1,25 a 25 kg: Durevolezza e stile senza pari Realizzate in materiale TPU di alta qualit\u00e0, le pedane per pesi Evolve in TPU Uretano sono la scelta ideale per ottenere resistenza e durata nel tempo. Adatte sia per le palestre commerciali che per gli allenamenti a casa, queste piastre per pesi in TPU Uretano offrono una presa sicura e confortevole, garantendo un&#8217;esperienza di fitness sicura ed efficace. Grazie al design elegante, alla calibrazione precisa e all&#8217;ampia gamma di pesi disponibili, le piastre pesi Evolve in TPU Uretano sono adatte agli appassionati di fitness di tutti i livelli. Migliora il tuo allenamento di forza con le eccezionali piastre pesi in TPU Uretano di Evolve, la scelta migliore per ottenere prestazioni e progressi duraturi.   <\/p>\n","protected":false},"featured_media":31491,"template":"","meta":{"_acf_changed":false,"inline_featured_image":false},"product_cat":[528,985,1043],"product_tag":[],"class_list":{"0":"post-31467","1":"product","2":"type-product","3":"status-publish","4":"has-post-thumbnail","6":"product_cat-pagina-iniziale","7":"product_cat-pesi-liberi","8":"product_cat-piastre-di-peso","10":"first","11":"instock","12":"shipping-taxable","13":"purchasable","14":"product-type-variable"},"acf":[],"_links":{"self":[{"href":"https:\/\/store.evolve-fitness.eu\/it\/wp-json\/wp\/v2\/product\/31467","targetHints":{"allow":["GET"]}}],"collection":[{"href":"https:\/\/store.evolve-fitness.eu\/it\/wp-json\/wp\/v2\/product"}],"about":[{"href":"https:\/\/store.evolve-fitness.eu\/it\/wp-json\/wp\/v2\/types\/product"}],"wp:featuredmedia":[{"embeddable":true,"href":"https:\/\/store.evolve-fitness.eu\/it\/wp-json\/wp\/v2\/media\/31491"}],"wp:attachment":[{"href":"https:\/\/store.evolve-fitness.eu\/it\/wp-json\/wp\/v2\/media?parent=31467"}],"wp:term":[{"taxonomy":"product_cat","embeddable":true,"href":"https:\/\/store.evolve-fitness.eu\/it\/wp-json\/wp\/v2\/product_cat?post=31467"},{"taxonomy":"product_tag","embeddable":true,"href":"https:\/\/store.evolve-fitness.eu\/it\/wp-json\/wp\/v2\/product_tag?post=31467"}],"curies":[{"name":"wp","href":"https:\/\/api.w.org\/{rel}","templated":true}]}}