{"id":31377,"date":"2023-10-17T13:07:40","date_gmt":"2023-10-17T13:07:40","guid":{"rendered":"https:\/\/store.evolve-fitness.eu\/product\/evolve-serie-cerakote-olympic-man-bar-220-cm-20-kg\/"},"modified":"2024-10-11T06:35:49","modified_gmt":"2024-10-11T06:35:49","slug":"evolve-serie-cerakote-olympic-man-bar-220-cm-20-kg","status":"publish","type":"product","link":"https:\/\/store.evolve-fitness.eu\/it\/prodotto\/evolve-serie-cerakote-olympic-man-bar-220-cm-20-kg\/","title":{"rendered":"Evolve serie cerakote olympic man Bar &#8211; 220 cm \/ 20 kg"},"content":{"rendered":"\n<section class=\"wp-block-group alignfull black-content has-white-color has-darkgray-background-color has-text-color has-background is-layout-constrained wp-block-group-is-layout-constrained\" style=\"padding-top:var(--wp--preset--spacing--section-bottom);padding-bottom:var(--wp--preset--spacing--section-bottom)\">\n<section class=\"wp-block-group alignfull black-content has-white-color has-darkgray-background-color has-text-color has-background is-layout-constrained wp-block-group-is-layout-constrained\" style=\"padding-top:var(--wp--preset--spacing--section-bottom);padding-bottom:var(--wp--preset--spacing--section-bottom)\">\n<section class=\"wp-block-group alignfull black-content has-white-color has-darkgray-background-color has-text-color has-background is-layout-constrained wp-block-group-is-layout-constrained\" style=\"padding-top:var(--wp--preset--spacing--section-bottom);padding-bottom:var(--wp--preset--spacing--section-bottom)\">\n<div class=\"wp-block-columns alignwide mobile-reverse is-layout-flex wp-container-core-columns-is-layout-ca64bf2d wp-block-columns-is-layout-flex\" style=\"margin-bottom:var(--wp--preset--spacing--side-padding)\">\n<div class=\"wp-block-column is-vertically-aligned-center is-layout-flow wp-block-column-is-layout-flow\">\n<h3 class=\"wp-block-heading\" style=\"margin-bottom:var(--wp--preset--spacing--h-3-bottom)\">Evolve serie cerakote olympic man Bar &#8211; 220 cm \/ 20 kg<\/h3>\n<\/div>\n\n\n\n<div class=\"wp-block-column is-vertically-aligned-center is-layout-flow wp-block-column-is-layout-flow\">\n<figure class=\"wp-block-image size-large\"><img loading=\"lazy\" decoding=\"async\" width=\"683\" height=\"1024\" src=\"https:\/\/store.evolve-fitness.eu\/wp-content\/uploads\/2024\/07\/A7_06078-683x1024.jpg\" alt=\"\" class=\"wp-image-92188\" srcset=\"https:\/\/store.evolve-fitness.eu\/wp-content\/uploads\/2024\/07\/A7_06078-683x1024.jpg 683w, https:\/\/store.evolve-fitness.eu\/wp-content\/uploads\/2024\/07\/A7_06078-200x300.jpg 200w, https:\/\/store.evolve-fitness.eu\/wp-content\/uploads\/2024\/07\/A7_06078-768x1152.jpg 768w, https:\/\/store.evolve-fitness.eu\/wp-content\/uploads\/2024\/07\/A7_06078-1024x1536.jpg 1024w, https:\/\/store.evolve-fitness.eu\/wp-content\/uploads\/2024\/07\/A7_06078-600x900.jpg 600w, https:\/\/store.evolve-fitness.eu\/wp-content\/uploads\/2024\/07\/A7_06078.jpg 1280w\" sizes=\"auto, (max-width: 683px) 100vw, 683px\" \/><\/figure>\n<\/div>\n<\/div>\n<\/section>\n<\/section>\n<\/section>\n","protected":false},"excerpt":{"rendered":"<p>Scoprite il massimo della forza e della durata con la barra olimpica Evolve Cerakote, una scelta eccellente per l&#8217;allenamento professionale e per gli atleti domestici. Con una lunghezza di ben 220 cm e un peso di 20 kg, questo bilanciere \u00e8 progettato per sostenere un carico massimo di 1043 kg, ideale per il sollevamento di carichi pesanti. Dotato di 8 cuscinetti a rullini e 2 boccole in rame, garantisce una rotazione fluida e stabilit\u00e0 durante l&#8217;uso. Il diametro della boccola di \u00d850 mm \u00e8 adatto a pesi standard, mentre il diametro di \u00d828 mm della parte interna della barra migliora la presa e il controllo. La finitura cromata sia sulla superficie dell&#8217;impugnatura che sulla parte interna della barra non solo aggiunge un aspetto elegante ma contribuisce anche alla sua longevit\u00e0. Con un manicotto di 415 mm di lunghezza per i pesi e una profondit\u00e0 di 1,5 mm di rugosit\u00e0 della tastiera, questo bilanciere \u00e8 progettato per garantire la massima efficienza e comfort. Certificata con gli standard di rugosit\u00e0 IMF e coperta da una garanzia di 2 anni, la barra olimpica Evolve Cerakote \u00e8 la miscela perfetta di prestazioni e qualit\u00e0 per gli atleti pi\u00f9 seri.<\/p>\n","protected":false},"featured_media":92431,"template":"","meta":{"_acf_changed":false,"inline_featured_image":false},"product_cat":[2414,985,1037],"product_tag":[],"class_list":{"0":"post-31377","1":"product","2":"type-product","3":"status-publish","4":"has-post-thumbnail","6":"product_cat-hyrox-gear","7":"product_cat-pesi-liberi","8":"product_cat-bar-e-accessori","10":"first","11":"instock","12":"shipping-taxable","13":"purchasable","14":"product-type-simple"},"acf":[],"_links":{"self":[{"href":"https:\/\/store.evolve-fitness.eu\/it\/wp-json\/wp\/v2\/product\/31377","targetHints":{"allow":["GET"]}}],"collection":[{"href":"https:\/\/store.evolve-fitness.eu\/it\/wp-json\/wp\/v2\/product"}],"about":[{"href":"https:\/\/store.evolve-fitness.eu\/it\/wp-json\/wp\/v2\/types\/product"}],"wp:featuredmedia":[{"embeddable":true,"href":"https:\/\/store.evolve-fitness.eu\/it\/wp-json\/wp\/v2\/media\/92431"}],"wp:attachment":[{"href":"https:\/\/store.evolve-fitness.eu\/it\/wp-json\/wp\/v2\/media?parent=31377"}],"wp:term":[{"taxonomy":"product_cat","embeddable":true,"href":"https:\/\/store.evolve-fitness.eu\/it\/wp-json\/wp\/v2\/product_cat?post=31377"},{"taxonomy":"product_tag","embeddable":true,"href":"https:\/\/store.evolve-fitness.eu\/it\/wp-json\/wp\/v2\/product_tag?post=31377"}],"curies":[{"name":"wp","href":"https:\/\/api.w.org\/{rel}","templated":true}]}}