{"id":30763,"date":"2023-10-17T10:04:37","date_gmt":"2023-10-17T10:04:37","guid":{"rendered":"https:\/\/store.evolve-fitness.eu\/product\/evolve-serie-cerakote-olympic-woman-bar-201-cm-15-kg\/"},"modified":"2024-10-11T06:35:49","modified_gmt":"2024-10-11T06:35:49","slug":"evolve-serie-cerakote-olympic-woman-bar-201-cm-15-kg","status":"publish","type":"product","link":"https:\/\/store.evolve-fitness.eu\/it\/prodotto\/evolve-serie-cerakote-olympic-woman-bar-201-cm-15-kg\/","title":{"rendered":"Evolve serie cerakote olympic woman Bar &#8211; 201 cm \/ 15 kg"},"content":{"rendered":"\n<section class=\"wp-block-group alignfull black-content has-white-color has-darkgray-background-color has-text-color has-background is-layout-constrained wp-block-group-is-layout-constrained\" style=\"padding-top:var(--wp--preset--spacing--section-bottom);padding-bottom:var(--wp--preset--spacing--section-bottom)\">\n<section class=\"wp-block-group alignfull black-content has-white-color has-darkgray-background-color has-text-color has-background is-layout-constrained wp-block-group-is-layout-constrained\" style=\"padding-top:var(--wp--preset--spacing--section-bottom);padding-bottom:var(--wp--preset--spacing--section-bottom)\">\n<section class=\"wp-block-group alignfull black-content has-white-color has-darkgray-background-color has-text-color has-background is-layout-constrained wp-block-group-is-layout-constrained\" style=\"padding-top:var(--wp--preset--spacing--section-bottom);padding-bottom:var(--wp--preset--spacing--section-bottom)\">\n<div class=\"wp-block-columns alignwide mobile-reverse is-layout-flex wp-container-core-columns-is-layout-ca64bf2d wp-block-columns-is-layout-flex\" style=\"margin-bottom:var(--wp--preset--spacing--side-padding)\">\n<div class=\"wp-block-column is-vertically-aligned-center is-layout-flow wp-block-column-is-layout-flow\">\n<h3 class=\"wp-block-heading\" style=\"margin-bottom:var(--wp--preset--spacing--h-3-bottom)\">Evolve serie cerakote olympic woman Bar &#8211; 201 cm \/ 15 kg<\/h3>\n<\/div>\n\n\n\n<div class=\"wp-block-column is-vertically-aligned-center is-layout-flow wp-block-column-is-layout-flow\">\n<figure class=\"wp-block-image size-large\"><img loading=\"lazy\" decoding=\"async\" width=\"683\" height=\"1024\" src=\"https:\/\/store.evolve-fitness.eu\/wp-content\/uploads\/2024\/07\/A7_06078-683x1024.jpg\" alt=\"\" class=\"wp-image-92188\" srcset=\"https:\/\/store.evolve-fitness.eu\/wp-content\/uploads\/2024\/07\/A7_06078-683x1024.jpg 683w, https:\/\/store.evolve-fitness.eu\/wp-content\/uploads\/2024\/07\/A7_06078-200x300.jpg 200w, https:\/\/store.evolve-fitness.eu\/wp-content\/uploads\/2024\/07\/A7_06078-768x1152.jpg 768w, https:\/\/store.evolve-fitness.eu\/wp-content\/uploads\/2024\/07\/A7_06078-1024x1536.jpg 1024w, https:\/\/store.evolve-fitness.eu\/wp-content\/uploads\/2024\/07\/A7_06078-600x900.jpg 600w, https:\/\/store.evolve-fitness.eu\/wp-content\/uploads\/2024\/07\/A7_06078.jpg 1280w\" sizes=\"auto, (max-width: 683px) 100vw, 683px\" \/><\/figure>\n<\/div>\n<\/div>\n<\/section>\n<\/section>\n<\/section>\n","protected":false},"excerpt":{"rendered":"<p>Scopri l&#8217;eccezionale Evolve Cerakote Olympic Women&#8217;s Grip, una scelta di alto livello per gli atleti e gli appassionati di fitness. Questo bilanciere di qualit\u00e0 superiore, con una lunghezza di 201 cm e un peso di 15 kg, \u00e8 adatto sia all&#8217;uso professionale che a quello domestico. Il suo design robusto vanta una capacit\u00e0 di carico massima di 900 kg, che lo rende ideale per le sessioni di allenamento pi\u00f9 intense. La barra \u00e8 dotata di 8 cuscinetti ad aghi e 2 boccole in rame, che assicurano una rotazione fluida e una durata senza precedenti. Il diametro della boccola di \u00d8 50 mm \u00e8 perfetto per i pesi standard, mentre la finitura cromata della superficie dell&#8217;impugnatura e del manicotto (lungo 320 mm) aggiunge un tocco di eleganza. Il diametro interno di \u00d825 mm e la rugosit\u00e0 della tastiera di 1,5 mm di profondit\u00e0, insieme alla rugosit\u00e0 di tipo IMF, garantiscono una presa sicura, migliorando l&#8217;esperienza di allenamento. Con una garanzia di 2 anni, l&#8217;impugnatura olimpica da donna Evolve Cerakote (codice prodotto: EV-OB-CK-201) \u00e8 un&#8217;aggiunta affidabile e di alta qualit\u00e0 a qualsiasi regime di allenamento.<\/p>\n<p>\n","protected":false},"featured_media":92431,"template":"","meta":{"_acf_changed":false,"inline_featured_image":false},"product_cat":[2414,985,1037],"product_tag":[],"class_list":{"0":"post-30763","1":"product","2":"type-product","3":"status-publish","4":"has-post-thumbnail","6":"product_cat-hyrox-gear","7":"product_cat-pesi-liberi","8":"product_cat-bar-e-accessori","10":"first","11":"instock","12":"shipping-taxable","13":"purchasable","14":"product-type-simple"},"acf":[],"_links":{"self":[{"href":"https:\/\/store.evolve-fitness.eu\/it\/wp-json\/wp\/v2\/product\/30763","targetHints":{"allow":["GET"]}}],"collection":[{"href":"https:\/\/store.evolve-fitness.eu\/it\/wp-json\/wp\/v2\/product"}],"about":[{"href":"https:\/\/store.evolve-fitness.eu\/it\/wp-json\/wp\/v2\/types\/product"}],"wp:featuredmedia":[{"embeddable":true,"href":"https:\/\/store.evolve-fitness.eu\/it\/wp-json\/wp\/v2\/media\/92431"}],"wp:attachment":[{"href":"https:\/\/store.evolve-fitness.eu\/it\/wp-json\/wp\/v2\/media?parent=30763"}],"wp:term":[{"taxonomy":"product_cat","embeddable":true,"href":"https:\/\/store.evolve-fitness.eu\/it\/wp-json\/wp\/v2\/product_cat?post=30763"},{"taxonomy":"product_tag","embeddable":true,"href":"https:\/\/store.evolve-fitness.eu\/it\/wp-json\/wp\/v2\/product_tag?post=30763"}],"curies":[{"name":"wp","href":"https:\/\/api.w.org\/{rel}","templated":true}]}}