{"id":30470,"date":"2023-10-16T08:38:11","date_gmt":"2023-10-16T08:38:11","guid":{"rendered":"https:\/\/store.evolve-fitness.eu\/product\/barra-per-curl-olimpici-evolve-120-cm\/"},"modified":"2024-07-16T08:18:27","modified_gmt":"2024-07-16T08:18:27","slug":"barra-per-curl-olimpici-evolve-120-cm","status":"publish","type":"product","link":"https:\/\/store.evolve-fitness.eu\/it\/prodotto\/barra-per-curl-olimpici-evolve-120-cm\/","title":{"rendered":"Barra per curl olimpici Evolve &#8211; 120 cm"},"content":{"rendered":"\n<section class=\"wp-block-group alignfull black-content has-white-color has-darkgray-background-color has-text-color has-background is-layout-constrained wp-block-group-is-layout-constrained\" style=\"padding-top:var(--wp--preset--spacing--section-bottom);padding-bottom:var(--wp--preset--spacing--section-bottom)\">\n<section class=\"wp-block-group alignfull black-content has-white-color has-darkgray-background-color has-text-color has-background is-layout-constrained wp-block-group-is-layout-constrained\" style=\"padding-top:var(--wp--preset--spacing--section-bottom);padding-bottom:var(--wp--preset--spacing--section-bottom)\">\n<div class=\"wp-block-columns alignwide mobile-reverse is-layout-flex wp-container-core-columns-is-layout-ca64bf2d wp-block-columns-is-layout-flex\" style=\"margin-bottom:var(--wp--preset--spacing--side-padding)\">\n<div class=\"wp-block-column is-vertically-aligned-center is-layout-flow wp-block-column-is-layout-flow\">\n<h3 class=\"wp-block-heading\" style=\"margin-bottom:var(--wp--preset--spacing--h-3-bottom)\">Barra per curl olimpici Evolve &#8211; 120 cm<\/h3>\n\n\n\n<p><strong><em><strong><em>120 cm<\/em><\/strong><\/em><\/strong><\/p>\n\n\n\n<p style=\"margin-bottom:var(--wp--preset--spacing--tb-section-padding)\">Prova l&#8217;apice dell&#8217;allenamento della forza con il bilanciere olimpico Evolve (EV-OB-CB-120), un bilanciere di qualit\u00e0 superiore da 1200 mm, 10 kg e 50 mm, progettato per allenamenti domestici intensi e per usi commerciali intensi.<\/p>\n<\/div>\n\n\n\n<div class=\"wp-block-column is-vertically-aligned-center is-layout-flow wp-block-column-is-layout-flow\">\n<figure class=\"wp-block-image size-large\"><img loading=\"lazy\" decoding=\"async\" width=\"683\" height=\"1024\" src=\"https:\/\/store.evolve-fitness.eu\/wp-content\/uploads\/2024\/07\/A7_06078-683x1024.jpg\" alt=\"\" class=\"wp-image-92188\" srcset=\"https:\/\/store.evolve-fitness.eu\/wp-content\/uploads\/2024\/07\/A7_06078-683x1024.jpg 683w, https:\/\/store.evolve-fitness.eu\/wp-content\/uploads\/2024\/07\/A7_06078-200x300.jpg 200w, https:\/\/store.evolve-fitness.eu\/wp-content\/uploads\/2024\/07\/A7_06078-768x1152.jpg 768w, https:\/\/store.evolve-fitness.eu\/wp-content\/uploads\/2024\/07\/A7_06078-1024x1536.jpg 1024w, https:\/\/store.evolve-fitness.eu\/wp-content\/uploads\/2024\/07\/A7_06078-600x900.jpg 600w, https:\/\/store.evolve-fitness.eu\/wp-content\/uploads\/2024\/07\/A7_06078.jpg 1280w\" sizes=\"auto, (max-width: 683px) 100vw, 683px\" \/><\/figure>\n<\/div>\n<\/div>\n<\/section>\n<\/section>\n","protected":false},"excerpt":{"rendered":"<p>Prova l&#8217;apice dell&#8217;allenamento della forza con il bilanciere olimpico Evolve (EV-OB-CB-120), un bilanciere di qualit\u00e0 superiore da 1200 mm, 10 kg e 50 mm, progettato per allenamenti domestici intensi e per usi commerciali intensi. Con la sua struttura robusta, il diametro interno della barra di \u00d828 mm e la superficie interna cromata, questo bilanciere per curl \u00e8 costruito per durare nel tempo. Le sue boccole garantiscono un funzionamento regolare e una durata eccezionale, in grado di sopportare un carico massimo di 360 kg. Con una garanzia di 2 anni e boccole per piastre di peso da \u00d850 mm, questa barra per curl olimpici soddisfa i pi\u00f9 alti standard di qualit\u00e0 e prestazioni. Che si tratti di migliorare la palestra di casa o di attrezzare un centro fitness commerciale, il bilanciere olimpico Evolve \u00e8 la scelta definitiva per chi vuole il meglio.<\/p>\n","protected":false},"featured_media":30487,"template":"","meta":{"_acf_changed":false,"inline_featured_image":false},"product_cat":[2414,985,1037],"product_tag":[],"class_list":{"0":"post-30470","1":"product","2":"type-product","3":"status-publish","4":"has-post-thumbnail","6":"product_cat-hyrox-gear","7":"product_cat-pesi-liberi","8":"product_cat-bar-e-accessori","10":"first","11":"instock","12":"shipping-taxable","13":"purchasable","14":"product-type-simple"},"acf":[],"_links":{"self":[{"href":"https:\/\/store.evolve-fitness.eu\/it\/wp-json\/wp\/v2\/product\/30470","targetHints":{"allow":["GET"]}}],"collection":[{"href":"https:\/\/store.evolve-fitness.eu\/it\/wp-json\/wp\/v2\/product"}],"about":[{"href":"https:\/\/store.evolve-fitness.eu\/it\/wp-json\/wp\/v2\/types\/product"}],"wp:featuredmedia":[{"embeddable":true,"href":"https:\/\/store.evolve-fitness.eu\/it\/wp-json\/wp\/v2\/media\/30487"}],"wp:attachment":[{"href":"https:\/\/store.evolve-fitness.eu\/it\/wp-json\/wp\/v2\/media?parent=30470"}],"wp:term":[{"taxonomy":"product_cat","embeddable":true,"href":"https:\/\/store.evolve-fitness.eu\/it\/wp-json\/wp\/v2\/product_cat?post=30470"},{"taxonomy":"product_tag","embeddable":true,"href":"https:\/\/store.evolve-fitness.eu\/it\/wp-json\/wp\/v2\/product_tag?post=30470"}],"curies":[{"name":"wp","href":"https:\/\/api.w.org\/{rel}","templated":true}]}}