{"id":30424,"date":"2023-10-16T07:19:20","date_gmt":"2023-10-16T07:19:20","guid":{"rendered":"https:\/\/store.evolve-fitness.eu\/product\/barra-olimpica-evolve-150-cm\/"},"modified":"2024-10-11T06:34:26","modified_gmt":"2024-10-11T06:34:26","slug":"barra-olimpica-evolve-150-cm","status":"publish","type":"product","link":"https:\/\/store.evolve-fitness.eu\/it\/prodotto\/barra-olimpica-evolve-150-cm\/","title":{"rendered":"Barra olimpica Evolve &#8211; 150 cm"},"content":{"rendered":"\n<section class=\"wp-block-group alignfull black-content has-white-color has-darkgray-background-color has-text-color has-background is-layout-constrained wp-block-group-is-layout-constrained\" style=\"padding-top:var(--wp--preset--spacing--section-bottom);padding-bottom:var(--wp--preset--spacing--section-bottom)\">\n<section class=\"wp-block-group alignfull black-content has-white-color has-darkgray-background-color has-text-color has-background is-layout-constrained wp-block-group-is-layout-constrained\" style=\"padding-top:var(--wp--preset--spacing--section-bottom);padding-bottom:var(--wp--preset--spacing--section-bottom)\">\n<section class=\"wp-block-group alignfull black-content has-white-color has-darkgray-background-color has-text-color has-background is-layout-constrained wp-block-group-is-layout-constrained\" style=\"padding-top:var(--wp--preset--spacing--section-bottom);padding-bottom:var(--wp--preset--spacing--section-bottom)\">\n<div class=\"wp-block-columns alignwide mobile-reverse is-layout-flex wp-container-core-columns-is-layout-ca64bf2d wp-block-columns-is-layout-flex\" style=\"margin-bottom:var(--wp--preset--spacing--side-padding)\">\n<div class=\"wp-block-column is-vertically-aligned-center is-layout-flow wp-block-column-is-layout-flow\">\n<h3 class=\"wp-block-heading\" style=\"margin-bottom:var(--wp--preset--spacing--h-3-bottom)\">Barra Olymic Evolve &#8211; 150 cm<\/h3>\n\n\n\n<p><strong><em><strong><em>150 cm<\/em><\/strong><\/em><\/strong><\/p>\n\n\n\n<p style=\"margin-bottom:var(--wp--preset--spacing--tb-section-padding)\">Migliora il tuo allenamento con la barra olimpica Evolve, un bilanciere di qualit\u00e0 superiore da 150 cm progettato per garantire prestazioni e durata superiori.  <\/p>\n<\/div>\n\n\n\n<div class=\"wp-block-column is-vertically-aligned-center is-layout-flow wp-block-column-is-layout-flow\">\n<figure class=\"wp-block-image size-large\"><img loading=\"lazy\" decoding=\"async\" width=\"683\" height=\"1024\" src=\"https:\/\/store.evolve-fitness.eu\/wp-content\/uploads\/2024\/07\/A7_06078-683x1024.jpg\" alt=\"\" class=\"wp-image-92188\" srcset=\"https:\/\/store.evolve-fitness.eu\/wp-content\/uploads\/2024\/07\/A7_06078-683x1024.jpg 683w, https:\/\/store.evolve-fitness.eu\/wp-content\/uploads\/2024\/07\/A7_06078-200x300.jpg 200w, https:\/\/store.evolve-fitness.eu\/wp-content\/uploads\/2024\/07\/A7_06078-768x1152.jpg 768w, https:\/\/store.evolve-fitness.eu\/wp-content\/uploads\/2024\/07\/A7_06078-1024x1536.jpg 1024w, https:\/\/store.evolve-fitness.eu\/wp-content\/uploads\/2024\/07\/A7_06078-600x900.jpg 600w, https:\/\/store.evolve-fitness.eu\/wp-content\/uploads\/2024\/07\/A7_06078.jpg 1280w\" sizes=\"auto, (max-width: 683px) 100vw, 683px\" \/><\/figure>\n<\/div>\n<\/div>\n<\/section>\n<\/section>\n<\/section>\n","protected":false},"excerpt":{"rendered":"<p>Migliorate il vostro allenamento con la barra olimpica Evolve, un bilanciere di qualit\u00e0 superiore da 150 cm progettato per garantire prestazioni e durata superiori. Con un peso di 12 kg e una capacit\u00e0 di carico massima di 320 kg, questa barra \u00e8 perfetta sia per i principianti che per gli atleti pi\u00f9 esperti. Il diametro della boccola del piatto pesi di \u00d8 50 mm \u00e8 adatto ai pesi olimpici standard, mentre il diametro interno della barra di \u00d8 30 mm garantisce una presa confortevole. La barra presenta boccole di alta qualit\u00e0 per una rotazione fluida, una finitura cromata sulla superficie interna e sul manicotto del peso per una maggiore durata e una lunghezza della boccola di 250 mm per le piastre di peso. Con una profondit\u00e0 della zigrinatura di 1 mm, una zigrinatura standard IWF e un&#8217;affilatura media, la barra olimpica Evolve offre una presa ottimale, riducendo il rischio di scivolamento durante i sollevamenti pesanti. Con una garanzia di 2 anni, questa barra \u00e8 un&#8217;aggiunta affidabile a qualsiasi palestra o spazio di allenamento domestico.<\/p>\n<p>\n","protected":false},"featured_media":30434,"template":"","meta":{"_acf_changed":false,"inline_featured_image":false},"product_cat":[2414,985,1037],"product_tag":[],"class_list":{"0":"post-30424","1":"product","2":"type-product","3":"status-publish","4":"has-post-thumbnail","6":"product_cat-hyrox-gear","7":"product_cat-pesi-liberi","8":"product_cat-bar-e-accessori","10":"first","11":"instock","12":"shipping-taxable","13":"purchasable","14":"product-type-simple"},"acf":[],"_links":{"self":[{"href":"https:\/\/store.evolve-fitness.eu\/it\/wp-json\/wp\/v2\/product\/30424","targetHints":{"allow":["GET"]}}],"collection":[{"href":"https:\/\/store.evolve-fitness.eu\/it\/wp-json\/wp\/v2\/product"}],"about":[{"href":"https:\/\/store.evolve-fitness.eu\/it\/wp-json\/wp\/v2\/types\/product"}],"wp:featuredmedia":[{"embeddable":true,"href":"https:\/\/store.evolve-fitness.eu\/it\/wp-json\/wp\/v2\/media\/30434"}],"wp:attachment":[{"href":"https:\/\/store.evolve-fitness.eu\/it\/wp-json\/wp\/v2\/media?parent=30424"}],"wp:term":[{"taxonomy":"product_cat","embeddable":true,"href":"https:\/\/store.evolve-fitness.eu\/it\/wp-json\/wp\/v2\/product_cat?post=30424"},{"taxonomy":"product_tag","embeddable":true,"href":"https:\/\/store.evolve-fitness.eu\/it\/wp-json\/wp\/v2\/product_tag?post=30424"}],"curies":[{"name":"wp","href":"https:\/\/api.w.org\/{rel}","templated":true}]}}