{"id":29913,"date":"2023-10-12T06:45:47","date_gmt":"2023-10-12T06:45:47","guid":{"rendered":"https:\/\/store.evolve-fitness.eu\/product\/evolvere-lalbero-delle-piastre-di-peso\/"},"modified":"2026-04-08T12:00:19","modified_gmt":"2026-04-08T12:00:19","slug":"evolvere-lalbero-delle-piastre-di-peso","status":"publish","type":"product","link":"https:\/\/store.evolve-fitness.eu\/it\/prodotto\/evolvere-lalbero-delle-piastre-di-peso\/","title":{"rendered":"Evolvere l&#8217;albero delle piastre di peso"},"content":{"rendered":"\n<section class=\"wp-block-group alignfull black-content has-white-color has-darkgray-background-color has-text-color has-background is-layout-constrained wp-block-group-is-layout-constrained\" style=\"padding-top:var(--wp--preset--spacing--section-bottom);padding-bottom:var(--wp--preset--spacing--section-bottom)\">\n<p class=\"has-text-align-center has-medium-2-font-size\"><strong>Massimizzare lo spazio in palestra<\/strong>: <strong>la soluzione di stoccaggio definitiva<\/strong><\/p>\n\n\n\n<p class=\"has-text-align-center has-medium-font-size\">Benvenuti nel mondo del sollevamento pesi efficiente e organizzato con l&#8217;albero portapesi Evolve. Progettato per le piastre di peso olimpiche, questo telaio verticale non \u00e8 solo un risparmio di spazio, ma anche una testimonianza di durata e sicurezza.<\/p>\n\n\n\n<div class=\"wp-block-columns alignwide mobile-reverse is-layout-flex wp-container-core-columns-is-layout-ca64bf2d wp-block-columns-is-layout-flex\" style=\"margin-bottom:var(--wp--preset--spacing--side-padding)\">\n<div class=\"wp-block-column is-vertically-aligned-center is-layout-flow wp-block-column-is-layout-flow\">\n<h3 class=\"wp-block-heading\" style=\"margin-bottom:var(--wp--preset--spacing--h-3-bottom)\"><strong><strong><strong><strong><strong><strong><strong><strong><strong>Costruzione durevole e di lunga durata<\/strong><\/strong><\/strong><\/strong><\/strong><\/strong><\/strong><\/strong><\/strong><\/h3>\n\n\n\n<p>Realizzato per durare nel tempo, l&#8217;albero portapesi Evolve presenta un robusto telaio saldato che combina tubi circolari \u230076 x 2,5 mm e rettangolari 50 x 100 x 3 mm. I dadi e i bulloni in acciaio inossidabile ne rafforzano la stabilit\u00e0, rendendola ideale per palestre commerciali ad alto traffico, strutture militari, centri fitness per uffici e spa. La finitura a polvere aggiunge un&#8217;estetica decisa e protegge da graffi e ruggine.<\/p>\n<\/div>\n\n\n\n<div class=\"wp-block-column is-vertically-aligned-center is-layout-flow wp-block-column-is-layout-flow\">\n<figure class=\"wp-block-image alignright size-full is-resized is-style-rounded\"><img decoding=\"async\" src=\"https:\/\/evolve-fitness.eu\/wp-content\/uploads\/2023\/11\/Evolve-Weight-Plates-Tree.png\" alt=\"\" class=\"wp-image-5994\" style=\"object-fit:cover;width:680px;height:600px\"\/><\/figure>\n<\/div>\n<\/div>\n\n\n\n<div class=\"wp-block-columns alignwide is-layout-flex wp-container-core-columns-is-layout-c45ee707 wp-block-columns-is-layout-flex\" style=\"margin-bottom:var(--wp--preset--spacing--side-padding);padding-top:var(--wp--preset--spacing--side-padding)\">\n<div class=\"wp-block-column is-vertically-aligned-center is-layout-flow wp-block-column-is-layout-flow\">\n<figure class=\"wp-block-image size-full is-resized is-style-rounded\"><img decoding=\"async\" src=\"https:\/\/evolve-fitness.eu\/wp-content\/uploads\/2023\/11\/Evolve-Weight-Plates-Tree1.png\" alt=\"\" class=\"wp-image-5990\" style=\"object-fit:cover;width:680px;height:600px\"\/><\/figure>\n<\/div>\n\n\n\n<div class=\"wp-block-column is-vertically-aligned-center is-layout-constrained wp-block-column-is-layout-constrained\">\n<h3 class=\"wp-block-heading\" style=\"margin-bottom:var(--wp--preset--spacing--h-3-bottom)\"><strong><strong><strong><strong><strong><strong><strong><strong><strong>Design comodo e salvaspazio<\/strong><\/strong><\/strong><\/strong><\/strong><\/strong><\/strong><\/strong><\/strong><\/h3>\n\n\n\n<p>Questo design compatto e verticale non \u00e8 solo un risparmio di spazio, ma anche il sogno di un organizzatore. Facilmente accessibile e ordinata, la rastrelliera consente di selezionare i pesi senza problemi. \u00c8 un complemento perfetto per qualsiasi palestra domestica o ambiente commerciale, per garantire un&#8217;area di allenamento priva di ingombri.<\/p>\n<\/div>\n<\/div>\n\n\n\n<div class=\"wp-block-columns alignwide is-layout-flex wp-container-core-columns-is-layout-c45ee707 wp-block-columns-is-layout-flex\" style=\"margin-bottom:var(--wp--preset--spacing--side-padding);padding-top:var(--wp--preset--spacing--side-padding)\">\n<div class=\"wp-block-column is-vertically-aligned-center is-layout-constrained wp-block-column-is-layout-constrained\">\n<h3 class=\"wp-block-heading\" style=\"margin-bottom:var(--wp--preset--spacing--h-3-bottom)\"><strong><strong><strong><strong><strong><strong><strong><strong><strong><strong>Sicurezza e stabilit\u00e0 senza compromessi<\/strong><\/strong><\/strong><\/strong><\/strong><\/strong><\/strong><\/strong><\/strong><\/strong><\/h3>\n\n\n\n<p>Per dare priorit\u00e0 alla vostra sicurezza, le barre portapesi sono rivestite in materiale ad alta resistenza e antiusura, conforme agli standard GB 17498-2008 e UE EN2057. Con le certificazioni ROSH e REACH, potete essere certi della sua qualit\u00e0. I morbidi copripiedi in PVC proteggono i pavimenti e assicurano la stabilit\u00e0 durante le sessioni di allenamento pi\u00f9 intense.<\/p>\n<\/div>\n\n\n\n<div class=\"wp-block-column is-vertically-aligned-center is-layout-flow wp-block-column-is-layout-flow\">\n<figure class=\"wp-block-image size-full is-resized is-style-rounded\"><img decoding=\"async\" src=\"https:\/\/evolve-fitness.eu\/wp-content\/uploads\/2023\/11\/Dizainas-be-pavadinimo-hgh-edited-1.png\" alt=\"\" class=\"wp-image-6002\" style=\"object-fit:cover;width:680px;height:600px\"\/><\/figure>\n<\/div>\n<\/div>\n<\/section>\n","protected":false},"excerpt":{"rendered":"<p>Vi presentiamo l&#8217;albero di piastre per pesi Evolve, il massimo dell&#8217;organizzazione e della durata in palestra. Progettato specificamente per le piastre di peso olimpiche, questa meraviglia verticale vanta un telaio robusto, sapientemente saldato con materiali ad alta resistenza e rifinito con un&#8217;elegante verniciatura a polvere antigraffio. Ideale sia per le palestre commerciali che per gli appassionati di fitness a casa, promette sicurezza grazie alle barre protettive resistenti all&#8217;usura e ai piedini in PVC adatti al pavimento. Il suo design compatto non solo consente di risparmiare spazio, ma assicura anche che i pesi siano ordinati e facilmente accessibili. Con una capacit\u00e0 di carico massima di 600 kg e una solida garanzia di due anni, l&#8217;albero di piastre per pesi Evolve \u00e8 un&#8217;aggiunta essenziale a qualsiasi spazio per il fitness, offrendo una stabilit\u00e0 senza pari e un ambiente privo di ingombri. Elevate la vostra area di allenamento con questa soluzione elegante, efficiente e di lunga durata.<\/p>\n","protected":false},"featured_media":96156,"template":"","meta":{"_acf_changed":false,"inline_featured_image":false},"product_cat":[528,985,986],"product_tag":[],"class_list":{"0":"post-29913","1":"product","2":"type-product","3":"status-publish","4":"has-post-thumbnail","6":"product_cat-pagina-iniziale","7":"product_cat-pesi-liberi","8":"product_cat-cremagliere-e-soluzioni-di-stoccaggio","10":"first","11":"instock","12":"shipping-taxable","13":"purchasable","14":"product-type-simple"},"acf":[],"_links":{"self":[{"href":"https:\/\/store.evolve-fitness.eu\/it\/wp-json\/wp\/v2\/product\/29913","targetHints":{"allow":["GET"]}}],"collection":[{"href":"https:\/\/store.evolve-fitness.eu\/it\/wp-json\/wp\/v2\/product"}],"about":[{"href":"https:\/\/store.evolve-fitness.eu\/it\/wp-json\/wp\/v2\/types\/product"}],"wp:featuredmedia":[{"embeddable":true,"href":"https:\/\/store.evolve-fitness.eu\/it\/wp-json\/wp\/v2\/media\/96156"}],"wp:attachment":[{"href":"https:\/\/store.evolve-fitness.eu\/it\/wp-json\/wp\/v2\/media?parent=29913"}],"wp:term":[{"taxonomy":"product_cat","embeddable":true,"href":"https:\/\/store.evolve-fitness.eu\/it\/wp-json\/wp\/v2\/product_cat?post=29913"},{"taxonomy":"product_tag","embeddable":true,"href":"https:\/\/store.evolve-fitness.eu\/it\/wp-json\/wp\/v2\/product_tag?post=29913"}],"curies":[{"name":"wp","href":"https:\/\/api.w.org\/{rel}","templated":true}]}}