{"id":29594,"date":"2023-10-12T06:28:37","date_gmt":"2023-10-12T06:28:37","guid":{"rendered":"https:\/\/store.evolve-fitness.eu\/product\/rack-per-bilancieri-a-peso-fisso-evolve-10-pz\/"},"modified":"2026-04-21T12:00:36","modified_gmt":"2026-04-21T12:00:36","slug":"rack-per-bilancieri-a-peso-fisso-evolve-10-pz","status":"publish","type":"product","link":"https:\/\/store.evolve-fitness.eu\/it\/prodotto\/rack-per-bilancieri-a-peso-fisso-evolve-10-pz\/","title":{"rendered":"Rack per bilancieri a peso fisso Evolve &#8211; 10 pz."},"content":{"rendered":"\n<section class=\"wp-block-group alignfull black-content has-white-color has-darkgray-background-color has-text-color has-background is-layout-constrained wp-block-group-is-layout-constrained\" style=\"padding-top:var(--wp--preset--spacing--section-bottom);padding-bottom:var(--wp--preset--spacing--section-bottom)\">\n<div class=\"wp-block-columns alignwide mobile-reverse is-layout-flex wp-container-core-columns-is-layout-ca64bf2d wp-block-columns-is-layout-flex\" style=\"margin-bottom:var(--wp--preset--spacing--side-padding)\">\n<div class=\"wp-block-column is-vertically-aligned-center is-layout-flow wp-block-column-is-layout-flow\">\n<h3 class=\"wp-block-heading\" style=\"margin-bottom:var(--wp--preset--spacing--h-3-bottom)\"><strong><strong><strong><strong><strong><strong><strong>Costruzione durevole e di lunga durata<\/strong><\/strong><\/strong><\/strong><\/strong><\/strong><\/strong><\/h3>\n\n\n\n<p>Realizzato con tubi circolari \u230076 x 2,5 mm e rettangolari 50 x 100 x 3 mm ad alta resistenza e ad alta frequenza, il rack per bilancieri fissi Evolve \u00e8 progettato per resistere ai rigori di una palestra commerciale. I dadi e i bulloni in acciaio inossidabile ne rafforzano la stabilit\u00e0, mentre l&#8217;avanzata tecnologia di verniciatura a polvere assicura una finitura robusta, antigraffio e antiruggine. Questa rastrelliera non \u00e8 solo costruita per durare, ma \u00e8 progettata per stupire.<\/p>\n<\/div>\n\n\n\n<div class=\"wp-block-column is-vertically-aligned-center is-layout-flow wp-block-column-is-layout-flow\">\n<figure class=\"wp-block-image alignright size-full is-resized is-style-rounded\"><img decoding=\"async\" src=\"https:\/\/evolve-fitness.eu\/wp-content\/uploads\/2023\/11\/Evolve-fixed-weight-barbell-rack1.png\" alt=\"\" class=\"wp-image-5977\" style=\"object-fit:cover;width:680px;height:600px\"\/><\/figure>\n<\/div>\n<\/div>\n\n\n\n<div class=\"wp-block-columns alignwide is-layout-flex wp-container-core-columns-is-layout-c45ee707 wp-block-columns-is-layout-flex\" style=\"margin-bottom:var(--wp--preset--spacing--side-padding);padding-top:var(--wp--preset--spacing--side-padding)\">\n<div class=\"wp-block-column is-vertically-aligned-center is-layout-flow wp-block-column-is-layout-flow\">\n<figure class=\"wp-block-video\"><video height=\"1673\" style=\"aspect-ratio: 1644 \/ 1673;\" width=\"1644\" autoplay=\"\" controls=\"\" loop=\"\" muted=\"\" src=\"https:\/\/evolve-fitness.eu\/wp-content\/uploads\/2023\/12\/1-8.mp4\"><\/video><\/figure>\n<\/div>\n\n\n\n<div class=\"wp-block-column is-vertically-aligned-center is-layout-constrained wp-block-column-is-layout-constrained\">\n<h3 class=\"wp-block-heading\" style=\"margin-bottom:var(--wp--preset--spacing--h-3-bottom)\"><strong><strong><strong><strong><strong><strong><strong>Design funzionale e facile da usare<\/strong><\/strong><\/strong><\/strong><\/strong><\/strong><\/strong><\/h3>\n\n\n\n<p>Dotato di coperture in gomma sui piedi per evitare danni al pavimento e migliorare la stabilit\u00e0, il design del rack privilegia sia la funzionalit\u00e0 che l&#8217;estetica. Le opzioni di montaggio a terra garantiscono ulteriormente la stabilit\u00e0. Le culle, realizzate in materiale protettivo, proteggono le impugnature del bilanciere da eventuali scheggiature, mantenendo inalterate le condizioni dell&#8217;attrezzatura. Il design angolato facilita il posizionamento e la rimozione del bilanciere, semplificando le sessioni di allenamento.<\/p>\n<\/div>\n<\/div>\n\n\n\n<div class=\"wp-block-columns alignwide is-layout-flex wp-container-core-columns-is-layout-c45ee707 wp-block-columns-is-layout-flex\" style=\"margin-bottom:var(--wp--preset--spacing--side-padding);padding-top:var(--wp--preset--spacing--side-padding)\">\n<div class=\"wp-block-column is-vertically-aligned-center is-layout-constrained wp-block-column-is-layout-constrained\">\n<h3 class=\"wp-block-heading\" style=\"margin-bottom:var(--wp--preset--spacing--h-3-bottom)\"><strong><strong><strong><strong><strong><strong><strong><strong>Spazio efficiente e organizzato per l&#8217;archiviazione<\/strong><\/strong><\/strong><\/strong><\/strong><\/strong><\/strong><\/strong><\/h3>\n\n\n\n<p>Il design compatto e verticale di Evolve Barbell Rack non solo consente di risparmiare spazio prezioso in palestra, ma anche di avere una configurazione organizzata e accessibile. Con la capacit\u00e0 di contenere 10 bilancieri, assicura che l&#8217;area di allenamento rimanga libera e che i pesi siano sempre a portata di mano.<\/p>\n\n\n\n<h3 class=\"wp-block-heading\" style=\"margin-bottom:var(--wp--preset--spacing--h-3-bottom)\"><strong><strong><strong><strong><strong><strong><strong><strong><strong>Personalizzabile per riflettere il vostro marchio<\/strong><\/strong><\/strong><\/strong><\/strong><\/strong><\/strong><\/strong><\/strong><\/h3>\n\n\n\n<p>Completate l&#8217;estetica della vostra palestra personalizzando l&#8217;Evolve Rack in base alla combinazione di colori del vostro marchio. Questa funzione consente di creare un ambiente di allenamento coeso e visivamente accattivante, adattato al vostro stile unico.<\/p>\n<\/div>\n\n\n\n<div class=\"wp-block-column is-vertically-aligned-center is-layout-flow wp-block-column-is-layout-flow\">\n<figure class=\"wp-block-image size-large\"><img decoding=\"async\" src=\"https:\/\/evolve-fitness.eu\/wp-content\/uploads\/2023\/11\/A7_08334-683x1024.jpg\" alt=\"\" class=\"wp-image-8772\"\/><\/figure>\n<\/div>\n<\/div>\n\n\n\n<p class=\"has-text-align-center has-medium-2-font-size\" style=\"padding-top:var(--wp--preset--spacing--tb-padding);padding-bottom:var(--wp--preset--spacing--tb-padding)\"><strong>Migliorate la vostra palestra con la rastrelliera per bilancieri a peso fisso Evolve: un mix di durata, funzionalit\u00e0 e stile. Ordinate ora e sperimentate la trasformazione che apporta al vostro spazio fitness!<\/strong><\/p>\n<\/section>\n","protected":false},"excerpt":{"rendered":"<p>Elevate il vostro spazio fitness con il rack per bilancieri a peso fisso Evolve, una soluzione robusta ed elegante per organizzare l&#8217;attrezzatura da palestra. Progettato per contenere fino a 10 bilancieri a peso fisso, questo rack \u00e8 l&#8217;aggiunta ideale a qualsiasi palestra commerciale ad alto utilizzo, struttura militare, palestra d&#8217;ufficio o persino area fitness domestica.<\/p>\n","protected":false},"featured_media":96003,"template":"","meta":{"_acf_changed":false,"inline_featured_image":false},"product_cat":[528,985,986],"product_tag":[],"class_list":{"0":"post-29594","1":"product","2":"type-product","3":"status-publish","4":"has-post-thumbnail","6":"product_cat-pagina-iniziale","7":"product_cat-pesi-liberi","8":"product_cat-cremagliere-e-soluzioni-di-stoccaggio","10":"first","11":"outofstock","12":"shipping-taxable","13":"purchasable","14":"product-type-simple"},"acf":[],"_links":{"self":[{"href":"https:\/\/store.evolve-fitness.eu\/it\/wp-json\/wp\/v2\/product\/29594","targetHints":{"allow":["GET"]}}],"collection":[{"href":"https:\/\/store.evolve-fitness.eu\/it\/wp-json\/wp\/v2\/product"}],"about":[{"href":"https:\/\/store.evolve-fitness.eu\/it\/wp-json\/wp\/v2\/types\/product"}],"wp:featuredmedia":[{"embeddable":true,"href":"https:\/\/store.evolve-fitness.eu\/it\/wp-json\/wp\/v2\/media\/96003"}],"wp:attachment":[{"href":"https:\/\/store.evolve-fitness.eu\/it\/wp-json\/wp\/v2\/media?parent=29594"}],"wp:term":[{"taxonomy":"product_cat","embeddable":true,"href":"https:\/\/store.evolve-fitness.eu\/it\/wp-json\/wp\/v2\/product_cat?post=29594"},{"taxonomy":"product_tag","embeddable":true,"href":"https:\/\/store.evolve-fitness.eu\/it\/wp-json\/wp\/v2\/product_tag?post=29594"}],"curies":[{"name":"wp","href":"https:\/\/api.w.org\/{rel}","templated":true}]}}