{"id":29020,"date":"2023-10-11T06:51:37","date_gmt":"2023-10-11T06:51:37","guid":{"rendered":"https:\/\/store.evolve-fitness.eu\/product\/cremagliera-completa-evolve-230-270-cm\/"},"modified":"2025-11-07T11:43:29","modified_gmt":"2025-11-07T11:43:29","slug":"cremagliera-completa-evolve-230-270-cm","status":"publish","type":"product","link":"https:\/\/store.evolve-fitness.eu\/it\/prodotto\/cremagliera-completa-evolve-230-270-cm\/","title":{"rendered":"Evolve Power Rack completo 230 &#8211; 270 cm"},"content":{"rendered":"\n<section class=\"wp-block-group alignfull black-content has-white-color has-darkgray-background-color has-text-color has-background is-layout-constrained wp-block-group-is-layout-constrained\" style=\"padding-top:var(--wp--preset--spacing--section-bottom);padding-bottom:var(--wp--preset--spacing--section-bottom)\">\n<div class=\"wp-block-columns alignwide mobile-reverse is-layout-flex wp-container-core-columns-is-layout-ca64bf2d wp-block-columns-is-layout-flex\" style=\"margin-bottom:var(--wp--preset--spacing--side-padding)\">\n<div class=\"wp-block-column is-vertically-aligned-center is-layout-flow wp-block-column-is-layout-flow\">\n<h3 class=\"wp-block-heading\" style=\"margin-bottom:var(--wp--preset--spacing--h-3-bottom)\"><strong><strong><strong><strong><strong><strong><strong>robusta e versatile Costruzione<\/strong><\/strong><\/strong><\/strong><\/strong><\/strong><\/strong><\/h3>\n\n\n\n<p>L&#8217;Evolve PR-01 Complete Power Rack 230 &#8211; 270 cm \u00e8 un attrezzo per l&#8217;allenamento della forza robusto e versatile, ideale per le palestre commerciali. Queste caratteristiche lo rendono una scelta eccellente per una serie di esercizi di forza, supportando diverse routine di allenamento e puntando sull&#8217;affidabilit\u00e0 a lungo termine. L&#8217;Evolve PR-01 Half Rack \u00e8 progettato per ospitare un&#8217;ampia gamma di esercizi di forza. Le sue caratteristiche regolabili, tra cui i ganci a J e le barre di sicurezza, offrono versatilit\u00e0 per esercizi come squat, panca e sollevamento pesi.<\/p>\n<\/div>\n\n\n\n<div class=\"wp-block-column is-vertically-aligned-center is-layout-flow wp-block-column-is-layout-flow\">\n<figure class=\"wp-block-image size-large\"><img decoding=\"async\" src=\"https:\/\/evolve-fitness.eu\/wp-content\/uploads\/2023\/12\/EV-CR-PR-01-2-1024x683.jpg\" alt=\"EV-CR-PR-01\" class=\"wp-image-10941\"\/><\/figure>\n<\/div>\n<\/div>\n\n\n\n<div class=\"wp-block-columns alignwide is-layout-flex wp-container-core-columns-is-layout-c45ee707 wp-block-columns-is-layout-flex\" style=\"margin-bottom:var(--wp--preset--spacing--side-padding);padding-top:var(--wp--preset--spacing--side-padding)\">\n<div class=\"wp-block-column is-vertically-aligned-center is-layout-flow wp-block-column-is-layout-flow\">\n<figure class=\"wp-block-image size-large\"><img decoding=\"async\" src=\"https:\/\/evolve-fitness.eu\/wp-content\/uploads\/2023\/12\/Evolve-Power-Rack-EV-CR-PR-01-1-1024x683.jpg\" alt=\"EV-CR-PR-01\" class=\"wp-image-10939\"\/><\/figure>\n<\/div>\n\n\n\n<div class=\"wp-block-column is-vertically-aligned-center is-layout-constrained wp-block-column-is-layout-constrained\">\n<h3 class=\"wp-block-heading\" style=\"margin-bottom:var(--wp--preset--spacing--h-3-bottom)\"><strong><strong><strong><strong><strong><strong><strong><strong>COMPATTO <\/strong><\/strong><\/strong><\/strong><\/strong><\/strong><\/strong><\/strong>E design stabile<\/h3>\n\n\n\n<p>\u00c8 dotato di un robusto telaio verniciato a polvere di 3 mm di spessore in grado di sostenere fino a 1000 kg, garantendo durata e sicurezza. Il design compatto lo rende adatto a spazi ridotti, pur garantendo la robustezza necessaria per il sollevamento di carichi pesanti. Il design della rastrelliera \u00e8 ottimizzato per la stabilit\u00e0, in modo da garantire la sicurezza durante gli allenamenti pi\u00f9 intensi. Questo lo rende una scelta sicura e affidabile sia per i principianti che per i sollevatori esperti, contribuendo a creare un ambiente di allenamento efficace ed efficiente. Il sistema di stoccaggio dei pesi integrato aiuta a mantenere l&#8217;area di allenamento ordinata e sicura.<\/p>\n<\/div>\n<\/div>\n\n\n\n<div class=\"wp-block-columns alignwide is-layout-flex wp-container-core-columns-is-layout-c45ee707 wp-block-columns-is-layout-flex\" style=\"margin-bottom:var(--wp--preset--spacing--side-padding);padding-top:var(--wp--preset--spacing--side-padding)\">\n<div class=\"wp-block-column is-vertically-aligned-center is-layout-constrained wp-block-column-is-layout-constrained\">\n<h3 class=\"wp-block-heading\" style=\"margin-bottom:var(--wp--preset--spacing--h-3-bottom)\"><strong><strong><strong><strong><strong><strong><strong>precisione e funzionalit\u00e0<\/strong><\/strong><\/strong><\/strong><\/strong><\/strong><\/strong><\/h3>\n\n\n\n<p>I fori e i numeri tagliati con precisione al laser del rack Evolve HR-208 ne migliorano la funzionalit\u00e0 e la facilit\u00e0 d&#8217;uso. Queste caratteristiche consentono una regolazione rapida e precisa dei ganci a J e delle barre di sicurezza, assicurando un&#8217;impostazione efficiente per i vari esercizi. I numeri chiaramente contrassegnati aiutano anche a garantire la simmetria nel posizionamento della barra, fondamentale per un allenamento equilibrato e per la prevenzione degli infortuni.<\/p>\n<\/div>\n\n\n\n<div class=\"wp-block-column is-vertically-aligned-center is-layout-flow wp-block-column-is-layout-flow\">\n<figure class=\"wp-block-video\"><video height=\"1080\" style=\"aspect-ratio: 1920 \/ 1080;\" width=\"1920\" autoplay=\"\" controls=\"\" loop=\"\" muted=\"\" src=\"https:\/\/evolve-fitness.eu\/wp-content\/uploads\/2023\/12\/2-6.mp4\"><\/video><\/figure>\n<\/div>\n<\/div>\n<\/section>\n","protected":false},"excerpt":{"rendered":"<p>Eleva il tuo allenamento di forza a nuovi livelli con Evolve Complete Power Rack 230 &#8211; 270 cm. Costruito per durare nel tempo, con una solida struttura in metallo da 3 mm e un rivestimento in polvere antiruggine, questo power rack garantisce longevit\u00e0 e stabilit\u00e0. Il suo design versatile comprende coppe a J regolabili, bracci spotter di sicurezza e una barra multi-grip per le trazioni, per soddisfare gli utenti di tutti i livelli di fitness. Il layout funzionale \u00e8 caratterizzato da pioli incorporati e da uno spazio per riporre le barre per un&#8217;organizzazione efficiente. Ideale sia per le palestre domestiche che per quelle professionali, questo power rack \u00e8 in grado di gestire un carico massimo di 1000 kg, rappresentando una scelta robusta per raggiungere e superare i vostri obiettivi di fitness.<\/p>\n","protected":false},"featured_media":97154,"template":"","meta":{"_acf_changed":false,"inline_featured_image":false},"product_cat":[528,611,919],"product_tag":[],"class_list":{"0":"post-29020","1":"product","2":"type-product","3":"status-publish","4":"has-post-thumbnail","6":"product_cat-pagina-iniziale","7":"product_cat-interdisciplinare-e-funzionale","8":"product_cat-rack-di-alimentazione","10":"first","11":"instock","12":"shipping-taxable","13":"purchasable","14":"product-type-variable"},"acf":[],"_links":{"self":[{"href":"https:\/\/store.evolve-fitness.eu\/it\/wp-json\/wp\/v2\/product\/29020","targetHints":{"allow":["GET"]}}],"collection":[{"href":"https:\/\/store.evolve-fitness.eu\/it\/wp-json\/wp\/v2\/product"}],"about":[{"href":"https:\/\/store.evolve-fitness.eu\/it\/wp-json\/wp\/v2\/types\/product"}],"wp:featuredmedia":[{"embeddable":true,"href":"https:\/\/store.evolve-fitness.eu\/it\/wp-json\/wp\/v2\/media\/97154"}],"wp:attachment":[{"href":"https:\/\/store.evolve-fitness.eu\/it\/wp-json\/wp\/v2\/media?parent=29020"}],"wp:term":[{"taxonomy":"product_cat","embeddable":true,"href":"https:\/\/store.evolve-fitness.eu\/it\/wp-json\/wp\/v2\/product_cat?post=29020"},{"taxonomy":"product_tag","embeddable":true,"href":"https:\/\/store.evolve-fitness.eu\/it\/wp-json\/wp\/v2\/product_tag?post=29020"}],"curies":[{"name":"wp","href":"https:\/\/api.w.org\/{rel}","templated":true}]}}