{"id":27327,"date":"2023-10-04T10:39:24","date_gmt":"2023-10-04T10:39:24","guid":{"rendered":"https:\/\/store.evolve-fitness.eu\/product\/braccia-per-jammer-evolve\/"},"modified":"2024-03-13T23:19:16","modified_gmt":"2024-03-13T23:19:16","slug":"braccia-per-jammer-evolve","status":"publish","type":"product","link":"https:\/\/store.evolve-fitness.eu\/it\/prodotto\/braccia-per-jammer-evolve\/","title":{"rendered":"Braccia per jammer Evolve"},"content":{"rendered":"","protected":false},"excerpt":{"rendered":"<p>Elevate la versatilit\u00e0 del vostro allenamento con le braccia Jammer di Evolve. Progettati per l&#8217;uso con i rig Evolve, questi accessori modulari aprono le porte a un&#8217;ampia gamma di opzioni di allenamento, sia che si tratti di fitness funzionale, crossfit, lezioni di gruppo o allenamenti individuali. Personalizzate il vostro impianto di perforazione per soddisfare le vostre esigenze e ampliate le sue capacit\u00e0 collegando senza problemi vari accessori. Provate le possibilit\u00e0 di allenamento migliorate e la funzionalit\u00e0 ottimizzata di questa apparecchiatura essenziale. Prezzo al paio.<\/p>\n","protected":false},"featured_media":147995,"template":"","meta":{"_acf_changed":false,"inline_featured_image":false},"product_cat":[528,611,662,663],"product_tag":[],"class_list":{"0":"post-27327","1":"product","2":"type-product","3":"status-publish","4":"has-post-thumbnail","6":"product_cat-pagina-iniziale","7":"product_cat-interdisciplinare-e-funzionale","8":"product_cat-componenti-dellimpianto-di-perforazione","9":"product_cat-accessori","11":"first","12":"outofstock","13":"shipping-taxable","14":"purchasable","15":"product-type-simple"},"acf":[],"_links":{"self":[{"href":"https:\/\/store.evolve-fitness.eu\/it\/wp-json\/wp\/v2\/product\/27327","targetHints":{"allow":["GET"]}}],"collection":[{"href":"https:\/\/store.evolve-fitness.eu\/it\/wp-json\/wp\/v2\/product"}],"about":[{"href":"https:\/\/store.evolve-fitness.eu\/it\/wp-json\/wp\/v2\/types\/product"}],"wp:featuredmedia":[{"embeddable":true,"href":"https:\/\/store.evolve-fitness.eu\/it\/wp-json\/wp\/v2\/media\/147995"}],"wp:attachment":[{"href":"https:\/\/store.evolve-fitness.eu\/it\/wp-json\/wp\/v2\/media?parent=27327"}],"wp:term":[{"taxonomy":"product_cat","embeddable":true,"href":"https:\/\/store.evolve-fitness.eu\/it\/wp-json\/wp\/v2\/product_cat?post=27327"},{"taxonomy":"product_tag","embeddable":true,"href":"https:\/\/store.evolve-fitness.eu\/it\/wp-json\/wp\/v2\/product_tag?post=27327"}],"curies":[{"name":"wp","href":"https:\/\/api.w.org\/{rel}","templated":true}]}}