{"id":26641,"date":"2023-10-04T06:13:04","date_gmt":"2023-10-04T06:13:04","guid":{"rendered":"https:\/\/store.evolve-fitness.eu\/product\/evolve-wall-magazzino-per-sfere-e-piastre-paracolpi-1100-1800-mm\/"},"modified":"2026-04-04T12:00:43","modified_gmt":"2026-04-04T12:00:43","slug":"evolve-wall-magazzino-per-sfere-e-piastre-paracolpi-1100-1800-mm","status":"publish","type":"product","link":"https:\/\/store.evolve-fitness.eu\/it\/prodotto\/evolve-wall-magazzino-per-sfere-e-piastre-paracolpi-1100-1800-mm\/","title":{"rendered":"Evolve Wall Ball e Bumper Plate Storage &#8211; 1100 \/ 1800 mm"},"content":{"rendered":"","protected":false},"excerpt":{"rendered":"<p>Migliorate il vostro spazio fitness con la versatile soluzione Evolve per lo stoccaggio di palle e piastre da parete, disponibile in due comode lunghezze: 1100 mm e 1800 mm. Realizzati per l&#8217;allenamento funzionale, crossfit, di gruppo o individuale, questi rig modulari possono essere personalizzati per soddisfare le vostre esigenze specifiche. Grazie alla possibilit\u00e0 di collegare un&#8217;ampia gamma di accessori, \u00e8 possibile migliorare l&#8217;esperienza di allenamento senza sforzo. Investite in un&#8217;area di allenamento pi\u00f9 organizzata ed efficiente con questa attrezzatura essenziale, progettata per mantenere il vostro spazio libero da ingombri e i vostri allenamenti al meglio.<\/p>\n","protected":false},"featured_media":26712,"template":"","meta":{"_acf_changed":false,"inline_featured_image":false},"product_cat":[528,611,662,673],"product_tag":[],"class_list":{"0":"post-26641","1":"product","2":"type-product","3":"status-publish","4":"has-post-thumbnail","6":"product_cat-pagina-iniziale","7":"product_cat-interdisciplinare-e-funzionale","8":"product_cat-componenti-dellimpianto-di-perforazione","9":"product_cat-immagazzinamento","11":"first","12":"instock","13":"shipping-taxable","14":"purchasable","15":"product-type-variable"},"acf":[],"_links":{"self":[{"href":"https:\/\/store.evolve-fitness.eu\/it\/wp-json\/wp\/v2\/product\/26641","targetHints":{"allow":["GET"]}}],"collection":[{"href":"https:\/\/store.evolve-fitness.eu\/it\/wp-json\/wp\/v2\/product"}],"about":[{"href":"https:\/\/store.evolve-fitness.eu\/it\/wp-json\/wp\/v2\/types\/product"}],"wp:featuredmedia":[{"embeddable":true,"href":"https:\/\/store.evolve-fitness.eu\/it\/wp-json\/wp\/v2\/media\/26712"}],"wp:attachment":[{"href":"https:\/\/store.evolve-fitness.eu\/it\/wp-json\/wp\/v2\/media?parent=26641"}],"wp:term":[{"taxonomy":"product_cat","embeddable":true,"href":"https:\/\/store.evolve-fitness.eu\/it\/wp-json\/wp\/v2\/product_cat?post=26641"},{"taxonomy":"product_tag","embeddable":true,"href":"https:\/\/store.evolve-fitness.eu\/it\/wp-json\/wp\/v2\/product_tag?post=26641"}],"curies":[{"name":"wp","href":"https:\/\/api.w.org\/{rel}","templated":true}]}}