{"id":25102,"date":"2023-10-02T14:44:57","date_gmt":"2023-10-02T14:44:57","guid":{"rendered":"https:\/\/store.evolve-fitness.eu\/product\/cremagliera-da-parete-evolve\/"},"modified":"2024-08-01T10:06:17","modified_gmt":"2024-08-01T10:06:17","slug":"cremagliera-da-parete-evolve","status":"publish","type":"product","link":"https:\/\/store.evolve-fitness.eu\/it\/prodotto\/cremagliera-da-parete-evolve\/","title":{"rendered":"Cremagliera da parete Evolve"},"content":{"rendered":"","protected":false},"excerpt":{"rendered":"<p>Elevate la vostra routine di allenamento per la forza con il rack per barre multifunzione a parete Evolve. Questa rastrelliera efficiente dal punto di vista dello spazio \u00e8 progettata per esercizi versatili con bilanciere e presenta punti dedicati per riporre e fissare bande di resistenza e accessori per l&#8217;allenamento. Ideale per gli spazi compatti, questa rastrelliera a parete garantisce praticit\u00e0 e accessibilit\u00e0 per una variet\u00e0 di allenamenti con bilanciere. Migliorate il vostro regime di fitness massimizzando la funzionalit\u00e0 e l&#8217;organizzazione con la rastrelliera multifunzionale a parete Evolve, che offre una soluzione perfetta per gli appassionati di bilancieri che cercano una configurazione compatta ed efficiente per l&#8217;allenamento.<\/p>\n","protected":false},"featured_media":25122,"template":"","meta":{"_acf_changed":false,"inline_featured_image":false},"product_cat":[528,611,938],"product_tag":[],"class_list":{"0":"post-25102","1":"product","2":"type-product","3":"status-publish","4":"has-post-thumbnail","6":"product_cat-pagina-iniziale","7":"product_cat-interdisciplinare-e-funzionale","8":"product_cat-supporti-a-parete","10":"first","11":"instock","12":"shipping-taxable","13":"purchasable","14":"product-type-simple"},"acf":[],"_links":{"self":[{"href":"https:\/\/store.evolve-fitness.eu\/it\/wp-json\/wp\/v2\/product\/25102","targetHints":{"allow":["GET"]}}],"collection":[{"href":"https:\/\/store.evolve-fitness.eu\/it\/wp-json\/wp\/v2\/product"}],"about":[{"href":"https:\/\/store.evolve-fitness.eu\/it\/wp-json\/wp\/v2\/types\/product"}],"wp:featuredmedia":[{"embeddable":true,"href":"https:\/\/store.evolve-fitness.eu\/it\/wp-json\/wp\/v2\/media\/25122"}],"wp:attachment":[{"href":"https:\/\/store.evolve-fitness.eu\/it\/wp-json\/wp\/v2\/media?parent=25102"}],"wp:term":[{"taxonomy":"product_cat","embeddable":true,"href":"https:\/\/store.evolve-fitness.eu\/it\/wp-json\/wp\/v2\/product_cat?post=25102"},{"taxonomy":"product_tag","embeddable":true,"href":"https:\/\/store.evolve-fitness.eu\/it\/wp-json\/wp\/v2\/product_tag?post=25102"}],"curies":[{"name":"wp","href":"https:\/\/api.w.org\/{rel}","templated":true}]}}