{"id":23374,"date":"2023-09-27T12:19:50","date_gmt":"2023-09-27T12:19:50","guid":{"rendered":"https:\/\/store.evolve-fitness.eu\/product\/tapis-roulant-evolve-con-console-lcd\/"},"modified":"2025-03-06T13:52:01","modified_gmt":"2025-03-06T13:52:01","slug":"tapis-roulant-evolve-con-console-lcd","status":"publish","type":"product","link":"https:\/\/store.evolve-fitness.eu\/it\/prodotto\/tapis-roulant-evolve-con-console-lcd\/","title":{"rendered":"Tapis roulant Evolve con console LCD"},"content":{"rendered":"\n<section class=\"wp-block-group alignfull black-content has-white-color has-darkgray-background-color has-text-color has-background is-layout-constrained wp-block-group-is-layout-constrained\" style=\"padding-top:var(--wp--preset--spacing--section-bottom);padding-bottom:var(--wp--preset--spacing--section-bottom)\">\n<div class=\"wp-block-columns alignwide mobile-reverse is-layout-flex wp-container-core-columns-is-layout-ca64bf2d wp-block-columns-is-layout-flex\" style=\"margin-bottom:var(--wp--preset--spacing--side-padding)\">\n<div class=\"wp-block-column is-vertically-aligned-center is-layout-flow wp-block-column-is-layout-flow\">\n<h3 class=\"wp-block-heading\" style=\"margin-bottom:var(--wp--preset--spacing--h-3-bottom)\"><strong>Ammortizzazione avanzata<\/strong><\/h3>\n\n\n\n<p><strong><em><strong>Proteggere le articolazioni<\/strong><\/em><\/strong><\/p>\n\n\n\n<p style=\"margin-bottom:var(--wp--preset--spacing--tb-section-padding)\">Il piano di corsa del nostro tapis roulant \u00e8 dotato di un sistema di ammortizzazione avanzato che offre un assorbimento superiore degli urti, assicurando una buona protezione delle ginocchia e delle articolazioni. Questa tecnologia aggiunge un ulteriore rimbalzo alla falcata, garantendo non solo sicurezza ma anche comfort durante gli allenamenti.<\/p>\n\n\n\n<h3 class=\"wp-block-heading\" style=\"margin-bottom:var(--wp--preset--spacing--h-3-bottom)\"><strong>La sicurezza prima di tutto<\/strong><\/h3>\n\n\n\n<p><strong><em>Rimanere nella zona<\/em><\/strong><\/p>\n\n\n\n<p>La pedana del tapis roulant \u00e8 dotata di sponde laterali su entrambi i lati per garantire la sicurezza dell&#8217;utente. Rivestiti con un motivo antiscivolo, questi binari fungono da zona sicura in cui \u00e8 possibile riprendere il cammino in caso di emergenza, evitando potenziali incidenti.<\/p>\n<\/div>\n\n\n\n<div class=\"wp-block-column is-vertically-aligned-center is-layout-flow wp-block-column-is-layout-flow\">\n<figure class=\"wp-block-video\"><video height=\"2560\" style=\"aspect-ratio: 2560 \/ 2560;\" width=\"2560\" autoplay=\"\" controls=\"\" loop=\"\" muted=\"\" src=\"https:\/\/evolve-fitness.eu\/wp-content\/uploads\/2024\/07\/2-2.mp4\"><\/video><\/figure>\n<\/div>\n<\/div>\n\n\n\n<div class=\"wp-block-columns alignwide is-layout-flex wp-container-core-columns-is-layout-c45ee707 wp-block-columns-is-layout-flex\" style=\"margin-bottom:var(--wp--preset--spacing--side-padding);padding-top:var(--wp--preset--spacing--side-padding)\">\n<div class=\"wp-block-column is-vertically-aligned-center is-layout-flow wp-block-column-is-layout-flow\">\n<figure class=\"wp-block-image size-full is-style-default\"><img loading=\"lazy\" decoding=\"async\" width=\"1080\" height=\"1080\" src=\"https:\/\/store.evolve-fitness.eu\/wp-content\/uploads\/2024\/06\/Dizainas-be-pavadinimo-2-6.png\" alt=\"\" class=\"wp-image-81542\" srcset=\"https:\/\/store.evolve-fitness.eu\/wp-content\/uploads\/2024\/06\/Dizainas-be-pavadinimo-2-6.png 1080w, https:\/\/store.evolve-fitness.eu\/wp-content\/uploads\/2024\/06\/Dizainas-be-pavadinimo-2-6-300x300.png 300w, https:\/\/store.evolve-fitness.eu\/wp-content\/uploads\/2024\/06\/Dizainas-be-pavadinimo-2-6-1024x1024.png 1024w, https:\/\/store.evolve-fitness.eu\/wp-content\/uploads\/2024\/06\/Dizainas-be-pavadinimo-2-6-150x150.png 150w, https:\/\/store.evolve-fitness.eu\/wp-content\/uploads\/2024\/06\/Dizainas-be-pavadinimo-2-6-768x768.png 768w, https:\/\/store.evolve-fitness.eu\/wp-content\/uploads\/2024\/06\/Dizainas-be-pavadinimo-2-6-600x600.png 600w, https:\/\/store.evolve-fitness.eu\/wp-content\/uploads\/2024\/06\/Dizainas-be-pavadinimo-2-6-100x100.png 100w\" sizes=\"auto, (max-width: 1080px) 100vw, 1080px\" \/><\/figure>\n<\/div>\n\n\n\n<div class=\"wp-block-column is-vertically-aligned-center is-layout-flow wp-block-column-is-layout-flow\">\n<h3 class=\"wp-block-heading\" style=\"margin-bottom:var(--wp--preset--spacing--h-3-bottom)\"><strong>Costruito per la stabilit\u00e0<\/strong><\/h3>\n\n\n\n<p><strong><em>Peso massimo dell&#8217;utente di 150 KG<\/em><\/strong><\/p>\n\n\n\n<p style=\"margin-bottom:var(--wp--preset--spacing--tb-section-padding)\">Il nostro telaio resistente e sicuro supera le aspettative degli utenti domestici. Con un peso di 89 kg, \u00e8 in grado di sopportare pesi fino a 150 kg. Il suo design elegante e di alta gamma garantisce una notevole stabilit\u00e0 anche durante le sessioni di allenamento pi\u00f9 intense.<\/p>\n<\/div>\n<\/div>\n\n\n\n<div class=\"wp-block-columns alignwide are-vertically-aligned-center mobile-reverse is-layout-flex wp-container-core-columns-is-layout-e8158c2f wp-block-columns-is-layout-flex\" style=\"padding-top:var(--wp--preset--spacing--side-padding)\">\n<div class=\"wp-block-column is-vertically-aligned-center is-layout-flow wp-block-column-is-layout-flow\">\n<h3 class=\"wp-block-heading\" style=\"margin-bottom:var(--wp--preset--spacing--h-3-bottom)\"><strong><strong>Inclinazione per intensit\u00e0<\/strong><\/strong><\/h3>\n\n\n\n<p><strong><em><strong>Inclinazione elettronica 0-15%<\/strong><\/em><\/strong><\/p>\n\n\n\n<p style=\"margin-bottom:var(--wp--preset--spacing--tb-section-padding)\">Sperimentate allenamenti versatili con la regolazione elettronica dell&#8217;inclinazione. Un motore solleva senza sforzo la piattaforma al livello desiderato, offrendo pendenze fino al 15%. Questa funzione consente di adattare gli allenamenti a vari livelli di intensit\u00e0, dalla camminata a passo sostenuto alla corsa al cardiopalma.<\/p>\n<\/div>\n\n\n\n<div class=\"wp-block-column is-vertically-aligned-center is-layout-flow wp-block-column-is-layout-flow\">\n<figure class=\"wp-block-image size-full is-style-default\"><img loading=\"lazy\" decoding=\"async\" width=\"2060\" height=\"1373\" src=\"https:\/\/store.evolve-fitness.eu\/wp-content\/uploads\/2024\/06\/1360-x-520-mm-3.png\" alt=\"\" class=\"wp-image-81366\" srcset=\"https:\/\/store.evolve-fitness.eu\/wp-content\/uploads\/2024\/06\/1360-x-520-mm-3.png 2060w, https:\/\/store.evolve-fitness.eu\/wp-content\/uploads\/2024\/06\/1360-x-520-mm-3-300x200.png 300w, https:\/\/store.evolve-fitness.eu\/wp-content\/uploads\/2024\/06\/1360-x-520-mm-3-1024x683.png 1024w, https:\/\/store.evolve-fitness.eu\/wp-content\/uploads\/2024\/06\/1360-x-520-mm-3-768x512.png 768w, https:\/\/store.evolve-fitness.eu\/wp-content\/uploads\/2024\/06\/1360-x-520-mm-3-1536x1024.png 1536w, https:\/\/store.evolve-fitness.eu\/wp-content\/uploads\/2024\/06\/1360-x-520-mm-3-2048x1365.png 2048w, https:\/\/store.evolve-fitness.eu\/wp-content\/uploads\/2024\/06\/1360-x-520-mm-3-600x400.png 600w\" sizes=\"auto, (max-width: 2060px) 100vw, 2060px\" \/><\/figure>\n<\/div>\n<\/div>\n\n\n\n<section class=\"wp-block-group alignfull black-content has-white-color has-darkgray-background-color has-text-color has-background is-layout-constrained wp-block-group-is-layout-constrained\" style=\"padding-top:var(--wp--preset--spacing--section-bottom);padding-bottom:var(--wp--preset--spacing--section-bottom)\">\n<div class=\"wp-block-columns alignwide is-layout-flex wp-container-core-columns-is-layout-ca64bf2d wp-block-columns-is-layout-flex\" style=\"margin-bottom:var(--wp--preset--spacing--side-padding)\">\n<div class=\"wp-block-column is-vertically-aligned-center is-layout-flow wp-block-column-is-layout-flow\">\n<figure class=\"wp-block-image size-full is-resized is-style-default\"><img decoding=\"async\" src=\"https:\/\/evolve.adoras.lt\/wp-content\/uploads\/2023\/08\/222.jpg\" alt=\"\" class=\"wp-image-2552\" style=\"width:861px;height:auto\"\/><\/figure>\n<\/div>\n\n\n\n<div class=\"wp-block-column is-vertically-aligned-center is-layout-flow wp-block-column-is-layout-flow\">\n<h3 class=\"wp-block-heading\" style=\"margin-bottom:var(--wp--preset--spacing--h-3-bottom)\"><strong><strong>Potente e silenzioso<\/strong><\/strong><\/h3>\n\n\n\n<p><strong><em><strong>4 CV Potenza massima<\/strong><\/em><\/strong><\/p>\n\n\n\n<p style=\"margin-bottom:var(--wp--preset--spacing--tb-section-padding)\">Il tapis roulant vanta un motore da 2,5 HP a servizio continuo che genera ben 4 HP alla massima potenza. Questo robusto motore assicura prestazioni fluide e durature, anche durante gli allenamenti pi\u00f9 intensi. In particolare, funziona in modo silenzioso a soli 60 dB, il che lo rende perfetto per gli utenti domestici che amano la musica o la TV durante l&#8217;esercizio.<\/p>\n<\/div>\n<\/div>\n\n\n\n<div class=\"wp-block-columns alignwide mobile-reverse is-layout-flex wp-container-core-columns-is-layout-c45ee707 wp-block-columns-is-layout-flex\" style=\"margin-bottom:var(--wp--preset--spacing--side-padding);padding-top:var(--wp--preset--spacing--side-padding)\">\n<div class=\"wp-block-column is-vertically-aligned-center is-layout-flow wp-block-column-is-layout-flow\">\n<h3 class=\"wp-block-heading\" style=\"margin-bottom:var(--wp--preset--spacing--h-3-bottom)\"><strong><strong><strong>Spingetevi oltre i vostri limiti<\/strong><\/strong><\/strong><\/h3>\n\n\n\n<p><strong><em><strong>Velocit\u00e0 massima &#8211; 18 KM\/H<\/strong><\/em><\/strong><\/p>\n\n\n\n<p>Massimizzate la vostra velocit\u00e0 e resistenza con una velocit\u00e0 massima di 18 km\/h. L&#8217;ampia gamma di velocit\u00e0 consente di spaziare dalle passeggiate tranquille all&#8217;allenamento a intervalli ad alta intensit\u00e0, consentendo di superare i propri obiettivi di fitness.<\/p>\n\n\n\n<h3 class=\"wp-block-heading\" style=\"margin-bottom:var(--wp--preset--spacing--h-3-bottom)\"><strong><strong><strong><strong>Regolazione facile<\/strong><\/strong><\/strong><\/strong><\/h3>\n\n\n\n<p><strong><em><strong><strong>Interfaccia facile da usare<\/strong><\/strong><\/em><\/strong><\/p>\n\n\n\n<p>Il nostro design facile da usare mette a portata di mano i controlli di velocit\u00e0, inclinazione e impostazioni. I parametri di allenamento possono essere modificati con facilit\u00e0 grazie agli intuitivi pulsanti a sfioramento situati nella parte anteriore.<\/p>\n<\/div>\n\n\n\n<div class=\"wp-block-column is-vertically-aligned-center is-layout-flow wp-block-column-is-layout-flow\">\n<figure class=\"wp-block-image size-full is-style-default\"><img decoding=\"async\" src=\"https:\/\/evolve.adoras.lt\/wp-content\/uploads\/2023\/08\/EV-HT-250-7.jpg\" alt=\"\" class=\"wp-image-2516\"\/><\/figure>\n<\/div>\n<\/div>\n\n\n\n<div class=\"wp-block-columns alignwide are-vertically-aligned-center is-layout-flex wp-container-core-columns-is-layout-e8158c2f wp-block-columns-is-layout-flex\" style=\"padding-top:var(--wp--preset--spacing--side-padding)\">\n<div class=\"wp-block-column is-vertically-aligned-center is-layout-flow wp-block-column-is-layout-flow\">\n<figure class=\"wp-block-video\"><video height=\"2160\" style=\"aspect-ratio: 3840 \/ 2160;\" width=\"3840\" controls=\"\" src=\"https:\/\/store.evolve-fitness.eu\/wp-content\/uploads\/2024\/06\/hart.mp4\"><\/video><\/figure>\n<\/div>\n\n\n\n<div class=\"wp-block-column is-vertically-aligned-center is-layout-flow wp-block-column-is-layout-flow\">\n<h3 class=\"wp-block-heading\" style=\"margin-bottom:var(--wp--preset--spacing--h-3-bottom)\"><strong><strong>Monitoraggio della frequenza cardiaca<\/strong><\/strong><\/h3>\n\n\n\n<p><strong><em><strong>Fitness intelligente<\/strong><\/em><\/strong><\/p>\n\n\n\n<p style=\"margin-bottom:var(--wp--preset--spacing--tb-section-padding)\">Monitorare la frequenza cardiaca per ottimizzare l&#8217;esperienza di allenamento. Il monitoraggio della frequenza cardiaca non solo aiuta a prevenire lo sforzo eccessivo, ma consente anche di raggiungere zone di fitness specifiche, migliorando l&#8217;efficacia degli allenamenti cardiovascolari e delle sessioni di bruciamento delle calorie.<\/p>\n<\/div>\n<\/div>\n\n\n\n<div class=\"wp-block-columns alignwide are-vertically-aligned-center is-layout-flex wp-container-core-columns-is-layout-e8158c2f wp-block-columns-is-layout-flex\" style=\"padding-top:var(--wp--preset--spacing--side-padding)\">\n<div class=\"wp-block-column is-vertically-aligned-center is-layout-flow wp-block-column-is-layout-flow\">\n<h3 class=\"wp-block-heading\" style=\"margin-bottom:var(--wp--preset--spacing--h-3-bottom)\"><strong><strong><strong>Rimanere idratati<\/strong><\/strong><\/strong><\/h3>\n\n\n\n<p><strong><em><strong>Supporto per borraccia e accessori<\/strong><\/em><\/strong><\/p>\n\n\n\n<p style=\"margin-bottom:var(--wp--preset--spacing--tb-section-padding)\">Rimanete rinfrescati durante l&#8217;allenamento con i nostri supporti integrati. Gli spazi appositamente progettati fissano le bevande preferite e gli accessori per l&#8217;allenamento con motivi antiscivolo, assicurando che tutto ci\u00f2 che serve sia a portata di mano.<\/p>\n<\/div>\n\n\n\n<div class=\"wp-block-column is-vertically-aligned-center is-layout-flow wp-block-column-is-layout-flow\">\n<figure class=\"wp-block-image size-large\"><img loading=\"lazy\" decoding=\"async\" width=\"683\" height=\"1024\" src=\"https:\/\/store.evolve-fitness.eu\/wp-content\/uploads\/2024\/06\/EV-HT-250-Evolve-Treadmill-with-LCD-Console-13-683x1024.jpg\" alt=\"\" class=\"wp-image-76308\" srcset=\"https:\/\/store.evolve-fitness.eu\/wp-content\/uploads\/2024\/06\/EV-HT-250-Evolve-Treadmill-with-LCD-Console-13-683x1024.jpg 683w, https:\/\/store.evolve-fitness.eu\/wp-content\/uploads\/2024\/06\/EV-HT-250-Evolve-Treadmill-with-LCD-Console-13-200x300.jpg 200w, https:\/\/store.evolve-fitness.eu\/wp-content\/uploads\/2024\/06\/EV-HT-250-Evolve-Treadmill-with-LCD-Console-13-768x1152.jpg 768w, https:\/\/store.evolve-fitness.eu\/wp-content\/uploads\/2024\/06\/EV-HT-250-Evolve-Treadmill-with-LCD-Console-13-1024x1536.jpg 1024w, https:\/\/store.evolve-fitness.eu\/wp-content\/uploads\/2024\/06\/EV-HT-250-Evolve-Treadmill-with-LCD-Console-13-1365x2048.jpg 1365w, https:\/\/store.evolve-fitness.eu\/wp-content\/uploads\/2024\/06\/EV-HT-250-Evolve-Treadmill-with-LCD-Console-13-600x900.jpg 600w, https:\/\/store.evolve-fitness.eu\/wp-content\/uploads\/2024\/06\/EV-HT-250-Evolve-Treadmill-with-LCD-Console-13.jpg 1373w\" sizes=\"auto, (max-width: 683px) 100vw, 683px\" \/><\/figure>\n<\/div>\n<\/div>\n\n\n\n<div class=\"wp-block-columns alignwide are-vertically-aligned-center is-layout-flex wp-container-core-columns-is-layout-e8158c2f wp-block-columns-is-layout-flex\" style=\"padding-top:var(--wp--preset--spacing--side-padding)\">\n<div class=\"wp-block-column is-vertically-aligned-center is-layout-flow wp-block-column-is-layout-flow\">\n<figure class=\"wp-block-video\"><video height=\"2160\" style=\"aspect-ratio: 3840 \/ 2160;\" width=\"3840\" controls=\"\" src=\"https:\/\/store.evolve-fitness.eu\/wp-content\/uploads\/2024\/06\/safety-key.mp4\"><\/video><\/figure>\n<\/div>\n\n\n\n<div class=\"wp-block-column is-vertically-aligned-center is-layout-flow wp-block-column-is-layout-flow\">\n<h3 class=\"wp-block-heading\" style=\"margin-bottom:var(--wp--preset--spacing--h-3-bottom)\"><strong><strong><strong>Chiave di sicurezza<\/strong><\/strong><\/strong><\/h3>\n\n\n\n<p><strong><em><strong><strong>Sicurezza in ogni passo<\/strong><\/strong><\/em><\/strong><\/p>\n\n\n\n<p style=\"margin-bottom:var(--wp--preset--spacing--tb-section-padding)\">Date priorit\u00e0 alla sicurezza attaccando la chiave rossa ai vostri indumenti prima di ogni allenamento. In caso di emergenza, la chiave di sicurezza si disattiva, arrestando immediatamente il tapis roulant. La vostra sicurezza \u00e8 la nostra massima preoccupazione.<\/p>\n<\/div>\n<\/div>\n\n\n\n<div class=\"wp-block-columns alignwide are-vertically-aligned-center is-layout-flex wp-container-core-columns-is-layout-e8158c2f wp-block-columns-is-layout-flex\" style=\"padding-top:var(--wp--preset--spacing--side-padding)\">\n<div class=\"wp-block-column is-vertically-aligned-center is-layout-flow wp-block-column-is-layout-flow\">\n<h3 class=\"wp-block-heading\" style=\"margin-bottom:var(--wp--preset--spacing--h-3-bottom)\"><strong><strong><strong><strong>Cintura resistente<\/strong><\/strong><\/strong><\/strong><\/h3>\n\n\n\n<p><strong><em><strong><strong>Proteggere le articolazioni<\/strong><\/strong><\/em><\/strong><\/p>\n\n\n\n<p style=\"margin-bottom:var(--wp--preset--spacing--tb-section-padding)\">La cintura di corsa \u00e8 composta da sette strati, con lo strato superiore caratterizzato da un motivo a diamante. Queste caratteristiche offrono una protezione superiore delle articolazioni, migliorano la durata e garantiscono la longevit\u00e0.<\/p>\n<\/div>\n\n\n\n<div class=\"wp-block-column is-vertically-aligned-center is-layout-flow wp-block-column-is-layout-flow\">\n<figure class=\"wp-block-image size-full is-resized is-style-default\"><img loading=\"lazy\" decoding=\"async\" width=\"2060\" height=\"1373\" src=\"https:\/\/store.evolve-fitness.eu\/wp-content\/uploads\/2024\/06\/1360-x-520-mm-5.png\" alt=\"\" class=\"wp-image-81517\" style=\"width:849px;height:auto\" srcset=\"https:\/\/store.evolve-fitness.eu\/wp-content\/uploads\/2024\/06\/1360-x-520-mm-5.png 2060w, https:\/\/store.evolve-fitness.eu\/wp-content\/uploads\/2024\/06\/1360-x-520-mm-5-300x200.png 300w, https:\/\/store.evolve-fitness.eu\/wp-content\/uploads\/2024\/06\/1360-x-520-mm-5-1024x683.png 1024w, https:\/\/store.evolve-fitness.eu\/wp-content\/uploads\/2024\/06\/1360-x-520-mm-5-768x512.png 768w, https:\/\/store.evolve-fitness.eu\/wp-content\/uploads\/2024\/06\/1360-x-520-mm-5-1536x1024.png 1536w, https:\/\/store.evolve-fitness.eu\/wp-content\/uploads\/2024\/06\/1360-x-520-mm-5-2048x1365.png 2048w, https:\/\/store.evolve-fitness.eu\/wp-content\/uploads\/2024\/06\/1360-x-520-mm-5-600x400.png 600w\" sizes=\"auto, (max-width: 2060px) 100vw, 2060px\" \/><\/figure>\n<\/div>\n<\/div>\n\n\n\n<div class=\"wp-block-columns alignwide are-vertically-aligned-center is-layout-flex wp-container-core-columns-is-layout-e8158c2f wp-block-columns-is-layout-flex\" style=\"padding-top:var(--wp--preset--spacing--side-padding)\">\n<div class=\"wp-block-column is-vertically-aligned-center is-layout-flow wp-block-column-is-layout-flow\">\n<figure class=\"wp-block-image size-full is-style-default\"><img loading=\"lazy\" decoding=\"async\" width=\"790\" height=\"888\" src=\"https:\/\/store.evolve-fitness.eu\/wp-content\/uploads\/2024\/06\/EV-HT-250-Evolve-Treadmill-With-LCD-Console-1-2.png\" alt=\"\" class=\"wp-image-81492\" srcset=\"https:\/\/store.evolve-fitness.eu\/wp-content\/uploads\/2024\/06\/EV-HT-250-Evolve-Treadmill-With-LCD-Console-1-2.png 790w, https:\/\/store.evolve-fitness.eu\/wp-content\/uploads\/2024\/06\/EV-HT-250-Evolve-Treadmill-With-LCD-Console-1-2-267x300.png 267w, https:\/\/store.evolve-fitness.eu\/wp-content\/uploads\/2024\/06\/EV-HT-250-Evolve-Treadmill-With-LCD-Console-1-2-768x863.png 768w, https:\/\/store.evolve-fitness.eu\/wp-content\/uploads\/2024\/06\/EV-HT-250-Evolve-Treadmill-With-LCD-Console-1-2-600x674.png 600w\" sizes=\"auto, (max-width: 790px) 100vw, 790px\" \/><\/figure>\n<\/div>\n\n\n\n<div class=\"wp-block-column is-vertically-aligned-center is-layout-flow wp-block-column-is-layout-flow\">\n<h3 class=\"wp-block-heading\" style=\"margin-bottom:var(--wp--preset--spacing--h-3-bottom)\"><strong><strong><strong><strong><strong>Console informativa<\/strong><\/strong><\/strong><\/strong><\/strong><\/h3>\n\n\n\n<p><strong><em><strong><strong>Monitoraggio dei progressi<\/strong><\/strong><\/em><\/strong><\/p>\n\n\n\n<p style=\"margin-bottom:var(--wp--preset--spacing--tb-section-padding)\">La nostra console LCD fornisce dati in tempo reale su velocit\u00e0, distanza, tempo, calorie bruciate e pulsazioni, consentendo di rimanere informati e motivati durante l&#8217;allenamento.<\/p>\n\n\n\n<h3 class=\"wp-block-heading\" style=\"margin-bottom:var(--wp--preset--spacing--h-3-bottom)\"><strong><strong><strong><strong><strong><strong>Programmi versatili<\/strong><\/strong><\/strong><\/strong><\/strong><\/strong><\/h3>\n\n\n\n<p><strong><em><strong><strong>Allenamenti su misura<\/strong><\/strong><\/em><\/strong><\/p>\n\n\n\n<p style=\"margin-bottom:var(--wp--preset--spacing--tb-section-padding)\">Raggiungete facilmente i vostri obiettivi di fitness grazie ai 12 programmi di allenamento integrati nel tapis roulant. Questi programmi aggiungono una spinta motivazionale e una variet\u00e0 agli allenamenti. Inoltre, l&#8217;opzione programma utente consente di creare una routine di esercizi personalizzata.<\/p>\n\n\n\n<h3 class=\"wp-block-heading\" style=\"margin-bottom:var(--wp--preset--spacing--h-3-bottom)\"><strong><strong><strong><strong><strong><strong>Motivazione musicale<\/strong><\/strong><\/strong><\/strong><\/strong><\/strong><\/h3>\n\n\n\n<p><strong><em><strong><strong>Ingresso MP3 con altoparlanti<\/strong><\/strong><\/em><\/strong><\/p>\n\n\n\n<p style=\"margin-bottom:var(--wp--preset--spacing--tb-section-padding)\">Migliorate i vostri allenamenti ascoltando la vostra musica preferita grazie all&#8217;ingresso MP3 e agli altoparlanti integrati. Seguite i vostri brani e mantenete il ritmo perfetto durante le vostre sessioni di allenamento.<\/p>\n<\/div>\n<\/div>\n\n\n\n<div class=\"wp-block-columns alignwide are-vertically-aligned-center is-layout-flex wp-container-core-columns-is-layout-e8158c2f wp-block-columns-is-layout-flex\" style=\"padding-top:var(--wp--preset--spacing--side-padding)\">\n<div class=\"wp-block-column is-vertically-aligned-center is-layout-flow wp-block-column-is-layout-flow\">\n<h3 class=\"wp-block-heading\" style=\"margin-bottom:var(--wp--preset--spacing--h-3-bottom)\"><strong><strong><strong><strong><strong><strong>Spazio per vagabondare<\/strong><\/strong><\/strong><\/strong><\/strong><\/strong><\/h3>\n\n\n\n<p><strong><em><strong><strong>Ampia piattaforma di corsa<\/strong><\/strong><\/em><\/strong><\/p>\n\n\n\n<p style=\"margin-bottom:var(--wp--preset--spacing--tb-section-padding)\">Godetevi un&#8217;esperienza di allenamento confortevole nella nostra ampia area di corsa, che misura 1360 x 520 mm. Offre un ampio spazio anche agli utenti pi\u00f9 alti, assicurando che gli allenamenti siano confortevoli e piacevoli.<\/p>\n<\/div>\n\n\n\n<div class=\"wp-block-column is-vertically-aligned-center is-layout-flow wp-block-column-is-layout-flow\">\n<figure class=\"wp-block-image size-full is-style-default\"><img decoding=\"async\" src=\"https:\/\/evolve-fitness.eu\/wp-content\/uploads\/2023\/08\/EN-RUNNING-AREA.png\" alt=\"\" class=\"wp-image-150511\"\/><\/figure>\n<\/div>\n<\/div>\n\n\n\n<div class=\"wp-block-columns alignwide are-vertically-aligned-center is-layout-flex wp-container-core-columns-is-layout-e8158c2f wp-block-columns-is-layout-flex\" style=\"padding-top:var(--wp--preset--spacing--side-padding)\">\n<div class=\"wp-block-column is-vertically-aligned-center is-layout-flow wp-block-column-is-layout-flow\">\n<figure class=\"wp-block-image size-large\"><img loading=\"lazy\" decoding=\"async\" width=\"1024\" height=\"683\" src=\"https:\/\/store.evolve-fitness.eu\/wp-content\/uploads\/2024\/06\/1360-x-520-mm-1-1024x683.png\" alt=\"\" class=\"wp-image-81391\" srcset=\"https:\/\/store.evolve-fitness.eu\/wp-content\/uploads\/2024\/06\/1360-x-520-mm-1-1024x683.png 1024w, https:\/\/store.evolve-fitness.eu\/wp-content\/uploads\/2024\/06\/1360-x-520-mm-1-300x200.png 300w, https:\/\/store.evolve-fitness.eu\/wp-content\/uploads\/2024\/06\/1360-x-520-mm-1-768x512.png 768w, https:\/\/store.evolve-fitness.eu\/wp-content\/uploads\/2024\/06\/1360-x-520-mm-1-1536x1024.png 1536w, https:\/\/store.evolve-fitness.eu\/wp-content\/uploads\/2024\/06\/1360-x-520-mm-1-2048x1365.png 2048w, https:\/\/store.evolve-fitness.eu\/wp-content\/uploads\/2024\/06\/1360-x-520-mm-1-600x400.png 600w\" sizes=\"auto, (max-width: 1024px) 100vw, 1024px\" \/><\/figure>\n<\/div>\n\n\n\n<div class=\"wp-block-column is-vertically-aligned-center is-layout-flow wp-block-column-is-layout-flow\">\n<h3 class=\"wp-block-heading\" style=\"margin-bottom:var(--wp--preset--spacing--h-3-bottom)\"><strong><strong><strong><strong><strong><strong><strong>Design salvaspazio<\/strong><\/strong><\/strong><\/strong><\/strong><\/strong><\/strong><\/h3>\n\n\n\n<p><strong><em><strong><strong>Telaio pieghevole<\/strong><\/strong><\/em><\/strong><\/p>\n\n\n\n<p style=\"margin-bottom:var(--wp--preset--spacing--tb-section-padding)\">Dopo ogni allenamento, \u00e8 possibile ripiegare facilmente il tapis roulant e trasferirlo in un altro luogo grazie alle ruote di trasporto integrate. Si tratta di una pratica soluzione salvaspazio che si adatta a qualsiasi configurazione di palestra domestica.<\/p>\n\n\n\n<h3 class=\"wp-block-heading\" style=\"margin-bottom:var(--wp--preset--spacing--h-3-bottom)\"><strong><strong><strong><strong><strong><strong><strong><strong>Svolgimento senza sforzo<\/strong><\/strong><\/strong><\/strong><\/strong><\/strong><\/strong><\/strong><\/h3>\n\n\n\n<p><strong><em><strong><strong>Sistema Soft Drop<\/strong><\/strong><\/em><\/strong><\/p>\n\n\n\n<p style=\"margin-bottom:var(--wp--preset--spacing--tb-section-padding)\">Svolgere il tapis roulant \u00e8 ora un gioco da ragazzi, grazie al nostro sistema di caduta morbida. Non \u00e8 pi\u00f9 necessario piegarsi o sforzare la schiena: \u00e8 sufficiente premere una maniglia con il piede, rilasciarla e lasciare che il sistema soft drop si occupi del resto.<\/p>\n<\/div>\n<\/div>\n<\/section>\n<\/section>\n","protected":false},"excerpt":{"rendered":"<p>Il tapis roulant Evolve HT 250 \u00e8 l&#8217;epitome della qualit\u00e0 e dello stile superiori, con un motore da 4 HP potente ma silenzioso nel suo design elegante. Grazie al telaio pieghevole e alle comode ruote per il trasporto, riporlo \u00e8 un gioco da ragazzi. Intrattenimento e prestazioni si uniscono grazie a funzioni come l&#8217;ingresso MP3 e gli altoparlanti integrati. Questo tapis roulant vanta un peso massimo dell&#8217;utente di 150 kg, 12 programmi integrati e un&#8217;interfaccia di facile utilizzo che supporta velocit\u00e0 fino a 18 km\/h. Evolve HT 250 \u00e8 il biglietto conveniente per rimanere motivati e sfidati nel vostro percorso di fitness.<\/p>\n","protected":false},"featured_media":23387,"template":"","meta":{"_acf_changed":false,"inline_featured_image":false},"product_cat":[528,520,889],"product_tag":[],"class_list":{"0":"post-23374","1":"product","2":"type-product","3":"status-publish","4":"has-post-thumbnail","6":"product_cat-pagina-iniziale","7":"product_cat-attrezzature-cardio","8":"product_cat-attrezzature-cardio-domestiche","10":"first","11":"instock","12":"shipping-taxable","13":"purchasable","14":"product-type-simple"},"acf":[],"_links":{"self":[{"href":"https:\/\/store.evolve-fitness.eu\/it\/wp-json\/wp\/v2\/product\/23374","targetHints":{"allow":["GET"]}}],"collection":[{"href":"https:\/\/store.evolve-fitness.eu\/it\/wp-json\/wp\/v2\/product"}],"about":[{"href":"https:\/\/store.evolve-fitness.eu\/it\/wp-json\/wp\/v2\/types\/product"}],"wp:featuredmedia":[{"embeddable":true,"href":"https:\/\/store.evolve-fitness.eu\/it\/wp-json\/wp\/v2\/media\/23387"}],"wp:attachment":[{"href":"https:\/\/store.evolve-fitness.eu\/it\/wp-json\/wp\/v2\/media?parent=23374"}],"wp:term":[{"taxonomy":"product_cat","embeddable":true,"href":"https:\/\/store.evolve-fitness.eu\/it\/wp-json\/wp\/v2\/product_cat?post=23374"},{"taxonomy":"product_tag","embeddable":true,"href":"https:\/\/store.evolve-fitness.eu\/it\/wp-json\/wp\/v2\/product_tag?post=23374"}],"curies":[{"name":"wp","href":"https:\/\/api.w.org\/{rel}","templated":true}]}}