{"id":22131,"date":"2023-09-26T13:15:06","date_gmt":"2023-09-26T13:15:06","guid":{"rendered":"https:\/\/store.evolve-fitness.eu\/product\/tapis-roulant-evolve-prime-series-con-console-full-hd-da-215%e2%80%b2\/"},"modified":"2026-04-14T12:00:34","modified_gmt":"2026-04-14T12:00:34","slug":"tapis-roulant-evolve-prime-series-con-console-full-hd-da-215%e2%80%b2","status":"publish","type":"product","link":"https:\/\/store.evolve-fitness.eu\/it\/prodotto\/tapis-roulant-evolve-prime-series-con-console-full-hd-da-215%e2%80%b2\/","title":{"rendered":"Tapis roulant Evolve Prime Series con console full HD da 21,5\u2032."},"content":{"rendered":"\n<section class=\"wp-block-group alignfull black-content has-white-color has-darkgray-background-color has-text-color has-background is-layout-constrained wp-block-group-is-layout-constrained\" style=\"padding-top:var(--wp--preset--spacing--section-bottom);padding-bottom:var(--wp--preset--spacing--section-bottom)\">\n<div class=\"wp-block-columns alignwide mobile-reverse is-layout-flex wp-container-core-columns-is-layout-ca64bf2d wp-block-columns-is-layout-flex\" style=\"margin-bottom:var(--wp--preset--spacing--side-padding)\">\n<div class=\"wp-block-column is-vertically-aligned-center is-layout-flow wp-block-column-is-layout-flow\">\n<h3 class=\"wp-block-heading\" style=\"margin-bottom:var(--wp--preset--spacing--h-3-bottom)\"><strong><strong>Innovare l&#8217;esperienza cardio<\/strong><\/strong><\/h3>\n\n\n\n<p><strong><em><strong>Elevate la vostra palestra con il tapis roulant commerciale Evolve CT 215 F<\/strong><\/em><\/strong><\/p>\n\n\n\n<p style=\"margin-bottom:var(--wp--preset--spacing--tb-section-padding)\">Scoprite l&#8217;evoluzione del fitness con il tapis roulant commerciale Evolve CT 215 F. Questo potente strumento offre un&#8217;esperienza cardio coinvolgente, ridefinendo gli allenamenti per i proprietari di palestre e gli appassionati di fitness. Esplorate le sue caratteristiche e i suoi vantaggi, progettati per massimizzare le prestazioni e il coinvolgimento.<br\/><\/p>\n<\/div>\n\n\n\n<div class=\"wp-block-column is-vertically-aligned-center is-layout-flow wp-block-column-is-layout-flow\">\n<figure class=\"wp-block-image size-large is-style-default\"><img loading=\"lazy\" decoding=\"async\" width=\"1024\" height=\"682\" src=\"https:\/\/store.evolve-fitness.eu\/wp-content\/uploads\/2024\/06\/EV-CT-215X-26-1024x682.jpg\" alt=\"\" class=\"wp-image-77858\" srcset=\"https:\/\/store.evolve-fitness.eu\/wp-content\/uploads\/2024\/06\/EV-CT-215X-26-1024x682.jpg 1024w, https:\/\/store.evolve-fitness.eu\/wp-content\/uploads\/2024\/06\/EV-CT-215X-26-300x200.jpg 300w, https:\/\/store.evolve-fitness.eu\/wp-content\/uploads\/2024\/06\/EV-CT-215X-26-768x512.jpg 768w, https:\/\/store.evolve-fitness.eu\/wp-content\/uploads\/2024\/06\/EV-CT-215X-26-600x400.jpg 600w, https:\/\/store.evolve-fitness.eu\/wp-content\/uploads\/2024\/06\/EV-CT-215X-26.jpg 1280w\" sizes=\"auto, (max-width: 1024px) 100vw, 1024px\" \/><\/figure>\n<\/div>\n<\/div>\n\n\n\n<div class=\"wp-block-columns alignwide mobile-reverse is-layout-flex wp-container-core-columns-is-layout-ca64bf2d wp-block-columns-is-layout-flex\" style=\"margin-bottom:var(--wp--preset--spacing--side-padding)\">\n<div class=\"wp-block-column is-vertically-aligned-center is-layout-flow wp-block-column-is-layout-flow\">\n<figure class=\"wp-block-image size-full\"><img decoding=\"async\" src=\"https:\/\/evolve.adoras.lt\/wp-content\/uploads\/2023\/08\/EV-CT-215X-1.png\" alt=\"\" class=\"wp-image-1139\"\/><\/figure>\n<\/div>\n\n\n\n<div class=\"wp-block-column is-vertically-aligned-center is-layout-flow wp-block-column-is-layout-flow\">\n<h3 class=\"wp-block-heading\" style=\"margin-bottom:var(--wp--preset--spacing--h-3-bottom)\"><strong>Potenza fluida e supporto solido<\/strong><\/h3>\n\n\n\n<p><strong><em><strong><strong>Innovativo telaio X-Style e guide in alluminio<\/strong><\/strong><\/em><\/strong><\/p>\n\n\n\n<p>Sperimentate prestazioni ottimali con il potente motore CA del tapis roulant, che vanta una potenza di picco di 7 HP e una potenza continua di 3 HP. L&#8217;esclusivo telaio a X del tapis roulant, realizzato all&#8217;insegna dell&#8217;innovazione, offre stabilit\u00e0 strutturale ed estetica alla vostra palestra. Il design \u00e8 completato dalle guide in alluminio, che aggiungono un tocco di modernit\u00e0 e garantiscono un&#8217;affidabilit\u00e0 duratura. Privilegiando forma e funzione, questa combinazione di telaio e binari offre un&#8217;esperienza di allenamento superiore che riflette innovazione ed eccellenza.<\/p>\n<\/div>\n<\/div>\n\n\n\n<div class=\"wp-block-columns alignwide is-layout-flex wp-container-core-columns-is-layout-c45ee707 wp-block-columns-is-layout-flex\" style=\"margin-bottom:var(--wp--preset--spacing--side-padding);padding-top:var(--wp--preset--spacing--side-padding)\">\n<div class=\"wp-block-column is-vertically-aligned-center is-layout-flow wp-block-column-is-layout-flow\">\n<h3 class=\"wp-block-heading\" style=\"margin-bottom:var(--wp--preset--spacing--h-3-bottom)\"><strong>Schermo touchscreen Full HD da 21,5 pollici<\/strong><\/h3>\n\n\n\n<p><strong><em><strong>Intrattenimento senza fine, metriche perspicaci<\/strong><\/em><\/strong><\/p>\n\n\n\n<p style=\"margin-bottom:var(--wp--preset--spacing--tb-section-padding)\">Coinvolgete gli utenti con la straordinaria console FULL HD da 21,5&#8243;, un fulcro di intrattenimento e approfondimento. Scoprite le possibilit\u00e0 di intrattenimento tramite WiFi, Bluetooth e video con risoluzione Full HD 2K. Monitoraggio di parametri critici come tempo, distanza, calorie, velocit\u00e0, frequenza cardiaca e pendenza, per dare agli utenti motivazione e conoscenza.<\/p>\n<\/div>\n\n\n\n<div class=\"wp-block-column is-vertically-aligned-center is-layout-flow wp-block-column-is-layout-flow\">\n<figure class=\"wp-block-video\"><video autoplay=\"\" controls=\"\" loop=\"\" muted=\"\" src=\"https:\/\/evolve.adoras.lt\/wp-content\/uploads\/2023\/08\/EV-CT-215F-11.mp4\"><\/video><\/figure>\n<\/div>\n<\/div>\n\n\n\n<div class=\"wp-block-columns alignwide is-layout-flex wp-container-core-columns-is-layout-c45ee707 wp-block-columns-is-layout-flex\" style=\"margin-bottom:var(--wp--preset--spacing--side-padding);padding-top:var(--wp--preset--spacing--side-padding)\">\n<div class=\"wp-block-column is-vertically-aligned-center is-layout-flow wp-block-column-is-layout-flow\">\n<figure class=\"wp-block-image alignright size-full is-resized is-style-rounded\"><img decoding=\"async\" src=\"https:\/\/evolve.adoras.lt\/wp-content\/uploads\/2023\/08\/5576a1_adc0ea7c3a404329b0c0a8527ed81f49mv2.jpg\" alt=\"\" class=\"wp-image-1115\" style=\"width:740px;height:494px\"\/><\/figure>\n<\/div>\n\n\n\n<div class=\"wp-block-column is-vertically-aligned-center is-layout-flow wp-block-column-is-layout-flow\">\n<h3 class=\"wp-block-heading\" style=\"margin-bottom:var(--wp--preset--spacing--h-3-bottom)\"><strong><strong>Gestione semplificata degli annunci<\/strong><\/strong><\/h3>\n\n\n\n<p><strong><em><strong><strong>Ottimizzare il coinvolgimento attraverso gli annunci su schermo<\/strong><\/strong><\/em><\/strong><\/p>\n\n\n\n<p>Sfruttate la potenza degli annunci su schermo per massimizzare l&#8217;impatto delle offerte e delle promozioni della vostra palestra. Mettete in evidenza i vostri servizi e le vostre offerte esclusive direttamente agli utenti, migliorando il coinvolgimento e rafforzando il riconoscimento del marchio.<\/p>\n<\/div>\n<\/div>\n\n\n\n<div class=\"wp-block-columns alignwide are-vertically-aligned-center mobile-reverse is-layout-flex wp-container-core-columns-is-layout-e8158c2f wp-block-columns-is-layout-flex\" style=\"padding-top:var(--wp--preset--spacing--side-padding)\">\n<div class=\"wp-block-column is-vertically-aligned-center is-layout-flow wp-block-column-is-layout-flow\">\n<h3 class=\"wp-block-heading\" style=\"margin-bottom:var(--wp--preset--spacing--h-3-bottom)\"><strong>Sicurezza e comfort ad ogni passo<\/strong><\/h3>\n\n\n\n<p><strong><em><strong>Piano di scorrimento, cintura e design umanizzato<\/strong><\/em><\/strong><\/p>\n\n\n\n<p style=\"margin-bottom:var(--wp--preset--spacing--tb-section-padding)\">Privilegiare la sicurezza e il comfort dell&#8217;utente con funzioni avanzate. Il disegno antiscivolo e il design ergonomico del tapis roulant favoriscono una postura corretta e riducono lo sforzo. Beneficia di una cinghia di scorrimento specializzata che impedisce la deformazione e consuma poca energia, migliorando sia la longevit\u00e0 che le prestazioni.<\/p>\n<\/div>\n\n\n\n<div class=\"wp-block-column is-vertically-aligned-center is-layout-flow wp-block-column-is-layout-flow\">\n<figure class=\"wp-block-image size-large\"><img decoding=\"async\" src=\"https:\/\/evolve.adoras.lt\/wp-content\/uploads\/2023\/08\/Ploteriuojami-tekstai-1024x902.png\" alt=\"\" class=\"wp-image-1142\"\/><\/figure>\n<\/div>\n<\/div>\n\n\n\n<div class=\"wp-block-columns alignwide are-vertically-aligned-center mobile-reverse is-layout-flex wp-container-core-columns-is-layout-e8158c2f wp-block-columns-is-layout-flex\" style=\"padding-top:var(--wp--preset--spacing--side-padding)\">\n<div class=\"wp-block-column is-vertically-aligned-center is-layout-flow wp-block-column-is-layout-flow\">\n<figure class=\"wp-block-video\"><video autoplay=\"\" controls=\"\" loop=\"\" muted=\"\" src=\"https:\/\/evolve.adoras.lt\/wp-content\/uploads\/2023\/08\/Pink-Aesthetic-Whitening-Serum-Benefits-Instagram-Post.mp4\"><\/video><\/figure>\n<\/div>\n\n\n\n<div class=\"wp-block-column is-vertically-aligned-center is-layout-flow wp-block-column-is-layout-flow\">\n<h3 class=\"wp-block-heading\" style=\"margin-bottom:var(--wp--preset--spacing--h-3-bottom)\"><strong>Inclinazione, velocit\u00e0 e <strong>design orientato all&#8217;utente<\/strong><\/strong><\/h3>\n\n\n\n<p><strong><em><strong><strong>Adattabilit\u00e0 e personalizzazione delle prestazioni<\/strong><\/strong><\/em><\/strong><\/p>\n\n\n\n<p>Per regolare gli allenamenti in base alle proprie aspirazioni di fitness, \u00e8 possibile regolare i livelli di inclinazione fino al 15%. Con una velocit\u00e0 massima di 20 km\/h, \u00e8 in grado di soddisfare diverse routine di fitness. Il telaio resistente consente di sostenere pesi fino a 180 kg, rendendo il tapis roulant una scelta versatile per una comunit\u00e0 di fitness diversificata.<\/p>\n<\/div>\n<\/div>\n\n\n\n<figure class=\"wp-block-video\"><video height=\"1000\" style=\"aspect-ratio: 1000 \/ 1000;\" width=\"1000\" autoplay=\"\" controls=\"\" loop=\"\" muted=\"\" src=\"https:\/\/evolve-fitness.eu\/wp-content\/uploads\/2023\/11\/Ultra-site-apps.mp4\"><\/video><\/figure>\n<\/section>\n\n<section class=\"wp-block-group alignfull black-content has-white-color has-darkgray-background-color has-text-color has-background is-layout-constrained wp-block-group-is-layout-constrained\" style=\"padding-top:var(--wp--preset--spacing--section-bottom);padding-bottom:var(--wp--preset--spacing--section-bottom)\">\n<div class=\"wp-block-columns alignwide mobile-reverse is-layout-flex wp-container-core-columns-is-layout-ca64bf2d wp-block-columns-is-layout-flex\" style=\"margin-bottom:var(--wp--preset--spacing--side-padding)\">\n<div class=\"wp-block-column is-vertically-aligned-center is-layout-flow wp-block-column-is-layout-flow\">\n<h3 class=\"wp-block-heading\" style=\"margin-bottom:var(--wp--preset--spacing--h-3-bottom)\"><strong><strong>Coinvolgere, responsabilizzare e progredire<\/strong><\/strong><\/h3>\n\n\n\n<p><strong><em><strong><strong>Pulsante a sfioramento a feedback multiplo e miglioramento della sicurezza<\/strong><\/strong><\/em><\/strong><\/p>\n\n\n\n<p style=\"margin-bottom:var(--wp--preset--spacing--tb-section-padding)\">Il pulsante a sfioramento multi-feedback migliora l&#8217;interazione con l&#8217;utente, garantendo un coinvolgimento preciso grazie a vibrazioni e feedback sonori. Favorisce un allenamento sicuro grazie alla funzione di arresto automatico, che garantisce l&#8217;arresto del tapis roulant in assenza di passi, rafforzando la sicurezza dell&#8217;utente.<\/p>\n<\/div>\n\n\n\n<div class=\"wp-block-column is-vertically-aligned-center is-layout-flow wp-block-column-is-layout-flow\">\n<figure class=\"wp-block-image size-large is-style-default\"><img loading=\"lazy\" decoding=\"async\" width=\"1024\" height=\"683\" src=\"https:\/\/store.evolve-fitness.eu\/wp-content\/uploads\/2024\/06\/EV-CT-215X-Evolve-Prime-Series-Treadmill-with-full-HD-Console-2-1024x683.jpg\" alt=\"\" class=\"wp-image-77883\" srcset=\"https:\/\/store.evolve-fitness.eu\/wp-content\/uploads\/2024\/06\/EV-CT-215X-Evolve-Prime-Series-Treadmill-with-full-HD-Console-2-1024x683.jpg 1024w, https:\/\/store.evolve-fitness.eu\/wp-content\/uploads\/2024\/06\/EV-CT-215X-Evolve-Prime-Series-Treadmill-with-full-HD-Console-2-300x200.jpg 300w, https:\/\/store.evolve-fitness.eu\/wp-content\/uploads\/2024\/06\/EV-CT-215X-Evolve-Prime-Series-Treadmill-with-full-HD-Console-2-768x512.jpg 768w, https:\/\/store.evolve-fitness.eu\/wp-content\/uploads\/2024\/06\/EV-CT-215X-Evolve-Prime-Series-Treadmill-with-full-HD-Console-2-1536x1024.jpg 1536w, https:\/\/store.evolve-fitness.eu\/wp-content\/uploads\/2024\/06\/EV-CT-215X-Evolve-Prime-Series-Treadmill-with-full-HD-Console-2-600x400.jpg 600w, https:\/\/store.evolve-fitness.eu\/wp-content\/uploads\/2024\/06\/EV-CT-215X-Evolve-Prime-Series-Treadmill-with-full-HD-Console-2.jpg 1980w\" sizes=\"auto, (max-width: 1024px) 100vw, 1024px\" \/><\/figure>\n<\/div>\n<\/div>\n\n\n\n<div class=\"wp-block-columns alignwide mobile-reverse is-layout-flex wp-container-core-columns-is-layout-ca64bf2d wp-block-columns-is-layout-flex\" style=\"margin-bottom:var(--wp--preset--spacing--side-padding)\">\n<div class=\"wp-block-column is-vertically-aligned-center is-layout-flow wp-block-column-is-layout-flow\">\n<figure class=\"wp-block-image alignright size-large is-resized is-style-default\"><img loading=\"lazy\" decoding=\"async\" width=\"683\" height=\"1024\" src=\"https:\/\/store.evolve-fitness.eu\/wp-content\/uploads\/2024\/06\/EV-CT-215X-Evolve-Prime-Series-Treadmill-with-full-HD-Console-3-1-683x1024.jpg\" alt=\"\" class=\"wp-image-77933\" style=\"width:907px;height:auto\" srcset=\"https:\/\/store.evolve-fitness.eu\/wp-content\/uploads\/2024\/06\/EV-CT-215X-Evolve-Prime-Series-Treadmill-with-full-HD-Console-3-1-683x1024.jpg 683w, https:\/\/store.evolve-fitness.eu\/wp-content\/uploads\/2024\/06\/EV-CT-215X-Evolve-Prime-Series-Treadmill-with-full-HD-Console-3-1-200x300.jpg 200w, https:\/\/store.evolve-fitness.eu\/wp-content\/uploads\/2024\/06\/EV-CT-215X-Evolve-Prime-Series-Treadmill-with-full-HD-Console-3-1-768x1152.jpg 768w, https:\/\/store.evolve-fitness.eu\/wp-content\/uploads\/2024\/06\/EV-CT-215X-Evolve-Prime-Series-Treadmill-with-full-HD-Console-3-1-1024x1536.jpg 1024w, https:\/\/store.evolve-fitness.eu\/wp-content\/uploads\/2024\/06\/EV-CT-215X-Evolve-Prime-Series-Treadmill-with-full-HD-Console-3-1-600x900.jpg 600w, https:\/\/store.evolve-fitness.eu\/wp-content\/uploads\/2024\/06\/EV-CT-215X-Evolve-Prime-Series-Treadmill-with-full-HD-Console-3-1.jpg 1320w\" sizes=\"auto, (max-width: 683px) 100vw, 683px\" \/><\/figure>\n<\/div>\n\n\n\n<div class=\"wp-block-column is-vertically-aligned-center is-layout-flow wp-block-column-is-layout-flow\">\n<h3 class=\"wp-block-heading\" style=\"margin-bottom:var(--wp--preset--spacing--h-3-bottom)\"><strong><strong><strong>Integrazione di innovazione e intrattenimento<\/strong><\/strong><\/strong><\/h3>\n\n\n\n<p><strong><em><strong><strong>Arricchire gli allenamenti con il coinvolgimento virtuale<\/strong><\/strong><\/em><\/strong><\/p>\n\n\n\n<p>Abbracciate il futuro dell&#8217;innovazione del fitness con il tapis roulant Evolve CT 215 X. Immergetevi in allenamenti virtuali realistici, che simulano percorsi globali per un&#8217;avventura di corsa avvincente. Aumentate la visibilit\u00e0 della vostra palestra personalizzando gli annunci sullo schermo, evidenziando in modo efficace i vostri servizi e le vostre offerte esclusive.<\/p>\n<\/div>\n<\/div>\n\n\n\n<div class=\"wp-block-columns alignwide mobile-reverse is-layout-flex wp-container-core-columns-is-layout-ca64bf2d wp-block-columns-is-layout-flex\" style=\"margin-bottom:var(--wp--preset--spacing--side-padding)\">\n<div class=\"wp-block-column is-vertically-aligned-center is-layout-flow wp-block-column-is-layout-flow\">\n<h3 class=\"wp-block-heading\" style=\"margin-bottom:var(--wp--preset--spacing--h-3-bottom)\"><strong><strong><strong><strong>Ricarica wireless del telefono cellulare<\/strong><\/strong><\/strong><\/strong><\/h3>\n\n\n\n<p><strong><em><strong><strong><strong>Comodit\u00e0 senza pari per gli allenamenti moderni<\/strong><\/strong><\/strong><\/em><\/strong><\/p>\n\n\n\n<p>Rimanete connessi e carichi durante il vostro percorso di fitness con l&#8217;innovativa funzione di ricarica wireless del telefono cellulare di Evolve CT 215 X Commercial Treadmill. Mentre vi spingete oltre i vostri limiti sul tapis roulant, mantenete il vostro dispositivo mobile alimentato senza sforzo. Questo accessorio all&#8217;avanguardia garantisce che i vostri allenamenti non subiscano interruzioni, consentendovi di utilizzare le vostre app, i vostri brani e i vostri contenuti preferiti, mantenendo il dispositivo pronto all&#8217;azione. Sperimentate la fusione tra fitness e tecnologia e ricaricate il vostro telefono in modalit\u00e0 wireless, ridefinendo la comodit\u00e0 per i moderni appassionati di fitness.<\/p>\n<\/div>\n\n\n\n<div class=\"wp-block-column is-vertically-aligned-center is-layout-flow wp-block-column-is-layout-flow\">\n<figure class=\"wp-block-image alignright size-full is-style-default\"><img loading=\"lazy\" decoding=\"async\" width=\"1980\" height=\"1320\" src=\"https:\/\/store.evolve-fitness.eu\/wp-content\/uploads\/2024\/06\/EV-CT-215X-Evolve-Prime-Series-Treadmill-with-full-HD-Console-7.jpg\" alt=\"\" class=\"wp-image-77908\" srcset=\"https:\/\/store.evolve-fitness.eu\/wp-content\/uploads\/2024\/06\/EV-CT-215X-Evolve-Prime-Series-Treadmill-with-full-HD-Console-7.jpg 1980w, https:\/\/store.evolve-fitness.eu\/wp-content\/uploads\/2024\/06\/EV-CT-215X-Evolve-Prime-Series-Treadmill-with-full-HD-Console-7-300x200.jpg 300w, https:\/\/store.evolve-fitness.eu\/wp-content\/uploads\/2024\/06\/EV-CT-215X-Evolve-Prime-Series-Treadmill-with-full-HD-Console-7-1024x683.jpg 1024w, https:\/\/store.evolve-fitness.eu\/wp-content\/uploads\/2024\/06\/EV-CT-215X-Evolve-Prime-Series-Treadmill-with-full-HD-Console-7-768x512.jpg 768w, https:\/\/store.evolve-fitness.eu\/wp-content\/uploads\/2024\/06\/EV-CT-215X-Evolve-Prime-Series-Treadmill-with-full-HD-Console-7-1536x1024.jpg 1536w, https:\/\/store.evolve-fitness.eu\/wp-content\/uploads\/2024\/06\/EV-CT-215X-Evolve-Prime-Series-Treadmill-with-full-HD-Console-7-600x400.jpg 600w\" sizes=\"auto, (max-width: 1980px) 100vw, 1980px\" \/><\/figure>\n<\/div>\n<\/div>\n\n\n\n<div class=\"wp-block-columns alignwide is-layout-flex wp-container-core-columns-is-layout-c45ee707 wp-block-columns-is-layout-flex\" style=\"margin-bottom:var(--wp--preset--spacing--side-padding);padding-top:var(--wp--preset--spacing--side-padding)\">\n<div class=\"wp-block-column is-vertically-aligned-center is-layout-flow wp-block-column-is-layout-flow\">\n<figure class=\"wp-block-video\"><video autoplay=\"\" controls=\"\" loop=\"\" muted=\"\" src=\"https:\/\/evolve.adoras.lt\/wp-content\/uploads\/2023\/08\/215x-Kopa-Gym.mp4\"><\/video><\/figure>\n<\/div>\n\n\n\n<div class=\"wp-block-column is-vertically-aligned-center is-layout-flow wp-block-column-is-layout-flow\">\n<h3 class=\"wp-block-heading\" style=\"margin-bottom:var(--wp--preset--spacing--h-3-bottom)\"><strong><strong>Potenziare il viaggio nel fitness<\/strong><\/strong><\/h3>\n\n\n\n<p><strong><em><strong><strong>Pacchetto fitness completo per la vostra struttura<\/strong><\/strong><\/em><\/strong><\/p>\n\n\n\n<p style=\"margin-bottom:var(--wp--preset--spacing--tb-section-padding)\">Il tapis roulant commerciale Evolve CT 215 X \u00e8 il vostro alleato cardio definitivo. Grazie all&#8217;innovazione all&#8217;avanguardia, alle funzioni personalizzabili e all&#8217;impegno costante per la sicurezza, offre una soluzione completa per i proprietari di palestre che desiderano elevare il fascino e le prestazioni del loro paradiso del fitness.<\/p>\n<\/div>\n<\/div>\n<\/section>\n","protected":false},"excerpt":{"rendered":"<p>Provate l&#8217;apice della tecnologia fitness all&#8217;avanguardia con il tapis roulant commerciale Evolve CT 215 X. Progettato per ridefinire gli allenamenti cardio, questo tapis roulant vanta un potente motore a corrente alternata, un innovativo telaio a X con guide in alluminio e un design incentrato sull&#8217;uomo che ottimizza il comfort e le prestazioni. Coinvolgete gli utenti con la straordinaria console touchscreen FULL HD da 21,5&#8243;, che offre intrattenimento, metriche approfondite e una connessione perfetta agli allenamenti virtuali. Distinguetevi con lo screensaver integrato che vi permette di personalizzare gli annunci, promuovendo le offerte della vostra palestra direttamente agli utenti. E non \u00e8 tutto: questo tapis roulant avanzato \u00e8 dotato anche di un caricatore wireless per telefoni cellulari, che aggiunge praticit\u00e0 ed efficienza alle routine di allenamento degli utenti. Elevate il fascino e le prestazioni del vostro centro fitness con Evolve CT 215 X, una vera e propria incarnazione dell&#8217;innovazione e dell&#8217;eccellenza nel mondo delle attrezzature per il fitness.<\/p>\n","protected":false},"featured_media":11546,"template":"","meta":{"_acf_changed":false,"inline_featured_image":false},"product_cat":[528,520,524,877],"product_tag":[],"class_list":{"0":"post-22131","1":"product","2":"type-product","3":"status-publish","4":"has-post-thumbnail","6":"product_cat-pagina-iniziale","7":"product_cat-attrezzature-cardio","8":"product_cat-attrezzature-cardio-commerciali","9":"product_cat-prime-series-cardio-it","11":"first","12":"instock","13":"shipping-taxable","14":"purchasable","15":"product-type-simple"},"acf":[],"_links":{"self":[{"href":"https:\/\/store.evolve-fitness.eu\/it\/wp-json\/wp\/v2\/product\/22131","targetHints":{"allow":["GET"]}}],"collection":[{"href":"https:\/\/store.evolve-fitness.eu\/it\/wp-json\/wp\/v2\/product"}],"about":[{"href":"https:\/\/store.evolve-fitness.eu\/it\/wp-json\/wp\/v2\/types\/product"}],"wp:featuredmedia":[{"embeddable":true,"href":"https:\/\/store.evolve-fitness.eu\/it\/wp-json\/wp\/v2\/media\/11546"}],"wp:attachment":[{"href":"https:\/\/store.evolve-fitness.eu\/it\/wp-json\/wp\/v2\/media?parent=22131"}],"wp:term":[{"taxonomy":"product_cat","embeddable":true,"href":"https:\/\/store.evolve-fitness.eu\/it\/wp-json\/wp\/v2\/product_cat?post=22131"},{"taxonomy":"product_tag","embeddable":true,"href":"https:\/\/store.evolve-fitness.eu\/it\/wp-json\/wp\/v2\/product_tag?post=22131"}],"curies":[{"name":"wp","href":"https:\/\/api.w.org\/{rel}","templated":true}]}}