{"id":22006,"date":"2023-09-26T11:18:37","date_gmt":"2023-09-26T11:18:37","guid":{"rendered":"https:\/\/store.evolve-fitness.eu\/product\/tapis-roulant-evolve-econ-series-5hp-con-console-lcd\/"},"modified":"2026-02-20T12:01:13","modified_gmt":"2026-02-20T12:01:13","slug":"tapis-roulant-evolve-econ-series-5hp-con-console-lcd","status":"publish","type":"product","link":"https:\/\/store.evolve-fitness.eu\/it\/prodotto\/tapis-roulant-evolve-econ-series-5hp-con-console-lcd\/","title":{"rendered":"Tapis roulant Evolve Econ Series 5HP con console LCD"},"content":{"rendered":"\n<section class=\"wp-block-group alignfull black-content has-white-color has-darkgray-background-color has-text-color has-background is-layout-constrained wp-block-group-is-layout-constrained\" style=\"padding-top:var(--wp--preset--spacing--section-bottom);padding-bottom:var(--wp--preset--spacing--section-bottom)\">\n<div class=\"wp-block-columns alignwide mobile-reverse is-layout-flex wp-container-core-columns-is-layout-ca64bf2d wp-block-columns-is-layout-flex\" style=\"margin-bottom:var(--wp--preset--spacing--side-padding)\">\n<div class=\"wp-block-column is-vertically-aligned-center is-layout-flow wp-block-column-is-layout-flow\">\n<h3 class=\"wp-block-heading\" style=\"margin-bottom:var(--wp--preset--spacing--h-3-bottom)\">PESO MASSIMO DELL&#8217;UTENTE &#8211; 200 KG<\/h3>\n\n\n\n<p><strong><em><strong>Per tutti<\/strong><\/em><\/strong><\/p>\n\n\n\n<p style=\"margin-bottom:var(--wp--preset--spacing--tb-section-padding)\">Progettato per durare nel tempo, il tapis roulant Evolve CT 500 LCD \u00e8 in grado di gestire pesi fino a 200 kg, garantendo sicurezza e prestazioni durature per una vasta gamma di utenti.<\/p>\n\n\n\n<h3 class=\"wp-block-heading\" style=\"margin-bottom:var(--wp--preset--spacing--h-3-bottom)\">PIATTAFORMA DI CORSA &#8211; 1650 x 600 MM<\/h3>\n\n\n\n<p><strong><em>Il comfort incontra le prestazioni<\/em><\/strong><\/p>\n\n\n\n<p>La superficie di corsa di 1650 x 600 mm offre un ampio spazio per una camminata confortevole. Che si tratti di una passeggiata o di una corsa veloce, questo tapis roulant \u00e8 adatto a utenti di diverse altezze.<\/p>\n<\/div>\n\n\n\n<div class=\"wp-block-column is-vertically-aligned-center is-layout-flow wp-block-column-is-layout-flow\">\n<figure class=\"wp-block-video\"><video autoplay=\"\" controls=\"\" loop=\"\" muted=\"\" src=\"https:\/\/evolve-fitness.eu\/wp-content\/uploads\/2023\/08\/Dizainas-be-pavadinimo.mp4\"><\/video><\/figure>\n<\/div>\n<\/div>\n\n\n\n<div class=\"wp-block-columns alignwide is-layout-flex wp-container-core-columns-is-layout-c45ee707 wp-block-columns-is-layout-flex\" style=\"margin-bottom:var(--wp--preset--spacing--side-padding);padding-top:var(--wp--preset--spacing--side-padding)\">\n<div class=\"wp-block-column is-vertically-aligned-center is-layout-flow wp-block-column-is-layout-flow\">\n<figure class=\"wp-block-video\"><video autoplay=\"\" controls=\"\" loop=\"\" muted=\"\" src=\"https:\/\/evolve-fitness.eu\/wp-content\/uploads\/2023\/08\/Dizainas-be-pavadinimo1.mp4\"><\/video><\/figure>\n<\/div>\n\n\n\n<div class=\"wp-block-column is-vertically-aligned-center is-layout-flow wp-block-column-is-layout-flow\">\n<h3 class=\"wp-block-heading\" style=\"margin-bottom:var(--wp--preset--spacing--h-3-bottom)\">0-18% DI PENDENZA ELETTRONICA<\/h3>\n\n\n\n<p><strong><em>La sfida incontra la versatilit\u00e0<\/em><\/strong><\/p>\n\n\n\n<p style=\"margin-bottom:var(--wp--preset--spacing--tb-section-padding)\">Cambiate la vostra routine con l&#8217;inclinazione elettronica da 0 a 18%, che vi permette di personalizzare l&#8217;intensit\u00e0 dell&#8217;allenamento. Che si tratti di una leggera pendenza o di una salita ripida, questa funzione aggiunge variet\u00e0 alle sessioni.<\/p>\n\n\n\n<h3 class=\"wp-block-heading\" style=\"margin-bottom:var(--wp--preset--spacing--h-3-bottom)\">VELOCIT\u00c0 MASSIMA &#8211; 25 KM\/H<\/h3>\n\n\n\n<p><strong><em>Superare i limiti, <strong>raggiungere gli obiettivi<\/strong><\/em><\/strong><\/p>\n\n\n\n<p>Sfidate voi stessi con velocit\u00e0 che raggiungono i 25 km\/h. Per soddisfare diversi obiettivi di fitness, dal jogging costante agli sprint ad alta intensit\u00e0, tutto su un unico tapis roulant.<\/p>\n<\/div>\n<\/div>\n\n\n\n<div class=\"wp-block-columns alignwide are-vertically-aligned-center mobile-reverse is-layout-flex wp-container-core-columns-is-layout-e8158c2f wp-block-columns-is-layout-flex\" style=\"padding-top:var(--wp--preset--spacing--side-padding)\">\n<div class=\"wp-block-column is-vertically-aligned-center is-layout-flow wp-block-column-is-layout-flow\">\n<h3 class=\"wp-block-heading\" style=\"margin-bottom:var(--wp--preset--spacing--h-3-bottom)\"><strong>Prestazioni ad alta potenza<\/strong><\/h3>\n\n\n\n<p><strong><em><strong>Potenziare l&#8217;allenamento<\/strong><\/em><\/strong><\/p>\n\n\n\n<p style=\"margin-bottom:var(--wp--preset--spacing--tb-section-padding)\">Provate l&#8217;impressionante potenza di Evolve CT 500, con una capacit\u00e0 massima di 8 HP grazie al motore CA a servizio continuo da 5 HP. Portate il vostro percorso di fitness al livello successivo.<\/p>\n\n\n\n<h3 class=\"wp-block-heading\" style=\"margin-bottom:var(--wp--preset--spacing--h-3-bottom)\">SENSORI DI FREQUENZA CARDIACA<\/h3>\n\n\n\n<p><strong><em><strong>Monitoraggio dei progressi<\/strong><\/em><\/strong><\/p>\n\n\n\n<p>Tenete conto del vostro corpo grazie ai sensori di frequenza cardiaca integrati. Questa funzione aumenta la sicurezza durante gli allenamenti e aiuta a ottimizzare l&#8217;allenamento per ottenere risultati migliori.<\/p>\n<\/div>\n\n\n\n<div class=\"wp-block-column is-vertically-aligned-center is-layout-flow wp-block-column-is-layout-flow\">\n<figure class=\"wp-block-image alignright size-large is-style-default\"><img decoding=\"async\" src=\"https:\/\/evolve-fitness.eu\/wp-content\/uploads\/2023\/08\/image00001-0-1024x488.jpg\" alt=\"\" class=\"wp-image-1032\"\/><\/figure>\n<\/div>\n<\/div>\n<\/section>\n\n<section class=\"wp-block-group alignfull black-content has-white-color has-darkgray-background-color has-text-color has-background is-layout-constrained wp-block-group-is-layout-constrained\" style=\"padding-top:var(--wp--preset--spacing--section-bottom);padding-bottom:var(--wp--preset--spacing--section-bottom)\">\n<div class=\"wp-block-columns alignwide is-layout-flex wp-container-core-columns-is-layout-ca64bf2d wp-block-columns-is-layout-flex\" style=\"margin-bottom:var(--wp--preset--spacing--side-padding)\">\n<div class=\"wp-block-column is-vertically-aligned-center is-layout-flow wp-block-column-is-layout-flow\">\n<figure class=\"wp-block-video\"><video autoplay=\"\" controls=\"\" loop=\"\" muted=\"\" src=\"https:\/\/evolve-fitness.eu\/wp-content\/uploads\/2023\/08\/Dizainas-be-pavadinimo2.mp4\"><\/video><\/figure>\n<\/div>\n\n\n\n<div class=\"wp-block-column is-vertically-aligned-center is-layout-flow wp-block-column-is-layout-flow\">\n<h3 class=\"wp-block-heading\" style=\"margin-bottom:var(--wp--preset--spacing--h-3-bottom)\"><strong>Console LCD interattiva<\/strong><\/h3>\n\n\n\n<p><strong><em><strong>Esperienza coinvolgente<\/strong><\/em><\/strong><\/p>\n\n\n\n<p style=\"margin-bottom:var(--wp--preset--spacing--tb-section-padding)\">Immergetevi nei dati del vostro fitness con la console LCD interattiva. Accedete ai dettagli essenziali dell&#8217;allenamento e godetevi i 15 programmi di allenamento progettati per una forma fisica personalizzata.<\/p>\n\n\n\n<h3 class=\"wp-block-heading\" style=\"margin-bottom:var(--wp--preset--spacing--h-3-bottom)\"><strong><strong>Programmi di allenamento diversificati<\/strong><\/strong><\/h3>\n\n\n\n<p><strong><em><strong>Fitness su misura<\/strong><\/em><\/strong><\/p>\n\n\n\n<p>Scegliete tra 15 programmi di allenamento personalizzati in base ai vostri obiettivi di fitness e alle vostre preferenze. Queste routine versatili mantengono la motivazione e garantiscono allenamenti efficaci.<\/p>\n<\/div>\n<\/div>\n\n\n\n<div class=\"wp-block-columns alignwide mobile-reverse is-layout-flex wp-container-core-columns-is-layout-c45ee707 wp-block-columns-is-layout-flex\" style=\"margin-bottom:var(--wp--preset--spacing--side-padding);padding-top:var(--wp--preset--spacing--side-padding)\">\n<div class=\"wp-block-column is-vertically-aligned-center is-layout-flow wp-block-column-is-layout-flow\">\n<h3 class=\"wp-block-heading\" style=\"margin-bottom:var(--wp--preset--spacing--h-3-bottom)\">SISTEMA DI SOSTEGNO <strong>avanzato<\/strong> <\/h3>\n\n\n\n<p><strong><em><strong>Proteggere le articolazioni<\/strong><\/em><\/strong><\/p>\n\n\n\n<p style=\"margin-bottom:var(--wp--preset--spacing--tb-section-padding)\">Il sistema di ammortizzazione ad aria del tapis roulant d\u00e0 priorit\u00e0 alla salute delle articolazioni. L&#8217;assorbimento degli urti \u00e8 superiore e riduce la pressione sulle articolazioni a ogni passo.<\/p>\n\n\n\n<h3 class=\"wp-block-heading\" style=\"margin-bottom:var(--wp--preset--spacing--h-3-bottom)\">ZONA DI SICUREZZA<\/h3>\n\n\n\n<p><strong><em><strong>Fiducia in ogni mossa<\/strong><\/em><\/strong><\/p>\n\n\n\n<p>Sentitevi sicuri grazie alle caratteristiche di sicurezza del tapis roulant, tra cui le sponde laterali e la superficie antiscivolo. Questi componenti garantiscono stabilit\u00e0 e fiducia nel raggiungimento degli obiettivi di fitness.<\/p>\n<\/div>\n\n\n\n<div class=\"wp-block-column is-vertically-aligned-center is-layout-flow wp-block-column-is-layout-flow\">\n<figure class=\"wp-block-video\"><video autoplay=\"\" controls=\"\" loop=\"\" muted=\"\" src=\"https:\/\/evolve-fitness.eu\/wp-content\/uploads\/2023\/08\/Dizainas-be-pavadinimo-1.mp4\"><\/video><\/figure>\n<\/div>\n<\/div>\n\n\n\n<div class=\"wp-block-columns alignwide are-vertically-aligned-center is-layout-flex wp-container-core-columns-is-layout-e8158c2f wp-block-columns-is-layout-flex\" style=\"padding-top:var(--wp--preset--spacing--side-padding)\">\n<div class=\"wp-block-column is-vertically-aligned-center is-layout-flow wp-block-column-is-layout-flow\">\n<figure class=\"wp-block-image alignright size-large is-style-default\"><img decoding=\"async\" src=\"https:\/\/evolve-fitness.eu\/wp-content\/uploads\/2023\/08\/image00010-1024x768.jpg\" alt=\"\" class=\"wp-image-1035\"\/><\/figure>\n<\/div>\n\n\n\n<div class=\"wp-block-column is-vertically-aligned-center is-layout-flow wp-block-column-is-layout-flow\">\n<h3 class=\"wp-block-heading\" style=\"margin-bottom:var(--wp--preset--spacing--h-3-bottom)\"><strong>Idratazione e convenienza<\/strong><\/h3>\n\n\n\n<p><strong><em><strong>Rimanete riposati e preparati<\/strong><\/em><\/strong><\/p>\n\n\n\n<p style=\"margin-bottom:var(--wp--preset--spacing--tb-section-padding)\">Rimanete idratati durante gli allenamenti con i comodi portaborraccia e tenete a portata di mano gli oggetti essenziali grazie ai porta accessori.<\/p>\n<\/div>\n<\/div>\n<\/section>\n","protected":false},"excerpt":{"rendered":"<p>Elevate il vostro spazio fitness con il tapis roulant commerciale Evolve CT 500 LCD, un&#8217;aggiunta robusta che trasforma la vostra routine cardio. Progettato per durare nel tempo, questo tapis roulant pu\u00f2 supportare fino a 200 kg, adattandosi a diversi utenti. Sperimentate allenamenti dinamici con pendenze regolabili e velocit\u00e0 fino a 25 km\/h. La console LCD interattiva visualizza i dati e offre 15 diversi programmi di allenamento per una forma fisica personalizzata. L&#8217;ammortizzazione avanzata e le caratteristiche di sicurezza garantiscono un allenamento confortevole, mentre i percorsi virtuali aggiungono emozioni. Date ai vostri soci la possibilit\u00e0 di usufruire di una macchina cardio di altissimo livello che combina prestazioni, innovazione e coinvolgimento.<\/p>\n","protected":false},"featured_media":22015,"template":"","meta":{"_acf_changed":false,"inline_featured_image":false},"product_cat":[528,520,524,531],"product_tag":[],"class_list":{"0":"post-22006","1":"product","2":"type-product","3":"status-publish","4":"has-post-thumbnail","6":"product_cat-pagina-iniziale","7":"product_cat-attrezzature-cardio","8":"product_cat-attrezzature-cardio-commerciali","9":"product_cat-serie-econ-cardio","11":"first","12":"instock","13":"shipping-taxable","14":"purchasable","15":"product-type-simple"},"acf":[],"_links":{"self":[{"href":"https:\/\/store.evolve-fitness.eu\/it\/wp-json\/wp\/v2\/product\/22006","targetHints":{"allow":["GET"]}}],"collection":[{"href":"https:\/\/store.evolve-fitness.eu\/it\/wp-json\/wp\/v2\/product"}],"about":[{"href":"https:\/\/store.evolve-fitness.eu\/it\/wp-json\/wp\/v2\/types\/product"}],"wp:featuredmedia":[{"embeddable":true,"href":"https:\/\/store.evolve-fitness.eu\/it\/wp-json\/wp\/v2\/media\/22015"}],"wp:attachment":[{"href":"https:\/\/store.evolve-fitness.eu\/it\/wp-json\/wp\/v2\/media?parent=22006"}],"wp:term":[{"taxonomy":"product_cat","embeddable":true,"href":"https:\/\/store.evolve-fitness.eu\/it\/wp-json\/wp\/v2\/product_cat?post=22006"},{"taxonomy":"product_tag","embeddable":true,"href":"https:\/\/store.evolve-fitness.eu\/it\/wp-json\/wp\/v2\/product_tag?post=22006"}],"curies":[{"name":"wp","href":"https:\/\/api.w.org\/{rel}","templated":true}]}}