{"id":21566,"date":"2023-09-26T10:08:14","date_gmt":"2023-09-26T10:08:14","guid":{"rendered":"https:\/\/store.evolve-fitness.eu\/product\/piattaforma-di-assorbimento-del-suono-e-delle-vibrazioni-evolve-powerlifting-con-inserto-corto-205-x-310-x-10-cm\/"},"modified":"2025-12-04T13:20:33","modified_gmt":"2025-12-04T13:20:33","slug":"piattaforma-di-assorbimento-del-suono-e-delle-vibrazioni-evolve-powerlifting-con-inserto-corto-205-x-310-x-10-cm","status":"publish","type":"product","link":"https:\/\/store.evolve-fitness.eu\/it\/prodotto\/piattaforma-di-assorbimento-del-suono-e-delle-vibrazioni-evolve-powerlifting-con-inserto-corto-205-x-310-x-10-cm\/","title":{"rendered":"Piattaforma di assorbimento del suono e delle vibrazioni Evolve Powerlifting con inserto corto 205 x 310 x 10 cm"},"content":{"rendered":"\n<section class=\"wp-block-group alignfull black-content has-white-color has-darkgray-background-color has-text-color has-background is-layout-constrained wp-block-group-is-layout-constrained\" style=\"padding-top:var(--wp--preset--spacing--section-bottom);padding-bottom:var(--wp--preset--spacing--section-bottom)\">\n<section class=\"wp-block-group alignfull black-content has-white-color has-darkgray-background-color has-text-color has-background is-layout-constrained wp-block-group-is-layout-constrained\" style=\"padding-top:var(--wp--preset--spacing--section-bottom);padding-bottom:var(--wp--preset--spacing--section-bottom)\">\n<div class=\"wp-block-columns alignwide mobile-reverse is-layout-flex wp-container-core-columns-is-layout-ca64bf2d wp-block-columns-is-layout-flex\" style=\"margin-bottom:var(--wp--preset--spacing--side-padding)\">\n<div class=\"wp-block-column is-vertically-aligned-center is-layout-flow wp-block-column-is-layout-flow\">\n<h3 class=\"wp-block-heading\" style=\"margin-bottom:var(--wp--preset--spacing--h-3-bottom)\">dettagli del logo tagliati al laser<\/h3>\n\n\n\n<p><strong><em>Estetica e artigianato di qualit\u00e0<\/em><\/strong><\/p>\n\n\n\n<p>Vi presentiamo i nostri straordinari dettagli del logo tagliati al laser, l&#8217;epitome della raffinatezza nel sollevamento pesi. Realizzati con tecnologia di precisione a taglio laser, questi elementi hi-tech offrono un&#8217;estetica di grande impatto con bordi netti e taglienti, aggiungendo un valore e una raffinatezza innegabili alla vostra palestra. La loro eccezionale lavorazione garantisce la durata e migliora l&#8217;integrit\u00e0 complessiva della piattaforma. Abbracciate l&#8217;arte del sollevamento pesi in una classe a s\u00e9 stante, elevando la vostra esperienza in palestra con un&#8217;estetica e una precisione senza pari.<\/p>\n<\/div>\n\n\n\n<div class=\"wp-block-column is-vertically-aligned-center is-layout-flow wp-block-column-is-layout-flow\">\n<figure class=\"wp-block-image size-full is-style-rounded\"><img loading=\"lazy\" decoding=\"async\" width=\"680\" height=\"600\" src=\"https:\/\/store.evolve-fitness.eu\/wp-content\/uploads\/2023\/09\/Dizainas-be-pavadinimo-7-4.png\" alt=\"\" class=\"wp-image-124655\" srcset=\"https:\/\/store.evolve-fitness.eu\/wp-content\/uploads\/2023\/09\/Dizainas-be-pavadinimo-7-4.png 680w, https:\/\/store.evolve-fitness.eu\/wp-content\/uploads\/2023\/09\/Dizainas-be-pavadinimo-7-4-300x265.png 300w, https:\/\/store.evolve-fitness.eu\/wp-content\/uploads\/2023\/09\/Dizainas-be-pavadinimo-7-4-600x529.png 600w\" sizes=\"auto, (max-width: 680px) 100vw, 680px\" \/><\/figure>\n<\/div>\n<\/div>\n\n\n\n<div class=\"wp-block-columns alignwide mobile-reverse is-layout-flex wp-container-core-columns-is-layout-ca64bf2d wp-block-columns-is-layout-flex\" style=\"margin-bottom:var(--wp--preset--spacing--side-padding)\">\n<div class=\"wp-block-column is-vertically-aligned-center is-layout-flow wp-block-column-is-layout-flow\">\n<figure class=\"wp-block-image size-full is-style-rounded\"><img loading=\"lazy\" decoding=\"async\" width=\"680\" height=\"600\" src=\"https:\/\/store.evolve-fitness.eu\/wp-content\/uploads\/2023\/09\/Dizainas-be-pavadinimo-8-2.png\" alt=\"\" class=\"wp-image-124680\" srcset=\"https:\/\/store.evolve-fitness.eu\/wp-content\/uploads\/2023\/09\/Dizainas-be-pavadinimo-8-2.png 680w, https:\/\/store.evolve-fitness.eu\/wp-content\/uploads\/2023\/09\/Dizainas-be-pavadinimo-8-2-300x265.png 300w, https:\/\/store.evolve-fitness.eu\/wp-content\/uploads\/2023\/09\/Dizainas-be-pavadinimo-8-2-600x529.png 600w\" sizes=\"auto, (max-width: 680px) 100vw, 680px\" \/><\/figure>\n<\/div>\n\n\n\n<div class=\"wp-block-column is-vertically-aligned-center is-layout-flow wp-block-column-is-layout-flow\">\n<h3 class=\"wp-block-heading\" style=\"margin-bottom:var(--wp--preset--spacing--h-3-bottom)\">ANGOLI RINFORZATI<\/h3>\n\n\n\n<p><strong><em>Integrit\u00e0 strutturale migliorata per la massima stabilit\u00e0<\/em><\/strong><\/p>\n\n\n\n<p style=\"margin-bottom:var(--wp--preset--spacing--tb-section-padding)\">Comprendiamo la necessit\u00e0 di una stabilit\u00e0 incrollabile durante le sessioni di sollevamento pesi pi\u00f9 intense. Ecco perch\u00e9 la nostra pedana per il sollevamento pesi \u00e8 dotata di angoli rinforzati, che garantiscono la massima integrit\u00e0 strutturale e il massimo sostegno. Questi angoli di precisione rafforzano il telaio, proteggendolo dalle forze generate dal sollevamento di carichi pesanti. Grazie a questo elemento di design superiore, potete sollevare con fiducia, sapendo che la nostra piattaforma \u00e8 in grado di affrontare qualsiasi sfida. Sfruttate il potere della forza rinforzata e migliorate le vostre prestazioni nel sollevamento pesi con una maggiore stabilit\u00e0.<\/p>\n<\/div>\n<\/div>\n\n\n\n<div class=\"wp-block-columns alignwide mobile-reverse is-layout-flex wp-container-core-columns-is-layout-ca64bf2d wp-block-columns-is-layout-flex\" style=\"margin-bottom:var(--wp--preset--spacing--side-padding)\">\n<div class=\"wp-block-column is-vertically-aligned-center is-layout-flow wp-block-column-is-layout-flow\">\n<h3 class=\"wp-block-heading\" style=\"margin-bottom:var(--wp--preset--spacing--h-3-bottom)\">Cambiamento di gioco<\/h3>\n\n\n\n<p><strong><em>Tecnologia SILENT FOAM<\/em><\/strong><\/p>\n\n\n\n<p>La nostra piattaforma presenta l&#8217;innovativa tecnologia SILENT FOAM\u2122, che stabilisce nuovi standard per le piattaforme di sollevamento pesi. Progettata per garantire comfort e prestazioni senza pari, questa schiuma innovativa assorbe suoni e vibrazioni, favorendo un ambiente di allenamento tranquillo. Grazie alla nostra avanzata tecnologia Composite Foam, l&#8217;assorbimento degli impatti \u00e8 impareggiabile e riduce al minimo le sollecitazioni durante l&#8217;intero sollevamento. Liberate il vostro vero potenziale nel sollevamento pesi: la nostra piattaforma offre un supporto e una stabilit\u00e0 incrollabili per le sessioni di allenamento pi\u00f9 impegnative.<\/p>\n<\/div>\n\n\n\n<div class=\"wp-block-column is-vertically-aligned-center is-layout-flow wp-block-column-is-layout-flow\">\n<figure class=\"wp-block-video\"><video height=\"1200\" style=\"aspect-ratio: 1200 \/ 1200;\" width=\"1200\" autoplay=\"\" controls=\"\" loop=\"\" muted=\"\" src=\"https:\/\/evolve-fitness.eu\/wp-content\/uploads\/2023\/11\/1SILENT-FOAM&#x2122;-Technology.mp4\"><\/video><\/figure>\n<\/div>\n<\/div>\n\n\n\n<div class=\"wp-block-columns alignwide mobile-reverse is-layout-flex wp-container-core-columns-is-layout-ca64bf2d wp-block-columns-is-layout-flex\" style=\"margin-bottom:var(--wp--preset--spacing--side-padding)\">\n<div class=\"wp-block-column is-vertically-aligned-center is-layout-flow wp-block-column-is-layout-flow\">\n<figure class=\"wp-block-image size-full is-resized is-style-rounded\"><img decoding=\"async\" src=\"https:\/\/evolve-fitness.eu\/wp-content\/uploads\/2023\/11\/Evolve-Powerlifting-Sound-Vibration-Absorption-Platform-With-Short-Insert-205-x-310-x-10-cm.png\" alt=\"\" class=\"wp-image-7300\" style=\"object-fit:cover;width:680px;height:600px\"\/><\/figure>\n<\/div>\n\n\n\n<div class=\"wp-block-column is-vertically-aligned-center is-layout-flow wp-block-column-is-layout-flow\">\n<h4 class=\"wp-block-heading\">GOMMA MULTISTRATO RESISTENTE ALL&#8217;USURA  <\/h4>\n\n\n\n<p><strong><em>Superficie facile da pulire e priva di sbriciolamenti<\/em><\/strong><\/p>\n\n\n\n<p>  Scoprite la potenza della nostra esclusiva superficie in gomma multistrato resistente all&#8217;usura, che vanta una tecnologia di laminazione avanzata per una durata senza pari. Progettata per resistere alle routine di sollevamento pesi pi\u00f9 rigorose, questa gomma all&#8217;avanguardia resiste all&#8217;usura e si distingue dalle piattaforme convenzionali. Il vantaggio della gomma laminata eleva la vostra esperienza di allenamento con una resistenza e un&#8217;affidabilit\u00e0 senza pari. Niente pi\u00f9 compromessi: sperimentate una piattaforma costruita per durare, progettata pensando all&#8217;atleta.<\/p>\n<\/div>\n<\/div>\n\n\n\n<h3 class=\"wp-block-heading\" style=\"padding-top:var(--wp--preset--spacing--tb-section-padding);padding-bottom:var(--wp--preset--spacing--tb-section-padding)\">Scegliere il tipo di inserto<\/h3>\n\n\n\n<div class=\"wp-block-columns is-layout-flex wp-container-core-columns-is-layout-9d6595d7 wp-block-columns-is-layout-flex\">\n<div class=\"wp-block-column is-layout-flow wp-block-column-is-layout-flow\">\n<figure class=\"wp-block-image size-full is-style-rounded\"><img loading=\"lazy\" decoding=\"async\" width=\"2060\" height=\"2060\" src=\"https:\/\/store.evolve-fitness.eu\/wp-content\/uploads\/2023\/09\/A7_01148-2.jpg\" alt=\"\" class=\"wp-image-124730\" srcset=\"https:\/\/store.evolve-fitness.eu\/wp-content\/uploads\/2023\/09\/A7_01148-2.jpg 2060w, https:\/\/store.evolve-fitness.eu\/wp-content\/uploads\/2023\/09\/A7_01148-2-300x300.jpg 300w, https:\/\/store.evolve-fitness.eu\/wp-content\/uploads\/2023\/09\/A7_01148-2-1024x1024.jpg 1024w, https:\/\/store.evolve-fitness.eu\/wp-content\/uploads\/2023\/09\/A7_01148-2-150x150.jpg 150w, https:\/\/store.evolve-fitness.eu\/wp-content\/uploads\/2023\/09\/A7_01148-2-768x768.jpg 768w, https:\/\/store.evolve-fitness.eu\/wp-content\/uploads\/2023\/09\/A7_01148-2-1536x1536.jpg 1536w, https:\/\/store.evolve-fitness.eu\/wp-content\/uploads\/2023\/09\/A7_01148-2-2048x2048.jpg 2048w, https:\/\/store.evolve-fitness.eu\/wp-content\/uploads\/2023\/09\/A7_01148-2-600x600.jpg 600w, https:\/\/store.evolve-fitness.eu\/wp-content\/uploads\/2023\/09\/A7_01148-2-100x100.jpg 100w\" sizes=\"auto, (max-width: 2060px) 100vw, 2060px\" \/><\/figure>\n<\/div>\n\n\n\n<div class=\"wp-block-column is-layout-flow wp-block-column-is-layout-flow\">\n<figure class=\"wp-block-image size-full is-style-rounded\"><img loading=\"lazy\" decoding=\"async\" width=\"2060\" height=\"2060\" src=\"https:\/\/store.evolve-fitness.eu\/wp-content\/uploads\/2023\/09\/A7_01182-4.jpg\" alt=\"\" class=\"wp-image-124755\" srcset=\"https:\/\/store.evolve-fitness.eu\/wp-content\/uploads\/2023\/09\/A7_01182-4.jpg 2060w, https:\/\/store.evolve-fitness.eu\/wp-content\/uploads\/2023\/09\/A7_01182-4-300x300.jpg 300w, https:\/\/store.evolve-fitness.eu\/wp-content\/uploads\/2023\/09\/A7_01182-4-1024x1024.jpg 1024w, https:\/\/store.evolve-fitness.eu\/wp-content\/uploads\/2023\/09\/A7_01182-4-150x150.jpg 150w, https:\/\/store.evolve-fitness.eu\/wp-content\/uploads\/2023\/09\/A7_01182-4-768x768.jpg 768w, https:\/\/store.evolve-fitness.eu\/wp-content\/uploads\/2023\/09\/A7_01182-4-1536x1536.jpg 1536w, https:\/\/store.evolve-fitness.eu\/wp-content\/uploads\/2023\/09\/A7_01182-4-2048x2048.jpg 2048w, https:\/\/store.evolve-fitness.eu\/wp-content\/uploads\/2023\/09\/A7_01182-4-600x600.jpg 600w, https:\/\/store.evolve-fitness.eu\/wp-content\/uploads\/2023\/09\/A7_01182-4-100x100.jpg 100w\" sizes=\"auto, (max-width: 2060px) 100vw, 2060px\" \/><\/figure>\n<\/div>\n\n\n\n<div class=\"wp-block-column is-layout-flow wp-block-column-is-layout-flow\">\n<figure class=\"wp-block-image size-full is-resized is-style-rounded\"><img loading=\"lazy\" decoding=\"async\" width=\"2060\" height=\"2060\" src=\"https:\/\/store.evolve-fitness.eu\/wp-content\/uploads\/2023\/09\/A7_01163-2.jpg\" alt=\"\" class=\"wp-image-124780\" style=\"width:463px;height:auto\" srcset=\"https:\/\/store.evolve-fitness.eu\/wp-content\/uploads\/2023\/09\/A7_01163-2.jpg 2060w, https:\/\/store.evolve-fitness.eu\/wp-content\/uploads\/2023\/09\/A7_01163-2-300x300.jpg 300w, https:\/\/store.evolve-fitness.eu\/wp-content\/uploads\/2023\/09\/A7_01163-2-1024x1024.jpg 1024w, https:\/\/store.evolve-fitness.eu\/wp-content\/uploads\/2023\/09\/A7_01163-2-150x150.jpg 150w, https:\/\/store.evolve-fitness.eu\/wp-content\/uploads\/2023\/09\/A7_01163-2-768x768.jpg 768w, https:\/\/store.evolve-fitness.eu\/wp-content\/uploads\/2023\/09\/A7_01163-2-1536x1536.jpg 1536w, https:\/\/store.evolve-fitness.eu\/wp-content\/uploads\/2023\/09\/A7_01163-2-2048x2048.jpg 2048w, https:\/\/store.evolve-fitness.eu\/wp-content\/uploads\/2023\/09\/A7_01163-2-600x600.jpg 600w, https:\/\/store.evolve-fitness.eu\/wp-content\/uploads\/2023\/09\/A7_01163-2-100x100.jpg 100w\" sizes=\"auto, (max-width: 2060px) 100vw, 2060px\" \/><\/figure>\n<\/div>\n<\/div>\n\n\n\n<div class=\"wp-block-columns is-layout-flex wp-container-core-columns-is-layout-9d6595d7 wp-block-columns-is-layout-flex\">\n<div class=\"wp-block-column is-vertically-aligned-center is-layout-flow wp-block-column-is-layout-flow\">\n<h4 class=\"wp-block-heading\" style=\"margin-bottom:var(--wp--preset--spacing--h-3-bottom)\">COMPENSATO MONOBLOCCO<\/h4>\n\n\n\n<p><strong><em>Dotato di un rivestimento antiscivolo sicuro<\/em><\/strong><\/p>\n\n\n\n<p>Ricavata da un unico pezzo di compensato e arricchita da un rivestimento antiscivolo, la nostra pedana per il sollevamento pesi garantisce una superficie sicura e resistente per ogni sollevamento. Questo multistrato di prima qualit\u00e0, completato dall&#8217;impugnatura antiscivolo, vi conferisce la stabilit\u00e0 necessaria per affrontare anche i sollevamenti pi\u00f9 impegnativi. Ottenete un gioco di gambe perfetto, mantenete un posizionamento costante e liberate il vostro vero potenziale di sollevamento con il design impareggiabile della nostra piattaforma.<\/p>\n<\/div>\n\n\n\n<div class=\"wp-block-column is-vertically-aligned-center is-layout-flow wp-block-column-is-layout-flow\">\n<h4 class=\"wp-block-heading\" style=\"margin-bottom:var(--wp--preset--spacing--h-3-bottom)\">COMPENSATO IMITAZIONE LEGNO<\/h4>\n\n\n\n<p><strong><em>Estetica della natura<\/em><\/strong><\/p>\n\n\n\n<p>Abbracciate la bellezza naturale del legno senza compromettere le prestazioni. Il nostro compensato imitazione legno emana eleganza e fascino, aggiungendo un tocco di raffinatezza all&#8217;ambiente della palestra. Esteticamente gradevole come il vero legno, questa opzione combina la durata con il fascino dei materiali naturali, creando un&#8217;atmosfera calda e invitante per i frequentatori della palestra.<\/p>\n<\/div>\n\n\n\n<div class=\"wp-block-column is-vertically-aligned-center is-layout-flow wp-block-column-is-layout-flow\">\n<h4 class=\"wp-block-heading\" style=\"margin-bottom:var(--wp--preset--spacing--h-3-bottom)\">QUERCIA PREMIUM<\/h4>\n\n\n\n<p><strong><em>Eleganza ridefinita<\/em><\/strong><\/p>\n\n\n\n<p>Elevate la vostra palestra a nuovi livelli di raffinatezza con il nostro Rovere Premium. Realizzata in vera quercia, questa opzione premium emana un&#8217;eleganza e un prestigio senza tempo. La sua bellezza naturale, le venature distinte e l&#8217;impareggiabile resistenza creano uno spazio palestra davvero lussuoso. Con Premium Oak, non solo si investe in attrezzature di alto livello, ma si crea anche un ambiente che ispira e motiva gli appassionati di palestra a raggiungere i loro obiettivi di fitness al meglio.<\/p>\n<\/div>\n<\/div>\n<\/section>\n<\/section>\n","protected":false},"excerpt":{"rendered":"<p>Potenziate la vostra palestra con la piattaforma per powerlifting Evolve, un&#8217;attrezzatura all&#8217;avanguardia di 205 x 310 x 10 cm progettata per un assorbimento superiore del suono e delle vibrazioni. Presenta eleganti dettagli estetici con logo tagliato al laser, angoli rinforzati per la stabilit\u00e0 e l&#8217;innovativa tecnologia SILENT FOAM\u2122 per un ambiente di allenamento pi\u00f9 silenzioso. La superficie in gomma multistrato resistente all&#8217;usura \u00e8 facile da pulire e da mantenere. Scegliete tra le opzioni di inserti eleganti come il compensato antiscivolo, l&#8217;imitazione del legno o il rovere pregiato per adattarsi all&#8217;ambiente della vostra palestra. Con un peso di 221 kg e una garanzia di 2 anni, questa pedana \u00e8 perfetta per arricchire qualsiasi spazio fitness con funzionalit\u00e0 e raffinatezza.<\/p>\n","protected":false},"featured_media":82203,"template":"","meta":{"_acf_changed":false,"inline_featured_image":false},"product_cat":[2414,845,863],"product_tag":[],"class_list":{"0":"post-21566","1":"product","2":"type-product","3":"status-publish","4":"has-post-thumbnail","6":"product_cat-hyrox-gear","7":"product_cat-piattaforme-e-pavimenti","8":"product_cat-piattaforme","10":"first","11":"outofstock","12":"shipping-taxable","13":"purchasable","14":"product-type-variable"},"acf":[],"_links":{"self":[{"href":"https:\/\/store.evolve-fitness.eu\/it\/wp-json\/wp\/v2\/product\/21566","targetHints":{"allow":["GET"]}}],"collection":[{"href":"https:\/\/store.evolve-fitness.eu\/it\/wp-json\/wp\/v2\/product"}],"about":[{"href":"https:\/\/store.evolve-fitness.eu\/it\/wp-json\/wp\/v2\/types\/product"}],"wp:featuredmedia":[{"embeddable":true,"href":"https:\/\/store.evolve-fitness.eu\/it\/wp-json\/wp\/v2\/media\/82203"}],"wp:attachment":[{"href":"https:\/\/store.evolve-fitness.eu\/it\/wp-json\/wp\/v2\/media?parent=21566"}],"wp:term":[{"taxonomy":"product_cat","embeddable":true,"href":"https:\/\/store.evolve-fitness.eu\/it\/wp-json\/wp\/v2\/product_cat?post=21566"},{"taxonomy":"product_tag","embeddable":true,"href":"https:\/\/store.evolve-fitness.eu\/it\/wp-json\/wp\/v2\/product_tag?post=21566"}],"curies":[{"name":"wp","href":"https:\/\/api.w.org\/{rel}","templated":true}]}}