{"id":21331,"date":"2023-09-26T07:57:59","date_gmt":"2023-09-26T07:57:59","guid":{"rendered":"https:\/\/store.evolve-fitness.eu\/product\/piattaforma-evolve-per-il-sollevamento-pesi-ad-assorbimento-del-suono-e-delle-vibrazioni-con-inserto-corto-310-x-305-x-10-cm\/"},"modified":"2025-11-07T10:29:19","modified_gmt":"2025-11-07T10:29:19","slug":"piattaforma-evolve-per-il-sollevamento-pesi-ad-assorbimento-del-suono-e-delle-vibrazioni-con-inserto-corto-310-x-305-x-10-cm","status":"publish","type":"product","link":"https:\/\/store.evolve-fitness.eu\/it\/prodotto\/piattaforma-evolve-per-il-sollevamento-pesi-ad-assorbimento-del-suono-e-delle-vibrazioni-con-inserto-corto-310-x-305-x-10-cm\/","title":{"rendered":"Piattaforma Evolve per il sollevamento pesi ad assorbimento del suono e delle vibrazioni con inserto corto 310 x 305 x 10 cm"},"content":{"rendered":"\n<section class=\"wp-block-group alignfull black-content has-white-color has-darkgray-background-color has-text-color has-background is-layout-constrained wp-block-group-is-layout-constrained\" style=\"padding-top:var(--wp--preset--spacing--section-bottom);padding-bottom:var(--wp--preset--spacing--section-bottom)\">\n<section class=\"wp-block-group alignfull black-content has-white-color has-darkgray-background-color has-text-color has-background is-layout-constrained wp-block-group-is-layout-constrained\" style=\"padding-top:var(--wp--preset--spacing--section-bottom);padding-bottom:var(--wp--preset--spacing--section-bottom)\">\n<div class=\"wp-block-columns alignwide mobile-reverse is-layout-flex wp-container-core-columns-is-layout-ca64bf2d wp-block-columns-is-layout-flex\" style=\"margin-bottom:var(--wp--preset--spacing--side-padding)\">\n<div class=\"wp-block-column is-vertically-aligned-center is-layout-flow wp-block-column-is-layout-flow\">\n<h3 class=\"wp-block-heading\" style=\"margin-bottom:var(--wp--preset--spacing--h-3-bottom)\">dettagli del logo tagliati al laser<\/h3>\n\n\n\n<p><strong><em>Estetica e artigianato di qualit\u00e0<\/em><\/strong><\/p>\n\n\n\n<p>Vi presentiamo i nostri straordinari dettagli del logo tagliati al laser, l&#8217;epitome della raffinatezza nel sollevamento pesi. Realizzati con tecnologia di precisione a taglio laser, questi elementi hi-tech offrono un&#8217;estetica di grande impatto con bordi netti e taglienti, aggiungendo un valore e una raffinatezza innegabili alla vostra palestra. La loro eccezionale lavorazione garantisce la durata e migliora l&#8217;integrit\u00e0 complessiva della piattaforma. Abbracciate l&#8217;arte del sollevamento pesi in una classe a s\u00e9 stante, elevando la vostra esperienza in palestra con un&#8217;estetica e una precisione senza pari.<\/p>\n<\/div>\n\n\n\n<div class=\"wp-block-column is-vertically-aligned-center is-layout-flow wp-block-column-is-layout-flow\">\n<figure class=\"wp-block-image size-full is-style-rounded\"><img loading=\"lazy\" decoding=\"async\" width=\"680\" height=\"600\" src=\"https:\/\/store.evolve-fitness.eu\/wp-content\/uploads\/2023\/09\/Dizainas-be-pavadinimo-7-1.png\" alt=\"\" class=\"wp-image-124428\" srcset=\"https:\/\/store.evolve-fitness.eu\/wp-content\/uploads\/2023\/09\/Dizainas-be-pavadinimo-7-1.png 680w, https:\/\/store.evolve-fitness.eu\/wp-content\/uploads\/2023\/09\/Dizainas-be-pavadinimo-7-1-300x265.png 300w, https:\/\/store.evolve-fitness.eu\/wp-content\/uploads\/2023\/09\/Dizainas-be-pavadinimo-7-1-600x529.png 600w\" sizes=\"auto, (max-width: 680px) 100vw, 680px\" \/><\/figure>\n<\/div>\n<\/div>\n\n\n\n<div class=\"wp-block-columns alignwide mobile-reverse is-layout-flex wp-container-core-columns-is-layout-ca64bf2d wp-block-columns-is-layout-flex\" style=\"margin-bottom:var(--wp--preset--spacing--side-padding)\">\n<div class=\"wp-block-column is-vertically-aligned-center is-layout-flow wp-block-column-is-layout-flow\">\n<figure class=\"wp-block-image size-full is-resized is-style-rounded\"><img loading=\"lazy\" decoding=\"async\" width=\"680\" height=\"600\" src=\"https:\/\/store.evolve-fitness.eu\/wp-content\/uploads\/2023\/09\/Dizainas-be-pavadinimo-8-1.png\" alt=\"\" class=\"wp-image-124453\" style=\"width:689px;height:auto\" srcset=\"https:\/\/store.evolve-fitness.eu\/wp-content\/uploads\/2023\/09\/Dizainas-be-pavadinimo-8-1.png 680w, https:\/\/store.evolve-fitness.eu\/wp-content\/uploads\/2023\/09\/Dizainas-be-pavadinimo-8-1-300x265.png 300w, https:\/\/store.evolve-fitness.eu\/wp-content\/uploads\/2023\/09\/Dizainas-be-pavadinimo-8-1-600x529.png 600w\" sizes=\"auto, (max-width: 680px) 100vw, 680px\" \/><\/figure>\n<\/div>\n\n\n\n<div class=\"wp-block-column is-vertically-aligned-center is-layout-flow wp-block-column-is-layout-flow\">\n<h3 class=\"wp-block-heading\" style=\"margin-bottom:var(--wp--preset--spacing--h-3-bottom)\">ANGOLI RINFORZATI<\/h3>\n\n\n\n<p><strong><em>Integrit\u00e0 strutturale migliorata per la massima stabilit\u00e0<\/em><\/strong><\/p>\n\n\n\n<p style=\"margin-bottom:var(--wp--preset--spacing--tb-section-padding)\">Comprendiamo la necessit\u00e0 di una stabilit\u00e0 incrollabile durante le sessioni di sollevamento pesi pi\u00f9 intense. Ecco perch\u00e9 la nostra pedana per il sollevamento pesi \u00e8 dotata di angoli rinforzati, che garantiscono la massima integrit\u00e0 strutturale e il massimo sostegno. Questi angoli di precisione rafforzano il telaio, proteggendolo dalle forze generate dal sollevamento di carichi pesanti. Grazie a questo elemento di design superiore, potete sollevare con fiducia, sapendo che la nostra piattaforma \u00e8 in grado di affrontare qualsiasi sfida. Sfruttate il potere della forza rinforzata e migliorate le vostre prestazioni nel sollevamento pesi con una maggiore stabilit\u00e0.<\/p>\n<\/div>\n<\/div>\n\n\n\n<div class=\"wp-block-columns alignwide mobile-reverse is-layout-flex wp-container-core-columns-is-layout-ca64bf2d wp-block-columns-is-layout-flex\" style=\"margin-bottom:var(--wp--preset--spacing--side-padding)\">\n<div class=\"wp-block-column is-vertically-aligned-center is-layout-flow wp-block-column-is-layout-flow\">\n<h3 class=\"wp-block-heading\" style=\"margin-bottom:var(--wp--preset--spacing--h-3-bottom)\">Cambiamento di gioco<\/h3>\n\n\n\n<p><strong><em>Tecnologia SILENT FOAM<\/em><\/strong><\/p>\n\n\n\n<p>La nostra piattaforma presenta l&#8217;innovativa tecnologia SILENT FOAM\u2122, che stabilisce nuovi standard per le piattaforme di sollevamento pesi. Progettata per garantire comfort e prestazioni senza pari, questa schiuma innovativa assorbe suoni e vibrazioni, favorendo un ambiente di allenamento tranquillo. Grazie alla nostra avanzata tecnologia Composite Foam, l&#8217;assorbimento degli impatti \u00e8 impareggiabile e riduce al minimo le sollecitazioni durante l&#8217;intero sollevamento. Liberate il vostro vero potenziale nel sollevamento pesi: la nostra piattaforma offre un supporto e una stabilit\u00e0 incrollabili per le sessioni di allenamento pi\u00f9 impegnative.<\/p>\n<\/div>\n\n\n\n<div class=\"wp-block-column is-vertically-aligned-center is-layout-flow wp-block-column-is-layout-flow\">\n<figure class=\"wp-block-video\"><video autoplay=\"\" controls=\"\" loop=\"\" muted=\"\" src=\"https:\/\/evolve-fitness.eu\/wp-content\/uploads\/2023\/12\/SILENT-FOAM&#x2122;-Technology.mp4\"><\/video><\/figure>\n<\/div>\n<\/div>\n\n\n\n<div class=\"wp-block-columns alignwide mobile-reverse is-layout-flex wp-container-core-columns-is-layout-ca64bf2d wp-block-columns-is-layout-flex\" style=\"margin-bottom:var(--wp--preset--spacing--side-padding)\">\n<div class=\"wp-block-column is-vertically-aligned-center is-layout-flow wp-block-column-is-layout-flow\">\n<figure class=\"wp-block-image size-full is-resized\"><img decoding=\"async\" src=\"https:\/\/evolve-fitness.eu\/wp-content\/uploads\/2023\/12\/Evolve-Weightlifting-Sound-Vibration-Absorption-Platform-With-Short-Insert-310-x-305-x-10-cm.png\" alt=\"\" class=\"wp-image-7613\" style=\"width:711px;height:auto\"\/><\/figure>\n<\/div>\n\n\n\n<div class=\"wp-block-column is-vertically-aligned-center is-layout-flow wp-block-column-is-layout-flow\">\n<h4 class=\"wp-block-heading\">GOMMA MULTISTRATO RESISTENTE ALL&#8217;USURA  <\/h4>\n\n\n\n<p><strong><em>Superficie facile da pulire e priva di sbriciolamenti<\/em><\/strong><\/p>\n\n\n\n<p>  Scoprite la potenza della nostra esclusiva superficie in gomma multistrato resistente all&#8217;usura, che vanta una tecnologia di laminazione avanzata per una durata senza pari. Progettata per resistere alle routine di sollevamento pesi pi\u00f9 rigorose, questa gomma all&#8217;avanguardia resiste all&#8217;usura e si distingue dalle piattaforme convenzionali. Il vantaggio della gomma laminata eleva la vostra esperienza di allenamento con una resistenza e un&#8217;affidabilit\u00e0 senza pari. Niente pi\u00f9 compromessi: sperimentate una piattaforma costruita per durare, progettata pensando all&#8217;atleta.<\/p>\n<\/div>\n<\/div>\n\n\n\n<div class=\"wp-block-columns alignwide mobile-reverse is-layout-flex wp-container-core-columns-is-layout-ca64bf2d wp-block-columns-is-layout-flex\" style=\"margin-bottom:var(--wp--preset--spacing--side-padding)\">\n<div class=\"wp-block-column is-vertically-aligned-center is-layout-flow wp-block-column-is-layout-flow\">\n<h3 class=\"wp-block-heading\" style=\"margin-bottom:var(--wp--preset--spacing--h-3-bottom)\">COMPENSATO MONOBLOCCO<\/h3>\n\n\n\n<p><strong><em>Dotato di un rivestimento antiscivolo sicuro<\/em><\/strong><\/p>\n\n\n\n<p>Ricavata da un unico pezzo di compensato e arricchita da un rivestimento antiscivolo, la nostra pedana per il sollevamento pesi garantisce una superficie sicura e resistente per ogni sollevamento. Questo multistrato di prima qualit\u00e0, completato dall&#8217;impugnatura antiscivolo, vi conferisce la stabilit\u00e0 necessaria per affrontare anche i sollevamenti pi\u00f9 impegnativi. Ottenete un gioco di gambe perfetto, mantenete un posizionamento costante e liberate il vostro vero potenziale di sollevamento con il design impareggiabile della nostra piattaforma.<\/p>\n<\/div>\n\n\n\n<div class=\"wp-block-column is-vertically-aligned-center is-layout-flow wp-block-column-is-layout-flow\">\n<figure class=\"wp-block-video\"><video height=\"600\" style=\"aspect-ratio: 680 \/ 600;\" width=\"680\" autoplay=\"\" controls=\"\" loop=\"\" muted=\"\" src=\"https:\/\/evolve-fitness.eu\/wp-content\/uploads\/2023\/12\/ONE-PIECE-PLYWOOD.mp4\"><\/video><\/figure>\n<\/div>\n<\/div>\n\n\n\n<h3 class=\"wp-block-heading\" style=\"padding-top:var(--wp--preset--spacing--tb-section-padding);padding-bottom:var(--wp--preset--spacing--tb-section-padding)\">Scegliere il tipo di inserto<\/h3>\n\n\n\n<div class=\"wp-block-columns is-layout-flex wp-container-core-columns-is-layout-9d6595d7 wp-block-columns-is-layout-flex\">\n<div class=\"wp-block-column is-layout-flow wp-block-column-is-layout-flow\">\n<figure class=\"wp-block-image size-full is-style-rounded\"><img loading=\"lazy\" decoding=\"async\" width=\"2060\" height=\"2060\" src=\"https:\/\/store.evolve-fitness.eu\/wp-content\/uploads\/2023\/09\/A7_01148-1.jpg\" alt=\"\" class=\"wp-image-124478\" srcset=\"https:\/\/store.evolve-fitness.eu\/wp-content\/uploads\/2023\/09\/A7_01148-1.jpg 2060w, https:\/\/store.evolve-fitness.eu\/wp-content\/uploads\/2023\/09\/A7_01148-1-300x300.jpg 300w, https:\/\/store.evolve-fitness.eu\/wp-content\/uploads\/2023\/09\/A7_01148-1-1024x1024.jpg 1024w, https:\/\/store.evolve-fitness.eu\/wp-content\/uploads\/2023\/09\/A7_01148-1-150x150.jpg 150w, https:\/\/store.evolve-fitness.eu\/wp-content\/uploads\/2023\/09\/A7_01148-1-768x768.jpg 768w, https:\/\/store.evolve-fitness.eu\/wp-content\/uploads\/2023\/09\/A7_01148-1-1536x1536.jpg 1536w, https:\/\/store.evolve-fitness.eu\/wp-content\/uploads\/2023\/09\/A7_01148-1-2048x2048.jpg 2048w, https:\/\/store.evolve-fitness.eu\/wp-content\/uploads\/2023\/09\/A7_01148-1-600x600.jpg 600w, https:\/\/store.evolve-fitness.eu\/wp-content\/uploads\/2023\/09\/A7_01148-1-100x100.jpg 100w\" sizes=\"auto, (max-width: 2060px) 100vw, 2060px\" \/><\/figure>\n<\/div>\n\n\n\n<div class=\"wp-block-column is-layout-flow wp-block-column-is-layout-flow\">\n<figure class=\"wp-block-image size-full is-style-rounded\"><img loading=\"lazy\" decoding=\"async\" width=\"2060\" height=\"2060\" src=\"https:\/\/store.evolve-fitness.eu\/wp-content\/uploads\/2023\/09\/A7_01182-1.jpg\" alt=\"\" class=\"wp-image-124503\" srcset=\"https:\/\/store.evolve-fitness.eu\/wp-content\/uploads\/2023\/09\/A7_01182-1.jpg 2060w, https:\/\/store.evolve-fitness.eu\/wp-content\/uploads\/2023\/09\/A7_01182-1-300x300.jpg 300w, https:\/\/store.evolve-fitness.eu\/wp-content\/uploads\/2023\/09\/A7_01182-1-1024x1024.jpg 1024w, https:\/\/store.evolve-fitness.eu\/wp-content\/uploads\/2023\/09\/A7_01182-1-150x150.jpg 150w, https:\/\/store.evolve-fitness.eu\/wp-content\/uploads\/2023\/09\/A7_01182-1-768x768.jpg 768w, https:\/\/store.evolve-fitness.eu\/wp-content\/uploads\/2023\/09\/A7_01182-1-1536x1536.jpg 1536w, https:\/\/store.evolve-fitness.eu\/wp-content\/uploads\/2023\/09\/A7_01182-1-2048x2048.jpg 2048w, https:\/\/store.evolve-fitness.eu\/wp-content\/uploads\/2023\/09\/A7_01182-1-600x600.jpg 600w, https:\/\/store.evolve-fitness.eu\/wp-content\/uploads\/2023\/09\/A7_01182-1-100x100.jpg 100w\" sizes=\"auto, (max-width: 2060px) 100vw, 2060px\" \/><\/figure>\n<\/div>\n\n\n\n<div class=\"wp-block-column is-layout-flow wp-block-column-is-layout-flow\">\n<figure class=\"wp-block-image size-full is-resized is-style-rounded\"><img loading=\"lazy\" decoding=\"async\" width=\"2060\" height=\"2060\" src=\"https:\/\/store.evolve-fitness.eu\/wp-content\/uploads\/2023\/09\/A7_01163-1.jpg\" alt=\"\" class=\"wp-image-124528\" style=\"width:469px;height:auto\" srcset=\"https:\/\/store.evolve-fitness.eu\/wp-content\/uploads\/2023\/09\/A7_01163-1.jpg 2060w, https:\/\/store.evolve-fitness.eu\/wp-content\/uploads\/2023\/09\/A7_01163-1-300x300.jpg 300w, https:\/\/store.evolve-fitness.eu\/wp-content\/uploads\/2023\/09\/A7_01163-1-1024x1024.jpg 1024w, https:\/\/store.evolve-fitness.eu\/wp-content\/uploads\/2023\/09\/A7_01163-1-150x150.jpg 150w, https:\/\/store.evolve-fitness.eu\/wp-content\/uploads\/2023\/09\/A7_01163-1-768x768.jpg 768w, https:\/\/store.evolve-fitness.eu\/wp-content\/uploads\/2023\/09\/A7_01163-1-1536x1536.jpg 1536w, https:\/\/store.evolve-fitness.eu\/wp-content\/uploads\/2023\/09\/A7_01163-1-2048x2048.jpg 2048w, https:\/\/store.evolve-fitness.eu\/wp-content\/uploads\/2023\/09\/A7_01163-1-600x600.jpg 600w, https:\/\/store.evolve-fitness.eu\/wp-content\/uploads\/2023\/09\/A7_01163-1-100x100.jpg 100w\" sizes=\"auto, (max-width: 2060px) 100vw, 2060px\" \/><\/figure>\n<\/div>\n<\/div>\n\n\n\n<div class=\"wp-block-columns is-layout-flex wp-container-core-columns-is-layout-9d6595d7 wp-block-columns-is-layout-flex\">\n<div class=\"wp-block-column is-vertically-aligned-center is-layout-flow wp-block-column-is-layout-flow\">\n<h4 class=\"wp-block-heading\" style=\"margin-bottom:var(--wp--preset--spacing--h-3-bottom)\">COMPENSATO MONOBLOCCO<\/h4>\n\n\n\n<p><strong><em>Dotato di un rivestimento antiscivolo sicuro<\/em><\/strong><\/p>\n\n\n\n<p>Ricavata da un unico pezzo di compensato e arricchita da un rivestimento antiscivolo, la nostra pedana per il sollevamento pesi garantisce una superficie sicura e resistente per ogni sollevamento. Questo multistrato di prima qualit\u00e0, completato dall&#8217;impugnatura antiscivolo, vi conferisce la stabilit\u00e0 necessaria per affrontare anche i sollevamenti pi\u00f9 impegnativi. Ottenete un gioco di gambe perfetto, mantenete un posizionamento costante e liberate il vostro vero potenziale di sollevamento con il design impareggiabile della nostra piattaforma.<\/p>\n<\/div>\n\n\n\n<div class=\"wp-block-column is-vertically-aligned-center is-layout-flow wp-block-column-is-layout-flow\">\n<h4 class=\"wp-block-heading\" style=\"margin-bottom:var(--wp--preset--spacing--h-3-bottom)\">COMPENSATO IMITAZIONE LEGNO<\/h4>\n\n\n\n<p><strong><em>Estetica della natura<\/em><\/strong><\/p>\n\n\n\n<p>Abbracciate la bellezza naturale del legno senza compromettere le prestazioni. Il nostro compensato imitazione legno emana eleganza e fascino, aggiungendo un tocco di raffinatezza all&#8217;ambiente della palestra. Esteticamente gradevole come il vero legno, questa opzione combina la durata con il fascino dei materiali naturali, creando un&#8217;atmosfera calda e invitante per i frequentatori della palestra.<\/p>\n<\/div>\n\n\n\n<div class=\"wp-block-column is-vertically-aligned-center is-layout-flow wp-block-column-is-layout-flow\">\n<h4 class=\"wp-block-heading\" style=\"margin-bottom:var(--wp--preset--spacing--h-3-bottom)\">QUERCIA PREMIUM<\/h4>\n\n\n\n<p><strong><em>Eleganza ridefinita<\/em><\/strong><\/p>\n\n\n\n<p>Elevate la vostra palestra a nuovi livelli di raffinatezza con il nostro Rovere Premium. Realizzata in vera quercia, questa opzione premium emana un&#8217;eleganza e un prestigio senza tempo. La sua bellezza naturale, le venature distinte e l&#8217;impareggiabile resistenza creano uno spazio palestra davvero lussuoso. Con Premium Oak, non solo si investe in attrezzature di alto livello, ma si crea anche un ambiente che ispira e motiva gli appassionati di palestra a raggiungere i loro obiettivi di fitness al meglio.<\/p>\n<\/div>\n<\/div>\n<\/section>\n<\/section>\n\n<p><\/p>\n","protected":false},"excerpt":{"rendered":"<p>Migliorate lo spazio della vostra palestra con la pedana fonoassorbente e antivibrante FS-100 di Evolve. Progettata per strutture di fitness personali e commerciali, questa piattaforma \u00e8 una potenza di cancellazione del rumore e delle vibrazioni. La sua struttura multistrato riduce al minimo i rimbalzi e le vibrazioni, garantendo un ambiente di allenamento pi\u00f9 silenzioso. Realizzato con materiali insonorizzati, \u00e8 perfetto per il sollevamento pesi olimpico e il Crossfit. Inoltre, la sua struttura robusta, con laminato antiscivolo e strisce di gomma resistenti, garantisce prestazioni di lunga durata. Elevate la vostra palestra con questa soluzione resistente oggi stesso!<\/p>\n","protected":false},"featured_media":21337,"template":"","meta":{"_acf_changed":false,"inline_featured_image":false},"product_cat":[845,863],"product_tag":[],"class_list":{"0":"post-21331","1":"product","2":"type-product","3":"status-publish","4":"has-post-thumbnail","6":"product_cat-piattaforme-e-pavimenti","7":"product_cat-piattaforme","9":"first","10":"outofstock","11":"shipping-taxable","12":"purchasable","13":"product-type-variable"},"acf":[],"_links":{"self":[{"href":"https:\/\/store.evolve-fitness.eu\/it\/wp-json\/wp\/v2\/product\/21331","targetHints":{"allow":["GET"]}}],"collection":[{"href":"https:\/\/store.evolve-fitness.eu\/it\/wp-json\/wp\/v2\/product"}],"about":[{"href":"https:\/\/store.evolve-fitness.eu\/it\/wp-json\/wp\/v2\/types\/product"}],"wp:featuredmedia":[{"embeddable":true,"href":"https:\/\/store.evolve-fitness.eu\/it\/wp-json\/wp\/v2\/media\/21337"}],"wp:attachment":[{"href":"https:\/\/store.evolve-fitness.eu\/it\/wp-json\/wp\/v2\/media?parent=21331"}],"wp:term":[{"taxonomy":"product_cat","embeddable":true,"href":"https:\/\/store.evolve-fitness.eu\/it\/wp-json\/wp\/v2\/product_cat?post=21331"},{"taxonomy":"product_tag","embeddable":true,"href":"https:\/\/store.evolve-fitness.eu\/it\/wp-json\/wp\/v2\/product_tag?post=21331"}],"curies":[{"name":"wp","href":"https:\/\/api.w.org\/{rel}","templated":true}]}}