{"id":17288,"date":"2023-09-21T13:38:01","date_gmt":"2023-09-21T13:38:01","guid":{"rendered":"https:\/\/store.evolve-fitness.eu\/product\/plyo-box-di-legno-evolve-3-in-1\/"},"modified":"2026-03-13T12:00:24","modified_gmt":"2026-03-13T12:00:24","slug":"plyo-box-di-legno-evolve-3-in-1","status":"publish","type":"product","link":"https:\/\/store.evolve-fitness.eu\/it\/prodotto\/plyo-box-di-legno-evolve-3-in-1\/","title":{"rendered":"Plyo Box di legno Evolve 3-in-1"},"content":{"rendered":"\n<section class=\"wp-block-group alignfull black-content has-white-color has-darkgray-background-color has-text-color has-background is-layout-constrained wp-block-group-is-layout-constrained\" style=\"padding-top:var(--wp--preset--spacing--section-bottom);padding-bottom:var(--wp--preset--spacing--section-bottom)\">\n<div class=\"wp-block-columns alignwide mobile-reverse is-layout-flex wp-container-core-columns-is-layout-ca64bf2d wp-block-columns-is-layout-flex\" style=\"margin-bottom:var(--wp--preset--spacing--side-padding)\">\n<div class=\"wp-block-column is-vertically-aligned-center is-layout-flow wp-block-column-is-layout-flow\">\n<h3 class=\"wp-block-heading\" style=\"margin-bottom:var(--wp--preset--spacing--h-3-bottom)\"><strong><strong>tre opzioni di altezza: 51 cm, 61 cm e 76 cm<\/strong><\/strong><\/h3>\n\n\n\n<p><strong><em><strong>Adatto a utenti di tutti i livelli di abilit\u00e0<\/strong><\/em><\/strong><\/p>\n\n\n\n<p style=\"margin-bottom:var(--wp--preset--spacing--tb-section-padding)\">L&#8217;Evolve Wooden Plyo Box 3-in-1 \u00e8 un attrezzo fitness versatile progettato per gli esercizi pliometrici. La sua caratteristica principale \u00e8 la possibilit\u00e0 di regolarsi su tre diverse altezze, offrendo vari livelli di intensit\u00e0 per gli allenamenti. Questa regolabilit\u00e0 lo rende adatto a un&#8217;ampia gamma di livelli di fitness, dai principianti agli atleti pi\u00f9 esperti. La scatola \u00e8 realizzata in legno robusto, per garantire durata e stabilit\u00e0 durante l&#8217;uso. \u00c8 stato progettato specificamente per esercizi che mirano a migliorare la potenza, la velocit\u00e0 e l&#8217;agilit\u00e0, il che lo rende una scelta popolare per l&#8217;allenamento funzionale e le routine di crossfit.<\/p>\n<\/div>\n\n\n\n<div class=\"wp-block-column is-vertically-aligned-center is-layout-flow wp-block-column-is-layout-flow\">\n<figure class=\"wp-block-image size-large\"><img decoding=\"async\" src=\"https:\/\/evolve-fitness.eu\/wp-content\/uploads\/2023\/09\/A7_09543-1024x683.jpg\" alt=\"EV-PF-WP-300\" class=\"wp-image-10228\"\/><\/figure>\n<\/div>\n<\/div>\n\n\n\n<div class=\"wp-block-columns alignwide mobile-reverse is-layout-flex wp-container-core-columns-is-layout-ca64bf2d wp-block-columns-is-layout-flex\" style=\"margin-bottom:var(--wp--preset--spacing--side-padding)\">\n<div class=\"wp-block-column is-vertically-aligned-center is-layout-flow wp-block-column-is-layout-flow\">\n<figure class=\"wp-block-image size-large\"><img decoding=\"async\" src=\"https:\/\/evolve-fitness.eu\/wp-content\/uploads\/2023\/09\/A7_09525-1024x683.jpg\" alt=\"EV-PF-WP-300\" class=\"wp-image-10230\"\/><\/figure>\n<\/div>\n\n\n\n<div class=\"wp-block-column is-vertically-aligned-center is-layout-flow wp-block-column-is-layout-flow\">\n<h3 class=\"wp-block-heading\" style=\"margin-bottom:var(--wp--preset--spacing--h-3-bottom)\"><strong>La sicurezza prima di tutto<\/strong><\/h3>\n\n\n\n<p><strong><em>Costruito per la vostra protezione<\/em><\/strong><\/p>\n\n\n\n<p>L&#8217;Evolve Wooden Plyo Box 3-in-1 \u00e8 costruito tenendo conto della sicurezza e della durata. \u00c8 dotato di angoli arrotondati, progettati appositamente per ridurre al minimo il rischio di lesioni durante gli allenamenti. Questo aspetto di sicurezza \u00e8 fondamentale per gli esercizi pliometrici che prevedono salti e movimenti dinamici. Il box \u00e8 realizzato in legno di alta qualit\u00e0, che garantisce resistenza e longevit\u00e0, rendendolo un attrezzo affidabile per le sessioni di fitness pi\u00f9 intense.<\/p>\n<\/div>\n<\/div>\n<\/section>\n\n<section class=\"wp-block-group alignfull has-lightgray-background-color has-background is-layout-constrained wp-block-group-is-layout-constrained\">\n<div class=\"wp-block-columns alignwide is-layout-flex wp-container-core-columns-is-layout-2edb0647 wp-block-columns-is-layout-flex\" style=\"margin-top:0;margin-bottom:0\">\n<div class=\"wp-block-column is-layout-flow wp-block-column-is-layout-flow\" style=\"flex-basis:33.33%\"><\/div>\n\n\n\n<div class=\"wp-block-column is-layout-flow wp-block-column-is-layout-flow\" style=\"flex-basis:66.66%\"><\/div>\n<\/div>\n<\/section>\n","protected":false},"excerpt":{"rendered":"<p>L&#8217;Evolve Wooden Plyo Box 3-in-1 \u00e8 un attrezzo versatile ed essenziale per il fitness, con altezze regolabili di 51 cm, 61 cm e 76 cm. Con un peso di 23 kg, offre stabilit\u00e0 e sicurezza per vari allenamenti. La sua struttura robusta comprende pannelli di supporto interni e bordi arrotondati per garantire durata e sicurezza. Facile da assemblare e dotato di maniglie integrate, \u00e8 pratico e portatile e rappresenta il compagno di fitness perfetto per tutti i livelli.<\/p>\n","protected":false},"featured_media":17295,"template":"","meta":{"_acf_changed":false,"inline_featured_image":false},"product_cat":[2414,611,613],"product_tag":[],"class_list":{"0":"post-17288","1":"product","2":"type-product","3":"status-publish","4":"has-post-thumbnail","6":"product_cat-hyrox-gear","7":"product_cat-interdisciplinare-e-funzionale","8":"product_cat-apparecchiature-funzionali","10":"first","11":"instock","12":"shipping-taxable","13":"purchasable","14":"product-type-simple"},"acf":[],"_links":{"self":[{"href":"https:\/\/store.evolve-fitness.eu\/it\/wp-json\/wp\/v2\/product\/17288","targetHints":{"allow":["GET"]}}],"collection":[{"href":"https:\/\/store.evolve-fitness.eu\/it\/wp-json\/wp\/v2\/product"}],"about":[{"href":"https:\/\/store.evolve-fitness.eu\/it\/wp-json\/wp\/v2\/types\/product"}],"wp:featuredmedia":[{"embeddable":true,"href":"https:\/\/store.evolve-fitness.eu\/it\/wp-json\/wp\/v2\/media\/17295"}],"wp:attachment":[{"href":"https:\/\/store.evolve-fitness.eu\/it\/wp-json\/wp\/v2\/media?parent=17288"}],"wp:term":[{"taxonomy":"product_cat","embeddable":true,"href":"https:\/\/store.evolve-fitness.eu\/it\/wp-json\/wp\/v2\/product_cat?post=17288"},{"taxonomy":"product_tag","embeddable":true,"href":"https:\/\/store.evolve-fitness.eu\/it\/wp-json\/wp\/v2\/product_tag?post=17288"}],"curies":[{"name":"wp","href":"https:\/\/api.w.org\/{rel}","templated":true}]}}