{"id":16804,"date":"2023-09-21T08:50:34","date_gmt":"2023-09-21T08:50:34","guid":{"rendered":"https:\/\/store.evolve-fitness.eu\/product\/evolve-nbr-studio-mat-180-x-60-x-1-cm\/"},"modified":"2025-03-07T09:35:45","modified_gmt":"2025-03-07T09:35:45","slug":"evolve-nbr-studio-mat-180-x-60-x-1-cm","status":"publish","type":"product","link":"https:\/\/store.evolve-fitness.eu\/it\/prodotto\/evolve-nbr-studio-mat-180-x-60-x-1-cm\/","title":{"rendered":"Evolve NBR Studio Mat 180 x 60 x 1 cm"},"content":{"rendered":"\n<section class=\"wp-block-group alignfull has-darkgray-background-color has-background is-layout-constrained wp-block-group-is-layout-constrained\">\n<div class=\"wp-block-columns alignwide is-layout-flex wp-container-core-columns-is-layout-2edb0647 wp-block-columns-is-layout-flex\" style=\"margin-top:0;margin-bottom:0\">\n<div class=\"wp-block-column is-layout-flow wp-block-column-is-layout-flow\" style=\"flex-basis:33.33%\"><\/div>\n\n\n\n<div class=\"wp-block-column is-layout-flow wp-block-column-is-layout-flow\" style=\"flex-basis:66.66%\"><\/div>\n<\/div>\n\n\n\n<section class=\"wp-block-group alignfull has-darkgray-background-color has-background is-layout-constrained wp-block-group-is-layout-constrained\">\n<div class=\"wp-block-columns alignwide is-layout-flex wp-container-core-columns-is-layout-2edb0647 wp-block-columns-is-layout-flex\" style=\"margin-top:0;margin-bottom:0\">\n<div class=\"wp-block-column is-layout-flow wp-block-column-is-layout-flow\" style=\"flex-basis:33.33%\"><\/div>\n\n\n\n<div class=\"wp-block-column is-layout-flow wp-block-column-is-layout-flow\" style=\"flex-basis:66.66%\"><\/div>\n<\/div>\n\n\n\n<section class=\"wp-block-group alignfull black-content has-white-color has-darkgray-background-color has-text-color has-background is-layout-constrained wp-block-group-is-layout-constrained\" style=\"padding-top:var(--wp--preset--spacing--section-bottom);padding-bottom:var(--wp--preset--spacing--section-bottom)\">\n<div class=\"wp-block-columns alignwide is-layout-flex wp-container-core-columns-is-layout-c45ee707 wp-block-columns-is-layout-flex\" style=\"margin-bottom:var(--wp--preset--spacing--side-padding);padding-top:var(--wp--preset--spacing--side-padding)\">\n<div class=\"wp-block-column is-vertically-aligned-center is-layout-flow wp-block-column-is-layout-flow\">\n<figure class=\"wp-block-video\"><video autoplay=\"\" controls=\"\" loop=\"\" muted=\"\" src=\"https:\/\/evolve-fitness.eu\/wp-content\/uploads\/2023\/12\/1-3.mp4\"><\/video><\/figure>\n<\/div>\n\n\n\n<div class=\"wp-block-column is-vertically-aligned-center is-layout-constrained wp-block-column-is-layout-constrained\">\n<h3 class=\"wp-block-heading\" style=\"margin-bottom:var(--wp--preset--spacing--h-3-bottom)\">Tappetino da studio di alta qualit\u00e0  <\/h3>\n\n\n\n<p><strong><em>Progettato per vari esercizi come yoga, aerobica, pilates e stretching.<\/em><\/strong><\/p>\n\n\n\n<p style=\"margin-bottom:var(--wp--preset--spacing--tb-section-padding)\">Il tappetino da studio Evolve NBR offre comfort e stabilit\u00e0 grazie al suo spessore di 1 cm. Il tappetino \u00e8 realizzato in materiale ad alta densit\u00e0 che lo rende resistente, antisudore e facile da pulire. Mat si distingue per la sua struttura robusta e il design accurato. Il tappetino Evolve NBR Studio Mat \u00e8 realizzato con un materiale denso e di alta qualit\u00e0 che garantisce longevit\u00e0 e resistenza all&#8217;usura.<\/p>\n<\/div>\n<\/div>\n\n\n\n<div class=\"wp-block-columns alignwide is-layout-flex wp-container-core-columns-is-layout-c45ee707 wp-block-columns-is-layout-flex\" style=\"margin-bottom:var(--wp--preset--spacing--side-padding);padding-top:var(--wp--preset--spacing--side-padding)\">\n<div class=\"wp-block-column is-vertically-aligned-center is-layout-flow wp-block-column-is-layout-flow\">\n<h3 class=\"wp-block-heading\" style=\"margin-bottom:var(--wp--preset--spacing--h-3-bottom)\">DUREVOLE E LEGGERO<\/h3>\n\n\n\n<p><em><strong>Viene fornito con occhielli integrati per essere riposto comodamente.<\/strong><\/em><\/p>\n\n\n\n<p>Include propriet\u00e0 antiscivolo, angoli arrotondati, assorbimento ottimale degli urti e una struttura igienica a cellule chiuse impermeabile. Il tappetino \u00e8 anche leggero, con un peso di soli 1,2 kg.<\/p>\n<\/div>\n\n\n\n<div class=\"wp-block-column is-vertically-aligned-center is-layout-flow wp-block-column-is-layout-flow\">\n<div class=\"wp-block-columns is-layout-flex wp-container-core-columns-is-layout-9d6595d7 wp-block-columns-is-layout-flex\">\n<div class=\"wp-block-column is-layout-flow wp-block-column-is-layout-flow\">\n<figure class=\"wp-block-image size-large\"><img decoding=\"async\" src=\"https:\/\/evolve-fitness.eu\/wp-content\/uploads\/2023\/12\/A7_05507-683x1024.jpg\" alt=\"\" class=\"wp-image-7892\"\/><\/figure>\n<\/div>\n<\/div>\n<\/div>\n<\/div>\n\n\n\n<div class=\"wp-block-columns alignwide is-layout-flex wp-container-core-columns-is-layout-c45ee707 wp-block-columns-is-layout-flex\" style=\"margin-bottom:var(--wp--preset--spacing--side-padding);padding-top:var(--wp--preset--spacing--side-padding)\">\n<div class=\"wp-block-column is-vertically-aligned-center is-layout-flow wp-block-column-is-layout-flow\">\n<figure class=\"wp-block-image size-large\"><img decoding=\"async\" src=\"https:\/\/evolve-fitness.eu\/wp-content\/uploads\/2023\/12\/A7_05548-1024x683.jpg\" alt=\"\" class=\"wp-image-7895\"\/><\/figure>\n<\/div>\n\n\n\n<div class=\"wp-block-column is-vertically-aligned-center is-layout-flow wp-block-column-is-layout-flow\">\n<h3 class=\"wp-block-heading\" style=\"margin-bottom:var(--wp--preset--spacing--h-3-bottom)\"><strong>Superficie appositamente realizzata<\/strong><\/h3>\n\n\n\n<p><strong><em>Superficie igienica e soluzioni di stoccaggio semplici<\/em><\/strong><\/p>\n\n\n\n<p>Le sue caratteristiche igieniche, tra cui l&#8217;impermeabilit\u00e0 e la facilit\u00e0 di pulizia della superficie, ne fanno una scelta ideale per l&#8217;uso frequente in vari ambienti. La leggerezza e le soluzioni di stoccaggio integrate ne aumentano la praticit\u00e0, rendendolo un&#8217;opzione conveniente sia per l&#8217;uso domestico che per lo studio.<\/p>\n<\/div>\n<\/div>\n\n\n\n<div class=\"wp-block-columns alignwide is-layout-flex wp-container-core-columns-is-layout-c45ee707 wp-block-columns-is-layout-flex\" style=\"margin-bottom:var(--wp--preset--spacing--side-padding);padding-top:var(--wp--preset--spacing--side-padding)\">\n<div class=\"wp-block-column is-vertically-aligned-center is-layout-flow wp-block-column-is-layout-flow\">\n<h3 class=\"wp-block-heading\" style=\"margin-bottom:var(--wp--preset--spacing--h-3-bottom)\">design del logo personalizzato<\/h3>\n\n\n\n<p><strong><em>La possibilit\u00e0 di stampare un logo o un disegno aziendale direttamente sul tappetino<\/em><\/strong><\/p>\n\n\n\n<p>Migliorando il tappetino Evolve NBR Studio Mat con opzioni di design personalizzate, \u00e8 possibile allinearlo maggiormente al marchio aziendale o alle preferenze estetiche personali. Questa personalizzazione renderebbe il tappetino pi\u00f9 interessante per i programmi di benessere aziendali, per le palestre che vogliono rafforzare l&#8217;identit\u00e0 del proprio marchio o per gli individui che desiderano un tappetino che rifletta il loro stile personale.<\/p>\n<\/div>\n\n\n\n<div class=\"wp-block-column is-vertically-aligned-center is-layout-flow wp-block-column-is-layout-flow\">\n<div class=\"wp-block-columns is-layout-flex wp-container-core-columns-is-layout-9d6595d7 wp-block-columns-is-layout-flex\">\n<div class=\"wp-block-column is-layout-flow wp-block-column-is-layout-flow\">\n<figure class=\"wp-block-image size-full\"><img decoding=\"async\" src=\"https:\/\/evolve-fitness.eu\/wp-content\/uploads\/2023\/09\/Evolve-Customized-Mats_PNG-1.png\" alt=\"\" class=\"wp-image-7905\"\/><\/figure>\n<\/div>\n<\/div>\n<\/div>\n<\/div>\n<\/section>\n<\/section>\n<\/section>\n","protected":false},"excerpt":{"rendered":"<p>Ti presentiamo il tappetino Evolve NBR Studio Mat &#8211; 180 cm, la scelta migliore per le tue esigenze di allenamento. Questo tappetino per il fitness, spesso 1 cm, offre un comfort e una stabilit\u00e0 eccezionali, perfetti per lo yoga, l&#8217;aerobica, il pilates, lo stretching e altro ancora. Il suo materiale ad alta densit\u00e0 garantisce una lunga durata, rendendolo resistente al sudore e facile da pulire. Grazie alle caratteristiche antiscivolo, agli angoli arrotondati e all&#8217;assorbimento ottimale degli urti, garantisce la massima sicurezza durante gli allenamenti. Inoltre, la sua struttura igienica a celle chiuse e la sua natura impermeabile rendono la manutenzione un gioco da ragazzi. Questo tappetino di qualit\u00e0 commerciale \u00e8 costruito per durare nel tempo, a differenza di altri sul mercato, ed \u00e8 dotato di occhielli integrati per una facile conservazione. Elevate la vostra routine di allenamento con il tappetino Evolve Fitness Mat, che pesa solo 1,2 kg. Sperimentate una longevit\u00e0 e un comfort mai visti prima.<\/p>\n<p>\n","protected":false},"featured_media":16815,"template":"","meta":{"_acf_changed":false,"inline_featured_image":false},"product_cat":[2414,534],"product_tag":[],"class_list":{"0":"post-16804","1":"product","2":"type-product","3":"status-publish","4":"has-post-thumbnail","6":"product_cat-hyrox-gear","7":"product_cat-studio-it","9":"first","10":"instock","11":"sale","12":"shipping-taxable","13":"purchasable","14":"product-type-simple"},"acf":[],"_links":{"self":[{"href":"https:\/\/store.evolve-fitness.eu\/it\/wp-json\/wp\/v2\/product\/16804","targetHints":{"allow":["GET"]}}],"collection":[{"href":"https:\/\/store.evolve-fitness.eu\/it\/wp-json\/wp\/v2\/product"}],"about":[{"href":"https:\/\/store.evolve-fitness.eu\/it\/wp-json\/wp\/v2\/types\/product"}],"wp:featuredmedia":[{"embeddable":true,"href":"https:\/\/store.evolve-fitness.eu\/it\/wp-json\/wp\/v2\/media\/16815"}],"wp:attachment":[{"href":"https:\/\/store.evolve-fitness.eu\/it\/wp-json\/wp\/v2\/media?parent=16804"}],"wp:term":[{"taxonomy":"product_cat","embeddable":true,"href":"https:\/\/store.evolve-fitness.eu\/it\/wp-json\/wp\/v2\/product_cat?post=16804"},{"taxonomy":"product_tag","embeddable":true,"href":"https:\/\/store.evolve-fitness.eu\/it\/wp-json\/wp\/v2\/product_tag?post=16804"}],"curies":[{"name":"wp","href":"https:\/\/api.w.org\/{rel}","templated":true}]}}