{"id":16166,"date":"2023-09-26T11:15:05","date_gmt":"2023-09-26T11:15:05","guid":{"rendered":"https:\/\/store.evolve-fitness.eu\/product\/barretta-evolve-bodypump-2-kg\/"},"modified":"2024-08-01T06:49:59","modified_gmt":"2024-08-01T06:49:59","slug":"barretta-evolve-bodypump-2-kg","status":"publish","type":"product","link":"https:\/\/store.evolve-fitness.eu\/it\/prodotto\/barretta-evolve-bodypump-2-kg\/","title":{"rendered":"Bastone di legno nero Evolve"},"content":{"rendered":"\n<p> <mark style=\"background-color:rgba(0, 0, 0, 0);color:#ffffff\" class=\"has-inline-color\">ASD<\/mark><\/p>\n\n<p><\/p>\n","protected":false},"excerpt":{"rendered":"<p>Migliora i tuoi allenamenti con il bastone di legno nero Evolve, l&#8217;attrezzo per migliorare la forza, la flessibilit\u00e0 e l&#8217;equilibrio. Realizzato in legno di alta qualit\u00e0, questo bastone resistente \u00e8 perfetto per una serie di esercizi, tra cui l&#8217;allenamento nelle arti marziali, lo yoga, il pilates e la fisioterapia. Include legno nero premium per una maggiore durata ed estetica, finitura liscia per una presa confortevole.  <\/p>\n<p>\n","protected":false},"featured_media":89810,"template":"","meta":{"_acf_changed":false,"inline_featured_image":false},"product_cat":[534],"product_tag":[],"class_list":{"0":"post-16166","1":"product","2":"type-product","3":"status-publish","4":"has-post-thumbnail","6":"product_cat-studio-it","8":"first","9":"instock","10":"shipping-taxable","11":"purchasable","12":"product-type-simple"},"acf":[],"_links":{"self":[{"href":"https:\/\/store.evolve-fitness.eu\/it\/wp-json\/wp\/v2\/product\/16166","targetHints":{"allow":["GET"]}}],"collection":[{"href":"https:\/\/store.evolve-fitness.eu\/it\/wp-json\/wp\/v2\/product"}],"about":[{"href":"https:\/\/store.evolve-fitness.eu\/it\/wp-json\/wp\/v2\/types\/product"}],"wp:featuredmedia":[{"embeddable":true,"href":"https:\/\/store.evolve-fitness.eu\/it\/wp-json\/wp\/v2\/media\/89810"}],"wp:attachment":[{"href":"https:\/\/store.evolve-fitness.eu\/it\/wp-json\/wp\/v2\/media?parent=16166"}],"wp:term":[{"taxonomy":"product_cat","embeddable":true,"href":"https:\/\/store.evolve-fitness.eu\/it\/wp-json\/wp\/v2\/product_cat?post=16166"},{"taxonomy":"product_tag","embeddable":true,"href":"https:\/\/store.evolve-fitness.eu\/it\/wp-json\/wp\/v2\/product_tag?post=16166"}],"curies":[{"name":"wp","href":"https:\/\/api.w.org\/{rel}","templated":true}]}}