{"id":15043,"date":"2023-09-25T12:15:34","date_gmt":"2023-09-25T12:15:34","guid":{"rendered":"https:\/\/store.evolve-fitness.eu\/product\/set-di-pompe-per-il-corpo-in-uretano-evolve-195-kg\/"},"modified":"2026-04-02T12:00:22","modified_gmt":"2026-04-02T12:00:22","slug":"set-di-pompe-per-il-corpo-in-uretano-evolve-195-kg","status":"publish","type":"product","link":"https:\/\/store.evolve-fitness.eu\/it\/prodotto\/set-di-pompe-per-il-corpo-in-uretano-evolve-195-kg\/","title":{"rendered":"Set di pompe per il corpo in uretano Evolve &#8211; 19,5 kg"},"content":{"rendered":"\n<p> <mark style=\"background-color:rgba(0, 0, 0, 0);color:#ffffff\" class=\"has-inline-color\">ASD<\/mark><\/p>\n\n<section class=\"wp-block-group alignfull black-content has-white-color has-darkgray-background-color has-text-color has-background is-layout-constrained wp-block-group-is-layout-constrained\" style=\"padding-top:var(--wp--preset--spacing--section-bottom);padding-bottom:var(--wp--preset--spacing--section-bottom)\">\n<section class=\"wp-block-group alignfull black-content has-white-color has-darkgray-background-color has-text-color has-background is-layout-constrained wp-block-group-is-layout-constrained\" style=\"padding-top:var(--wp--preset--spacing--section-bottom);padding-bottom:var(--wp--preset--spacing--section-bottom)\">\n<div class=\"wp-block-columns alignwide mobile-reverse is-layout-flex wp-container-core-columns-is-layout-ca64bf2d wp-block-columns-is-layout-flex\" style=\"margin-bottom:var(--wp--preset--spacing--side-padding)\">\n<div class=\"wp-block-column is-vertically-aligned-center is-layout-flow wp-block-column-is-layout-flow\">\n<h3 class=\"wp-block-heading\" style=\"margin-bottom:var(--wp--preset--spacing--h-3-bottom)\"><strong>Durata e prestazioni ineguagliabili<\/strong><\/h3>\n\n\n\n<p><em><strong>Design superiore per allenamenti efficaci<\/strong><\/em><\/p>\n\n\n\n<p style=\"margin-bottom:var(--wp--preset--spacing--tb-section-padding)\">Scoprite l&#8217;apice della durata con il set Body Pump Evolve Urethane &#8211; 19,5 kg. Realizzato con materiale uretanico di prima qualit\u00e0, questo set garantisce prestazioni di lunga durata e rappresenta la scelta ideale sia per le palestre commerciali che per gli allenamenti domestici. La struttura robusta garantisce la resistenza a graffi, scheggiature o sbucciature, preservando l&#8217;aspetto incontaminato per anni senza bisogno di frequenti sostituzioni.<\/p>\n\n\n\n<h3 class=\"wp-block-heading\" style=\"margin-bottom:var(--wp--preset--spacing--h-3-bottom)\">Pesi in uretano realizzati con precisione<\/h3>\n\n\n\n<p><strong><em>Prestazioni costanti per allenamenti efficaci<\/em><\/strong><\/p>\n\n\n\n<p>Sperimentate un caricamento e uno scaricamento fluidi delle piastre con le punte arrotondate dei manicotti del set Evolve Urethane Body Pump. Ogni peso in uretano, tra cui 2 x 1,25 kg, 2 x 2,5 kg e 2 x 5 kg, \u00e8 realizzato con precisione secondo le specifiche esatte, per offrire un peso e una sensazione uniformi per allenamenti precisi.<\/p>\n<\/div>\n\n\n\n<div class=\"wp-block-column is-vertically-aligned-center is-layout-flow wp-block-column-is-layout-flow\">\n<figure class=\"wp-block-video\"><video autoplay=\"\" controls=\"\" loop=\"\" muted=\"\" src=\"https:\/\/evolve-fitness.eu\/wp-content\/uploads\/2023\/12\/1.mp4\"><\/video><\/figure>\n<\/div>\n<\/div>\n\n\n\n<div class=\"wp-block-columns alignwide is-layout-flex wp-container-core-columns-is-layout-c45ee707 wp-block-columns-is-layout-flex\" style=\"margin-bottom:var(--wp--preset--spacing--side-padding);padding-top:var(--wp--preset--spacing--side-padding)\">\n<div class=\"wp-block-column is-vertically-aligned-center is-layout-flow wp-block-column-is-layout-flow\">\n<figure class=\"wp-block-image size-full is-resized is-style-rounded\"><img decoding=\"async\" src=\"https:\/\/evolve-fitness.eu\/wp-content\/uploads\/2023\/08\/TPU-urethane-weight-plates-6.jpg\" alt=\"\" class=\"wp-image-838\" style=\"object-fit:cover;width:680px;height:600px\"\/><\/figure>\n<\/div>\n\n\n\n<div class=\"wp-block-column is-vertically-aligned-center is-layout-flow wp-block-column-is-layout-flow\">\n<h3 class=\"wp-block-heading\" style=\"margin-bottom:var(--wp--preset--spacing--h-3-bottom)\">Personalizzazione e stile<\/h3>\n\n\n\n<p><strong><em><strong><em><strong><em>Elevate il marchio della vostra palestra con il set Body Pump<\/em><\/strong><\/em><\/strong><\/em><\/strong><\/p>\n\n\n\n<p style=\"margin-bottom:var(--wp--preset--spacing--tb-section-padding)\">Grazie alle opzioni di personalizzazione, \u00e8 possibile aggiungere il proprio logo e selezionare colori personalizzati per creare un&#8217;esperienza di allenamento unica che distingua la palestra dalla concorrenza. Il set di pompe per il corpo in uretano Evolve offre un look visivamente sorprendente e coeso che si integra perfettamente con l&#8217;identit\u00e0 di un marchio di fitness. La scelta dei colori gioca un ruolo fondamentale nel garantire che il set non solo si distingua, ma risuoni anche con l&#8217;estetica del marchio. Caratterizzato da un logo tagliato al laser e impreziosito da uretano e da un&#8217;indicazione del peso che non si stacca o si consuma nel tempo, il set Body Pump Evolve Urethane \u00e8 costruito per durare.<\/p>\n<\/div>\n<\/div>\n\n\n\n<div class=\"wp-block-columns alignwide mobile-reverse is-layout-flex wp-container-core-columns-is-layout-ca64bf2d wp-block-columns-is-layout-flex\" style=\"margin-bottom:var(--wp--preset--spacing--side-padding)\">\n<div class=\"wp-block-column is-vertically-aligned-center is-layout-flow wp-block-column-is-layout-flow\">\n<h3 class=\"wp-block-heading\" style=\"margin-bottom:var(--wp--preset--spacing--h-3-bottom)\">FUNZIONALIT\u00c0<\/h3>\n\n\n\n<p>Il design unico non consente al peso di rimanere bloccato sulla barra.<\/p>\n\n\n\n<p style=\"margin-bottom:var(--wp--preset--spacing--tb-section-padding)\">Le piastre per pesi Evolve hanno una superficie strutturata, facile da pulire, antiscivolo e con un&#8217;ottima presa per la manipolazione. Queste caratteristiche garantiscono anche la sicurezza e riducono al minimo la possibilit\u00e0 di schiacciarsi le dita mentre si caricano e si tolgono i piatti dalla barra.<\/p>\n\n\n\n<h3 class=\"wp-block-heading\" style=\"margin-bottom:var(--wp--preset--spacing--h-3-bottom)\">Rivestimento in uretano<\/h3>\n\n\n\n<p>Il rivestimento in uretano \u00e8 altamente resistente agli urti e due volte pi\u00f9 duraturo del rivestimento in gomma<\/p>\n\n\n\n<p>Le superfici verniciate possono scheggiarsi e arrugginirsi, la gomma pu\u00f2 staccarsi o creparsi col tempo. Le piastre di peso in uretano Evolve sono estremamente resistenti e non si degradano. Questi pesi mantengono un colore solido e deciso per tutta la vita.<\/p>\n<\/div>\n\n\n\n<div class=\"wp-block-column is-vertically-aligned-center is-layout-flow wp-block-column-is-layout-flow\">\n<figure class=\"wp-block-image alignleft size-full is-resized is-style-rounded\"><img decoding=\"async\" src=\"https:\/\/evolve-fitness.eu\/wp-content\/uploads\/2023\/12\/A7_05432.jpg\" alt=\"\" class=\"wp-image-7840\" style=\"width:686px;height:652px\"\/><\/figure>\n<\/div>\n<\/div>\n\n\n\n<div class=\"wp-block-columns alignwide is-layout-flex wp-container-core-columns-is-layout-c45ee707 wp-block-columns-is-layout-flex\" style=\"margin-bottom:var(--wp--preset--spacing--side-padding);padding-top:var(--wp--preset--spacing--side-padding)\">\n<div class=\"wp-block-column is-vertically-aligned-center is-layout-flow wp-block-column-is-layout-flow\">\n<figure class=\"wp-block-image size-large\"><img decoding=\"async\" src=\"https:\/\/evolve-fitness.eu\/wp-content\/uploads\/2023\/12\/Lemon-Gym-Teika-3-1024x768.jpg\" alt=\"\" class=\"wp-image-8985\"\/><\/figure>\n<\/div>\n\n\n\n<div class=\"wp-block-column is-vertically-aligned-center is-layout-flow wp-block-column-is-layout-flow\">\n<h3 class=\"wp-block-heading\" style=\"margin-bottom:var(--wp--preset--spacing--h-3-bottom)\">Approccio orientato alla sicurezza<\/h3>\n\n\n\n<p><strong><em>Un&#8217;esperienza di allenamento sicura e affidabile<\/em><\/strong><\/p>\n\n\n\n<p>In Evolve la sicurezza \u00e8 la nostra priorit\u00e0 assoluta. Le nostre piastre per pesi in uretano sono realizzate in materiale di alta qualit\u00e0, atossico e inodore, per garantire un ambiente di allenamento sicuro e salutare.<\/p>\n<\/div>\n<\/div>\n\n\n\n<div class=\"wp-block-columns alignwide is-layout-flex wp-container-core-columns-is-layout-c45ee707 wp-block-columns-is-layout-flex\" style=\"margin-bottom:var(--wp--preset--spacing--side-padding);padding-top:var(--wp--preset--spacing--side-padding)\">\n<div class=\"wp-block-column is-vertically-aligned-center is-layout-flow wp-block-column-is-layout-flow\">\n<h3 class=\"wp-block-heading\" style=\"margin-bottom:var(--wp--preset--spacing--h-3-bottom)\">Dite addio alle dita pizzicate<\/h3>\n\n\n\n<p><strong><em>Con piastre di peso in uretano Evolve<\/em><\/strong><\/p>\n\n\n\n<p>Le piastre per pesi in uretano di Evolve sono progettate per rendere il carico e lo scarico pi\u00f9 sicuro ed efficiente per i frequentatori della palestra. Il set comprende un bilanciere di 140 cm di lunghezza e collari a molla, che garantiscono un allenamento sicuro e affidabile. La superficie strutturata e la forma arrotondata delle piastre impediscono inoltre che si attacchino tra loro o ad altre superfici. Le piastre possono essere facilmente trasportate e utilizzate per una variet\u00e0 di esercizi. Che si tratti di deadlift o affondi, le quattro maniglie facilitano il trasporto e l&#8217;utilizzo delle piastre di peso, rendendo l&#8217;allenamento pi\u00f9 efficiente ed efficace.<\/p>\n<\/div>\n\n\n\n<div class=\"wp-block-column is-vertically-aligned-center is-layout-flow wp-block-column-is-layout-flow\">\n<div class=\"wp-block-columns is-layout-flex wp-container-core-columns-is-layout-9d6595d7 wp-block-columns-is-layout-flex\">\n<div class=\"wp-block-column is-layout-flow wp-block-column-is-layout-flow\">\n<figure class=\"wp-block-image size-full is-style-rounded\"><img decoding=\"async\" src=\"https:\/\/evolve-fitness.eu\/wp-content\/uploads\/2023\/08\/iskirpta-stanga-su-uretanu.png\" alt=\"\" class=\"wp-image-806\"\/><\/figure>\n<\/div>\n<\/div>\n<\/div>\n<\/div>\n<\/section>\n<\/section>\n","protected":false},"excerpt":{"rendered":"<p>Elevate la vostra palestra con il set Body Pump in uretano Evolve, perfetto per uso commerciale. Questo set personalizzabile comprende un bilanciere da 140 cm, collari a molla e pesi in cemento resistenti, tutti rivestiti in uretano antiurto. Le piastre presentano una superficie strutturata per una presa sicura, proteggono il pavimento e riducono il rumore dell&#8217;allenamento. La fusione di precisione garantisce l&#8217;equilibrio, rendendoli ideali sia per le palestre domestiche che per quelle professionali. Aggiornate le attrezzature e l&#8217;immagine della vostra palestra con Evolve.<\/p>\n","protected":false},"featured_media":90239,"template":"","meta":{"_acf_changed":false,"inline_featured_image":false},"product_cat":[985,2198,534],"product_tag":[],"class_list":{"0":"post-15043","1":"product","2":"type-product","3":"status-publish","4":"has-post-thumbnail","6":"product_cat-pesi-liberi","7":"product_cat-set-da-bar","8":"product_cat-studio-it","10":"first","11":"instock","12":"shipping-taxable","13":"purchasable","14":"product-type-simple"},"acf":[],"_links":{"self":[{"href":"https:\/\/store.evolve-fitness.eu\/it\/wp-json\/wp\/v2\/product\/15043","targetHints":{"allow":["GET"]}}],"collection":[{"href":"https:\/\/store.evolve-fitness.eu\/it\/wp-json\/wp\/v2\/product"}],"about":[{"href":"https:\/\/store.evolve-fitness.eu\/it\/wp-json\/wp\/v2\/types\/product"}],"wp:featuredmedia":[{"embeddable":true,"href":"https:\/\/store.evolve-fitness.eu\/it\/wp-json\/wp\/v2\/media\/90239"}],"wp:attachment":[{"href":"https:\/\/store.evolve-fitness.eu\/it\/wp-json\/wp\/v2\/media?parent=15043"}],"wp:term":[{"taxonomy":"product_cat","embeddable":true,"href":"https:\/\/store.evolve-fitness.eu\/it\/wp-json\/wp\/v2\/product_cat?post=15043"},{"taxonomy":"product_tag","embeddable":true,"href":"https:\/\/store.evolve-fitness.eu\/it\/wp-json\/wp\/v2\/product_tag?post=15043"}],"curies":[{"name":"wp","href":"https:\/\/api.w.org\/{rel}","templated":true}]}}