{"id":146069,"date":"2025-10-13T11:25:30","date_gmt":"2025-10-13T11:25:30","guid":{"rendered":"https:\/\/store.evolve-fitness.eu\/product\/rack-per-body-pump-evolve-20-pezzi-pr-250\/"},"modified":"2026-03-11T12:00:54","modified_gmt":"2026-03-11T12:00:54","slug":"rack-per-body-pump-evolve-20-pezzi-pr-250","status":"publish","type":"product","link":"https:\/\/store.evolve-fitness.eu\/it\/prodotto\/rack-per-body-pump-evolve-20-pezzi-pr-250\/","title":{"rendered":"Rack per Body-Pump Evolve &#8211; 20 pezzi (PR-250)"},"content":{"rendered":"\n<section class=\"wp-block-group alignfull black-content has-white-color has-darkgray-background-color has-text-color has-background is-layout-constrained wp-block-group-is-layout-constrained\" style=\"padding-top:var(--wp--preset--spacing--section-bottom);padding-bottom:var(--wp--preset--spacing--section-bottom)\">\n<div class=\"wp-block-columns alignwide mobile-reverse is-layout-flex wp-container-core-columns-is-layout-ca64bf2d wp-block-columns-is-layout-flex\" style=\"margin-bottom:var(--wp--preset--spacing--side-padding)\">\n<div class=\"wp-block-column is-vertically-aligned-center is-layout-flow wp-block-column-is-layout-flow\">\n<h3 class=\"wp-block-heading\" style=\"margin-bottom:var(--wp--preset--spacing--h-3-bottom)\"><strong><strong><strong><strong><strong><strong><strong><strong><strong>Scopo e funzione<\/strong><\/strong><\/strong><\/strong><\/strong><\/strong><\/strong><\/strong><\/strong><\/h3>\n\n\n\n<p>L&#8217;Evolve Body-Pump Rack \u00e8 stato progettato per conservare e organizzare fino a <strong>20 set completi di Body Pump<\/strong> (bilancieri con piastre di peso). Garantisce un ambiente di allenamento ordinato ed efficiente, consentendo agli utenti di accedere rapidamente alle attrezzature durante le lezioni di fitness di gruppo. <\/p>\n<\/div>\n\n\n\n<div class=\"wp-block-column is-vertically-aligned-center is-layout-flow wp-block-column-is-layout-flow\">\n<figure class=\"wp-block-image size-full is-resized\"><img decoding=\"async\" src=\"https:\/\/evolve-fitness.eu\/wp-content\/uploads\/2025\/10\/EV-SC-PR-250.png\" alt=\"\" class=\"wp-image-211103\" style=\"width:660px;height:auto\"\/><\/figure>\n<\/div>\n<\/div>\n\n\n\n<div class=\"wp-block-columns alignwide is-layout-flex wp-container-core-columns-is-layout-c45ee707 wp-block-columns-is-layout-flex\" style=\"margin-bottom:var(--wp--preset--spacing--side-padding);padding-top:var(--wp--preset--spacing--side-padding)\">\n<div class=\"wp-block-column is-vertically-aligned-center is-layout-flow wp-block-column-is-layout-flow\">\n<figure class=\"wp-block-image size-full\"><img decoding=\"async\" src=\"https:\/\/evolve-fitness.eu\/wp-content\/uploads\/2025\/10\/Heading-5-1.png\" alt=\"\" class=\"wp-image-211130\"\/><\/figure>\n<\/div>\n\n\n\n<div class=\"wp-block-column is-vertically-aligned-center is-layout-constrained wp-block-column-is-layout-constrained\">\n<h3 class=\"wp-block-heading\" style=\"margin-bottom:var(--wp--preset--spacing--h-3-bottom)\"><strong><strong><strong><strong><strong><strong><strong><strong><strong><strong>Costruzione e materiali<\/strong><\/strong><\/strong><\/strong><\/strong><\/strong><\/strong><\/strong><\/strong><\/strong><\/h3>\n\n\n\n<p>La rastrelliera \u00e8 costruita in <strong>acciaio durevole<\/strong>, per garantire un&#8217;eccellente stabilit\u00e0 e resistenza a lungo termine.<br\/>Tutti gli elementi di collegamento sono rinforzati per garantire prestazioni affidabili, mentre la <strong>finitura verniciata a polvere<\/strong> protegge dalla corrosione e dall&#8217;usura.<br\/>I supporti laterali e le barre di sostegno sono posizionati con cura per mantenere le barre e le piastre saldamente in posizione.<\/p>\n<\/div>\n<\/div>\n\n\n\n<p class=\"has-text-align-center has-medium-2-font-size\" style=\"padding-top:var(--wp--preset--spacing--tb-padding);padding-bottom:var(--wp--preset--spacing--tb-padding)\"><\/p>\n<\/section>\n","protected":false},"excerpt":{"rendered":"<p>L&#8217;Evolve Body-Pump Rack &#8211; 20 pezzi \u00e8 una soluzione di stoccaggio professionale progettata per organizzare fino a venti set completi di Body Pump, comprese barre e piastre di peso. Costruito in acciaio resistente con una finitura a polvere anticorrosione, garantisce una stabilit\u00e0 e un&#8217;affidabilit\u00e0 di lunga durata in ambienti commerciali e di allenamento di gruppo. La rastrelliera \u00e8 dotata di supporti ben distanziati che consentono un accesso facile e veloce a ogni set, mantenendo un&#8217;area di allenamento pulita e organizzata. Grazie alla sua struttura robusta e al suo design elegante, Evolve Body-Pump Rack massimizza l&#8217;efficienza dello spazio, aumenta la sicurezza e conferisce un aspetto professionale a qualsiasi centro fitness.   <\/p>\n<p>\n","protected":false},"featured_media":146072,"template":"","meta":{"_acf_changed":false,"inline_featured_image":false},"product_cat":[985,986],"product_tag":[2387,2388],"class_list":{"0":"post-146069","1":"product","2":"type-product","3":"status-publish","4":"has-post-thumbnail","6":"product_cat-pesi-liberi","7":"product_cat-cremagliere-e-soluzioni-di-stoccaggio","8":"product_tag-rack","9":"product_tag-rack-20-pezzi","11":"first","12":"instock","13":"shipping-taxable","14":"purchasable","15":"product-type-simple"},"acf":[],"_links":{"self":[{"href":"https:\/\/store.evolve-fitness.eu\/it\/wp-json\/wp\/v2\/product\/146069","targetHints":{"allow":["GET"]}}],"collection":[{"href":"https:\/\/store.evolve-fitness.eu\/it\/wp-json\/wp\/v2\/product"}],"about":[{"href":"https:\/\/store.evolve-fitness.eu\/it\/wp-json\/wp\/v2\/types\/product"}],"wp:featuredmedia":[{"embeddable":true,"href":"https:\/\/store.evolve-fitness.eu\/it\/wp-json\/wp\/v2\/media\/146072"}],"wp:attachment":[{"href":"https:\/\/store.evolve-fitness.eu\/it\/wp-json\/wp\/v2\/media?parent=146069"}],"wp:term":[{"taxonomy":"product_cat","embeddable":true,"href":"https:\/\/store.evolve-fitness.eu\/it\/wp-json\/wp\/v2\/product_cat?post=146069"},{"taxonomy":"product_tag","embeddable":true,"href":"https:\/\/store.evolve-fitness.eu\/it\/wp-json\/wp\/v2\/product_tag?post=146069"}],"curies":[{"name":"wp","href":"https:\/\/api.w.org\/{rel}","templated":true}]}}