{"id":145662,"date":"2025-10-14T14:42:45","date_gmt":"2025-10-14T11:42:45","guid":{"rendered":"https:\/\/store.evolve-fitness.eu\/product\/serie-evolve-econ-con-carico-su-piastra-ec-050\/"},"modified":"2025-10-14T14:42:45","modified_gmt":"2025-10-14T14:42:45","slug":"serie-evolve-econ-con-carico-su-piastra-ec-050","status":"publish","type":"product","link":"https:\/\/store.evolve-fitness.eu\/it\/prodotto\/serie-evolve-econ-con-carico-su-piastra-ec-050\/","title":{"rendered":"Serie Evolve Econ con carico su piastra (EC-050)"},"content":{"rendered":"","protected":false},"excerpt":{"rendered":"<p>L&#8217;Evolve Econ Series Plate Loaded Lat Pulldown \u00e8 progettata per costruire e rafforzare i muscoli latissimus dorsi, bicipiti e parte superiore della schiena con una resistenza uniforme e costante. Il meccanismo a piastre garantisce una facile personalizzazione del carico, mentre il sedile ergonomico e i cuscinetti per le cosce offrono comfort e stabilit\u00e0 durante gli allenamenti pi\u00f9 intensi. Costruita per garantire durata e prestazioni, \u00e8 ideale per gli spazi di allenamento commerciali e professionali.  <\/p>\n","protected":false},"featured_media":145672,"template":"","meta":{"_acf_changed":false,"inline_featured_image":false},"product_cat":[796,1180],"product_tag":[],"class_list":{"0":"post-145662","1":"product","2":"type-product","3":"status-publish","4":"has-post-thumbnail","6":"product_cat-macchine-a-piastre","7":"product_cat-serie-econ-piastra-caricata","9":"first","10":"instock","11":"shipping-taxable","12":"purchasable","13":"product-type-simple"},"acf":[],"_links":{"self":[{"href":"https:\/\/store.evolve-fitness.eu\/it\/wp-json\/wp\/v2\/product\/145662","targetHints":{"allow":["GET"]}}],"collection":[{"href":"https:\/\/store.evolve-fitness.eu\/it\/wp-json\/wp\/v2\/product"}],"about":[{"href":"https:\/\/store.evolve-fitness.eu\/it\/wp-json\/wp\/v2\/types\/product"}],"wp:featuredmedia":[{"embeddable":true,"href":"https:\/\/store.evolve-fitness.eu\/it\/wp-json\/wp\/v2\/media\/145672"}],"wp:attachment":[{"href":"https:\/\/store.evolve-fitness.eu\/it\/wp-json\/wp\/v2\/media?parent=145662"}],"wp:term":[{"taxonomy":"product_cat","embeddable":true,"href":"https:\/\/store.evolve-fitness.eu\/it\/wp-json\/wp\/v2\/product_cat?post=145662"},{"taxonomy":"product_tag","embeddable":true,"href":"https:\/\/store.evolve-fitness.eu\/it\/wp-json\/wp\/v2\/product_tag?post=145662"}],"curies":[{"name":"wp","href":"https:\/\/api.w.org\/{rel}","templated":true}]}}