{"id":139517,"date":"2025-10-15T10:10:33","date_gmt":"2025-10-15T07:10:33","guid":{"rendered":"https:\/\/store.evolve-fitness.eu\/product\/evolve-econ-series-con-carico-a-piastra-e-smith-machine-ec-230\/"},"modified":"2025-10-15T10:10:33","modified_gmt":"2025-10-15T10:10:33","slug":"evolve-econ-series-con-carico-a-piastra-e-smith-machine-ec-230","status":"publish","type":"product","link":"https:\/\/store.evolve-fitness.eu\/it\/prodotto\/evolve-econ-series-con-carico-a-piastra-e-smith-machine-ec-230\/","title":{"rendered":"Evolve Econ Series con carico a piastra e Smith Machine (EC-230)"},"content":{"rendered":"","protected":false},"excerpt":{"rendered":"<p>La Evolve Econ Series Plate Loaded Half Rack and Smith Machine (EC-230) \u00e8 una stazione multifunzionale per l&#8217;allenamento della forza progettata per una completa versatilit\u00e0. Combina la stabilit\u00e0 di una Smith Machine con la libert\u00e0 di un half rack, consentendo esercizi con bilanciere sicuri e controllati. Costruita con un telaio resistente e con una resistenza a piastre fluida, \u00e8 ideale sia per gli ambienti commerciali che per le palestre professionali.  <\/p>\n","protected":false},"featured_media":139552,"template":"","meta":{"_acf_changed":false,"inline_featured_image":false},"product_cat":[796,1180],"product_tag":[],"class_list":{"0":"post-139517","1":"product","2":"type-product","3":"status-publish","4":"has-post-thumbnail","6":"product_cat-macchine-a-piastre","7":"product_cat-serie-econ-piastra-caricata","9":"first","10":"instock","11":"shipping-taxable","12":"purchasable","13":"product-type-simple"},"acf":[],"_links":{"self":[{"href":"https:\/\/store.evolve-fitness.eu\/it\/wp-json\/wp\/v2\/product\/139517","targetHints":{"allow":["GET"]}}],"collection":[{"href":"https:\/\/store.evolve-fitness.eu\/it\/wp-json\/wp\/v2\/product"}],"about":[{"href":"https:\/\/store.evolve-fitness.eu\/it\/wp-json\/wp\/v2\/types\/product"}],"wp:featuredmedia":[{"embeddable":true,"href":"https:\/\/store.evolve-fitness.eu\/it\/wp-json\/wp\/v2\/media\/139552"}],"wp:attachment":[{"href":"https:\/\/store.evolve-fitness.eu\/it\/wp-json\/wp\/v2\/media?parent=139517"}],"wp:term":[{"taxonomy":"product_cat","embeddable":true,"href":"https:\/\/store.evolve-fitness.eu\/it\/wp-json\/wp\/v2\/product_cat?post=139517"},{"taxonomy":"product_tag","embeddable":true,"href":"https:\/\/store.evolve-fitness.eu\/it\/wp-json\/wp\/v2\/product_tag?post=139517"}],"curies":[{"name":"wp","href":"https:\/\/api.w.org\/{rel}","templated":true}]}}