{"id":139043,"date":"2025-09-19T10:53:24","date_gmt":"2025-09-19T10:53:24","guid":{"rendered":"https:\/\/store.evolve-fitness.eu\/product\/tapis-roulant-evolve-con-console-tft-da-238-pollici\/"},"modified":"2026-04-02T12:00:46","modified_gmt":"2026-04-02T12:00:46","slug":"tapis-roulant-evolve-con-console-tft-da-238-pollici","status":"publish","type":"product","link":"https:\/\/store.evolve-fitness.eu\/it\/prodotto\/tapis-roulant-evolve-con-console-tft-da-238-pollici\/","title":{"rendered":"Tapis roulant Evolve con console TFT da 23,8 pollici"},"content":{"rendered":"\n<section class=\"wp-block-group alignfull black-content has-white-color has-darkgray-background-color has-text-color has-background is-layout-constrained wp-block-group-is-layout-constrained\" style=\"padding-top:var(--wp--preset--spacing--section-bottom);padding-bottom:var(--wp--preset--spacing--section-bottom)\">\n<div class=\"wp-block-columns alignwide is-layout-flex wp-container-core-columns-is-layout-c45ee707 wp-block-columns-is-layout-flex\" style=\"margin-bottom:var(--wp--preset--spacing--side-padding);padding-top:var(--wp--preset--spacing--side-padding)\">\n<div class=\"wp-block-column is-vertically-aligned-center is-layout-flow wp-block-column-is-layout-flow\">\n<figure class=\"wp-block-image size-full is-style-rounded\"><img decoding=\"async\" src=\"https:\/\/evolve-fitness.eu\/wp-content\/uploads\/2025\/08\/Dizainas-be-pavadinimo-18.png\" alt=\"\" class=\"wp-image-204321\"\/><\/figure>\n<\/div>\n\n\n\n<div class=\"wp-block-column is-vertically-aligned-center is-layout-flow wp-block-column-is-layout-flow\">\n<h3 class=\"wp-block-heading\" style=\"margin-bottom:var(--wp--preset--spacing--h-3-bottom)\"><strong><strong>Prestazioni e sicurezza<\/strong><\/strong><\/h3>\n\n\n\n<p style=\"margin-bottom:var(--wp--preset--spacing--tb-section-padding)\">Con una gamma di velocit\u00e0 <strong>da 1,0 a 20 km\/h<\/strong> e un&#8217;inclinazione da <strong>0 a 15%<\/strong>, la console supporta qualsiasi attivit\u00e0, dalla camminata leggera alla corsa intensa. I sistemi di sicurezza integrati includono protezione da sovraccarico e sovracorrente, protezioni contro la velocit\u00e0 e funzioni anti-interferenza elettromagnetica. <\/p>\n<\/div>\n<\/div>\n\n\n\n<div class=\"wp-block-columns alignwide are-vertically-aligned-center mobile-reverse is-layout-flex wp-container-core-columns-is-layout-e8158c2f wp-block-columns-is-layout-flex\" style=\"padding-top:var(--wp--preset--spacing--side-padding)\">\n<div class=\"wp-block-column is-vertically-aligned-center is-layout-flow wp-block-column-is-layout-flow\">\n<h3 class=\"wp-block-heading\" style=\"margin-bottom:var(--wp--preset--spacing--h-3-bottom)\"><strong><strong><strong><strong><strong><strong><strong><strong><strong>Ricarica wireless del telefono cellulare<\/strong><\/strong><\/strong><\/strong><\/strong><\/strong><\/strong><\/strong><\/strong>     <\/h3>\n\n\n\n<p style=\"margin-bottom:var(--wp--preset--spacing--tb-section-padding)\">Rimani connesso e carico durante il tuo percorso di fitness con il tapis roulant Evolve con console TFT da 23,8 pollici e l&#8217;innovativa funzione di ricarica wireless del cellulare. Mentre vi spingete oltre i vostri limiti sul tapis roulant, mantenete il vostro dispositivo mobile alimentato senza sforzo. Questo accessorio all&#8217;avanguardia garantisce che i vostri allenamenti non subiscano interruzioni, consentendovi di utilizzare le vostre app, i vostri brani e i vostri contenuti preferiti, mantenendo il dispositivo pronto all&#8217;azione. Sperimentate la fusione tra fitness e tecnologia e ricaricate il vostro telefono in modalit\u00e0 wireless, ridefinendo la comodit\u00e0 per i moderni appassionati di fitness.<\/p>\n<\/div>\n\n\n\n<div class=\"wp-block-column is-vertically-aligned-center is-layout-flow wp-block-column-is-layout-flow\">\n<figure class=\"wp-block-image size-large is-style-rounded\"><img decoding=\"async\" src=\"https:\/\/evolve-fitness.eu\/wp-content\/uploads\/2025\/08\/EV-TM-HT-300-TFT-1-1024x1024.png\" alt=\"\" class=\"wp-image-204959\"\/><\/figure>\n<\/div>\n<\/div>\n<\/section>\n\n<section class=\"wp-block-group alignfull black-content has-white-color has-darkgray-background-color has-text-color has-background is-layout-constrained wp-block-group-is-layout-constrained\" style=\"padding-top:var(--wp--preset--spacing--section-bottom);padding-bottom:var(--wp--preset--spacing--section-bottom)\">\n<div class=\"wp-block-columns alignwide is-layout-flex wp-container-core-columns-is-layout-c45ee707 wp-block-columns-is-layout-flex\" style=\"margin-bottom:var(--wp--preset--spacing--side-padding);padding-top:var(--wp--preset--spacing--side-padding)\">\n<div class=\"wp-block-column is-vertically-aligned-center is-layout-flow wp-block-column-is-layout-flow\">\n<figure class=\"wp-block-image size-full is-style-rounded\"><img decoding=\"async\" src=\"https:\/\/evolve-fitness.eu\/wp-content\/uploads\/2025\/08\/Dizainas-be-pavadinimo-23-scaled.png\" alt=\"\" class=\"wp-image-205036\"\/><\/figure>\n<\/div>\n\n\n\n<div class=\"wp-block-column is-vertically-aligned-center is-layout-flow wp-block-column-is-layout-flow\">\n<h3 class=\"wp-block-heading\" style=\"margin-bottom:var(--wp--preset--spacing--h-3-bottom)\"><strong><strong><strong>Intrattenimento e connettivit\u00e0 intelligenti<\/strong><\/strong><\/strong><\/h3>\n\n\n\n<p style=\"margin-bottom:var(--wp--preset--spacing--tb-section-padding)\">Goditi i tuoi allenamenti con le funzioni di intrattenimento e connettivit\u00e0 integrate. Accedi ad app come <strong>YouTube, Netflix, Spotify, TikTok, Chrome, Instagram e Facebook<\/strong>, connettiti al Wi-Fi o associa i dispositivi tramite Bluetooth per il monitoraggio della frequenza cardiaca e un&#8217;integrazione perfetta. <br\/><\/p>\n<\/div>\n<\/div>\n<\/section>\n\n<section class=\"wp-block-group alignfull black-content has-white-color has-darkgray-background-color has-text-color has-background is-layout-constrained wp-block-group-is-layout-constrained\" style=\"padding-top:var(--wp--preset--spacing--section-bottom);padding-bottom:var(--wp--preset--spacing--section-bottom)\">\n<div class=\"wp-block-columns alignwide are-vertically-aligned-center mobile-reverse is-layout-flex wp-container-core-columns-is-layout-e8158c2f wp-block-columns-is-layout-flex\" style=\"padding-top:var(--wp--preset--spacing--side-padding)\">\n<div class=\"wp-block-column is-vertically-aligned-center is-layout-flow wp-block-column-is-layout-flow\">\n<h3 class=\"wp-block-heading\" style=\"margin-bottom:var(--wp--preset--spacing--h-3-bottom)\"><strong><strong><strong><strong><strong><strong><strong><strong><strong>Console &#8211; Formazione intelligente, divertimento senza fine<\/strong><\/strong><\/strong><\/strong><\/strong><\/strong><\/strong><\/strong><\/strong><\/h3>\n\n\n\n<p style=\"margin-bottom:var(--wp--preset--spacing--tb-section-padding)\">La <strong>console TFT da 23,8 pollici<\/strong> con risoluzione di 1504 \u00d7 2560 px combina funzioni di allenamento avanzate con connettivit\u00e0 e multimedialit\u00e0 senza soluzione di continuit\u00e0. Gli utenti possono scegliere tra le <strong>modalit\u00e0 Quick Start, Program, Target (tempo, distanza, calorie, FC, BMI) e Real Scene<\/strong> per un&#8217;esperienza di allenamento personalizzata. Dotato di <strong>Android 12<\/strong> con <strong>2 GB di RAM<\/strong> e <strong>8 GB di memoria (3 GB liberi)<\/strong>, supporta il <strong>Wi-Fi<\/strong>, il <strong>Bluetooth<\/strong> (per i monitor HR e i dispositivi smart) e l&#8217;<strong>accesso all&#8217;account utente<\/strong>.    <\/p>\n<\/div>\n\n\n\n<div class=\"wp-block-column is-vertically-aligned-center is-layout-flow wp-block-column-is-layout-flow\">\n<figure class=\"wp-block-image size-large is-style-rounded\"><img decoding=\"async\" src=\"https:\/\/evolve-fitness.eu\/wp-content\/uploads\/2025\/08\/EV-TM-HT-300-TFT-1-1024x1024.png\" alt=\"\" class=\"wp-image-204959\"\/><\/figure>\n<\/div>\n<\/div>\n<\/section>\n\n<section class=\"wp-block-group alignfull black-content has-white-color has-darkgray-background-color has-text-color has-background is-layout-constrained wp-block-group-is-layout-constrained\" style=\"padding-top:var(--wp--preset--spacing--section-bottom);padding-bottom:var(--wp--preset--spacing--section-bottom)\">\n<div class=\"wp-block-columns alignwide is-layout-flex wp-container-core-columns-is-layout-c45ee707 wp-block-columns-is-layout-flex\" style=\"margin-bottom:var(--wp--preset--spacing--side-padding);padding-top:var(--wp--preset--spacing--side-padding)\">\n<div class=\"wp-block-column is-vertically-aligned-center is-layout-flow wp-block-column-is-layout-flow\">\n<figure class=\"wp-block-image size-full is-style-rounded\"><img decoding=\"async\" src=\"https:\/\/evolve-fitness.eu\/wp-content\/uploads\/2025\/08\/300TFT-scaled.png\" alt=\"\" class=\"wp-image-206158\"\/><\/figure>\n<\/div>\n\n\n\n<div class=\"wp-block-column is-vertically-aligned-center is-layout-flow wp-block-column-is-layout-flow\">\n<h3 class=\"wp-block-heading\" style=\"margin-bottom:var(--wp--preset--spacing--h-3-bottom)\"><strong><strong><strong><strong><strong><strong>Pieghevole e salvaspazio<\/strong><\/strong><\/strong><\/strong><\/strong><\/strong><\/h3>\n\n\n\n<p style=\"margin-bottom:var(--wp--preset--spacing--tb-section-padding)\">Dopo ogni allenamento, \u00e8 possibile ripiegare facilmente il tapis roulant e trasferirlo in un altro luogo grazie alle ruote di trasporto integrate. Si tratta di una pratica soluzione salvaspazio che si adatta perfettamente a qualsiasi configurazione di palestra domestica.<\/p>\n<\/div>\n<\/div>\n\n\n\n<section class=\"wp-block-group alignfull black-content has-white-color has-darkgray-background-color has-text-color has-background is-layout-constrained wp-block-group-is-layout-constrained\" style=\"padding-top:var(--wp--preset--spacing--section-bottom);padding-bottom:var(--wp--preset--spacing--section-bottom)\">\n<div class=\"wp-block-columns alignwide are-vertically-aligned-center is-layout-flex wp-container-core-columns-is-layout-e8158c2f wp-block-columns-is-layout-flex\" style=\"padding-top:var(--wp--preset--spacing--side-padding)\">\n<div class=\"wp-block-column is-vertically-aligned-center is-layout-flow wp-block-column-is-layout-flow\">\n<figure class=\"wp-block-image aligncenter size-full is-style-rounded\"><img decoding=\"async\" src=\"https:\/\/evolve-fitness.eu\/wp-content\/uploads\/2023\/08\/EV-HT-350-LED-7.jpg\" alt=\"\" class=\"wp-image-2609\"\/><\/figure>\n<\/div>\n\n\n\n<div class=\"wp-block-column is-vertically-aligned-center is-layout-flow wp-block-column-is-layout-flow\">\n<h3 class=\"wp-block-heading\" style=\"margin-bottom:var(--wp--preset--spacing--h-3-bottom)\"><strong><strong>Monitoraggio della frequenza cardiaca<\/strong><\/strong><\/h3>\n\n\n\n<p><strong><em><strong>Fitness intelligente<\/strong><\/em><\/strong><\/p>\n\n\n\n<p style=\"margin-bottom:var(--wp--preset--spacing--tb-section-padding)\">Monitorare la frequenza cardiaca per ottimizzare l&#8217;esperienza di allenamento. Il monitoraggio della frequenza cardiaca non solo aiuta a prevenire lo sforzo eccessivo, ma consente anche di raggiungere zone di fitness specifiche, migliorando l&#8217;efficacia degli allenamenti cardiovascolari e delle sessioni di bruciamento delle calorie.<\/p>\n<\/div>\n<\/div>\n\n\n\n<div class=\"wp-block-columns alignwide are-vertically-aligned-center is-layout-flex wp-container-core-columns-is-layout-e8158c2f wp-block-columns-is-layout-flex\" style=\"padding-top:var(--wp--preset--spacing--side-padding)\">\n<div class=\"wp-block-column is-vertically-aligned-center is-layout-flow wp-block-column-is-layout-flow\">\n<h3 class=\"wp-block-heading\" style=\"margin-bottom:var(--wp--preset--spacing--h-3-bottom)\"><strong><strong><strong><strong>Rimanete idratati e organizzati<\/strong><\/strong><\/strong><\/strong><\/h3>\n\n\n\n<p><strong><em><strong>Porta borracce e accessori<\/strong><\/em><\/strong><\/p>\n\n\n\n<p style=\"margin-bottom:var(--wp--preset--spacing--tb-section-padding)\">Per rinfrescarsi, sono disponibili supporti integrati su entrambi i lati per le bevande preferite e spazi sicuri rivestiti con motivi antiscivolo per gli accessori da allenamento. Avrete tutto ci\u00f2 che vi serve a portata di mano.<\/p>\n<\/div>\n\n\n\n<div class=\"wp-block-column is-vertically-aligned-center is-layout-flow wp-block-column-is-layout-flow\">\n<figure class=\"wp-block-image aligncenter size-full is-style-rounded\"><img decoding=\"async\" src=\"https:\/\/evolve-fitness.eu\/wp-content\/uploads\/2023\/08\/EV-HT-350-LED-8.jpg\" alt=\"\" class=\"wp-image-2611\"\/><\/figure>\n<\/div>\n<\/div>\n<\/section>\n\n\n\n<section class=\"wp-block-group alignfull black-content has-white-color has-darkgray-background-color has-text-color has-background is-layout-constrained wp-block-group-is-layout-constrained\" style=\"padding-top:var(--wp--preset--spacing--section-bottom);padding-bottom:var(--wp--preset--spacing--section-bottom)\">\n<div class=\"wp-block-columns alignwide are-vertically-aligned-center is-layout-flex wp-container-core-columns-is-layout-e8158c2f wp-block-columns-is-layout-flex\" style=\"padding-top:var(--wp--preset--spacing--side-padding)\">\n<div class=\"wp-block-column is-vertically-aligned-center is-layout-flow wp-block-column-is-layout-flow\">\n<figure class=\"wp-block-image aligncenter size-full is-style-rounded\"><img decoding=\"async\" src=\"https:\/\/evolve-fitness.eu\/wp-content\/uploads\/2023\/08\/EV-HT-350-LED-10.jpg\" alt=\"\" class=\"wp-image-2613\"\/><\/figure>\n<\/div>\n\n\n\n<div class=\"wp-block-column is-vertically-aligned-center is-layout-flow wp-block-column-is-layout-flow\">\n<h3 class=\"wp-block-heading\" style=\"margin-bottom:var(--wp--preset--spacing--h-3-bottom)\"><strong><strong><strong>Chiave di sicurezza<\/strong><\/strong><\/strong><\/h3>\n\n\n\n<p><strong><em><strong><strong>Privilegiare la sicurezza<\/strong><\/strong><\/em><\/strong><\/p>\n\n\n\n<p style=\"margin-bottom:var(--wp--preset--spacing--tb-section-padding)\">Attaccate la chiave di sicurezza rossa ai vostri indumenti prima di ogni allenamento. In caso di emergenza, la chiave di sicurezza si disattiva, arrestando immediatamente il tapis roulant. La vostra sicurezza \u00e8 fondamentale per noi.<\/p>\n<\/div>\n<\/div>\n\n\n\n<figure class=\"wp-block-image alignfull size-full is-style-rounded\"><img decoding=\"async\" src=\"https:\/\/evolve-fitness.eu\/wp-content\/uploads\/2023\/08\/EV-HT-350-TFT-Kinomap-and-Zwift-1.png\" alt=\"\" class=\"wp-image-7772\"\/><\/figure>\n<\/section>\n<\/section>\n","protected":false},"excerpt":{"rendered":"<p>Vivi i tuoi allenamenti su una console TFT da 23,8 pollici con un&#8217;interfaccia semplice e intuitiva. La console fornisce un feedback in tempo reale su velocit\u00e0, distanza, tempo, pendenza, calorie e frequenza cardiaca, aiutandoti a tenere sotto controllo i tuoi progressi. <\/p>\n","protected":false},"featured_media":137916,"template":"","meta":{"_acf_changed":false,"inline_featured_image":false},"product_cat":[528,520,889],"product_tag":[2323],"class_list":{"0":"post-139043","1":"product","2":"type-product","3":"status-publish","4":"has-post-thumbnail","6":"product_cat-pagina-iniziale","7":"product_cat-attrezzature-cardio","8":"product_cat-attrezzature-cardio-domestiche","9":"product_tag-attrezzature-cardio","11":"first","12":"instock","13":"shipping-taxable","14":"purchasable","15":"product-type-simple"},"acf":[],"_links":{"self":[{"href":"https:\/\/store.evolve-fitness.eu\/it\/wp-json\/wp\/v2\/product\/139043","targetHints":{"allow":["GET"]}}],"collection":[{"href":"https:\/\/store.evolve-fitness.eu\/it\/wp-json\/wp\/v2\/product"}],"about":[{"href":"https:\/\/store.evolve-fitness.eu\/it\/wp-json\/wp\/v2\/types\/product"}],"wp:featuredmedia":[{"embeddable":true,"href":"https:\/\/store.evolve-fitness.eu\/it\/wp-json\/wp\/v2\/media\/137916"}],"wp:attachment":[{"href":"https:\/\/store.evolve-fitness.eu\/it\/wp-json\/wp\/v2\/media?parent=139043"}],"wp:term":[{"taxonomy":"product_cat","embeddable":true,"href":"https:\/\/store.evolve-fitness.eu\/it\/wp-json\/wp\/v2\/product_cat?post=139043"},{"taxonomy":"product_tag","embeddable":true,"href":"https:\/\/store.evolve-fitness.eu\/it\/wp-json\/wp\/v2\/product_tag?post=139043"}],"curies":[{"name":"wp","href":"https:\/\/api.w.org\/{rel}","templated":true}]}}