{"id":138685,"date":"2025-10-30T11:26:45","date_gmt":"2025-10-30T11:26:45","guid":{"rendered":"https:\/\/store.evolve-fitness.eu\/product\/evolve-prime-series-pilates-reformer-pr-020\/"},"modified":"2026-04-04T12:00:40","modified_gmt":"2026-04-04T12:00:40","slug":"evolve-prime-series-pilates-reformer-pr-020","status":"publish","type":"product","link":"https:\/\/store.evolve-fitness.eu\/it\/prodotto\/evolve-prime-series-pilates-reformer-pr-020\/","title":{"rendered":"Evolve Prime Series Pilates Reformer (PR-020)"},"content":{"rendered":"\n<section class=\"wp-block-group alignfull black-content has-white-color has-darkgray-background-color has-text-color has-background is-layout-constrained wp-block-group-is-layout-constrained\" style=\"padding-top:var(--wp--preset--spacing--section-bottom);padding-bottom:var(--wp--preset--spacing--section-bottom)\">\n<div class=\"wp-block-columns alignwide mobile-reverse is-layout-flex wp-container-core-columns-is-layout-ca64bf2d wp-block-columns-is-layout-flex\" style=\"margin-bottom:var(--wp--preset--spacing--side-padding)\">\n<div class=\"wp-block-column is-vertically-aligned-center is-layout-flow wp-block-column-is-layout-flow\">\n<h3 class=\"wp-block-heading\" style=\"margin-bottom:var(--wp--preset--spacing--h-3-bottom)\"><strong><strong><strong><strong><strong>Design di livello professionale per precisione e controllo<\/strong><\/strong><\/strong><\/strong><\/strong><\/h3>\n\n\n\n<p>Il <strong>Pilates Reformer Evolve Prime Series<\/strong> offre prestazioni di qualit\u00e0 da studio con stabilit\u00e0, comfort e versatilit\u00e0 eccezionali. Progettato per un uso sia professionale che personale, garantisce un percorso di movimento fluido e controllato per un&#8217;esperienza di Pilates sicura ed efficiente. <\/p>\n\n\n\n<p>Progettata con <strong>materiali di alta qualit\u00e0<\/strong> e <strong>resistenza a molla regolabile<\/strong>, permette agli utenti di adattare ogni sessione al proprio livello di fitness. La barra ergonomica per i piedi, il carrello imbottito e il sistema di scorrimento fluido favoriscono il corretto allineamento e migliorano il comfort dell&#8217;allenamento. <\/p>\n<\/div>\n\n\n\n<div class=\"wp-block-column is-vertically-aligned-center is-layout-flow wp-block-column-is-layout-flow\">\n<figure class=\"wp-block-image size-full\"><img decoding=\"async\" src=\"https:\/\/evolve-fitness.eu\/wp-content\/uploads\/2025\/10\/EV-PR-PR-020-1.png\" alt=\"\" class=\"wp-image-211413\"\/><\/figure>\n<\/div>\n<\/div>\n\n\n\n<div class=\"wp-block-columns alignwide mobile-reverse is-layout-flex wp-container-core-columns-is-layout-ca64bf2d wp-block-columns-is-layout-flex\" style=\"margin-bottom:var(--wp--preset--spacing--side-padding)\">\n<div class=\"wp-block-column is-vertically-aligned-center is-layout-flow wp-block-column-is-layout-flow\">\n<figure class=\"wp-block-image size-full is-style-rounded\"><img decoding=\"async\" src=\"https:\/\/evolve-fitness.eu\/wp-content\/uploads\/2025\/10\/EV-PR-PR-020-2.png\" alt=\"\" class=\"wp-image-211414\"\/><\/figure>\n<\/div>\n\n\n\n<div class=\"wp-block-column is-vertically-aligned-center is-layout-flow wp-block-column-is-layout-flow\">\n<h3 class=\"wp-block-heading\" style=\"margin-bottom:var(--wp--preset--spacing--h-3-bottom)\"><strong>Funzionalit\u00e0 e design mirati<\/strong><\/h3>\n\n\n\n<p>Questo reformer \u00e8 completamente attrezzato con <strong>poggia spalle, rialzi, maniglie, una pedana di salto e una pedana per i piedi<\/strong>, per supportare una gamma completa di esercizi, dalla riabilitazione all&#8217;allenamento avanzato.<\/p>\n\n\n\n<p>L&#8217;<strong>opzione di stoccaggio verticale salvaspazio<\/strong>, la <strong>struttura resistente<\/strong> e la <strong>facilit\u00e0 di manutenzione<\/strong> la rendono una scelta ideale per gli studi moderni e le palestre domestiche che cercano affidabilit\u00e0 e prestazioni.<\/p>\n<\/div>\n<\/div>\n<\/section>\n","protected":false},"excerpt":{"rendered":"<p>Prova la precisione, il controllo e il comfort del Pilates Reformer Evolve Prime Series. Progettato per gli studi professionali e per l&#8217;uso domestico, \u00e8 dotato di resistenza a molla regolabile, design ergonomico e movimenti fluidi per un allenamento sicuro ed efficace di tutto il corpo. Costruito per garantire durata, prestazioni e facilit\u00e0 di stoccaggio in posizione verticale.  <\/p>\n","protected":false},"featured_media":138867,"template":"","meta":{"_acf_changed":false,"inline_featured_image":false},"product_cat":[534],"product_tag":[],"class_list":{"0":"post-138685","1":"product","2":"type-product","3":"status-publish","4":"has-post-thumbnail","6":"product_cat-studio-it","8":"first","9":"instock","10":"shipping-taxable","11":"purchasable","12":"product-type-simple"},"acf":[],"_links":{"self":[{"href":"https:\/\/store.evolve-fitness.eu\/it\/wp-json\/wp\/v2\/product\/138685","targetHints":{"allow":["GET"]}}],"collection":[{"href":"https:\/\/store.evolve-fitness.eu\/it\/wp-json\/wp\/v2\/product"}],"about":[{"href":"https:\/\/store.evolve-fitness.eu\/it\/wp-json\/wp\/v2\/types\/product"}],"wp:featuredmedia":[{"embeddable":true,"href":"https:\/\/store.evolve-fitness.eu\/it\/wp-json\/wp\/v2\/media\/138867"}],"wp:attachment":[{"href":"https:\/\/store.evolve-fitness.eu\/it\/wp-json\/wp\/v2\/media?parent=138685"}],"wp:term":[{"taxonomy":"product_cat","embeddable":true,"href":"https:\/\/store.evolve-fitness.eu\/it\/wp-json\/wp\/v2\/product_cat?post=138685"},{"taxonomy":"product_tag","embeddable":true,"href":"https:\/\/store.evolve-fitness.eu\/it\/wp-json\/wp\/v2\/product_tag?post=138685"}],"curies":[{"name":"wp","href":"https:\/\/api.w.org\/{rel}","templated":true}]}}