{"id":13625,"date":"2023-09-20T06:33:43","date_gmt":"2023-09-20T06:33:43","guid":{"rendered":"https:\/\/store.evolve-fitness.eu\/product\/cuscinetto-di-equilibrio-evolve\/"},"modified":"2026-02-02T12:00:09","modified_gmt":"2026-02-02T12:00:09","slug":"cuscinetto-di-equilibrio-evolve","status":"publish","type":"product","link":"https:\/\/store.evolve-fitness.eu\/it\/prodotto\/cuscinetto-di-equilibrio-evolve\/","title":{"rendered":"Cuscinetto di equilibrio Evolve"},"content":{"rendered":"\n<section class=\"wp-block-group alignfull has-darkgray-background-color has-background is-layout-constrained wp-block-group-is-layout-constrained\">\n<div class=\"wp-block-columns alignwide is-layout-flex wp-container-core-columns-is-layout-2edb0647 wp-block-columns-is-layout-flex\" style=\"margin-top:0;margin-bottom:0\">\n<div class=\"wp-block-column is-layout-flow wp-block-column-is-layout-flow\" style=\"flex-basis:33.33%\"><\/div>\n\n\n\n<div class=\"wp-block-column is-layout-flow wp-block-column-is-layout-flow\" style=\"flex-basis:66.66%\"><\/div>\n<\/div>\n\n\n\n<section class=\"wp-block-group alignfull black-content has-white-color has-darkgray-background-color has-text-color has-background is-layout-constrained wp-block-group-is-layout-constrained\" style=\"padding-top:var(--wp--preset--spacing--section-bottom);padding-bottom:var(--wp--preset--spacing--section-bottom)\">\n<section class=\"wp-block-group alignfull black-content has-white-color has-darkgray-background-color has-text-color has-background is-layout-constrained wp-block-group-is-layout-constrained\" style=\"margin-bottom:0;padding-top:var(--wp--preset--spacing--tb-padding);padding-bottom:var(--wp--preset--spacing--tb-padding)\">\n<div class=\"wp-block-columns alignwide mobile-reverse is-layout-flex wp-container-core-columns-is-layout-7a02faa9 wp-block-columns-is-layout-flex\" style=\"margin-bottom:var(--wp--preset--spacing--tb-section-padding)\">\n<div class=\"wp-block-column is-vertically-aligned-center is-layout-flow wp-block-column-is-layout-flow\">\n<h3 class=\"wp-block-heading\" style=\"margin-bottom:var(--wp--preset--spacing--h-3-bottom)\"><strong><strong><strong><strong><strong><strong><strong>Costruzione di alta qualit\u00e0 per una maggiore durata<\/strong><\/strong><\/strong><\/strong><\/strong><\/strong><\/strong><\/h3>\n\n\n\n<p>I materiali del Balance Pad Evolve assicurano un prodotto resistente e duraturo. Con un peso di 7 kg e una capacit\u00e0 di carico massima di 200 kg, questa pedana di equilibrio \u00e8 robusta e affidabile. Il suo diametro di 63 cm offre un ampio spazio per una variet\u00e0 di esercizi, rendendolo adatto sia ai principianti che agli utenti pi\u00f9 esperti. La struttura del tappetino non solo ne aumenta la durata, ma garantisce anche una superficie confortevole per tutte le tue esigenze di allenamento.<\/p>\n<\/div>\n\n\n\n<div class=\"wp-block-column is-vertically-aligned-center is-layout-flow wp-block-column-is-layout-flow\">\n<figure class=\"wp-block-video\"><video height=\"1200\" style=\"aspect-ratio: 1200 \/ 1200;\" width=\"1200\" autoplay=\"\" controls=\"\" loop=\"\" muted=\"\" src=\"https:\/\/evolve-fitness.eu\/wp-content\/uploads\/2024\/07\/1.mp4\"><\/video><\/figure>\n<\/div>\n<\/div>\n\n\n\n<div class=\"wp-block-columns alignwide mobile-reverse is-layout-flex wp-container-core-columns-is-layout-035fa626 wp-block-columns-is-layout-flex\" style=\"margin-bottom:var(--wp--preset--spacing--side-padding);padding-top:var(--wp--preset--spacing--tb-padding);padding-bottom:var(--wp--preset--spacing--tb-padding)\">\n<div class=\"wp-block-column is-vertically-aligned-center is-layout-flow wp-block-column-is-layout-flow\">\n<figure class=\"wp-block-video\"><video autoplay=\"\" controls=\"\" loop=\"\" muted=\"\" src=\"https:\/\/evolve-fitness.eu\/wp-content\/uploads\/2024\/07\/2.mp4\"><\/video><\/figure>\n<\/div>\n\n\n\n<div class=\"wp-block-column is-vertically-aligned-center is-layout-flow wp-block-column-is-layout-flow\">\n<h3 class=\"wp-block-heading\" style=\"margin-bottom:var(--wp--preset--spacing--h-3-bottom)\"><strong><strong><strong><strong><strong><strong><strong><strong><strong>Migliora la tua routine di fitness<\/strong><\/strong><\/strong><\/strong><\/strong><\/strong><\/strong><\/strong><\/strong><\/h3>\n\n\n\n<p>L&#8217;Evolve Balance Pad \u00e8 uno strumento essenziale per migliorare l&#8217;equilibrio e la stabilit\u00e0. Il suo design versatile lo rende ideale per un&#8217;ampia gamma di allenamenti, dagli esercizi di rafforzamento del core all&#8217;allenamento della stabilit\u00e0 articolare. La superficie dinamica del pad mette alla prova il tuo equilibrio, impegnando pi\u00f9 muscoli e migliorando la consapevolezza del corpo. La sua portabilit\u00e0 ti permette di inserirlo facilmente in qualsiasi routine di fitness, sia a casa che in palestra o durante le sessioni di terapia. Questo tappetino per l&#8217;equilibrio \u00e8 un&#8217;aggiunta preziosa a qualsiasi regime di fitness, in quanto offre benefici significativi sia per la salute fisica che per le prestazioni.<\/p>\n<\/div>\n<\/div>\n\n\n\n<div class=\"wp-block-columns alignwide mobile-reverse is-layout-flex wp-container-core-columns-is-layout-7a02faa9 wp-block-columns-is-layout-flex\" style=\"margin-bottom:var(--wp--preset--spacing--tb-section-padding)\">\n<div class=\"wp-block-column is-vertically-aligned-center is-layout-flow wp-block-column-is-layout-flow\">\n<h3 class=\"wp-block-heading\" style=\"margin-bottom:var(--wp--preset--spacing--h-3-bottom)\"><strong><strong><strong><strong><strong><strong><strong><strong><strong>Ideale per l&#8217;allenamento del core e dell&#8217;equilibrio<\/strong><\/strong><\/strong><\/strong><\/strong><\/strong><\/strong><\/strong><\/strong><\/h3>\n\n\n\n<p>L&#8217;Evolve Balance Pad eccelle negli esercizi volti a migliorare la forza e l&#8217;equilibrio del nucleo. \u00c8 particolarmente efficace per attivit\u00e0 come le alzate su una gamba sola, gli squat, gli affondi e le variazioni del plank. Incorporando questo cuscinetto in questi esercizi, puoi aumentarne la difficolt\u00e0 e l&#8217;efficacia, ottenendo un maggiore impegno muscolare e una migliore stabilit\u00e0. Inoltre, il cuscinetto \u00e8 eccellente per la riabilitazione, in quanto favorisce il recupero delle lesioni articolari promuovendo il rafforzamento graduale e la propriocezione.<\/p>\n<\/div>\n\n\n\n<div class=\"wp-block-column is-vertically-aligned-center is-layout-flow wp-block-column-is-layout-flow\">\n<figure class=\"wp-block-video\"><video autoplay=\"\" controls=\"\" loop=\"\" muted=\"\" src=\"https:\/\/evolve-fitness.eu\/wp-content\/uploads\/2024\/07\/3.mp4\"><\/video><\/figure>\n<\/div>\n<\/div>\n\n\n\n<div class=\"wp-block-columns alignwide mobile-reverse is-layout-flex wp-container-core-columns-is-layout-ca64bf2d wp-block-columns-is-layout-flex\" style=\"margin-bottom:var(--wp--preset--spacing--side-padding)\">\n<div class=\"wp-block-column is-vertically-aligned-center is-layout-flow wp-block-column-is-layout-flow\"><\/div>\n<\/div>\n<\/section>\n<\/section>\n<\/section>\n","protected":false},"excerpt":{"rendered":"<p>Scoprite l&#8217;Evolve Balance Pad: il vostro percorso per migliorare l&#8217;equilibrio e la stabilit\u00e0. Realizzato con materiali di prima qualit\u00e0, questo pad offre una superficie confortevole e dinamica per diversi esercizi. Migliorare l&#8217;allenamento del core, potenziare la forza delle articolazioni e affinare la consapevolezza del corpo. Compatto e portatile, \u00e8 un compagno versatile per il fitness, la terapia e altro ancora. Migliorate l&#8217;equilibrio con il Balance Pad Evolve. Diametro &#8211; 63 cm.<\/p>\n","protected":false},"featured_media":13643,"template":"","meta":{"_acf_changed":false,"inline_featured_image":false},"product_cat":[528,611,613,534],"product_tag":[],"class_list":{"0":"post-13625","1":"product","2":"type-product","3":"status-publish","4":"has-post-thumbnail","6":"product_cat-pagina-iniziale","7":"product_cat-interdisciplinare-e-funzionale","8":"product_cat-apparecchiature-funzionali","9":"product_cat-studio-it","11":"first","12":"instock","13":"sale","14":"shipping-taxable","15":"purchasable","16":"product-type-simple"},"acf":[],"_links":{"self":[{"href":"https:\/\/store.evolve-fitness.eu\/it\/wp-json\/wp\/v2\/product\/13625","targetHints":{"allow":["GET"]}}],"collection":[{"href":"https:\/\/store.evolve-fitness.eu\/it\/wp-json\/wp\/v2\/product"}],"about":[{"href":"https:\/\/store.evolve-fitness.eu\/it\/wp-json\/wp\/v2\/types\/product"}],"wp:featuredmedia":[{"embeddable":true,"href":"https:\/\/store.evolve-fitness.eu\/it\/wp-json\/wp\/v2\/media\/13643"}],"wp:attachment":[{"href":"https:\/\/store.evolve-fitness.eu\/it\/wp-json\/wp\/v2\/media?parent=13625"}],"wp:term":[{"taxonomy":"product_cat","embeddable":true,"href":"https:\/\/store.evolve-fitness.eu\/it\/wp-json\/wp\/v2\/product_cat?post=13625"},{"taxonomy":"product_tag","embeddable":true,"href":"https:\/\/store.evolve-fitness.eu\/it\/wp-json\/wp\/v2\/product_tag?post=13625"}],"curies":[{"name":"wp","href":"https:\/\/api.w.org\/{rel}","templated":true}]}}