{"id":135552,"date":"2025-09-17T12:42:32","date_gmt":"2025-09-17T12:42:32","guid":{"rendered":"https:\/\/store.evolve-fitness.eu\/?post_type=product&#038;p=135552"},"modified":"2026-01-21T11:59:15","modified_gmt":"2026-01-21T11:59:15","slug":"croce-a-doppio-cavo-selezionata-della-serie-ultra-di-evolve-1","status":"publish","type":"product","link":"https:\/\/store.evolve-fitness.eu\/it\/prodotto\/croce-a-doppio-cavo-selezionata-della-serie-ultra-di-evolve-1\/","title":{"rendered":"Macchina per l&#8217;estensione della schiena selettiva della serie Evolve Ultra"},"content":{"rendered":"\n<section class=\"wp-block-group alignfull black-content has-white-color has-darkgray-background-color has-text-color has-background is-layout-constrained wp-block-group-is-layout-constrained\" style=\"padding-top:var(--wp--preset--spacing--section-bottom);padding-bottom:var(--wp--preset--spacing--section-bottom)\">\n<section class=\"wp-block-group alignfull black-content has-white-color has-darkgray-background-color has-text-color has-background is-layout-constrained wp-block-group-is-layout-constrained\" style=\"margin-bottom:0;padding-top:var(--wp--preset--spacing--tb-padding);padding-bottom:var(--wp--preset--spacing--tb-padding)\">\n<div class=\"wp-block-columns alignwide mobile-reverse is-layout-flex wp-container-core-columns-is-layout-7a02faa9 wp-block-columns-is-layout-flex\" style=\"margin-bottom:var(--wp--preset--spacing--tb-section-padding)\">\n<div class=\"wp-block-column is-vertically-aligned-center is-layout-flow wp-block-column-is-layout-flow\">\n<h3 class=\"wp-block-heading\" style=\"margin-bottom:var(--wp--preset--spacing--h-3-bottom)\"><strong>SVILUPPO MUSCOLARE MIRATO<\/strong><\/h3>\n\n\n\n<p><strong><em><strong><strong><strong><strong><strong><strong><strong><em><strong><em><strong><strong>Rafforzamento mirato della schiena e del core<\/strong><\/strong><\/em><\/strong><\/em><\/strong><\/strong><\/strong><\/strong><\/strong><\/strong><\/strong><\/em><\/strong><\/p>\n\n\n\n<p>La macchina per estensioni dorsali selezionata della Serie Ultra di Evolve \u00e8 stata progettata per migliorare l&#8217;impegno di lombari, glutei e core attraverso un movimento preciso e controllato. Il suo sistema di pesi selezionati permette agli utenti di isolare efficacemente gli erettori spinali, promuovendo la forza, il miglioramento della postura e l&#8217;equilibrio della catena posteriore. <\/p>\n\n\n\n<h3 class=\"wp-block-heading\"><strong>COSTRUZIONE CENTRATA SULL&#8217;UTENTE<\/strong><\/h3>\n\n\n\n<p><strong><em>Costruito per resistere e funzionare senza intoppi<\/em><\/strong><\/p>\n\n\n\n<p><br\/>Costruita con un telaio in acciaio resistente e rinforzato e con componenti selezionati di prima qualit\u00e0, questa macchina garantisce prestazioni affidabili in caso di utilizzo regolare e ad alta intensit\u00e0. L&#8217;imbottitura ergonomica e la stabilit\u00e0 del posizionamento assicurano sicurezza e comfort a ogni ripetizione. <\/p>\n\n\n\n<h3 class=\"wp-block-heading\"><strong>IL FUTURO DELL&#8217;ALLENAMENTO DELLA FORZA<\/strong><\/h3>\n\n\n\n<p><strong><em>Elevare gli standard di formazione professionale<\/em><\/strong><\/p>\n\n\n\n<p><br\/>L&#8217;Evolve Ultra Back Extension Machine offre un mix perfetto di funzionalit\u00e0, sicurezza e qualit\u00e0. Pensata per le palestre moderne e per i professionisti, offre un&#8217;esperienza senza soluzione di continuit\u00e0 che favorisce lo sviluppo della forza a lungo termine con un&#8217;affidabilit\u00e0 senza pari. <\/p>\n<\/div>\n\n\n\n<div class=\"wp-block-column is-vertically-aligned-center is-layout-flow wp-block-column-is-layout-flow\">\n<figure class=\"wp-block-image size-large\"><img decoding=\"async\" src=\"https:\/\/evolve-fitness.eu\/wp-content\/uploads\/2025\/08\/EV-SC-UL-400-Evolve-Ultra-Series-Back-Extension-1024x1024.png\" alt=\"\" class=\"wp-image-203120\"\/><\/figure>\n<\/div>\n<\/div>\n\n\n\n<div class=\"wp-block-columns alignwide mobile-reverse is-layout-flex wp-container-core-columns-is-layout-ca64bf2d wp-block-columns-is-layout-flex\" style=\"margin-bottom:var(--wp--preset--spacing--side-padding)\">\n<div class=\"wp-block-column is-vertically-aligned-center is-layout-flow wp-block-column-is-layout-flow\"><\/div>\n<\/div>\n<\/section>\n<\/section>\n","protected":false},"excerpt":{"rendered":"<p>La macchina per l&#8217;estensione della schiena selettiva della Serie Ultra di Evolve (EV-SC-UL-400) \u00e8 costruita per rafforzare la parte bassa della schiena, i glutei e il core con una resistenza controllata e uniforme. La struttura resistente, il supporto ergonomico e la facile regolazione del peso la rendono una scelta affidabile per palestre e atleti professionisti. <\/p>\n","protected":false},"featured_media":135653,"template":"","meta":{"_acf_changed":false,"inline_featured_image":false},"product_cat":[528,1143,1287],"product_tag":[],"class_list":{"0":"post-135552","1":"product","2":"type-product","3":"status-publish","4":"has-post-thumbnail","6":"product_cat-pagina-iniziale","7":"product_cat-macchine-selezionate","8":"product_cat-macchine-selettive-della-serie-ultra","10":"first","11":"instock","12":"shipping-taxable","13":"purchasable","14":"product-type-simple"},"acf":[],"_links":{"self":[{"href":"https:\/\/store.evolve-fitness.eu\/it\/wp-json\/wp\/v2\/product\/135552","targetHints":{"allow":["GET"]}}],"collection":[{"href":"https:\/\/store.evolve-fitness.eu\/it\/wp-json\/wp\/v2\/product"}],"about":[{"href":"https:\/\/store.evolve-fitness.eu\/it\/wp-json\/wp\/v2\/types\/product"}],"wp:featuredmedia":[{"embeddable":true,"href":"https:\/\/store.evolve-fitness.eu\/it\/wp-json\/wp\/v2\/media\/135653"}],"wp:attachment":[{"href":"https:\/\/store.evolve-fitness.eu\/it\/wp-json\/wp\/v2\/media?parent=135552"}],"wp:term":[{"taxonomy":"product_cat","embeddable":true,"href":"https:\/\/store.evolve-fitness.eu\/it\/wp-json\/wp\/v2\/product_cat?post=135552"},{"taxonomy":"product_tag","embeddable":true,"href":"https:\/\/store.evolve-fitness.eu\/it\/wp-json\/wp\/v2\/product_tag?post=135552"}],"curies":[{"name":"wp","href":"https:\/\/api.w.org\/{rel}","templated":true}]}}