{"id":135428,"date":"2025-09-16T13:10:23","date_gmt":"2025-09-16T13:10:23","guid":{"rendered":"https:\/\/store.evolve-fitness.eu\/?post_type=product&#038;p=135428"},"modified":"2026-01-21T11:59:14","modified_gmt":"2026-01-21T11:59:14","slug":"smith-machine-con-carico-a-piastra-della-serie-evolve-prime-4","status":"publish","type":"product","link":"https:\/\/store.evolve-fitness.eu\/it\/prodotto\/smith-machine-con-carico-a-piastra-della-serie-evolve-prime-4\/","title":{"rendered":"Macchina per l&#8217;estensione della schiena con carico a piastra della serie Prime di Evolve (PR-330)"},"content":{"rendered":"\n<section class=\"wp-block-group alignfull black-content has-white-color has-darkgray-background-color has-text-color has-background is-layout-constrained wp-block-group-is-layout-constrained\" style=\"padding-top:var(--wp--preset--spacing--section-bottom);padding-bottom:var(--wp--preset--spacing--section-bottom)\">\n<h3 class=\"wp-block-heading has-text-align-center\"><strong><strong>SERIE PRIME A PIASTRE EVOLUTE<\/strong><\/strong><\/h3>\n\n\n\n<p><\/p>\n\n\n\n<p><\/p>\n\n\n\n<p>Con la serie Prime di Evolve Plate Loaded, l&#8217;eccellenza \u00e8 lo standard. Migliorate l&#8217;allenamento della forza con macchine progettate per il comfort, la durata e le prestazioni. Esplorate l&#8217;intera linea oggi stesso e ridefinite il vostro percorso di fitness.  <\/p>\n\n\n\n<section class=\"wp-block-group alignfull black-content has-white-color has-darkgray-background-color has-text-color has-background is-layout-constrained wp-block-group-is-layout-constrained\" style=\"padding-top:var(--wp--preset--spacing--section-bottom);padding-bottom:var(--wp--preset--spacing--section-bottom)\">\n<div class=\"wp-block-columns alignwide mobile-reverse is-layout-flex wp-container-core-columns-is-layout-ca64bf2d wp-block-columns-is-layout-flex\" style=\"margin-bottom:var(--wp--preset--spacing--side-padding)\">\n<div class=\"wp-block-column is-vertically-aligned-center is-layout-flow wp-block-column-is-layout-flow\">\n<h3 class=\"wp-block-heading\" style=\"margin-bottom:var(--wp--preset--spacing--h-3-bottom)\"><strong><strong><strong><strong>Sviluppo muscolare mirato<\/strong><\/strong><\/strong><\/strong><\/h3>\n\n\n\n<p><strong><em><strong><strong><em><strong><strong><em><strong><strong><em><strong>Forza della schiena e del core<\/strong><\/em><\/strong><\/strong><\/em><\/strong><\/strong><\/em><\/strong><\/strong><\/em><\/strong><\/p>\n\n\n\n<p style=\"margin-bottom:var(--wp--preset--spacing--tb-section-padding)\">La macchina per l&#8217;estensione della schiena con carico su piastra della serie Evolve Prime \u00e8 progettata per rafforzare la parte bassa della schiena, i glutei e il core con la massima efficienza. Offre un movimento controllato che isola gli erettori spinali e coinvolge i muscoli stabilizzatori, rendendolo essenziale per costruire una catena posteriore forte ed equilibrata. <\/p>\n\n\n\n<h3 class=\"wp-block-heading\" style=\"margin-bottom:var(--wp--preset--spacing--h-3-bottom)\"><strong><strong><strong><strong><strong><strong>Costruzione incentrata sull&#8217;utente<\/strong><\/strong><\/strong><\/strong><\/strong><\/strong><\/h3>\n\n\n\n<p><strong><em><strong><strong><strong><strong><em><strong><strong><em><strong><strong><em><strong>Struttura resistente e professionale<\/strong><\/em><\/strong><\/strong><\/em><\/strong><\/strong><\/em><\/strong><\/strong><\/strong><\/strong><\/em><\/strong><\/p>\n\n\n\n<p>Dotata di un telaio in acciaio rinforzato e di un meccanismo a piastre, la Back Extension Machine garantisce una lunga durata e stabilit\u00e0 anche in caso di uso intenso. L&#8217;ampia pedana e l&#8217;imbottitura ergonomica garantiscono comfort e sicurezza, supportando una tecnica corretta durante ogni ripetizione. <\/p>\n\n\n\n<p><\/p>\n\n\n\n<h3 class=\"wp-block-heading\" style=\"margin-bottom:var(--wp--preset--spacing--h-3-bottom)\"><strong><strong><strong>Il futuro dell&#8217;allenamento della forza<\/strong><\/strong><\/strong><\/h3>\n\n\n\n<p><strong><strong><em><strong><em><strong><strong><em><strong>Design premium per atleti seri<\/strong><\/em><\/strong><\/strong><\/em><\/strong><\/em><\/strong><\/strong><\/p>\n\n\n\n<p style=\"margin-bottom:var(--wp--preset--spacing--tb-section-padding)\">La macchina per estensioni dorsali Evolve Prime Series offre la qualit\u00e0 e l&#8217;affidabilit\u00e0 che gli atleti si aspettano da un&#8217;attrezzatura professionale. Combinando forza, sicurezza e funzionalit\u00e0, \u00e8 una soluzione indispensabile per le palestre che vogliono offrire esperienze di allenamento di alto livello e risultati a lungo termine. <\/p>\n<\/div>\n\n\n\n<div class=\"wp-block-column is-vertically-aligned-center is-layout-flow wp-block-column-is-layout-flow\">\n<figure class=\"wp-block-image size-full is-resized\"><img loading=\"lazy\" decoding=\"async\" width=\"600\" height=\"450\" src=\"https:\/\/store.evolve-fitness.eu\/wp-content\/uploads\/2025\/09\/Dizainas-be-pavadinimo-4-3.png\" alt=\"\" class=\"wp-image-135440\" style=\"width:721px;height:auto\" srcset=\"https:\/\/store.evolve-fitness.eu\/wp-content\/uploads\/2025\/09\/Dizainas-be-pavadinimo-4-3.png 600w, https:\/\/store.evolve-fitness.eu\/wp-content\/uploads\/2025\/09\/Dizainas-be-pavadinimo-4-3-300x225.png 300w\" sizes=\"auto, (max-width: 600px) 100vw, 600px\" \/><\/figure>\n\n\n\n<figure class=\"wp-block-gallery has-nested-images columns-default is-cropped wp-block-gallery-1 is-layout-flex wp-block-gallery-is-layout-flex\"><\/figure>\n<\/div>\n<\/div>\n<\/section>\n<\/section>\n","protected":false},"excerpt":{"rendered":"<p>La macchina per l&#8217;estensione della schiena con carico a piastre della serie Evolve Prime (EV-PL-PR-330) \u00e8 stata progettata per lo sviluppo mirato della parte bassa della schiena e della stabilit\u00e0 del core. Il telaio in acciaio per impieghi gravosi, i supporti ergonomici e il sistema a piastre garantiscono durata, sicurezza e un efficiente allenamento della forza per l&#8217;uso professionale in palestra. <\/p>\n","protected":false},"featured_media":135452,"template":"","meta":{"_acf_changed":false,"inline_featured_image":false},"product_cat":[796,1210],"product_tag":[],"class_list":{"0":"post-135428","1":"product","2":"type-product","3":"status-publish","4":"has-post-thumbnail","6":"product_cat-macchine-a-piastre","7":"product_cat-prime-series-con-carico-a-piastra","9":"first","10":"instock","11":"shipping-taxable","12":"purchasable","13":"product-type-simple"},"acf":[],"_links":{"self":[{"href":"https:\/\/store.evolve-fitness.eu\/it\/wp-json\/wp\/v2\/product\/135428","targetHints":{"allow":["GET"]}}],"collection":[{"href":"https:\/\/store.evolve-fitness.eu\/it\/wp-json\/wp\/v2\/product"}],"about":[{"href":"https:\/\/store.evolve-fitness.eu\/it\/wp-json\/wp\/v2\/types\/product"}],"wp:featuredmedia":[{"embeddable":true,"href":"https:\/\/store.evolve-fitness.eu\/it\/wp-json\/wp\/v2\/media\/135452"}],"wp:attachment":[{"href":"https:\/\/store.evolve-fitness.eu\/it\/wp-json\/wp\/v2\/media?parent=135428"}],"wp:term":[{"taxonomy":"product_cat","embeddable":true,"href":"https:\/\/store.evolve-fitness.eu\/it\/wp-json\/wp\/v2\/product_cat?post=135428"},{"taxonomy":"product_tag","embeddable":true,"href":"https:\/\/store.evolve-fitness.eu\/it\/wp-json\/wp\/v2\/product_tag?post=135428"}],"curies":[{"name":"wp","href":"https:\/\/api.w.org\/{rel}","templated":true}]}}