{"id":129454,"date":"2025-05-13T13:09:48","date_gmt":"2025-05-13T13:09:48","guid":{"rendered":"https:\/\/store.evolve-fitness.eu\/?post_type=product&#038;p=129454"},"modified":"2025-07-23T00:59:10","modified_gmt":"2025-07-23T00:59:10","slug":"set-di-pompe-per-il-corpo-in-uretano-evolve-195-kg-4","status":"publish","type":"product","link":"https:\/\/store.evolve-fitness.eu\/it\/prodotto\/set-di-pompe-per-il-corpo-in-uretano-evolve-195-kg-4\/","title":{"rendered":"Set di barre della serie Evolve Econ con piastre di peso in uretano TPU"},"content":{"rendered":"\n<section class=\"wp-block-group alignfull black-content has-white-color has-darkgray-background-color has-text-color has-background is-layout-constrained wp-block-group-is-layout-constrained\" style=\"padding-top:var(--wp--preset--spacing--section-bottom);padding-bottom:var(--wp--preset--spacing--section-bottom)\">\n<section class=\"wp-block-group alignfull black-content has-white-color has-darkgray-background-color has-text-color has-background is-layout-constrained wp-block-group-is-layout-constrained\" style=\"padding-top:var(--wp--preset--spacing--section-bottom);padding-bottom:var(--wp--preset--spacing--section-bottom)\">\n<div class=\"wp-block-columns alignwide mobile-reverse is-layout-flex wp-container-core-columns-is-layout-ca64bf2d wp-block-columns-is-layout-flex\" style=\"margin-bottom:var(--wp--preset--spacing--side-padding)\">\n<div class=\"wp-block-column is-vertically-aligned-center is-layout-flow wp-block-column-is-layout-flow\">\n<h3 class=\"wp-block-heading\" style=\"margin-bottom:var(--wp--preset--spacing--h-3-bottom)\">Set di barre Evolve serie Econ con piastre di peso in uretano TPU &#8211; Precisione e durata per il tuo allenamento di forza<\/h3>\n\n\n\n<p style=\"margin-bottom:var(--wp--preset--spacing--tb-section-padding)\">Il <strong>set di barre Evolve Econ Series con piastre di peso in uretano TPU<\/strong> \u00e8 pensato per gli atleti che cercano un&#8217;attrezzatura durevole e di alta qualit\u00e0 per la loro palestra. Questo set completo comprende l&#8217;affidabile <strong>sbarra olimpica Evolve Econ Series (220 cm \/ 20 kg)<\/strong>, i sicuri <strong>collari della sbarra olimpica Evolve<\/strong> e le resistenti <strong>piastre di peso in uretano TPU (1,25-25 kg)<\/strong>. Ideale per gli amanti dell&#8217;allenamento della forza, questo set offre il perfetto equilibrio tra prestazioni, sicurezza e versatilit\u00e0.  <\/p>\n<\/div>\n\n\n\n<div class=\"wp-block-column is-vertically-aligned-center is-layout-flow wp-block-column-is-layout-flow\">\n<figure class=\"wp-block-image size-large is-style-rounded\"><img decoding=\"async\" src=\"https:\/\/evolve-fitness.eu\/wp-content\/uploads\/2025\/05\/EV-WP-TP-1-1024x683.jpg\" alt=\"\" class=\"wp-image-197977\"\/><\/figure>\n<\/div>\n<\/div>\n\n\n\n<div class=\"wp-block-columns alignwide is-layout-flex wp-container-core-columns-is-layout-c45ee707 wp-block-columns-is-layout-flex\" style=\"margin-bottom:var(--wp--preset--spacing--side-padding);padding-top:var(--wp--preset--spacing--side-padding)\">\n<div class=\"wp-block-column is-vertically-aligned-center is-layout-flow wp-block-column-is-layout-flow\">\n<figure class=\"wp-block-video\"><video height=\"2160\" style=\"aspect-ratio: 3840 \/ 2160;\" width=\"3840\" controls=\"\" src=\"https:\/\/store.evolve-fitness.eu\/wp-content\/uploads\/2025\/05\/EV-OB-CK-201-Evolve-Cerakote-Series-Olympic-Woman-201-cm-15-kg-1.mp4\"><\/video><\/figure>\n<\/div>\n\n\n\n<div class=\"wp-block-column is-vertically-aligned-center is-layout-flow wp-block-column-is-layout-flow\">\n<h3 class=\"wp-block-heading\" style=\"margin-bottom:var(--wp--preset--spacing--h-3-bottom)\">Robusta e affidabile &#8211; Barra olimpica serie Econ<\/h3>\n\n\n\n<p style=\"margin-bottom:var(--wp--preset--spacing--tb-section-padding)\">Il pezzo forte di questo set \u00e8 la <strong>barra olimpica Evolve Econ Series<\/strong>, che misura 220 cm e pesa 20 kg. Realizzata in robusto acciaio, garantisce un&#8217;eccezionale durata e stabilit\u00e0 durante gli allenamenti. La zigrinatura di media profondit\u00e0 offre una presa sicura e confortevole, rendendola adatta a diverse tecniche di sollevamento. Questa sbarra \u00e8 stata progettata per resistere ad allenamenti rigorosi, mantenendo la sua forma e il suo funzionamento anche sotto carichi pesanti.   <\/p>\n<\/div>\n<\/div>\n\n\n\n<div class=\"wp-block-columns alignwide mobile-reverse is-layout-flex wp-container-core-columns-is-layout-ca64bf2d wp-block-columns-is-layout-flex\" style=\"margin-bottom:var(--wp--preset--spacing--side-padding)\">\n<div class=\"wp-block-column is-vertically-aligned-center is-layout-flow wp-block-column-is-layout-flow\">\n<h3 class=\"wp-block-heading\" style=\"margin-bottom:var(--wp--preset--spacing--h-3-bottom)\">Sicuro e protetto &#8211; Collari per barre olimpiche<\/h3>\n\n\n\n<p style=\"margin-bottom:var(--wp--preset--spacing--tb-section-padding)\">Per garantire la sicurezza durante le sessioni di sollevamento, il set include i <strong>collari per barre olimpiche Evolve<\/strong>. Questi collari garantiscono un blocco affidabile, impedendo qualsiasi movimento delle piastre dei pesi durante gli allenamenti pi\u00f9 intensi. Facili da agganciare e sganciare, sono essenziali per mantenere l&#8217;equilibrio e la sicurezza del tuo setup alla sbarra.  <\/p>\n<\/div>\n\n\n\n<div class=\"wp-block-column is-vertically-aligned-center is-layout-flow wp-block-column-is-layout-flow\">\n<figure class=\"wp-block-video\"><video height=\"1080\" style=\"aspect-ratio: 1920 \/ 1080;\" width=\"1920\" controls=\"\" src=\"https:\/\/store.evolve-fitness.eu\/wp-content\/uploads\/2025\/05\/EV-OC-CC-02-1.mp4\"><\/video><\/figure>\n<\/div>\n<\/div>\n\n\n\n<div class=\"wp-block-columns alignwide is-layout-flex wp-container-core-columns-is-layout-c45ee707 wp-block-columns-is-layout-flex\" style=\"margin-bottom:var(--wp--preset--spacing--side-padding);padding-top:var(--wp--preset--spacing--side-padding)\">\n<div class=\"wp-block-column is-vertically-aligned-center is-layout-flow wp-block-column-is-layout-flow\">\n<figure class=\"wp-block-image size-large is-style-rounded\"><img decoding=\"async\" src=\"https:\/\/evolve-fitness.eu\/wp-content\/uploads\/2025\/05\/EV-WP-TP-5-1024x683.jpg\" alt=\"\" class=\"wp-image-197952\"\/><\/figure>\n<\/div>\n\n\n\n<div class=\"wp-block-column is-vertically-aligned-center is-layout-flow wp-block-column-is-layout-flow\">\n<h3 class=\"wp-block-heading\" style=\"margin-bottom:var(--wp--preset--spacing--h-3-bottom)\">Durevole ed elegante &#8211; Piastre di peso in TPU Uretano<\/h3>\n\n\n\n<p>Le <strong>piastre per pesi in uretano TPU<\/strong> incluse in questo set sono progettate per combinare durata e fascino estetico. Disponibili con pesi da 1,25 a 25 kg, queste piastre sono realizzate in uretano di alta qualit\u00e0 e offrono una resistenza superiore all&#8217;usura. La loro superficie antitraccia protegge il pavimento della palestra, mentre la finitura elegante migliora l&#8217;aspetto professionale della tua palestra. Il design ergonomico garantisce una facile manipolazione e una rapida regolazione del peso.   <\/p>\n<\/div>\n<\/div>\n\n\n\n<div class=\"wp-block-columns alignwide is-layout-flex wp-container-core-columns-is-layout-c45ee707 wp-block-columns-is-layout-flex\" style=\"margin-bottom:var(--wp--preset--spacing--side-padding);padding-top:var(--wp--preset--spacing--side-padding)\">\n<div class=\"wp-block-column is-vertically-aligned-center is-layout-flow wp-block-column-is-layout-flow\">\n<h3 class=\"wp-block-heading\" style=\"margin-bottom:var(--wp--preset--spacing--h-3-bottom)\">Allenati con sicurezza e stile<\/h3>\n\n\n\n<p>l <strong>set di barre Evolve Econ Series con piastre per pesi in uretano TPU<\/strong> \u00e8 una scelta eccellente per chi apprezza la precisione, la sicurezza e la durata dei propri attrezzi per l&#8217;allenamento della forza. Sia che tu stia eseguendo squat, panca o deadlift, questo set garantisce prestazioni costanti e un&#8217;esperienza di sollevamento professionale. <\/p>\n<\/div>\n\n\n\n<div class=\"wp-block-column is-vertically-aligned-center is-layout-flow wp-block-column-is-layout-flow\">\n<div class=\"wp-block-columns is-layout-flex wp-container-core-columns-is-layout-9d6595d7 wp-block-columns-is-layout-flex\">\n<div class=\"wp-block-column is-layout-flow wp-block-column-is-layout-flow\">\n<figure class=\"wp-block-image size-large is-style-rounded\"><img decoding=\"async\" src=\"https:\/\/evolve-fitness.eu\/wp-content\/uploads\/2025\/05\/EV-WP-TP-9-1024x683.jpg\" alt=\"\" class=\"wp-image-197927\"\/><\/figure>\n<\/div>\n<\/div>\n<\/div>\n<\/div>\n<\/section>\n<\/section>\n","protected":false},"excerpt":{"rendered":"<p>Il set di barre Evolve Econ Series con piastre di peso in uretano TPU \u00e8 pensato per gli atleti che cercano un&#8217;attrezzatura da palestra resistente e di alta qualit\u00e0. Questo set completo comprende l&#8217;affidabile sbarra olimpica Evolve Econ Series (220 cm \/ 20 kg), i sicuri collari della sbarra olimpica Evolve e le resistenti piastre di peso in uretano TPU (1,25-25 kg). Ideale per gli amanti dell&#8217;allenamento della forza, questo set offre il perfetto equilibrio tra prestazioni, sicurezza e versatilit\u00e0.<\/p>\n","protected":false},"featured_media":129676,"template":"","meta":{"_acf_changed":false,"inline_featured_image":false},"product_cat":[985,2198],"product_tag":[],"class_list":{"0":"post-129454","1":"product","2":"type-product","3":"status-publish","4":"has-post-thumbnail","6":"product_cat-pesi-liberi","7":"product_cat-set-da-bar","9":"first","10":"outofstock","11":"shipping-taxable","12":"purchasable","13":"product-type-variable"},"acf":[],"_links":{"self":[{"href":"https:\/\/store.evolve-fitness.eu\/it\/wp-json\/wp\/v2\/product\/129454","targetHints":{"allow":["GET"]}}],"collection":[{"href":"https:\/\/store.evolve-fitness.eu\/it\/wp-json\/wp\/v2\/product"}],"about":[{"href":"https:\/\/store.evolve-fitness.eu\/it\/wp-json\/wp\/v2\/types\/product"}],"wp:featuredmedia":[{"embeddable":true,"href":"https:\/\/store.evolve-fitness.eu\/it\/wp-json\/wp\/v2\/media\/129676"}],"wp:attachment":[{"href":"https:\/\/store.evolve-fitness.eu\/it\/wp-json\/wp\/v2\/media?parent=129454"}],"wp:term":[{"taxonomy":"product_cat","embeddable":true,"href":"https:\/\/store.evolve-fitness.eu\/it\/wp-json\/wp\/v2\/product_cat?post=129454"},{"taxonomy":"product_tag","embeddable":true,"href":"https:\/\/store.evolve-fitness.eu\/it\/wp-json\/wp\/v2\/product_tag?post=129454"}],"curies":[{"name":"wp","href":"https:\/\/api.w.org\/{rel}","templated":true}]}}