{"id":125415,"date":"2025-04-14T08:29:05","date_gmt":"2025-04-14T08:29:05","guid":{"rendered":"https:\/\/store.evolve-fitness.eu\/?post_type=product&#038;p=125415"},"modified":"2026-03-31T12:01:15","modified_gmt":"2026-03-31T12:01:15","slug":"set-di-manubri-in-uretano-evolve-cpu-2-x-1-10-kg-1","status":"publish","type":"product","link":"https:\/\/store.evolve-fitness.eu\/it\/prodotto\/set-di-manubri-in-uretano-evolve-cpu-2-x-1-10-kg-1\/","title":{"rendered":"Set di manubri in uretano Evolve CPU 2 x 1-10 kg"},"content":{"rendered":"\n<section class=\"wp-block-group alignfull black-content has-white-color has-darkgray-background-color has-text-color has-background is-layout-constrained wp-block-group-is-layout-constrained\" style=\"padding-top:var(--wp--preset--spacing--section-bottom);padding-bottom:var(--wp--preset--spacing--section-bottom)\">\n<div class=\"wp-block-columns alignwide mobile-reverse is-layout-flex wp-container-core-columns-is-layout-ca64bf2d wp-block-columns-is-layout-flex\" style=\"margin-bottom:var(--wp--preset--spacing--side-padding)\">\n<div class=\"wp-block-column is-vertically-aligned-center is-layout-flow wp-block-column-is-layout-flow\">\n<h3 class=\"wp-block-heading\" style=\"margin-bottom:var(--wp--preset--spacing--h-3-bottom)\"><strong>URETANO ESTREMAMENTE RESISTENTE<\/strong><\/h3>\n\n\n\n<p><em><strong>Resistente ed elegante<\/strong><\/em><\/p>\n\n\n\n<p style=\"margin-bottom:var(--wp--preset--spacing--tb-section-padding)\">Il rivestimento in uretano \u00e8 altamente resistente agli urti e due volte pi\u00f9 durevole del rivestimento in gomma. Le superfici verniciate possono scheggiarsi e arrugginirsi, la gomma pu\u00f2 staccarsi o creparsi col tempo. L&#8217;uretano non ha un odore specifico, \u00e8 resistente al calore, ai raggi UV e anche all&#8217;usura naturale. I manubri in uretano Evolve sono estremamente resistenti e non si degradano, quindi manterranno il loro aspetto perfetto anche dopo anni di uso intensivo. Questi manubri sono un investimento perfetto sia per gli utenti domestici che per quelli delle palestre, perch\u00e9 saranno pi\u00f9 economici a lungo termine e si manterranno intatti pi\u00f9 a lungo rispetto ai manubri in gomma o in acciaio. Manterranno un colore solido e deciso per tutta la vita. Il rivestimento in uretano protegge inoltre il pavimento da graffi e danni e assorbe il suono durante gli allenamenti.<\/p>\n<\/div>\n\n\n\n<div class=\"wp-block-column is-vertically-aligned-center is-layout-flow wp-block-column-is-layout-flow\">\n<figure class=\"wp-block-image alignright size-large is-resized is-style-rounded\"><img decoding=\"async\" src=\"https:\/\/evolve-fitness.eu\/wp-content\/uploads\/2023\/11\/Evolve-CPU-Urethane-Dumbbells-1-1024x1024.png\" alt=\"\" class=\"wp-image-4910\" style=\"object-fit:cover;width:680px;height:600px\"\/><\/figure>\n<\/div>\n<\/div>\n\n\n\n<div class=\"wp-block-columns alignwide is-layout-flex wp-container-core-columns-is-layout-c45ee707 wp-block-columns-is-layout-flex\" style=\"margin-bottom:var(--wp--preset--spacing--side-padding);padding-top:var(--wp--preset--spacing--side-padding)\">\n<div class=\"wp-block-column is-vertically-aligned-center is-layout-flow wp-block-column-is-layout-flow\">\n<figure class=\"wp-block-image size-large is-resized\"><img decoding=\"async\" src=\"https:\/\/evolve-fitness.eu\/wp-content\/uploads\/2023\/11\/Evolve-CPU-Urethane-Dumbbells-2-1024x1024.png\" alt=\"\" class=\"wp-image-4912\" style=\"object-fit:cover;width:680px;height:600px\"\/><\/figure>\n<\/div>\n\n\n\n<div class=\"wp-block-column is-vertically-aligned-center is-layout-constrained wp-block-column-is-layout-constrained\">\n<h3 class=\"wp-block-heading\" style=\"margin-bottom:var(--wp--preset--spacing--h-3-bottom)\">OTTIMA SCELTA PER L&#8217;USO PROFESSIONALE<\/h3>\n\n\n\n<p><strong><em><strong><em>Manubri Evolve Custom Fit<\/em><\/strong><\/em><\/strong><\/p>\n\n\n\n<p>Elevate il vostro centro fitness con le attrezzature da palestra personalizzabili di Evolve, su misura per migliorare la presenza del vostro marchio. I nostri manubri Evolve di alto livello non solo sono realizzati per garantire le prestazioni, ma sono anche progettati con un tocco estetico, offrendo un servizio di abbinamento dei colori per integrarsi perfettamente con il vostro arredamento. Su richiesta, offriamo un tocco personalizzato con il taglio laser e l&#8217;infusione di uretano nei colori del vostro marchio. Con una superficie strutturata facile da pulire che offre una presa antiscivolo, i manubri Evolve garantiscono comfort e sicurezza per i regimi di allenamento pi\u00f9 rigorosi. Fate un&#8217;affermazione e un investimento intelligente: scegliete Evolve per un&#8217;attrezzatura dedicata all&#8217;immagine della vostra palestra, ma anche alla durata professionale e alla sicurezza degli utenti.<\/p>\n<\/div>\n<\/div>\n\n\n\n<div class=\"wp-block-columns alignwide is-layout-flex wp-container-core-columns-is-layout-c45ee707 wp-block-columns-is-layout-flex\" style=\"margin-bottom:var(--wp--preset--spacing--side-padding);padding-top:var(--wp--preset--spacing--side-padding)\">\n<div class=\"wp-block-column is-vertically-aligned-center is-layout-flow wp-block-column-is-layout-flow\">\n<h3 class=\"wp-block-heading\" style=\"margin-bottom:var(--wp--preset--spacing--h-3-bottom)\">FUNZIONALIT\u00c0<\/h3>\n\n\n\n<p><strong><em><strong><em>Manubri Ultimate Performance in uretano<\/em><\/strong><\/em><\/strong><\/p>\n\n\n\n<p style=\"margin-bottom:var(--wp--preset--spacing--tb-section-padding)\">Elevate il vostro regime di allenamento con i nostri manubri di alta gamma rivestiti in uretano, progettati per una durata superiore e per proteggere il pavimento. I nostri manubri all&#8217;avanguardia sono progettati per migliorare qualsiasi sessione di allenamento, sia che si tratti di CrossFit ad alta intensit\u00e0 o di esercizi funzionali poliedrici. L&#8217;esclusivo design anti-rotolamento mantiene lo spazio di allenamento ordinato ed efficiente, mentre il rivestimento in uretano assorbe gli urti, riducendo il rumore e prevenendo i danni alle attrezzature. Grazie alle impugnature ergonomiche antiscivolo, questi manubri garantiscono una presa sicura per massimizzare la sicurezza e le prestazioni durante gli allenamenti pi\u00f9 intensi. Perfetto per gli atleti che vogliono superare i limiti dell&#8217;allenamento di forza e resistenza.<\/p>\n<\/div>\n\n\n\n<div class=\"wp-block-column is-vertically-aligned-center is-layout-flow wp-block-column-is-layout-flow\">\n<div class=\"wp-block-columns is-layout-flex wp-container-core-columns-is-layout-9d6595d7 wp-block-columns-is-layout-flex\">\n<div class=\"wp-block-column is-layout-flow wp-block-column-is-layout-flow\">\n<figure class=\"wp-block-image size-large\"><img decoding=\"async\" src=\"https:\/\/evolve-fitness.eu\/wp-content\/uploads\/2023\/11\/A7_08315-683x1024.jpg\" alt=\"\" class=\"wp-image-8760\"\/><\/figure>\n<\/div>\n<\/div>\n<\/div>\n<\/div>\n\n\n\n<div class=\"wp-block-columns alignwide is-layout-flex wp-container-core-columns-is-layout-c45ee707 wp-block-columns-is-layout-flex\" style=\"margin-bottom:var(--wp--preset--spacing--side-padding);padding-top:var(--wp--preset--spacing--side-padding)\">\n<div class=\"wp-block-column is-vertically-aligned-center is-layout-flow wp-block-column-is-layout-flow\">\n<div class=\"wp-block-columns is-layout-flex wp-container-core-columns-is-layout-9d6595d7 wp-block-columns-is-layout-flex\">\n<div class=\"wp-block-column is-layout-flow wp-block-column-is-layout-flow\">\n<figure class=\"wp-block-image size-full is-style-rounded\"><img decoding=\"async\" src=\"https:\/\/evolve-fitness.eu\/wp-content\/uploads\/2023\/11\/Evolve-CPU-Urethane-Dumbbells-5-handle-1.png\" alt=\"\" class=\"wp-image-4949\"\/><\/figure>\n<\/div>\n<\/div>\n<\/div>\n\n\n\n<div class=\"wp-block-column is-vertically-aligned-center is-layout-flow wp-block-column-is-layout-flow\">\n<h3 class=\"wp-block-heading\" style=\"margin-bottom:var(--wp--preset--spacing--h-3-bottom)\">FUNZIONALIT\u00c0<\/h3>\n\n\n\n<p><strong><em><strong><em>Manubri Ultimate Performance in uretano<\/em><\/strong><\/em><\/strong><\/p>\n\n\n\n<p style=\"margin-bottom:var(--wp--preset--spacing--tb-section-padding)\">La maniglia cromata Evolve ha una lunghezza di 120 mm e uno spessore nella parte pi\u00f9 larga di 30 mm, con maniglie antiscivolo dal design ergonomico. L&#8217;intero manubrio \u00e8 rivestito da uno strato di uretano durevole e resistente all&#8217;usura.<\/p>\n<\/div>\n<\/div>\n\n\n\n<div class=\"wp-block-columns alignwide is-layout-flex wp-container-core-columns-is-layout-c45ee707 wp-block-columns-is-layout-flex\" style=\"margin-bottom:var(--wp--preset--spacing--side-padding);padding-top:var(--wp--preset--spacing--side-padding)\">\n<div class=\"wp-block-column is-vertically-aligned-center is-layout-flow wp-block-column-is-layout-flow\">\n<h3 class=\"wp-block-heading\" style=\"margin-bottom:var(--wp--preset--spacing--h-3-bottom)\"><strong>DURATA ECCEZIONALE<\/strong><\/h3>\n\n\n\n<p><strong><em><strong>Prestazioni durature<\/strong><\/em><\/strong><\/p>\n\n\n\n<p>Scoprite il segreto di un allenamento duraturo con i manubri in uretano di Evolve. Questi pesi di precisione sono fusi in una lega metallica di alta qualit\u00e0, che supera la tipica resistenza dei pesi in ferro. Appositamente progettati per garantire precisione e bilanciamento, i manubri Evolve sono la scelta principale per la loro durata in qualsiasi ambiente fitness ad alta richiesta, dai rigori di un allenamento militare all&#8217;uso costante in hotel e centri di riabilitazione. Perfetti per gli appassionati di home fitness o per i proprietari di palestre commerciali, i manubri in uretano Evolve garantiscono l&#8217;eccellenza delle prestazioni e dell&#8217;utilit\u00e0.<\/p>\n<\/div>\n\n\n\n<div class=\"wp-block-column is-vertically-aligned-center is-layout-flow wp-block-column-is-layout-flow\">\n<div class=\"wp-block-columns is-layout-flex wp-container-core-columns-is-layout-9d6595d7 wp-block-columns-is-layout-flex\">\n<div class=\"wp-block-column is-layout-flow wp-block-column-is-layout-flow\">\n<figure class=\"wp-block-video\"><video height=\"1089\" style=\"aspect-ratio: 851 \/ 1089;\" width=\"851\" autoplay=\"\" controls=\"\" loop=\"\" muted=\"\" src=\"https:\/\/evolve-fitness.eu\/wp-content\/uploads\/2023\/12\/1-5.mp4\"><\/video><\/figure>\n<\/div>\n<\/div>\n<\/div>\n<\/div>\n<\/section>\n","protected":false},"excerpt":{"rendered":"<p>Sperimentate una resistenza duratura con il set di manubri in uretano Evolve CPU (2 x 1-10 kg), progettato per gli appassionati di fitness e le palestre professionali. Questi manubri sono dotati di un rivestimento in uretano superiore, rinomato per la sua resistenza al calore, ai raggi UV e all&#8217;usura, che supera la gomma in termini di durata e mantenimento dell&#8217;aspetto. Ideale per ambienti di allenamento diversi, dalle sale fitness militari a quelle dell&#8217;ospitalit\u00e0, Evolve offre la possibilit\u00e0 di personalizzazione per allinearsi all&#8217;estetica del vostro marchio. Il design ergonomico e anti-rotolamento e le caratteristiche di riduzione del rumore migliorano la funzionalit\u00e0 e la sicurezza dell&#8217;allenamento, rendendoli un investimento solido e a lungo termine per qualsiasi centro fitness.<\/p>\n","protected":false},"featured_media":95037,"template":"","meta":{"_acf_changed":false,"inline_featured_image":false},"product_cat":[985,1315],"product_tag":[],"class_list":{"0":"post-125415","1":"product","2":"type-product","3":"status-publish","4":"has-post-thumbnail","6":"product_cat-pesi-liberi","7":"product_cat-manubri","9":"first","10":"instock","11":"shipping-taxable","12":"purchasable","13":"product-type-simple"},"acf":[],"_links":{"self":[{"href":"https:\/\/store.evolve-fitness.eu\/it\/wp-json\/wp\/v2\/product\/125415","targetHints":{"allow":["GET"]}}],"collection":[{"href":"https:\/\/store.evolve-fitness.eu\/it\/wp-json\/wp\/v2\/product"}],"about":[{"href":"https:\/\/store.evolve-fitness.eu\/it\/wp-json\/wp\/v2\/types\/product"}],"wp:featuredmedia":[{"embeddable":true,"href":"https:\/\/store.evolve-fitness.eu\/it\/wp-json\/wp\/v2\/media\/95037"}],"wp:attachment":[{"href":"https:\/\/store.evolve-fitness.eu\/it\/wp-json\/wp\/v2\/media?parent=125415"}],"wp:term":[{"taxonomy":"product_cat","embeddable":true,"href":"https:\/\/store.evolve-fitness.eu\/it\/wp-json\/wp\/v2\/product_cat?post=125415"},{"taxonomy":"product_tag","embeddable":true,"href":"https:\/\/store.evolve-fitness.eu\/it\/wp-json\/wp\/v2\/product_tag?post=125415"}],"curies":[{"name":"wp","href":"https:\/\/api.w.org\/{rel}","templated":true}]}}