{"id":123961,"date":"2025-03-31T07:54:44","date_gmt":"2025-03-31T07:54:44","guid":{"rendered":"https:\/\/store.evolve-fitness.eu\/?post_type=product&#038;p=123961"},"modified":"2026-02-17T11:59:22","modified_gmt":"2026-02-17T11:59:22","slug":"panca-regolabile-della-serie-evolve-home","status":"publish","type":"product","link":"https:\/\/store.evolve-fitness.eu\/it\/prodotto\/panca-regolabile-della-serie-evolve-home\/","title":{"rendered":"Panca regolabile della serie Evolve Home"},"content":{"rendered":"\n<section class=\"wp-block-group alignfull black-content has-white-color has-darkgray-background-color has-text-color has-background is-layout-constrained wp-block-group-is-layout-constrained\" style=\"padding-top:var(--wp--preset--spacing--section-bottom);padding-bottom:var(--wp--preset--spacing--section-bottom)\">\n<div class=\"wp-block-columns alignwide mobile-reverse is-layout-flex wp-container-core-columns-is-layout-ca64bf2d wp-block-columns-is-layout-flex\" style=\"margin-bottom:var(--wp--preset--spacing--side-padding)\">\n<div class=\"wp-block-column is-vertically-aligned-center is-layout-flow wp-block-column-is-layout-flow\">\n<h3 class=\"wp-block-heading\" style=\"margin-bottom:var(--wp--preset--spacing--h-3-bottom)\"><strong><strong>Panca da allenamento versatile per gli allenamenti a casa<\/strong><\/strong><\/h3>\n\n\n\n<p style=\"margin-bottom:var(--wp--preset--spacing--tb-section-padding)\">La panca regolabile EV-BN-HS-010 della serie Evolve Home \u00e8 un&#8217;attrezzatura efficiente dal punto di vista dello spazio e altamente funzionale, progettata per l&#8217;allenamento della forza in ambienti domestici. Sia che si tratti di pressioni, file, riccioli o esercizi per il core, questa panca offre un supporto stabile e molteplici opzioni di regolazione per adattarsi a varie angolazioni di allenamento. <\/p>\n<\/div>\n\n\n\n<div class=\"wp-block-column is-vertically-aligned-center is-layout-flow wp-block-column-is-layout-flow\">\n<figure class=\"wp-block-image size-large\"><img loading=\"lazy\" decoding=\"async\" width=\"1024\" height=\"1024\" src=\"https:\/\/store.evolve-fitness.eu\/wp-content\/uploads\/2025\/03\/Dizainas-be-pavadinimo-44-2-1024x1024.png\" alt=\"\" class=\"wp-image-123998\" srcset=\"https:\/\/store.evolve-fitness.eu\/wp-content\/uploads\/2025\/03\/Dizainas-be-pavadinimo-44-2-1024x1024.png 1024w, https:\/\/store.evolve-fitness.eu\/wp-content\/uploads\/2025\/03\/Dizainas-be-pavadinimo-44-2-300x300.png 300w, https:\/\/store.evolve-fitness.eu\/wp-content\/uploads\/2025\/03\/Dizainas-be-pavadinimo-44-2-150x150.png 150w, https:\/\/store.evolve-fitness.eu\/wp-content\/uploads\/2025\/03\/Dizainas-be-pavadinimo-44-2-768x768.png 768w, https:\/\/store.evolve-fitness.eu\/wp-content\/uploads\/2025\/03\/Dizainas-be-pavadinimo-44-2-1536x1536.png 1536w, https:\/\/store.evolve-fitness.eu\/wp-content\/uploads\/2025\/03\/Dizainas-be-pavadinimo-44-2-2048x2048.png 2048w, https:\/\/store.evolve-fitness.eu\/wp-content\/uploads\/2025\/03\/Dizainas-be-pavadinimo-44-2-600x600.png 600w, https:\/\/store.evolve-fitness.eu\/wp-content\/uploads\/2025\/03\/Dizainas-be-pavadinimo-44-2-100x100.png 100w\" sizes=\"auto, (max-width: 1024px) 100vw, 1024px\" \/><\/figure>\n<\/div>\n<\/div>\n\n\n\n<div class=\"wp-block-columns alignwide is-layout-flex wp-container-core-columns-is-layout-c45ee707 wp-block-columns-is-layout-flex\" style=\"margin-bottom:var(--wp--preset--spacing--side-padding);padding-top:var(--wp--preset--spacing--side-padding)\">\n<div class=\"wp-block-column is-vertically-aligned-center is-layout-flow wp-block-column-is-layout-flow\">\n<figure class=\"wp-block-image size-large\"><img loading=\"lazy\" decoding=\"async\" width=\"1024\" height=\"1024\" src=\"https:\/\/store.evolve-fitness.eu\/wp-content\/uploads\/2025\/03\/Dizainas-be-pavadinimo-44-3-1024x1024.png\" alt=\"\" class=\"wp-image-124023\" srcset=\"https:\/\/store.evolve-fitness.eu\/wp-content\/uploads\/2025\/03\/Dizainas-be-pavadinimo-44-3-1024x1024.png 1024w, https:\/\/store.evolve-fitness.eu\/wp-content\/uploads\/2025\/03\/Dizainas-be-pavadinimo-44-3-300x300.png 300w, https:\/\/store.evolve-fitness.eu\/wp-content\/uploads\/2025\/03\/Dizainas-be-pavadinimo-44-3-150x150.png 150w, https:\/\/store.evolve-fitness.eu\/wp-content\/uploads\/2025\/03\/Dizainas-be-pavadinimo-44-3-768x768.png 768w, https:\/\/store.evolve-fitness.eu\/wp-content\/uploads\/2025\/03\/Dizainas-be-pavadinimo-44-3-1536x1536.png 1536w, https:\/\/store.evolve-fitness.eu\/wp-content\/uploads\/2025\/03\/Dizainas-be-pavadinimo-44-3-2048x2048.png 2048w, https:\/\/store.evolve-fitness.eu\/wp-content\/uploads\/2025\/03\/Dizainas-be-pavadinimo-44-3-600x600.png 600w, https:\/\/store.evolve-fitness.eu\/wp-content\/uploads\/2025\/03\/Dizainas-be-pavadinimo-44-3-100x100.png 100w\" sizes=\"auto, (max-width: 1024px) 100vw, 1024px\" \/><\/figure>\n<\/div>\n\n\n\n<div class=\"wp-block-column is-vertically-aligned-center is-layout-flow wp-block-column-is-layout-flow\">\n<h3 class=\"wp-block-heading\" style=\"margin-bottom:var(--wp--preset--spacing--h-3-bottom)\"><strong><strong>Resistente, compatto e facile da usare<\/strong><\/strong><\/h3>\n\n\n\n<p>Progettata per l&#8217;uso domestico senza compromettere la qualit\u00e0, la sedia EV-BN-HS-010 \u00e8 dotata di un robusto telaio in acciaio con finitura a polvere che resiste all&#8217;usura e alla corrosione. Lo schienale pu\u00f2 essere regolato in pi\u00f9 posizioni, tra cui piatto, inclinato e verticale, mentre l&#8217;angolo di seduta pu\u00f2 essere personalizzato per una maggiore versatilit\u00e0 di allenamento. L&#8217;imbottitura in schiuma ad alta densit\u00e0 e il rivestimento resistente garantiscono comfort e sostegno durante l&#8217;esercizio. Il design compatto con ruote di trasporto integrate la rende facile da spostare e riporre.   <\/p>\n<\/div>\n<\/div>\n<\/section>\n","protected":false},"excerpt":{"rendered":"<p>La panca regolabile EV-BN-HS-010 della serie Evolve Home \u00e8 un&#8217;attrezzatura efficiente dal punto di vista dello spazio e altamente funzionale, progettata per l&#8217;allenamento della forza in ambienti domestici. Sia che si tratti di pressioni, file, riccioli o esercizi per il core, questa panca offre un supporto stabile e molteplici opzioni di regolazione per adattarsi a varie angolazioni di allenamento. <\/p>\n","protected":false},"featured_media":123985,"template":"","meta":{"_acf_changed":false,"inline_featured_image":false},"product_cat":[1266,2170],"product_tag":[],"class_list":{"0":"post-123961","1":"product","2":"type-product","3":"status-publish","4":"has-post-thumbnail","6":"product_cat-panchine","7":"product_cat-home-series-panchine","9":"first","10":"instock","11":"sale","12":"shipping-taxable","13":"purchasable","14":"product-type-simple"},"acf":[],"_links":{"self":[{"href":"https:\/\/store.evolve-fitness.eu\/it\/wp-json\/wp\/v2\/product\/123961","targetHints":{"allow":["GET"]}}],"collection":[{"href":"https:\/\/store.evolve-fitness.eu\/it\/wp-json\/wp\/v2\/product"}],"about":[{"href":"https:\/\/store.evolve-fitness.eu\/it\/wp-json\/wp\/v2\/types\/product"}],"wp:featuredmedia":[{"embeddable":true,"href":"https:\/\/store.evolve-fitness.eu\/it\/wp-json\/wp\/v2\/media\/123985"}],"wp:attachment":[{"href":"https:\/\/store.evolve-fitness.eu\/it\/wp-json\/wp\/v2\/media?parent=123961"}],"wp:term":[{"taxonomy":"product_cat","embeddable":true,"href":"https:\/\/store.evolve-fitness.eu\/it\/wp-json\/wp\/v2\/product_cat?post=123961"},{"taxonomy":"product_tag","embeddable":true,"href":"https:\/\/store.evolve-fitness.eu\/it\/wp-json\/wp\/v2\/product_tag?post=123961"}],"curies":[{"name":"wp","href":"https:\/\/api.w.org\/{rel}","templated":true}]}}