{"id":119985,"date":"2025-03-20T12:33:27","date_gmt":"2025-03-20T12:33:27","guid":{"rendered":"https:\/\/store.evolve-fitness.eu\/?post_type=product&#038;p=119985"},"modified":"2026-03-30T12:00:55","modified_gmt":"2026-03-30T12:00:55","slug":"canestro-da-basket-in-terra-evolve","status":"publish","type":"product","link":"https:\/\/store.evolve-fitness.eu\/it\/prodotto\/canestro-da-basket-in-terra-evolve\/","title":{"rendered":"Tribuna da basket Evolve In-Ground"},"content":{"rendered":"\n<section class=\"wp-block-group alignfull black-content has-white-color has-darkgray-background-color has-text-color has-background is-layout-constrained wp-block-group-is-layout-constrained\" style=\"padding-top:var(--wp--preset--spacing--section-bottom);padding-bottom:var(--wp--preset--spacing--section-bottom)\">\n<div class=\"wp-block-columns alignwide mobile-reverse is-layout-flex wp-container-core-columns-is-layout-ca64bf2d wp-block-columns-is-layout-flex\" style=\"margin-bottom:var(--wp--preset--spacing--side-padding)\">\n<div class=\"wp-block-column is-vertically-aligned-center is-layout-flow wp-block-column-is-layout-flow\">\n<h3 class=\"wp-block-heading\" style=\"margin-bottom:var(--wp--preset--spacing--h-3-bottom)\"><strong><strong>Sistema di pallacanestro di livello professionale per il gioco agonistico<\/strong><\/strong><\/h3>\n\n\n\n<p style=\"margin-bottom:var(--wp--preset--spacing--tb-section-padding)\"><strong>EVOLVE EV-BS-IG-140<\/strong> \u00e8 una tribuna <strong>da basket interrata <\/strong>di alta qualit\u00e0, progettata per i giocatori seri che richiedono <strong>stabilit\u00e0, durata e prestazioni di livello professionale<\/strong>. Costruita con un <strong>tabellone in vetro temperato<\/strong>, un <strong>telaio in acciaio per impieghi gravosi<\/strong> e un <strong>sistema regolabile in altezza<\/strong>, questa tribuna \u00e8 ideale per l&#8217;uso ricreativo e agonistico in campi domestici, scuole e centri sportivi. <\/p>\n<\/div>\n\n\n\n<div class=\"wp-block-column is-vertically-aligned-center is-layout-flow wp-block-column-is-layout-flow\">\n<figure class=\"wp-block-video\"><video height=\"2160\" style=\"aspect-ratio: 3840 \/ 2160;\" width=\"3840\" controls=\"\" src=\"https:\/\/store.evolve-fitness.eu\/wp-content\/uploads\/2025\/03\/Evolve-krepsinio-stovas.mp4\"><\/video><\/figure>\n<\/div>\n<\/div>\n\n\n\n<div class=\"wp-block-columns alignwide is-layout-flex wp-container-core-columns-is-layout-c45ee707 wp-block-columns-is-layout-flex\" style=\"margin-bottom:var(--wp--preset--spacing--side-padding);padding-top:var(--wp--preset--spacing--side-padding)\">\n<div class=\"wp-block-column is-vertically-aligned-center is-layout-flow wp-block-column-is-layout-flow\">\n<div class=\"wp-block-columns is-layout-flex wp-container-core-columns-is-layout-9d6595d7 wp-block-columns-is-layout-flex\">\n<div class=\"wp-block-column is-layout-flow wp-block-column-is-layout-flow\">\n<figure class=\"wp-block-image size-full is-resized is-style-rounded\"><img loading=\"lazy\" decoding=\"async\" width=\"800\" height=\"800\" src=\"https:\/\/store.evolve-fitness.eu\/wp-content\/uploads\/2025\/03\/evolve-ev-bs-ig-140.jpg\" alt=\"\" class=\"wp-image-119997\" style=\"aspect-ratio:1.1333333333333333;object-fit:cover;width:757px;height:auto\" srcset=\"https:\/\/store.evolve-fitness.eu\/wp-content\/uploads\/2025\/03\/evolve-ev-bs-ig-140.jpg 800w, https:\/\/store.evolve-fitness.eu\/wp-content\/uploads\/2025\/03\/evolve-ev-bs-ig-140-300x300.jpg 300w, https:\/\/store.evolve-fitness.eu\/wp-content\/uploads\/2025\/03\/evolve-ev-bs-ig-140-150x150.jpg 150w, https:\/\/store.evolve-fitness.eu\/wp-content\/uploads\/2025\/03\/evolve-ev-bs-ig-140-768x768.jpg 768w, https:\/\/store.evolve-fitness.eu\/wp-content\/uploads\/2025\/03\/evolve-ev-bs-ig-140-600x600.jpg 600w, https:\/\/store.evolve-fitness.eu\/wp-content\/uploads\/2025\/03\/evolve-ev-bs-ig-140-100x100.jpg 100w\" sizes=\"auto, (max-width: 800px) 100vw, 800px\" \/><\/figure>\n<\/div>\n<\/div>\n<\/div>\n\n\n\n<div class=\"wp-block-column is-vertically-aligned-center is-layout-flow wp-block-column-is-layout-flow\">\n<h3 class=\"wp-block-heading\" style=\"margin-bottom:var(--wp--preset--spacing--h-3-bottom)\">appassionati di tutte le et\u00e0<\/h3>\n\n\n\n<p>Che si tratti di partite ricreative, allenamenti personali o competizioni amichevoli, \u00e8 una scelta eccellente per gli appassionati di basket di tutte le et\u00e0.<\/p>\n<\/div>\n<\/div>\n\n\n\n<div class=\"wp-block-columns alignwide mobile-reverse is-layout-flex wp-container-core-columns-is-layout-ca64bf2d wp-block-columns-is-layout-flex\" style=\"margin-bottom:var(--wp--preset--spacing--side-padding)\">\n<div class=\"wp-block-column is-vertically-aligned-center is-layout-flow wp-block-column-is-layout-flow\">\n<h3 class=\"wp-block-heading\" style=\"margin-bottom:var(--wp--preset--spacing--h-3-bottom)\"><strong>Tabellone in vetro temperato con telaio rinforzato<\/strong><\/h3>\n\n\n\n<p style=\"margin-bottom:var(--wp--preset--spacing--tb-section-padding)\"><strong>Dimensioni del tabellone: 136 x 80 cm Materiale: vetro temperato spesso 8 mm<\/strong> &#8211; offre un&#8217;esperienza di rimbalzo professionale rispetto alle alternative in policarbonato pi\u00f9 sottili. <strong>Telaio protettivo:<\/strong> Realizzato in <strong>metallo saldato e rivestito con profili in alluminio anodizzato<\/strong> per una maggiore resistenza agli agenti atmosferici. <strong>Rinforzo termoplastico ad alta densit\u00e0:<\/strong> Rafforza la struttura, riduce al minimo le vibrazioni e migliora il rimbalzo della palla.<\/p>\n\n\n\n<p style=\"margin-bottom:var(--wp--preset--spacing--tb-section-padding)\"><\/p>\n<\/div>\n\n\n\n<div class=\"wp-block-column is-vertically-aligned-center is-layout-flow wp-block-column-is-layout-flow\">\n<figure class=\"wp-block-image size-large is-style-rounded\"><img loading=\"lazy\" decoding=\"async\" width=\"1024\" height=\"576\" src=\"https:\/\/store.evolve-fitness.eu\/wp-content\/uploads\/2025\/03\/vlcsnap-2023-06-22-17h40m07s325-1-1024x576.png\" alt=\"\" class=\"wp-image-119597\" srcset=\"https:\/\/store.evolve-fitness.eu\/wp-content\/uploads\/2025\/03\/vlcsnap-2023-06-22-17h40m07s325-1-1024x576.png 1024w, https:\/\/store.evolve-fitness.eu\/wp-content\/uploads\/2025\/03\/vlcsnap-2023-06-22-17h40m07s325-1-300x169.png 300w, https:\/\/store.evolve-fitness.eu\/wp-content\/uploads\/2025\/03\/vlcsnap-2023-06-22-17h40m07s325-1-768x432.png 768w, https:\/\/store.evolve-fitness.eu\/wp-content\/uploads\/2025\/03\/vlcsnap-2023-06-22-17h40m07s325-1-1536x864.png 1536w, https:\/\/store.evolve-fitness.eu\/wp-content\/uploads\/2025\/03\/vlcsnap-2023-06-22-17h40m07s325-1-2048x1152.png 2048w, https:\/\/store.evolve-fitness.eu\/wp-content\/uploads\/2025\/03\/vlcsnap-2023-06-22-17h40m07s325-1-600x338.png 600w\" sizes=\"auto, (max-width: 1024px) 100vw, 1024px\" \/><\/figure>\n<\/div>\n<\/div>\n\n\n\n<div class=\"wp-block-columns alignwide is-layout-flex wp-container-core-columns-is-layout-c45ee707 wp-block-columns-is-layout-flex\" style=\"margin-bottom:var(--wp--preset--spacing--side-padding);padding-top:var(--wp--preset--spacing--side-padding)\">\n<div class=\"wp-block-column is-vertically-aligned-center is-layout-flow wp-block-column-is-layout-flow\">\n<div class=\"wp-block-columns is-layout-flex wp-container-core-columns-is-layout-9d6595d7 wp-block-columns-is-layout-flex\">\n<div class=\"wp-block-column is-layout-flow wp-block-column-is-layout-flow\">\n<figure class=\"wp-block-image size-full is-resized is-style-rounded\"><img loading=\"lazy\" decoding=\"async\" width=\"3840\" height=\"2160\" src=\"https:\/\/store.evolve-fitness.eu\/wp-content\/uploads\/2025\/03\/Basketball-stand-15.png\" alt=\"\" class=\"wp-image-119622\" style=\"aspect-ratio:1.1333333333333333;object-fit:cover;width:757px;height:auto\" srcset=\"https:\/\/store.evolve-fitness.eu\/wp-content\/uploads\/2025\/03\/Basketball-stand-15.png 3840w, https:\/\/store.evolve-fitness.eu\/wp-content\/uploads\/2025\/03\/Basketball-stand-15-300x169.png 300w, https:\/\/store.evolve-fitness.eu\/wp-content\/uploads\/2025\/03\/Basketball-stand-15-1024x576.png 1024w, https:\/\/store.evolve-fitness.eu\/wp-content\/uploads\/2025\/03\/Basketball-stand-15-768x432.png 768w, https:\/\/store.evolve-fitness.eu\/wp-content\/uploads\/2025\/03\/Basketball-stand-15-1536x864.png 1536w, https:\/\/store.evolve-fitness.eu\/wp-content\/uploads\/2025\/03\/Basketball-stand-15-2048x1152.png 2048w, https:\/\/store.evolve-fitness.eu\/wp-content\/uploads\/2025\/03\/Basketball-stand-15-600x338.png 600w\" sizes=\"auto, (max-width: 3840px) 100vw, 3840px\" \/><\/figure>\n<\/div>\n<\/div>\n<\/div>\n\n\n\n<div class=\"wp-block-column is-vertically-aligned-center is-layout-flow wp-block-column-is-layout-flow\">\n<h3 class=\"wp-block-heading\" style=\"margin-bottom:var(--wp--preset--spacing--h-3-bottom)\">Cerchio a molla di livello professionale<\/h3>\n\n\n\n<p><strong>Diametro del cerchio:<\/strong><strong>45 cm<\/strong> (misura standard). <strong>Meccanismo a molla:<\/strong> Assorbe gli impatti e consente di effettuare schiacciate e giochi ad alta intensit\u00e0. <strong>Molle coperte:<\/strong> Protezione contro la corrosione e i danni esterni.<\/p>\n<\/div>\n<\/div>\n\n\n\n<div class=\"wp-block-columns alignwide mobile-reverse is-layout-flex wp-container-core-columns-is-layout-ca64bf2d wp-block-columns-is-layout-flex\" style=\"margin-bottom:var(--wp--preset--spacing--side-padding)\">\n<div class=\"wp-block-column is-vertically-aligned-center is-layout-flow wp-block-column-is-layout-flow\">\n<h3 class=\"wp-block-heading\" style=\"margin-bottom:var(--wp--preset--spacing--h-3-bottom)\"><strong>Installazione a terra per impieghi gravosi<\/strong><\/h3>\n\n\n\n<p style=\"margin-bottom:var(--wp--preset--spacing--tb-section-padding)\">A differenza dei sistemi portatili, questo canestro <strong>da terra<\/strong> offre una <strong>stabilit\u00e0 eccezionale<\/strong> grazie a un <strong>sistema di ancoraggio sicuro<\/strong>. <strong>Il design a palo fisso<\/strong> garantisce un&#8217;esperienza di gioco professionale con movimenti minimi durante il gioco.<\/p>\n\n\n\n<p style=\"margin-bottom:var(--wp--preset--spacing--tb-section-padding)\"><\/p>\n\n\n\n<p style=\"margin-bottom:var(--wp--preset--spacing--tb-section-padding)\"><\/p>\n\n\n\n<p style=\"margin-bottom:var(--wp--preset--spacing--tb-section-padding)\"><\/p>\n\n\n\n<p style=\"margin-bottom:var(--wp--preset--spacing--tb-section-padding)\"><\/p>\n<\/div>\n\n\n\n<div class=\"wp-block-column is-vertically-aligned-center is-layout-flow wp-block-column-is-layout-flow\">\n<figure class=\"wp-block-image size-full is-style-rounded\"><img loading=\"lazy\" decoding=\"async\" width=\"800\" height=\"800\" src=\"https:\/\/store.evolve-fitness.eu\/wp-content\/uploads\/2025\/03\/evolve-ev-bs-ig-140-1.jpg\" alt=\"\" class=\"wp-image-120022\" srcset=\"https:\/\/store.evolve-fitness.eu\/wp-content\/uploads\/2025\/03\/evolve-ev-bs-ig-140-1.jpg 800w, https:\/\/store.evolve-fitness.eu\/wp-content\/uploads\/2025\/03\/evolve-ev-bs-ig-140-1-300x300.jpg 300w, https:\/\/store.evolve-fitness.eu\/wp-content\/uploads\/2025\/03\/evolve-ev-bs-ig-140-1-150x150.jpg 150w, https:\/\/store.evolve-fitness.eu\/wp-content\/uploads\/2025\/03\/evolve-ev-bs-ig-140-1-768x768.jpg 768w, https:\/\/store.evolve-fitness.eu\/wp-content\/uploads\/2025\/03\/evolve-ev-bs-ig-140-1-600x600.jpg 600w, https:\/\/store.evolve-fitness.eu\/wp-content\/uploads\/2025\/03\/evolve-ev-bs-ig-140-1-100x100.jpg 100w\" sizes=\"auto, (max-width: 800px) 100vw, 800px\" \/><\/figure>\n<\/div>\n<\/div>\n\n\n\n<div class=\"wp-block-columns alignwide is-layout-flex wp-container-core-columns-is-layout-c45ee707 wp-block-columns-is-layout-flex\" style=\"margin-bottom:var(--wp--preset--spacing--side-padding);padding-top:var(--wp--preset--spacing--side-padding)\">\n<div class=\"wp-block-column is-vertically-aligned-center is-layout-flow wp-block-column-is-layout-flow\">\n<div class=\"wp-block-columns is-layout-flex wp-container-core-columns-is-layout-9d6595d7 wp-block-columns-is-layout-flex\">\n<div class=\"wp-block-column is-layout-flow wp-block-column-is-layout-flow\">\n<figure class=\"wp-block-image size-full is-resized is-style-rounded\"><img loading=\"lazy\" decoding=\"async\" width=\"3840\" height=\"2160\" src=\"https:\/\/store.evolve-fitness.eu\/wp-content\/uploads\/2025\/03\/Basketball-stand-13.png\" alt=\"\" class=\"wp-image-119672\" style=\"aspect-ratio:1.1333333333333333;object-fit:cover;width:757px;height:auto\" srcset=\"https:\/\/store.evolve-fitness.eu\/wp-content\/uploads\/2025\/03\/Basketball-stand-13.png 3840w, https:\/\/store.evolve-fitness.eu\/wp-content\/uploads\/2025\/03\/Basketball-stand-13-300x169.png 300w, https:\/\/store.evolve-fitness.eu\/wp-content\/uploads\/2025\/03\/Basketball-stand-13-1024x576.png 1024w, https:\/\/store.evolve-fitness.eu\/wp-content\/uploads\/2025\/03\/Basketball-stand-13-768x432.png 768w, https:\/\/store.evolve-fitness.eu\/wp-content\/uploads\/2025\/03\/Basketball-stand-13-1536x864.png 1536w, https:\/\/store.evolve-fitness.eu\/wp-content\/uploads\/2025\/03\/Basketball-stand-13-2048x1152.png 2048w, https:\/\/store.evolve-fitness.eu\/wp-content\/uploads\/2025\/03\/Basketball-stand-13-600x338.png 600w\" sizes=\"auto, (max-width: 3840px) 100vw, 3840px\" \/><\/figure>\n<\/div>\n<\/div>\n<\/div>\n\n\n\n<div class=\"wp-block-column is-vertically-aligned-center is-layout-flow wp-block-column-is-layout-flow\">\n<h3 class=\"wp-block-heading\" style=\"margin-bottom:var(--wp--preset--spacing--h-3-bottom)\">Cerchio professionale a molla<\/h3>\n\n\n\n<p><strong>Diametro del cerchio: 45 cm<\/strong> (misura standard). <strong>Meccanismo a molla:<\/strong> Assorbe l&#8217;impatto, consentendo <strong>schiacciate e giochi aggressivi<\/strong>. <strong>Molle coperte:<\/strong> Protezione contro la <strong>corrosione<\/strong> e i <strong>danni esterni<\/strong>. La struttura <strong>in nylon per impieghi gravosi<\/strong> resiste alle condizioni esterne. Il <strong>sistema di fissaggio tubolare<\/strong> garantisce una durata superiore e la sicurezza dei giocatori.<\/p>\n<\/div>\n<\/div>\n\n\n\n<div class=\"wp-block-columns alignwide mobile-reverse is-layout-flex wp-container-core-columns-is-layout-ca64bf2d wp-block-columns-is-layout-flex\" style=\"margin-bottom:var(--wp--preset--spacing--side-padding)\">\n<div class=\"wp-block-column is-vertically-aligned-center is-layout-flow wp-block-column-is-layout-flow\">\n<h3 class=\"wp-block-heading\" style=\"margin-bottom:var(--wp--preset--spacing--h-3-bottom)\"><strong>Telaio in acciaio rivestito di elettroforesi per la massima resistenza<\/strong><\/h3>\n\n\n\n<p><\/p>\n\n\n\n<p style=\"margin-bottom:var(--wp--preset--spacing--tb-section-padding)\"><strong>Protezione dalla ruggine e dai raggi UV:<\/strong> L&#8217;avanzato <strong>rivestimento per elettroforesi<\/strong> lega le molecole di vernice direttamente all&#8217;acciaio, rendendolo molto <strong>pi\u00f9 resistente rispetto alla tradizionale verniciatura a polvere<\/strong>. <strong>Imbottitura antiurto:<\/strong> Il telaio in acciaio \u00e8 ulteriormente <strong>protetto da un&#8217;imbottitura<\/strong> che riduce i danni meccanici e aumenta la sicurezza durante il gioco.<\/p>\n\n\n\n<p style=\"margin-bottom:var(--wp--preset--spacing--tb-section-padding)\"><\/p>\n\n\n\n<p style=\"margin-bottom:var(--wp--preset--spacing--tb-section-padding)\"><\/p>\n\n\n\n<p style=\"margin-bottom:var(--wp--preset--spacing--tb-section-padding)\"><\/p>\n\n\n\n<p style=\"margin-bottom:var(--wp--preset--spacing--tb-section-padding)\"><\/p>\n<\/div>\n\n\n\n<div class=\"wp-block-column is-vertically-aligned-center is-layout-flow wp-block-column-is-layout-flow\">\n<figure class=\"wp-block-image size-large is-style-rounded\"><img loading=\"lazy\" decoding=\"async\" width=\"1024\" height=\"842\" src=\"https:\/\/store.evolve-fitness.eu\/wp-content\/uploads\/2025\/03\/vlcsnap-2023-06-22-17h45m54s417-1024x842.png\" alt=\"\" class=\"wp-image-119697\" srcset=\"https:\/\/store.evolve-fitness.eu\/wp-content\/uploads\/2025\/03\/vlcsnap-2023-06-22-17h45m54s417-1024x842.png 1024w, https:\/\/store.evolve-fitness.eu\/wp-content\/uploads\/2025\/03\/vlcsnap-2023-06-22-17h45m54s417-300x247.png 300w, https:\/\/store.evolve-fitness.eu\/wp-content\/uploads\/2025\/03\/vlcsnap-2023-06-22-17h45m54s417-768x631.png 768w, https:\/\/store.evolve-fitness.eu\/wp-content\/uploads\/2025\/03\/vlcsnap-2023-06-22-17h45m54s417-1536x1262.png 1536w, https:\/\/store.evolve-fitness.eu\/wp-content\/uploads\/2025\/03\/vlcsnap-2023-06-22-17h45m54s417-2048x1683.png 2048w, https:\/\/store.evolve-fitness.eu\/wp-content\/uploads\/2025\/03\/vlcsnap-2023-06-22-17h45m54s417-600x493.png 600w\" sizes=\"auto, (max-width: 1024px) 100vw, 1024px\" \/><\/figure>\n<\/div>\n<\/div>\n<\/section>\n","protected":false},"excerpt":{"rendered":"<p>Il canestro da terra Evolve EV-BD-PT-140-B \u00e8 un canestro da terra di alta qualit\u00e0, progettato per i giocatori pi\u00f9 esigenti che vogliono stabilit\u00e0, durata e prestazioni di livello professionale. Costruito con un tabellone in vetro temperato, un telaio in acciaio per impieghi gravosi e un sistema regolabile in altezza, questo canestro \u00e8 ideale per l&#8217;uso ricreativo e agonistico in campi domestici, scuole e centri sportivi. <\/p>\n","protected":false},"featured_media":120059,"template":"","meta":{"_acf_changed":false,"inline_featured_image":false},"product_cat":[2251],"product_tag":[],"class_list":{"0":"post-119985","1":"product","2":"type-product","3":"status-publish","4":"has-post-thumbnail","6":"product_cat-basketball-equipment","8":"first","9":"outofstock","10":"sale","11":"shipping-taxable","12":"purchasable","13":"product-type-simple"},"acf":[],"_links":{"self":[{"href":"https:\/\/store.evolve-fitness.eu\/it\/wp-json\/wp\/v2\/product\/119985","targetHints":{"allow":["GET"]}}],"collection":[{"href":"https:\/\/store.evolve-fitness.eu\/it\/wp-json\/wp\/v2\/product"}],"about":[{"href":"https:\/\/store.evolve-fitness.eu\/it\/wp-json\/wp\/v2\/types\/product"}],"wp:featuredmedia":[{"embeddable":true,"href":"https:\/\/store.evolve-fitness.eu\/it\/wp-json\/wp\/v2\/media\/120059"}],"wp:attachment":[{"href":"https:\/\/store.evolve-fitness.eu\/it\/wp-json\/wp\/v2\/media?parent=119985"}],"wp:term":[{"taxonomy":"product_cat","embeddable":true,"href":"https:\/\/store.evolve-fitness.eu\/it\/wp-json\/wp\/v2\/product_cat?post=119985"},{"taxonomy":"product_tag","embeddable":true,"href":"https:\/\/store.evolve-fitness.eu\/it\/wp-json\/wp\/v2\/product_tag?post=119985"}],"curies":[{"name":"wp","href":"https:\/\/api.w.org\/{rel}","templated":true}]}}