{"id":118855,"date":"2025-03-19T13:27:06","date_gmt":"2025-03-19T13:27:06","guid":{"rendered":"https:\/\/store.evolve-fitness.eu\/?post_type=product&#038;p=118855"},"modified":"2026-04-04T12:00:38","modified_gmt":"2026-04-04T12:00:38","slug":"cuscino-di-equilibrio-evolve","status":"publish","type":"product","link":"https:\/\/store.evolve-fitness.eu\/it\/prodotto\/cuscino-di-equilibrio-evolve\/","title":{"rendered":"Cuscino di equilibrio Evolve"},"content":{"rendered":"\n<p><\/p>\n\n\n\n<p><\/p>\n","protected":false},"excerpt":{"rendered":"<p>Il cuscino di equilibrio &#8220;Evolve&#8221; (EV-BP-BC-025) \u00e8 uno strumento innovativo progettato per migliorare l&#8217;equilibrio del corpo, la coordinazione e il rafforzamento muscolare. Realizzato con materiali di alta qualit\u00e0, questo cuscino supporta una serie di esercizi fisici, garantendo stabilit\u00e0 e comfort. \u00c8 ideale sia per i principianti che per gli utenti esperti che desiderano migliorare la postura e allenare i muscoli profondi. Perfetto da usare a casa o in palestra.     <\/p>\n<p>\n","protected":false},"featured_media":118879,"template":"","meta":{"_acf_changed":false,"inline_featured_image":false},"product_cat":[534],"product_tag":[],"class_list":{"0":"post-118855","1":"product","2":"type-product","3":"status-publish","4":"has-post-thumbnail","6":"product_cat-studio-it","8":"first","9":"instock","10":"shipping-taxable","11":"purchasable","12":"product-type-simple"},"acf":[],"_links":{"self":[{"href":"https:\/\/store.evolve-fitness.eu\/it\/wp-json\/wp\/v2\/product\/118855","targetHints":{"allow":["GET"]}}],"collection":[{"href":"https:\/\/store.evolve-fitness.eu\/it\/wp-json\/wp\/v2\/product"}],"about":[{"href":"https:\/\/store.evolve-fitness.eu\/it\/wp-json\/wp\/v2\/types\/product"}],"wp:featuredmedia":[{"embeddable":true,"href":"https:\/\/store.evolve-fitness.eu\/it\/wp-json\/wp\/v2\/media\/118879"}],"wp:attachment":[{"href":"https:\/\/store.evolve-fitness.eu\/it\/wp-json\/wp\/v2\/media?parent=118855"}],"wp:term":[{"taxonomy":"product_cat","embeddable":true,"href":"https:\/\/store.evolve-fitness.eu\/it\/wp-json\/wp\/v2\/product_cat?post=118855"},{"taxonomy":"product_tag","embeddable":true,"href":"https:\/\/store.evolve-fitness.eu\/it\/wp-json\/wp\/v2\/product_tag?post=118855"}],"curies":[{"name":"wp","href":"https:\/\/api.w.org\/{rel}","templated":true}]}}