{"id":117715,"date":"2025-03-12T09:06:09","date_gmt":"2025-03-12T09:06:09","guid":{"rendered":"https:\/\/store.evolve-fitness.eu\/?post_type=product&#038;p=117715"},"modified":"2025-04-04T06:09:56","modified_gmt":"2025-04-04T06:09:56","slug":"macchina-per-addominali-con-carico-a-piastra-della-serie-evolve-prime","status":"publish","type":"product","link":"https:\/\/store.evolve-fitness.eu\/it\/prodotto\/macchina-per-addominali-con-carico-a-piastra-della-serie-evolve-prime\/","title":{"rendered":"Macchina per addominali con carico a piastra della serie Evolve Prime"},"content":{"rendered":"\n<section class=\"wp-block-group alignfull black-content has-white-color has-darkgray-background-color has-text-color has-background is-layout-constrained wp-block-group-is-layout-constrained\" style=\"padding-top:var(--wp--preset--spacing--section-bottom);padding-bottom:var(--wp--preset--spacing--section-bottom)\">\n<h3 class=\"wp-block-heading has-text-align-center\"><strong><strong>SERIE PRIME A PIASTRE EVOLUTE<\/strong><\/strong><\/h3>\n\n\n\n<p>Con la serie Prime di Evolve Plate Loaded, l&#8217;eccellenza \u00e8 lo standard. Migliorate l&#8217;allenamento della forza con macchine progettate per il comfort, la durata e le prestazioni. Esplorate l&#8217;intera linea oggi stesso e ridefinite il vostro percorso di fitness.  <\/p>\n\n\n\n<section class=\"wp-block-group alignfull black-content has-white-color has-darkgray-background-color has-text-color has-background is-layout-constrained wp-block-group-is-layout-constrained\" style=\"padding-top:var(--wp--preset--spacing--section-bottom);padding-bottom:var(--wp--preset--spacing--section-bottom)\">\n<div class=\"wp-block-columns alignwide mobile-reverse is-layout-flex wp-container-core-columns-is-layout-ca64bf2d wp-block-columns-is-layout-flex\" style=\"margin-bottom:var(--wp--preset--spacing--side-padding)\">\n<div class=\"wp-block-column is-vertically-aligned-center is-layout-flow wp-block-column-is-layout-flow\">\n<h3 class=\"wp-block-heading\" style=\"margin-bottom:var(--wp--preset--spacing--h-3-bottom)\"><strong><strong><strong><strong>Macchina per addominali con carico a piastra della serie Evolve Prime<\/strong><\/strong><\/strong><\/strong><\/h3>\n\n\n\n<p><strong><em><strong><strong>Migliora la forza del core con l&#8217;allenamento di resistenza mirato<\/strong><\/strong><\/em><\/strong><\/p>\n\n\n\n<p style=\"margin-bottom:var(--wp--preset--spacing--tb-section-padding)\">La <strong>macchina per addominali con carico su piastre della serie Evolve Prime<\/strong> \u00e8 progettata per isolare e rafforzare i muscoli addominali con movimenti controllati e basati sulla resistenza. Dotata di un sedile ergonomico, di un supporto imbottito e di un sistema di resistenza a piastre, questa macchina permette agli utenti di impegnare efficacemente il core riducendo al minimo lo sforzo sulla parte bassa della schiena. Il telaio robusto e le impostazioni regolabili garantiscono comfort e stabilit\u00e0, rendendola ideale per tutti i livelli di fitness che desiderano migliorare la forza e la resistenza del core.  <\/p>\n\n\n\n<h3 class=\"wp-block-heading\" style=\"margin-bottom:var(--wp--preset--spacing--h-3-bottom)\"><strong><strong><strong><strong><strong>Massimizza il tuo impegno di base<\/strong><\/strong><\/strong><\/strong><\/strong><\/h3>\n\n\n\n<p><strong><em><strong>Movimento fluido e controllato per un allenamento addominale efficace<\/strong><\/em><\/strong><\/p>\n\n\n\n<p>La <strong>macchina per addominali con carico a piastre della serie Evolve Prime<\/strong> offre un percorso di movimento guidato che garantisce una resistenza costante per l&#8217;intera gamma di movimenti. Grazie al sistema a piastre, gli utenti possono aumentare progressivamente la resistenza per uno sviluppo muscolare continuo. Il design ergonomico favorisce una postura corretta, riducendo le tensioni inutili e massimizzando l&#8217;attivazione del core. Se il tuo obiettivo \u00e8 migliorare la stabilit\u00e0 generale, costruire un core pi\u00f9 forte o migliorare le prestazioni atletiche, questa macchina offre un allenamento addominale efficiente ed efficace.   <\/p>\n<\/div>\n\n\n\n<div class=\"wp-block-column is-vertically-aligned-center is-layout-flow wp-block-column-is-layout-flow\">\n<figure class=\"wp-block-image size-large\"><img loading=\"lazy\" decoding=\"async\" width=\"1024\" height=\"1024\" src=\"https:\/\/store.evolve-fitness.eu\/wp-content\/uploads\/2025\/03\/EV-PL-PR-072-Evolve-Prime-Series-Plate-Loaded-AB-Machine-1024x1024.png\" alt=\"\" class=\"wp-image-117727\" srcset=\"https:\/\/store.evolve-fitness.eu\/wp-content\/uploads\/2025\/03\/EV-PL-PR-072-Evolve-Prime-Series-Plate-Loaded-AB-Machine-1024x1024.png 1024w, https:\/\/store.evolve-fitness.eu\/wp-content\/uploads\/2025\/03\/EV-PL-PR-072-Evolve-Prime-Series-Plate-Loaded-AB-Machine-300x300.png 300w, https:\/\/store.evolve-fitness.eu\/wp-content\/uploads\/2025\/03\/EV-PL-PR-072-Evolve-Prime-Series-Plate-Loaded-AB-Machine-150x150.png 150w, https:\/\/store.evolve-fitness.eu\/wp-content\/uploads\/2025\/03\/EV-PL-PR-072-Evolve-Prime-Series-Plate-Loaded-AB-Machine-768x768.png 768w, https:\/\/store.evolve-fitness.eu\/wp-content\/uploads\/2025\/03\/EV-PL-PR-072-Evolve-Prime-Series-Plate-Loaded-AB-Machine-1536x1536.png 1536w, https:\/\/store.evolve-fitness.eu\/wp-content\/uploads\/2025\/03\/EV-PL-PR-072-Evolve-Prime-Series-Plate-Loaded-AB-Machine-2048x2048.png 2048w, https:\/\/store.evolve-fitness.eu\/wp-content\/uploads\/2025\/03\/EV-PL-PR-072-Evolve-Prime-Series-Plate-Loaded-AB-Machine-600x600.png 600w, https:\/\/store.evolve-fitness.eu\/wp-content\/uploads\/2025\/03\/EV-PL-PR-072-Evolve-Prime-Series-Plate-Loaded-AB-Machine-100x100.png 100w\" sizes=\"auto, (max-width: 1024px) 100vw, 1024px\" \/><\/figure>\n<\/div>\n<\/div>\n<\/section>\n<\/section>\n","protected":false},"excerpt":{"rendered":"<p>La macchina per addominali con carico su piastre della serie Evolve Prime \u00e8 progettata per isolare e rafforzare i muscoli addominali con movimenti controllati e basati sulla resistenza. Dotata di un sedile ergonomico, di un supporto imbottito e di un sistema di resistenza a piastre, questa macchina permette agli utenti di impegnare efficacemente il core riducendo al minimo lo sforzo sulla parte bassa della schiena. Il telaio robusto e le impostazioni regolabili garantiscono comfort e stabilit\u00e0, rendendola ideale per tutti i livelli di fitness che desiderano migliorare la forza e la resistenza del core.  <\/p>\n","protected":false},"featured_media":117739,"template":"","meta":{"_acf_changed":false,"inline_featured_image":false},"product_cat":[796,1210],"product_tag":[],"class_list":{"0":"post-117715","1":"product","2":"type-product","3":"status-publish","4":"has-post-thumbnail","6":"product_cat-macchine-a-piastre","7":"product_cat-prime-series-con-carico-a-piastra","9":"first","10":"instock","11":"shipping-taxable","12":"purchasable","13":"product-type-simple"},"acf":[],"_links":{"self":[{"href":"https:\/\/store.evolve-fitness.eu\/it\/wp-json\/wp\/v2\/product\/117715","targetHints":{"allow":["GET"]}}],"collection":[{"href":"https:\/\/store.evolve-fitness.eu\/it\/wp-json\/wp\/v2\/product"}],"about":[{"href":"https:\/\/store.evolve-fitness.eu\/it\/wp-json\/wp\/v2\/types\/product"}],"wp:featuredmedia":[{"embeddable":true,"href":"https:\/\/store.evolve-fitness.eu\/it\/wp-json\/wp\/v2\/media\/117739"}],"wp:attachment":[{"href":"https:\/\/store.evolve-fitness.eu\/it\/wp-json\/wp\/v2\/media?parent=117715"}],"wp:term":[{"taxonomy":"product_cat","embeddable":true,"href":"https:\/\/store.evolve-fitness.eu\/it\/wp-json\/wp\/v2\/product_cat?post=117715"},{"taxonomy":"product_tag","embeddable":true,"href":"https:\/\/store.evolve-fitness.eu\/it\/wp-json\/wp\/v2\/product_tag?post=117715"}],"curies":[{"name":"wp","href":"https:\/\/api.w.org\/{rel}","templated":true}]}}