{"id":116380,"date":"2025-03-10T12:54:29","date_gmt":"2025-03-10T12:54:29","guid":{"rendered":"https:\/\/store.evolve-fitness.eu\/?post_type=product&#038;p=116380"},"modified":"2026-01-13T12:00:21","modified_gmt":"2026-01-13T12:00:21","slug":"sollevamento-dei-polpacci-da-seduti-con-carico-su-piastra-evolve-prime-series","status":"publish","type":"product","link":"https:\/\/store.evolve-fitness.eu\/it\/prodotto\/sollevamento-dei-polpacci-da-seduti-con-carico-su-piastra-evolve-prime-series\/","title":{"rendered":"Sollevamento dei polpacci da seduti con carico su piastra Evolve Prime Series"},"content":{"rendered":"\n<section class=\"wp-block-group alignfull black-content has-white-color has-darkgray-background-color has-text-color has-background is-layout-constrained wp-block-group-is-layout-constrained\" style=\"padding-top:var(--wp--preset--spacing--section-bottom);padding-bottom:var(--wp--preset--spacing--section-bottom)\">\n<h3 class=\"wp-block-heading has-text-align-center\"><strong><strong>SERIE PRIME A PIASTRE EVOLUTE<\/strong><\/strong><\/h3>\n\n\n\n<p>Con la serie Prime di Evolve Plate Loaded, l&#8217;eccellenza \u00e8 lo standard. Migliorate l&#8217;allenamento della forza con macchine progettate per il comfort, la durata e le prestazioni. Esplorate l&#8217;intera linea oggi stesso e ridefinite il vostro percorso di fitness.  <\/p>\n\n\n\n<section class=\"wp-block-group alignfull black-content has-white-color has-darkgray-background-color has-text-color has-background is-layout-constrained wp-block-group-is-layout-constrained\" style=\"padding-top:var(--wp--preset--spacing--section-bottom);padding-bottom:var(--wp--preset--spacing--section-bottom)\">\n<div class=\"wp-block-columns alignwide mobile-reverse is-layout-flex wp-container-core-columns-is-layout-ca64bf2d wp-block-columns-is-layout-flex\" style=\"margin-bottom:var(--wp--preset--spacing--side-padding)\">\n<div class=\"wp-block-column is-vertically-aligned-center is-layout-flow wp-block-column-is-layout-flow\">\n<h3 class=\"wp-block-heading\" style=\"margin-bottom:var(--wp--preset--spacing--h-3-bottom)\"><strong><strong><strong>Sollevamento dei polpacci da seduti con carico su piastra Evolve Prime Series<\/strong><\/strong><\/strong><\/h3>\n\n\n\n<p><strong><em><strong><strong>Costruisci polpacci pi\u00f9 forti e definiti con la resistenza di precisione<\/strong><\/strong><\/em><\/strong><\/p>\n\n\n\n<p style=\"margin-bottom:var(--wp--preset--spacing--tb-section-padding)\">L&#8217;<strong>Evolve Prime Series Plate Loaded Seated Calf Raise<\/strong> \u00e8 progettato per colpire e rafforzare efficacemente il muscolo soleo, garantendo uno sviluppo superiore della parte inferiore della gamba. Grazie al sedile ergonomico, ai cuscinetti per le cosce regolabili e al sistema di resistenza a piastre, questa macchina garantisce una biomeccanica ottimale per contrazioni controllate e potenti dei polpacci. Costruita per garantire stabilit\u00e0 e durata, permette agli utenti di sovraccaricare progressivamente i muscoli del polpaccio, rendendola un&#8217;aggiunta essenziale a qualsiasi routine di allenamento della forza.  <\/p>\n\n\n\n<h3 class=\"wp-block-heading\" style=\"margin-bottom:var(--wp--preset--spacing--h-3-bottom)\"><strong><strong><strong><strong><strong>Massimizza la forza e la resistenza dei polpacci<\/strong><\/strong><\/strong><\/strong><\/strong><\/h3>\n\n\n\n<p><strong><em>Movimento fluido e controllato per un&#8217;efficace attivazione muscolare<\/em><\/strong><\/p>\n\n\n\n<p>L&#8217;<strong>Evolve Prime Series Plate Loaded Seated Calf Raise<\/strong> offre un&#8217;esperienza di allenamento confortevole ma potente, permettendo agli utenti di isolare e allenare i polpacci con precisione. La robusta pedana assicura il corretto posizionamento del piede, mentre il meccanismo a piastre permette di personalizzare la resistenza per tutti i livelli di fitness. Se vuoi migliorare le prestazioni atletiche, migliorare la definizione della parte inferiore delle gambe o aumentare la resistenza, questa macchina offre un allenamento per i polpacci altamente efficiente ed efficace.  <\/p>\n<\/div>\n\n\n\n<div class=\"wp-block-column is-vertically-aligned-center is-layout-flow wp-block-column-is-layout-flow\">\n<figure class=\"wp-block-image size-large is-resized is-style-rounded\"><img loading=\"lazy\" decoding=\"async\" width=\"1024\" height=\"1024\" src=\"https:\/\/store.evolve-fitness.eu\/wp-content\/uploads\/2025\/03\/EV-PL-PR-023-Evolve-Prime-Series-Plate-Loaded-Seated-Calf-Raise-Recovered-2-1024x1024.png\" alt=\"\" class=\"wp-image-120858\" style=\"width:643px;height:706px\" srcset=\"https:\/\/store.evolve-fitness.eu\/wp-content\/uploads\/2025\/03\/EV-PL-PR-023-Evolve-Prime-Series-Plate-Loaded-Seated-Calf-Raise-Recovered-2-1024x1024.png 1024w, https:\/\/store.evolve-fitness.eu\/wp-content\/uploads\/2025\/03\/EV-PL-PR-023-Evolve-Prime-Series-Plate-Loaded-Seated-Calf-Raise-Recovered-2-300x300.png 300w, https:\/\/store.evolve-fitness.eu\/wp-content\/uploads\/2025\/03\/EV-PL-PR-023-Evolve-Prime-Series-Plate-Loaded-Seated-Calf-Raise-Recovered-2-150x150.png 150w, https:\/\/store.evolve-fitness.eu\/wp-content\/uploads\/2025\/03\/EV-PL-PR-023-Evolve-Prime-Series-Plate-Loaded-Seated-Calf-Raise-Recovered-2-768x768.png 768w, https:\/\/store.evolve-fitness.eu\/wp-content\/uploads\/2025\/03\/EV-PL-PR-023-Evolve-Prime-Series-Plate-Loaded-Seated-Calf-Raise-Recovered-2-1536x1536.png 1536w, https:\/\/store.evolve-fitness.eu\/wp-content\/uploads\/2025\/03\/EV-PL-PR-023-Evolve-Prime-Series-Plate-Loaded-Seated-Calf-Raise-Recovered-2-2048x2048.png 2048w, https:\/\/store.evolve-fitness.eu\/wp-content\/uploads\/2025\/03\/EV-PL-PR-023-Evolve-Prime-Series-Plate-Loaded-Seated-Calf-Raise-Recovered-2-600x600.png 600w, https:\/\/store.evolve-fitness.eu\/wp-content\/uploads\/2025\/03\/EV-PL-PR-023-Evolve-Prime-Series-Plate-Loaded-Seated-Calf-Raise-Recovered-2-100x100.png 100w\" sizes=\"auto, (max-width: 1024px) 100vw, 1024px\" \/><\/figure>\n<\/div>\n<\/div>\n<\/section>\n<\/section>\n","protected":false},"excerpt":{"rendered":"<p>La macchina per trapezi con carico su piastra della serie Prime di Evolve \u00e8 un attrezzo fitness d&#8217;\u00e9lite progettato per migliorare gli allenamenti della parte superiore del corpo. Costruita con materiali di qualit\u00e0 commerciale, questa macchina garantisce comfort, durata e prestazioni superiori. Il suo design ergonomico e le sue caratteristiche regolabili la rendono adatta a utenti di tutti i livelli di fitness, perfetta per gli ambienti professionali delle palestre.  <\/p>\n","protected":false},"featured_media":120945,"template":"","meta":{"_acf_changed":false,"inline_featured_image":false},"product_cat":[796,1210],"product_tag":[],"class_list":{"0":"post-116380","1":"product","2":"type-product","3":"status-publish","4":"has-post-thumbnail","6":"product_cat-macchine-a-piastre","7":"product_cat-prime-series-con-carico-a-piastra","9":"first","10":"outofstock","11":"shipping-taxable","12":"purchasable","13":"product-type-simple"},"acf":[],"_links":{"self":[{"href":"https:\/\/store.evolve-fitness.eu\/it\/wp-json\/wp\/v2\/product\/116380","targetHints":{"allow":["GET"]}}],"collection":[{"href":"https:\/\/store.evolve-fitness.eu\/it\/wp-json\/wp\/v2\/product"}],"about":[{"href":"https:\/\/store.evolve-fitness.eu\/it\/wp-json\/wp\/v2\/types\/product"}],"wp:featuredmedia":[{"embeddable":true,"href":"https:\/\/store.evolve-fitness.eu\/it\/wp-json\/wp\/v2\/media\/120945"}],"wp:attachment":[{"href":"https:\/\/store.evolve-fitness.eu\/it\/wp-json\/wp\/v2\/media?parent=116380"}],"wp:term":[{"taxonomy":"product_cat","embeddable":true,"href":"https:\/\/store.evolve-fitness.eu\/it\/wp-json\/wp\/v2\/product_cat?post=116380"},{"taxonomy":"product_tag","embeddable":true,"href":"https:\/\/store.evolve-fitness.eu\/it\/wp-json\/wp\/v2\/product_tag?post=116380"}],"curies":[{"name":"wp","href":"https:\/\/api.w.org\/{rel}","templated":true}]}}