{"id":106295,"date":"2025-02-10T14:25:45","date_gmt":"2025-02-10T14:25:45","guid":{"rendered":"https:\/\/store.evolve-fitness.eu\/?post_type=product&#038;p=106295"},"modified":"2026-01-08T12:00:22","modified_gmt":"2026-01-08T12:00:22","slug":"pressa-per-petto-largo-con-carico-su-piastra-della-serie-evolve-prime","status":"publish","type":"product","link":"https:\/\/store.evolve-fitness.eu\/it\/prodotto\/pressa-per-petto-largo-con-carico-su-piastra-della-serie-evolve-prime\/","title":{"rendered":"Pressa per petto largo con carico su piastra della serie Evolve Prime"},"content":{"rendered":"\n<section class=\"wp-block-group alignfull black-content has-white-color has-darkgray-background-color has-text-color has-background is-layout-constrained wp-block-group-is-layout-constrained\" style=\"padding-top:var(--wp--preset--spacing--section-bottom);padding-bottom:var(--wp--preset--spacing--section-bottom)\">\n<h3 class=\"wp-block-heading has-text-align-center\"><strong><strong>SERIE PRIME A PIASTRE EVOLUTE<\/strong><\/strong><\/h3>\n\n\n\n<p>Con la serie Prime di Evolve Plate Loaded, l&#8217;eccellenza \u00e8 lo standard. Migliorate l&#8217;allenamento della forza con macchine progettate per il comfort, la durata e le prestazioni. Esplorate l&#8217;intera linea oggi stesso e ridefinite il vostro percorso di fitness.  <\/p>\n\n\n\n<section class=\"wp-block-group alignfull black-content has-white-color has-darkgray-background-color has-text-color has-background is-layout-constrained wp-block-group-is-layout-constrained\" style=\"padding-top:var(--wp--preset--spacing--section-bottom);padding-bottom:var(--wp--preset--spacing--section-bottom)\">\n<div class=\"wp-block-columns alignwide mobile-reverse is-layout-flex wp-container-core-columns-is-layout-ca64bf2d wp-block-columns-is-layout-flex\" style=\"margin-bottom:var(--wp--preset--spacing--side-padding)\">\n<div class=\"wp-block-column is-vertically-aligned-center is-layout-flow wp-block-column-is-layout-flow\">\n<h3 class=\"wp-block-heading\" style=\"margin-bottom:var(--wp--preset--spacing--h-3-bottom)\"><strong><strong><strong>Design innovativo per il massimo sviluppo del torace<\/strong><\/strong><\/strong><\/h3>\n\n\n\n<p style=\"margin-bottom:var(--wp--preset--spacing--tb-section-padding)\">La Pressa per Petto Ampia con Piastra della Serie Prime di Evolve \u00e8 stata progettata per offrire un allenamento per la parte superiore del corpo, mirando ai muscoli pettorali con precisione ed efficienza. Le sue impugnature ergonomiche a presa larga assicurano un percorso di movimento naturale che stimola i muscoli pettorali riducendo lo sforzo su spalle e articolazioni. Il design a piastre permette di regolare la resistenza, rendendola ideale per gli utenti di tutti i livelli di fitness. Questo robusto attrezzo \u00e8 dotato di un telaio robusto con un&#8217;imbottitura di qualit\u00e0 superiore che offre comfort e durata, consentendo allenamenti intensi in palestra o a casa.   <\/p>\n\n\n\n<h3 class=\"wp-block-heading\" style=\"margin-bottom:var(--wp--preset--spacing--h-3-bottom)\"><strong><strong><strong><strong><strong>Prestazioni e personalizzazione migliorate<\/strong><\/strong><\/strong><\/strong><\/strong><\/h3>\n\n\n\n<p>Progettata per soddisfare gli allenatori di forza pi\u00f9 seri, la Chest Press della serie Evolve Prime offre la libert\u00e0 di personalizzare la resistenza in base alle esigenze individuali. Lo schienale angolato e il sedile regolabile garantiscono un allineamento corretto, aiutando gli utenti a mantenere una postura ottimale per un impegno muscolare mirato e risultati migliori. Questo attrezzo \u00e8 costruito con materiali di qualit\u00e0 commerciale e offre una stabilit\u00e0 e una longevit\u00e0 superiori anche in caso di uso frequente. Se stai cercando di aumentare la massa muscolare o di tonificare il petto, la perfetta funzionalit\u00e0 di questa macchina, unita alla sua estetica moderna, la rende un&#8217;aggiunta essenziale a qualsiasi ambiente di fitness.   <\/p>\n<\/div>\n\n\n\n<div class=\"wp-block-column is-vertically-aligned-center is-layout-flow wp-block-column-is-layout-flow\">\n<figure class=\"wp-block-image size-large is-resized is-style-rounded\"><img loading=\"lazy\" decoding=\"async\" width=\"1024\" height=\"1024\" src=\"https:\/\/store.evolve-fitness.eu\/wp-content\/uploads\/2025\/02\/EV-PL-PR-007-Evolve-Prime-Series-Plate-Loaded-Wide-Chest-Press-6-1024x1024.png\" alt=\"\" class=\"wp-image-120757\" style=\"width:643px;height:706px\" srcset=\"https:\/\/store.evolve-fitness.eu\/wp-content\/uploads\/2025\/02\/EV-PL-PR-007-Evolve-Prime-Series-Plate-Loaded-Wide-Chest-Press-6-1024x1024.png 1024w, https:\/\/store.evolve-fitness.eu\/wp-content\/uploads\/2025\/02\/EV-PL-PR-007-Evolve-Prime-Series-Plate-Loaded-Wide-Chest-Press-6-300x300.png 300w, https:\/\/store.evolve-fitness.eu\/wp-content\/uploads\/2025\/02\/EV-PL-PR-007-Evolve-Prime-Series-Plate-Loaded-Wide-Chest-Press-6-150x150.png 150w, https:\/\/store.evolve-fitness.eu\/wp-content\/uploads\/2025\/02\/EV-PL-PR-007-Evolve-Prime-Series-Plate-Loaded-Wide-Chest-Press-6-768x768.png 768w, https:\/\/store.evolve-fitness.eu\/wp-content\/uploads\/2025\/02\/EV-PL-PR-007-Evolve-Prime-Series-Plate-Loaded-Wide-Chest-Press-6-1536x1536.png 1536w, https:\/\/store.evolve-fitness.eu\/wp-content\/uploads\/2025\/02\/EV-PL-PR-007-Evolve-Prime-Series-Plate-Loaded-Wide-Chest-Press-6-2048x2048.png 2048w, https:\/\/store.evolve-fitness.eu\/wp-content\/uploads\/2025\/02\/EV-PL-PR-007-Evolve-Prime-Series-Plate-Loaded-Wide-Chest-Press-6-600x600.png 600w, https:\/\/store.evolve-fitness.eu\/wp-content\/uploads\/2025\/02\/EV-PL-PR-007-Evolve-Prime-Series-Plate-Loaded-Wide-Chest-Press-6-100x100.png 100w\" sizes=\"auto, (max-width: 1024px) 100vw, 1024px\" \/><\/figure>\n<\/div>\n<\/div>\n<\/section>\n<\/section>\n","protected":false},"excerpt":{"rendered":"<p>L&#8217;Evolve Prime Series Plate Loaded Wide Chest Press (EV-PL-PR-007) \u00e8 stato progettato per la forza della parte superiore del corpo, concentrandosi sui muscoli pettorali con un sistema di impugnatura ergonomico e largo. La resistenza regolabile con piastra la rende adatta a tutti i livelli di fitness. Costruita all&#8217;insegna della durata, presenta un robusto telaio in metallo, un&#8217;imbottitura di qualit\u00e0 superiore e un sedile regolabile per garantire comfort e prestazioni ottimali. Il design compatto di questa macchina consente di utilizzarla sia a casa che in palestra, garantendo un impegno muscolare mirato e una migliore postura durante gli allenamenti.   <\/p>\n","protected":false},"featured_media":120617,"template":"","meta":{"_acf_changed":false,"inline_featured_image":false},"product_cat":[528,796,1210],"product_tag":[],"class_list":{"0":"post-106295","1":"product","2":"type-product","3":"status-publish","4":"has-post-thumbnail","6":"product_cat-pagina-iniziale","7":"product_cat-macchine-a-piastre","8":"product_cat-prime-series-con-carico-a-piastra","10":"first","11":"instock","12":"shipping-taxable","13":"purchasable","14":"product-type-simple"},"acf":[],"_links":{"self":[{"href":"https:\/\/store.evolve-fitness.eu\/it\/wp-json\/wp\/v2\/product\/106295","targetHints":{"allow":["GET"]}}],"collection":[{"href":"https:\/\/store.evolve-fitness.eu\/it\/wp-json\/wp\/v2\/product"}],"about":[{"href":"https:\/\/store.evolve-fitness.eu\/it\/wp-json\/wp\/v2\/types\/product"}],"wp:featuredmedia":[{"embeddable":true,"href":"https:\/\/store.evolve-fitness.eu\/it\/wp-json\/wp\/v2\/media\/120617"}],"wp:attachment":[{"href":"https:\/\/store.evolve-fitness.eu\/it\/wp-json\/wp\/v2\/media?parent=106295"}],"wp:term":[{"taxonomy":"product_cat","embeddable":true,"href":"https:\/\/store.evolve-fitness.eu\/it\/wp-json\/wp\/v2\/product_cat?post=106295"},{"taxonomy":"product_tag","embeddable":true,"href":"https:\/\/store.evolve-fitness.eu\/it\/wp-json\/wp\/v2\/product_tag?post=106295"}],"curies":[{"name":"wp","href":"https:\/\/api.w.org\/{rel}","templated":true}]}}