{"id":106245,"date":"2025-02-10T14:22:06","date_gmt":"2025-02-10T14:22:06","guid":{"rendered":"https:\/\/store.evolve-fitness.eu\/?post_type=product&#038;p=106245"},"modified":"2025-03-27T08:34:48","modified_gmt":"2025-03-27T08:34:48","slug":"evolve-prime-series-con-carico-su-piastra-per-chest-press-e-lat-pull-down","status":"publish","type":"product","link":"https:\/\/store.evolve-fitness.eu\/it\/prodotto\/evolve-prime-series-con-carico-su-piastra-per-chest-press-e-lat-pull-down\/","title":{"rendered":"Evolve Prime Series con carico su piastra per Chest Press e Lat Pull Down"},"content":{"rendered":"\n<section class=\"wp-block-group alignfull black-content has-white-color has-darkgray-background-color has-text-color has-background is-layout-constrained wp-block-group-is-layout-constrained\" style=\"padding-top:var(--wp--preset--spacing--section-bottom);padding-bottom:var(--wp--preset--spacing--section-bottom)\">\n<h3 class=\"wp-block-heading has-text-align-center\"><strong><strong>SERIE PRIME A PIASTRE EVOLUTE<\/strong><\/strong><\/h3>\n\n\n\n<p>Con la serie Prime di Evolve Plate Loaded, l&#8217;eccellenza \u00e8 lo standard. Migliorate l&#8217;allenamento della forza con macchine progettate per il comfort, la durata e le prestazioni. Esplorate l&#8217;intera linea oggi stesso e ridefinite il vostro percorso di fitness.  <\/p>\n\n\n\n<section class=\"wp-block-group alignfull black-content has-white-color has-darkgray-background-color has-text-color has-background is-layout-constrained wp-block-group-is-layout-constrained\" style=\"padding-top:var(--wp--preset--spacing--section-bottom);padding-bottom:var(--wp--preset--spacing--section-bottom)\">\n<div class=\"wp-block-columns alignwide mobile-reverse is-layout-flex wp-container-core-columns-is-layout-ca64bf2d wp-block-columns-is-layout-flex\" style=\"margin-bottom:var(--wp--preset--spacing--side-padding)\">\n<div class=\"wp-block-column is-vertically-aligned-center is-layout-flow wp-block-column-is-layout-flow\">\n<h3 class=\"wp-block-heading\" style=\"margin-bottom:var(--wp--preset--spacing--h-3-bottom)\"><strong><strong><strong>Doppia funzionalit\u00e0 versatile<\/strong><\/strong><\/strong><\/h3>\n\n\n\n<p><strong><strong><strong><em>Per la forza della parte superiore del corpo<\/em><\/strong><\/strong><\/strong><\/p>\n\n\n\n<p style=\"margin-bottom:var(--wp--preset--spacing--tb-section-padding)\">L&#8217;Evolve Prime Series Plate Loaded Chest Press &amp; Lat Pull Down \u00e8 stato progettato per offrire un allenamento completo della parte superiore del corpo, combinando due movimenti essenziali in un&#8217;unica macchina. La pressa per i pettorali \u00e8 mirata ai muscoli pettorali, garantendo al contempo la sicurezza delle articolazioni grazie alla sua resistenza dolce e caricata su piastra, che pu\u00f2 essere regolata in base ai livelli di forza dell&#8217;utente. Nel frattempo, le trazioni lombari permettono di allenare la schiena in modo completo.  <\/p>\n\n\n\n<h3 class=\"wp-block-heading\" style=\"margin-bottom:var(--wp--preset--spacing--h-3-bottom)\"><strong><strong><strong><strong><strong>Ingegneria di precisione<\/strong><\/strong><\/strong><\/strong><\/strong><\/h3>\n\n\n\n<p><strong><strong><strong><strong><strong><em>Per un impegno muscolare ottimale<\/em><\/strong><\/strong><\/strong><\/strong><\/strong><\/p>\n\n\n\n<p>Costruito per soddisfare le esigenze dei professionisti e degli appassionati di fitness, l&#8217;Evolve Prime Series Chest Press &amp; Lat Pull Down \u00e8 dotato di impugnature ergonomiche e impostazioni regolabili. Questo garantisce una postura e un allineamento corretti, aiutando gli utenti a massimizzare l&#8217;attivazione muscolare e a ridurre al minimo lo sforzo sulle articolazioni. Il sistema a piastre consente un sovraccarico progressivo, fondamentale per sviluppare forza e definizione muscolare. Realizzata con materiali commerciali di alta qualit\u00e0, questa macchina garantisce stabilit\u00e0 e prestazioni di lunga durata, rendendola un valido investimento per chiunque voglia migliorare la propria routine di allenamento della forza nella parte superiore del corpo.   <\/p>\n<\/div>\n\n\n\n<div class=\"wp-block-column is-vertically-aligned-center is-layout-flow wp-block-column-is-layout-flow\">\n<figure class=\"wp-block-image size-full is-resized is-style-rounded\"><img decoding=\"async\" src=\"https:\/\/evolve-fitness.eu\/wp-content\/uploads\/2024\/10\/EV-PL-PR-011-Evolve-Prime-Series-Plate-Loaded-Chest-Press-Lat-Pull-Down.jpg\" alt=\"EV-PL-PR-011\" class=\"wp-image-157083\" style=\"width:643px;height:706px\"\/><\/figure>\n<\/div>\n<\/div>\n<\/section>\n<\/section>\n","protected":false},"excerpt":{"rendered":"<p>L&#8217;Evolve Prime Series Plate Loaded Chest Press &amp; Lat Pull Down \u00e8 una macchina a doppia funzione progettata per l&#8217;allenamento della forza della parte superiore del corpo. Combina una pressa per il petto per lo sviluppo dei muscoli pettorali e una lat pull down per i muscoli dorsali. L&#8217;attrezzo \u00e8 dotato di resistenza regolabile, impugnature ergonomiche e impostazioni per un corretto allineamento, per garantire un impegno muscolare ottimale e ridurre le sollecitazioni articolari. Costruita con materiali resistenti e di qualit\u00e0 commerciale, offre stabilit\u00e0 e longevit\u00e0 sia in casa che in palestra.   <\/p>\n","protected":false},"featured_media":109901,"template":"","meta":{"_acf_changed":false,"inline_featured_image":false},"product_cat":[796,1210],"product_tag":[],"class_list":{"0":"post-106245","1":"product","2":"type-product","3":"status-publish","4":"has-post-thumbnail","6":"product_cat-macchine-a-piastre","7":"product_cat-prime-series-con-carico-a-piastra","9":"first","10":"instock","11":"shipping-taxable","12":"purchasable","13":"product-type-simple"},"acf":[],"_links":{"self":[{"href":"https:\/\/store.evolve-fitness.eu\/it\/wp-json\/wp\/v2\/product\/106245","targetHints":{"allow":["GET"]}}],"collection":[{"href":"https:\/\/store.evolve-fitness.eu\/it\/wp-json\/wp\/v2\/product"}],"about":[{"href":"https:\/\/store.evolve-fitness.eu\/it\/wp-json\/wp\/v2\/types\/product"}],"wp:featuredmedia":[{"embeddable":true,"href":"https:\/\/store.evolve-fitness.eu\/it\/wp-json\/wp\/v2\/media\/109901"}],"wp:attachment":[{"href":"https:\/\/store.evolve-fitness.eu\/it\/wp-json\/wp\/v2\/media?parent=106245"}],"wp:term":[{"taxonomy":"product_cat","embeddable":true,"href":"https:\/\/store.evolve-fitness.eu\/it\/wp-json\/wp\/v2\/product_cat?post=106245"},{"taxonomy":"product_tag","embeddable":true,"href":"https:\/\/store.evolve-fitness.eu\/it\/wp-json\/wp\/v2\/product_tag?post=106245"}],"curies":[{"name":"wp","href":"https:\/\/api.w.org\/{rel}","templated":true}]}}