{"id":105820,"date":"2025-02-10T13:42:14","date_gmt":"2025-02-10T13:42:14","guid":{"rendered":"https:\/\/store.evolve-fitness.eu\/?post_type=product&#038;p=105820"},"modified":"2026-03-04T12:00:39","modified_gmt":"2026-03-04T12:00:39","slug":"leg-curl-e-leg-extension-con-carico-su-piastra-della-serie-evolve-prime","status":"publish","type":"product","link":"https:\/\/store.evolve-fitness.eu\/it\/prodotto\/leg-curl-e-leg-extension-con-carico-su-piastra-della-serie-evolve-prime\/","title":{"rendered":"Leg Curl e Leg Extension con carico su piastra della serie Evolve Prime"},"content":{"rendered":"\n<section class=\"wp-block-group alignfull black-content has-white-color has-darkgray-background-color has-text-color has-background is-layout-constrained wp-block-group-is-layout-constrained\" style=\"padding-top:var(--wp--preset--spacing--section-bottom);padding-bottom:var(--wp--preset--spacing--section-bottom)\">\n<h3 class=\"wp-block-heading has-text-align-center\"><strong><strong>SERIE PRIME A PIASTRE EVOLUTE<\/strong><\/strong><\/h3>\n\n\n\n<p>Con la serie Prime di Evolve Plate Loaded, l&#8217;eccellenza \u00e8 lo standard. Migliorate l&#8217;allenamento della forza con macchine progettate per il comfort, la durata e le prestazioni. Esplorate l&#8217;intera linea oggi stesso e ridefinite il vostro percorso di fitness.  <\/p>\n\n\n\n<section class=\"wp-block-group alignfull black-content has-white-color has-darkgray-background-color has-text-color has-background is-layout-constrained wp-block-group-is-layout-constrained\" style=\"padding-top:var(--wp--preset--spacing--section-bottom);padding-bottom:var(--wp--preset--spacing--section-bottom)\">\n<div class=\"wp-block-columns alignwide mobile-reverse is-layout-flex wp-container-core-columns-is-layout-ca64bf2d wp-block-columns-is-layout-flex\" style=\"margin-bottom:var(--wp--preset--spacing--side-padding)\">\n<div class=\"wp-block-column is-vertically-aligned-center is-layout-flow wp-block-column-is-layout-flow\">\n<h3 class=\"wp-block-heading\" style=\"margin-bottom:var(--wp--preset--spacing--h-3-bottom)\"><strong><strong><strong>Ampie opzioni di esercizio<\/strong><\/strong><\/strong><\/h3>\n\n\n\n<p><strong><em><strong>Doppia funzionalit\u00e0 per l&#8217;allenamento delle gambe<\/strong><\/em><\/strong><\/p>\n\n\n\n<p style=\"margin-bottom:var(--wp--preset--spacing--tb-section-padding)\">L&#8217;Evolve Prime Series Plate Loaded Leg Curl &amp; Leg Extension si rivolge sia ai bicipiti che ai quadricipiti, offrendo un allenamento versatile per le gambe. Il suo sistema di regolazione intuitivo e i suoi componenti dai colori vivaci garantiscono una facile impostazione e transizione tra gli esercizi, migliorando l&#8217;esperienza di allenamento complessiva. <\/p>\n\n\n\n<h3 class=\"wp-block-heading\" style=\"margin-bottom:var(--wp--preset--spacing--h-3-bottom)\"><strong><strong><strong><strong><strong>Costruito per durare ed essere efficiente<\/strong><\/strong><\/strong><\/strong><\/strong><\/h3>\n\n\n\n<p><strong><em>Caratteristiche di alta qualit\u00e0<\/em><\/strong><\/p>\n\n\n\n<p>Costruita con tessuto di alta qualit\u00e0 per impieghi gravosi e ferramenta in acciaio inossidabile, questa macchina garantisce un utilizzo duraturo. La tecnologia di spruzzatura elettrostatica della polvere termoindurente garantisce una finitura duratura, mantenendo inalterato l&#8217;aspetto dell&#8217;apparecchiatura.  I pioli integrati per riporre le piastre pesi massimizzano l&#8217;efficienza dello spazio, mantenendo organizzata la tua area di allenamento.<\/p>\n<\/div>\n\n\n\n<div class=\"wp-block-column is-vertically-aligned-center is-layout-flow wp-block-column-is-layout-flow\">\n<figure class=\"wp-block-image size-large\"><img loading=\"lazy\" decoding=\"async\" width=\"1024\" height=\"1024\" src=\"https:\/\/store.evolve-fitness.eu\/wp-content\/uploads\/2025\/02\/EV-PL-PR-066-Evolve-Prime-Series-Plate-Loaded-Leg-Curl-1-1024x1024.png\" alt=\"\" class=\"wp-image-117422\" srcset=\"https:\/\/store.evolve-fitness.eu\/wp-content\/uploads\/2025\/02\/EV-PL-PR-066-Evolve-Prime-Series-Plate-Loaded-Leg-Curl-1-1024x1024.png 1024w, https:\/\/store.evolve-fitness.eu\/wp-content\/uploads\/2025\/02\/EV-PL-PR-066-Evolve-Prime-Series-Plate-Loaded-Leg-Curl-1-300x300.png 300w, https:\/\/store.evolve-fitness.eu\/wp-content\/uploads\/2025\/02\/EV-PL-PR-066-Evolve-Prime-Series-Plate-Loaded-Leg-Curl-1-150x150.png 150w, https:\/\/store.evolve-fitness.eu\/wp-content\/uploads\/2025\/02\/EV-PL-PR-066-Evolve-Prime-Series-Plate-Loaded-Leg-Curl-1-768x768.png 768w, https:\/\/store.evolve-fitness.eu\/wp-content\/uploads\/2025\/02\/EV-PL-PR-066-Evolve-Prime-Series-Plate-Loaded-Leg-Curl-1-1536x1536.png 1536w, https:\/\/store.evolve-fitness.eu\/wp-content\/uploads\/2025\/02\/EV-PL-PR-066-Evolve-Prime-Series-Plate-Loaded-Leg-Curl-1-2048x2048.png 2048w, https:\/\/store.evolve-fitness.eu\/wp-content\/uploads\/2025\/02\/EV-PL-PR-066-Evolve-Prime-Series-Plate-Loaded-Leg-Curl-1-600x600.png 600w, https:\/\/store.evolve-fitness.eu\/wp-content\/uploads\/2025\/02\/EV-PL-PR-066-Evolve-Prime-Series-Plate-Loaded-Leg-Curl-1-100x100.png 100w\" sizes=\"auto, (max-width: 1024px) 100vw, 1024px\" \/><\/figure>\n<\/div>\n<\/div>\n<\/section>\n<\/section>\n","protected":false},"excerpt":{"rendered":"<p>L&#8217;Evolve Prime Series Plate Loaded Leg Curl &amp; Leg Extension (EV-PL-PR-066) \u00e8 una macchina per il fitness di alta qualit\u00e0 progettata per migliorare i tuoi allenamenti con le gambe. Costruita con materiali di qualit\u00e0 commerciale, questa macchina promette comfort, durata e prestazioni. Il suo design ergonomico e le sue funzioni regolabili soddisfano gli utenti di tutti i livelli di fitness, rendendola un&#8217;ottima aggiunta a qualsiasi palestra professionale.  <\/p>\n","protected":false},"featured_media":117409,"template":"","meta":{"_acf_changed":false,"inline_featured_image":false},"product_cat":[796,1210],"product_tag":[],"class_list":{"0":"post-105820","1":"product","2":"type-product","3":"status-publish","4":"has-post-thumbnail","6":"product_cat-macchine-a-piastre","7":"product_cat-prime-series-con-carico-a-piastra","9":"first","10":"instock","11":"shipping-taxable","12":"purchasable","13":"product-type-simple"},"acf":[],"_links":{"self":[{"href":"https:\/\/store.evolve-fitness.eu\/it\/wp-json\/wp\/v2\/product\/105820","targetHints":{"allow":["GET"]}}],"collection":[{"href":"https:\/\/store.evolve-fitness.eu\/it\/wp-json\/wp\/v2\/product"}],"about":[{"href":"https:\/\/store.evolve-fitness.eu\/it\/wp-json\/wp\/v2\/types\/product"}],"wp:featuredmedia":[{"embeddable":true,"href":"https:\/\/store.evolve-fitness.eu\/it\/wp-json\/wp\/v2\/media\/117409"}],"wp:attachment":[{"href":"https:\/\/store.evolve-fitness.eu\/it\/wp-json\/wp\/v2\/media?parent=105820"}],"wp:term":[{"taxonomy":"product_cat","embeddable":true,"href":"https:\/\/store.evolve-fitness.eu\/it\/wp-json\/wp\/v2\/product_cat?post=105820"},{"taxonomy":"product_tag","embeddable":true,"href":"https:\/\/store.evolve-fitness.eu\/it\/wp-json\/wp\/v2\/product_tag?post=105820"}],"curies":[{"name":"wp","href":"https:\/\/api.w.org\/{rel}","templated":true}]}}